{"id":79,"date":"2023-06-01T16:28:48","date_gmt":"2023-06-01T19:28:48","guid":{"rendered":"https:\/\/sites.uel.br\/museu\/?page_id=79"},"modified":"2023-07-04T11:15:07","modified_gmt":"2023-07-04T14:15:07","slug":"imagem-e-som","status":"publish","type":"page","link":"https:\/\/sites.uel.br\/museu\/imagem-e-som\/","title":{"rendered":"Imagem e Som"},"content":{"rendered":"\n<p class=\"has-text-align-center has-medium-font-size\">Rela\u00e7\u00e3o de cole\u00e7\u00f5es fotogr\u00e1ficas do Museu Hist\u00f3rico de Londrina, dispon\u00edveis para consulta na <a href=\"http:\/\/www.memoria.pr.gov.br\/biblioteca\/index.php\" data-type=\"URL\" data-id=\"http:\/\/www.memoria.pr.gov.br\/biblioteca\/index.php\">Plataforma Pergamum Museus<\/a>. <\/p>\n\n\n\n<div class=\"wp-block-columns is-layout-flex wp-container-core-columns-is-layout-9d6595d7 wp-block-columns-is-layout-flex\">\n<div class=\"wp-block-column is-layout-flow wp-block-column-is-layout-flow\">\n<figure class=\"wp-block-image size-large\"><img loading=\"lazy\" decoding=\"async\" width=\"1024\" height=\"1024\" src=\"https:\/\/sites.uel.br\/museu\/wp-content\/uploads\/2023\/06\/01-1-1024x1024.jpg\" alt=\"\" class=\"wp-image-697\" srcset=\"https:\/\/sites.uel.br\/museu\/wp-content\/uploads\/2023\/06\/01-1-1024x1024.jpg 1024w, https:\/\/sites.uel.br\/museu\/wp-content\/uploads\/2023\/06\/01-1-300x300.jpg 300w, https:\/\/sites.uel.br\/museu\/wp-content\/uploads\/2023\/06\/01-1-150x150.jpg 150w, https:\/\/sites.uel.br\/museu\/wp-content\/uploads\/2023\/06\/01-1-768x768.jpg 768w, https:\/\/sites.uel.br\/museu\/wp-content\/uploads\/2023\/06\/01-1.jpg 1080w\" sizes=\"auto, (max-width: 1024px) 100vw, 1024px\" \/><\/figure>\n<\/div>\n\n\n\n<div class=\"wp-block-column is-layout-flow wp-block-column-is-layout-flow\">\n<figure class=\"wp-block-image size-large\"><img loading=\"lazy\" decoding=\"async\" width=\"1024\" height=\"1024\" src=\"https:\/\/sites.uel.br\/museu\/wp-content\/uploads\/2023\/06\/01-3-1024x1024.jpg\" alt=\"\" class=\"wp-image-699\" srcset=\"https:\/\/sites.uel.br\/museu\/wp-content\/uploads\/2023\/06\/01-3-1024x1024.jpg 1024w, https:\/\/sites.uel.br\/museu\/wp-content\/uploads\/2023\/06\/01-3-300x300.jpg 300w, https:\/\/sites.uel.br\/museu\/wp-content\/uploads\/2023\/06\/01-3-150x150.jpg 150w, https:\/\/sites.uel.br\/museu\/wp-content\/uploads\/2023\/06\/01-3-768x768.jpg 768w, https:\/\/sites.uel.br\/museu\/wp-content\/uploads\/2023\/06\/01-3.jpg 1080w\" sizes=\"auto, (max-width: 1024px) 100vw, 1024px\" \/><\/figure>\n<\/div>\n\n\n\n<div class=\"wp-block-column is-layout-flow wp-block-column-is-layout-flow\">\n<figure class=\"wp-block-image size-large\"><img loading=\"lazy\" decoding=\"async\" width=\"1024\" height=\"1024\" src=\"https:\/\/sites.uel.br\/museu\/wp-content\/uploads\/2023\/06\/01-4-1024x1024.jpg\" alt=\"\" class=\"wp-image-701\" srcset=\"https:\/\/sites.uel.br\/museu\/wp-content\/uploads\/2023\/06\/01-4-1024x1024.jpg 1024w, https:\/\/sites.uel.br\/museu\/wp-content\/uploads\/2023\/06\/01-4-300x300.jpg 300w, https:\/\/sites.uel.br\/museu\/wp-content\/uploads\/2023\/06\/01-4-150x150.jpg 150w, https:\/\/sites.uel.br\/museu\/wp-content\/uploads\/2023\/06\/01-4-768x768.jpg 768w, https:\/\/sites.uel.br\/museu\/wp-content\/uploads\/2023\/06\/01-4.jpg 1080w\" sizes=\"auto, (max-width: 1024px) 100vw, 1024px\" \/><\/figure>\n<\/div>\n<\/div>\n\n\n\n<div class=\"wp-block-columns is-layout-flex wp-container-core-columns-is-layout-9d6595d7 wp-block-columns-is-layout-flex\">\n<div class=\"wp-block-column is-layout-flow wp-block-column-is-layout-flow\">\n<figure class=\"wp-block-image size-large\"><img loading=\"lazy\" decoding=\"async\" width=\"1024\" height=\"1024\" src=\"https:\/\/sites.uel.br\/museu\/wp-content\/uploads\/2023\/06\/01-5-1024x1024.jpg\" alt=\"\" class=\"wp-image-702\" srcset=\"https:\/\/sites.uel.br\/museu\/wp-content\/uploads\/2023\/06\/01-5-1024x1024.jpg 1024w, https:\/\/sites.uel.br\/museu\/wp-content\/uploads\/2023\/06\/01-5-300x300.jpg 300w, https:\/\/sites.uel.br\/museu\/wp-content\/uploads\/2023\/06\/01-5-150x150.jpg 150w, https:\/\/sites.uel.br\/museu\/wp-content\/uploads\/2023\/06\/01-5-768x768.jpg 768w, https:\/\/sites.uel.br\/museu\/wp-content\/uploads\/2023\/06\/01-5.jpg 1080w\" sizes=\"auto, (max-width: 1024px) 100vw, 1024px\" \/><\/figure>\n<\/div>\n\n\n\n<div class=\"wp-block-column is-layout-flow wp-block-column-is-layout-flow\">\n<figure class=\"wp-block-image size-large\"><img loading=\"lazy\" decoding=\"async\" width=\"1024\" height=\"1024\" src=\"https:\/\/sites.uel.br\/museu\/wp-content\/uploads\/2023\/06\/01-6-1024x1024.jpg\" alt=\"\" class=\"wp-image-703\" srcset=\"https:\/\/sites.uel.br\/museu\/wp-content\/uploads\/2023\/06\/01-6-1024x1024.jpg 1024w, https:\/\/sites.uel.br\/museu\/wp-content\/uploads\/2023\/06\/01-6-300x300.jpg 300w, https:\/\/sites.uel.br\/museu\/wp-content\/uploads\/2023\/06\/01-6-150x150.jpg 150w, https:\/\/sites.uel.br\/museu\/wp-content\/uploads\/2023\/06\/01-6-768x768.jpg 768w, https:\/\/sites.uel.br\/museu\/wp-content\/uploads\/2023\/06\/01-6.jpg 1080w\" sizes=\"auto, (max-width: 1024px) 100vw, 1024px\" \/><\/figure>\n<\/div>\n\n\n\n<div class=\"wp-block-column is-layout-flow wp-block-column-is-layout-flow\">\n<figure class=\"wp-block-image size-large\"><img loading=\"lazy\" decoding=\"async\" width=\"1024\" height=\"1024\" src=\"https:\/\/sites.uel.br\/museu\/wp-content\/uploads\/2023\/06\/01-9-1024x1024.jpg\" alt=\"\" class=\"wp-image-706\" srcset=\"https:\/\/sites.uel.br\/museu\/wp-content\/uploads\/2023\/06\/01-9-1024x1024.jpg 1024w, https:\/\/sites.uel.br\/museu\/wp-content\/uploads\/2023\/06\/01-9-300x300.jpg 300w, https:\/\/sites.uel.br\/museu\/wp-content\/uploads\/2023\/06\/01-9-150x150.jpg 150w, https:\/\/sites.uel.br\/museu\/wp-content\/uploads\/2023\/06\/01-9-768x768.jpg 768w, https:\/\/sites.uel.br\/museu\/wp-content\/uploads\/2023\/06\/01-9.jpg 1080w\" sizes=\"auto, (max-width: 1024px) 100vw, 1024px\" \/><\/figure>\n<\/div>\n<\/div>\n\n\n\n<div class=\"wp-block-columns is-layout-flex wp-container-core-columns-is-layout-9d6595d7 wp-block-columns-is-layout-flex\">\n<div class=\"wp-block-column is-layout-flow wp-block-column-is-layout-flow\">\n<div class=\"wp-block-columns is-layout-flex wp-container-core-columns-is-layout-9d6595d7 wp-block-columns-is-layout-flex\">\n<div class=\"wp-block-column is-layout-flow wp-block-column-is-layout-flow\">\n<figure class=\"wp-block-image size-large\"><img loading=\"lazy\" decoding=\"async\" width=\"1024\" height=\"1024\" src=\"https:\/\/sites.uel.br\/museu\/wp-content\/uploads\/2023\/06\/01-16-1024x1024.jpg\" alt=\"\" class=\"wp-image-714\" srcset=\"https:\/\/sites.uel.br\/museu\/wp-content\/uploads\/2023\/06\/01-16-1024x1024.jpg 1024w, https:\/\/sites.uel.br\/museu\/wp-content\/uploads\/2023\/06\/01-16-300x300.jpg 300w, https:\/\/sites.uel.br\/museu\/wp-content\/uploads\/2023\/06\/01-16-150x150.jpg 150w, https:\/\/sites.uel.br\/museu\/wp-content\/uploads\/2023\/06\/01-16-768x768.jpg 768w, https:\/\/sites.uel.br\/museu\/wp-content\/uploads\/2023\/06\/01-16.jpg 1080w\" sizes=\"auto, (max-width: 1024px) 100vw, 1024px\" \/><\/figure>\n<\/div>\n\n\n\n<div class=\"wp-block-column is-layout-flow wp-block-column-is-layout-flow\">\n<figure class=\"wp-block-image size-large\"><img loading=\"lazy\" decoding=\"async\" width=\"1024\" height=\"1024\" src=\"https:\/\/sites.uel.br\/museu\/wp-content\/uploads\/2023\/06\/01-17-1024x1024.jpg\" alt=\"\" class=\"wp-image-715\" srcset=\"https:\/\/sites.uel.br\/museu\/wp-content\/uploads\/2023\/06\/01-17-1024x1024.jpg 1024w, https:\/\/sites.uel.br\/museu\/wp-content\/uploads\/2023\/06\/01-17-300x300.jpg 300w, https:\/\/sites.uel.br\/museu\/wp-content\/uploads\/2023\/06\/01-17-150x150.jpg 150w, https:\/\/sites.uel.br\/museu\/wp-content\/uploads\/2023\/06\/01-17-768x768.jpg 768w, https:\/\/sites.uel.br\/museu\/wp-content\/uploads\/2023\/06\/01-17.jpg 1080w\" sizes=\"auto, (max-width: 1024px) 100vw, 1024px\" \/><\/figure>\n<\/div>\n\n\n\n<div class=\"wp-block-column is-layout-flow wp-block-column-is-layout-flow\">\n<figure class=\"wp-block-image size-large\"><img loading=\"lazy\" decoding=\"async\" width=\"1024\" height=\"1024\" src=\"https:\/\/sites.uel.br\/museu\/wp-content\/uploads\/2023\/07\/01-1024x1024.jpg\" alt=\"\" class=\"wp-image-733\" srcset=\"https:\/\/sites.uel.br\/museu\/wp-content\/uploads\/2023\/07\/01-1024x1024.jpg 1024w, https:\/\/sites.uel.br\/museu\/wp-content\/uploads\/2023\/07\/01-300x300.jpg 300w, https:\/\/sites.uel.br\/museu\/wp-content\/uploads\/2023\/07\/01-150x150.jpg 150w, https:\/\/sites.uel.br\/museu\/wp-content\/uploads\/2023\/07\/01-768x768.jpg 768w, https:\/\/sites.uel.br\/museu\/wp-content\/uploads\/2023\/07\/01.jpg 1080w\" sizes=\"auto, (max-width: 1024px) 100vw, 1024px\" \/><\/figure>\n<\/div>\n<\/div>\n<\/div>\n<\/div>\n","protected":false},"excerpt":{"rendered":"<p>Rela\u00e7\u00e3o de cole\u00e7\u00f5es fotogr\u00e1ficas do Museu Hist\u00f3rico de Londrina, dispon\u00edveis para consulta na Plataforma Pergamum Museus.<\/p>\n","protected":false},"author":7,"featured_media":0,"parent":0,"menu_order":0,"comment_status":"closed","ping_status":"closed","template":"","meta":{"footnotes":""},"class_list":["post-79","page","type-page","status-publish","hentry"],"acf":[],"_links":{"self":[{"href":"https:\/\/sites.uel.br\/museu\/wp-json\/wp\/v2\/pages\/79","targetHints":{"allow":["GET"]}}],"collection":[{"href":"https:\/\/sites.uel.br\/museu\/wp-json\/wp\/v2\/pages"}],"about":[{"href":"https:\/\/sites.uel.br\/museu\/wp-json\/wp\/v2\/types\/page"}],"author":[{"embeddable":true,"href":"https:\/\/sites.uel.br\/museu\/wp-json\/wp\/v2\/users\/7"}],"replies":[{"embeddable":true,"href":"https:\/\/sites.uel.br\/museu\/wp-json\/wp\/v2\/comments?post=79"}],"version-history":[{"count":8,"href":"https:\/\/sites.uel.br\/museu\/wp-json\/wp\/v2\/pages\/79\/revisions"}],"predecessor-version":[{"id":735,"href":"https:\/\/sites.uel.br\/museu\/wp-json\/wp\/v2\/pages\/79\/revisions\/735"}],"wp:attachment":[{"href":"https:\/\/sites.uel.br\/museu\/wp-json\/wp\/v2\/media?parent=79"}],"curies":[{"name":"wp","href":"https:\/\/api.w.org\/{rel}","templated":true}]}}