{"id":72,"date":"2023-06-01T16:28:07","date_gmt":"2023-06-01T19:28:07","guid":{"rendered":"https:\/\/sites.uel.br\/museu\/?page_id=72"},"modified":"2025-02-11T09:50:33","modified_gmt":"2025-02-11T12:50:33","slug":"projetos-em-andamento","status":"publish","type":"page","link":"https:\/\/sites.uel.br\/museu\/projetos-em-andamento\/","title":{"rendered":"Projetos em andamento"},"content":{"rendered":"\n<h2 class=\"wp-block-heading\">Projeto &#8220;Difus\u00e3o do patrim\u00f4nio cultural e das mem\u00f3rias da cidade: cole\u00e7\u00e3o fotogr\u00e1fica Prefeitura Municipal de Londrina &#8211; Fase V&#8221; <\/h2>\n\n\n\n<figure class=\"wp-block-gallery has-nested-images columns-default is-cropped wp-block-gallery-1 is-layout-flex wp-block-gallery-is-layout-flex\">\n<figure class=\"wp-block-image size-large\"><img loading=\"lazy\" decoding=\"async\" width=\"567\" height=\"407\" data-id=\"493\" src=\"https:\/\/sites.uel.br\/museu\/wp-content\/uploads\/2023\/06\/foto-projeto-promic-2.jpg\" alt=\"\" class=\"wp-image-493\" srcset=\"https:\/\/sites.uel.br\/museu\/wp-content\/uploads\/2023\/06\/foto-projeto-promic-2.jpg 567w, https:\/\/sites.uel.br\/museu\/wp-content\/uploads\/2023\/06\/foto-projeto-promic-2-300x215.jpg 300w\" sizes=\"auto, (max-width: 567px) 100vw, 567px\" \/><\/figure>\n\n\n\n<figure class=\"wp-block-image size-large\"><img loading=\"lazy\" decoding=\"async\" width=\"567\" height=\"407\" data-id=\"492\" src=\"https:\/\/sites.uel.br\/museu\/wp-content\/uploads\/2023\/06\/FOTO-PROJETO-PROMIC-3.jpg\" alt=\"\" class=\"wp-image-492\" srcset=\"https:\/\/sites.uel.br\/museu\/wp-content\/uploads\/2023\/06\/FOTO-PROJETO-PROMIC-3.jpg 567w, https:\/\/sites.uel.br\/museu\/wp-content\/uploads\/2023\/06\/FOTO-PROJETO-PROMIC-3-300x215.jpg 300w\" sizes=\"auto, (max-width: 567px) 100vw, 567px\" \/><\/figure>\n\n\n\n<figure class=\"wp-block-image size-large\"><img loading=\"lazy\" decoding=\"async\" width=\"1024\" height=\"730\" data-id=\"494\" src=\"https:\/\/sites.uel.br\/museu\/wp-content\/uploads\/2023\/06\/FOTO-PROJETO-PROMIC-1024x730.jpg\" alt=\"\" class=\"wp-image-494\" srcset=\"https:\/\/sites.uel.br\/museu\/wp-content\/uploads\/2023\/06\/FOTO-PROJETO-PROMIC-1024x730.jpg 1024w, https:\/\/sites.uel.br\/museu\/wp-content\/uploads\/2023\/06\/FOTO-PROJETO-PROMIC-300x214.jpg 300w, https:\/\/sites.uel.br\/museu\/wp-content\/uploads\/2023\/06\/FOTO-PROJETO-PROMIC-768x548.jpg 768w, https:\/\/sites.uel.br\/museu\/wp-content\/uploads\/2023\/06\/FOTO-PROJETO-PROMIC.jpg 1512w\" sizes=\"auto, (max-width: 1024px) 100vw, 1024px\" \/><\/figure>\n<\/figure>\n\n\n\n<p>&#8211; Objetiva a <strong>salvaguarda e comunica\u00e7\u00e3o <\/strong>de documentos relativos \u00e0 mem\u00f3ria e hist\u00f3ria de Londrina, em posse do Museu Hist\u00f3rico de Londrina \u2013 concretiza-se em a\u00e7\u00f5es voltadas para a <strong>preserva\u00e7\u00e3o e difus\u00e3o de documentos origin\u00e1rios da Prefeitura Municipal de Londrina que comp\u00f5em a Cole\u00e7\u00e3o Fotogr\u00e1fica \u201cPrefeitura Municipal de Londrina\u201d.<\/strong><br>&#8211; Tem como objetivo a <strong>cataloga\u00e7\u00e3o e inser\u00e7\u00e3o em base de dados da Rede Museus Paran\u00e1 <\/strong>e sua disponibiliza\u00e7\u00e3o para <strong>consulta p\u00fablica<\/strong> de 10.000 itens pertencentes \u00e0 <strong>Cole\u00e7\u00e3o Fotogr\u00e1fica &#8220;Prefeitura Municipal de Londrina&#8221;<\/strong>: fotografias impressas, negativos e respectivas fichas catalogr\u00e1ficas, e produ\u00e7\u00e3o de material audiovisual para divulga\u00e7\u00e3o do projeto nas redes sociais do Museu Hist\u00f3rico de Londrina e no Londrina Cultura.<br>&#8211; Visa a <strong>salvaguarda da Cole\u00e7\u00e3o Fotogr\u00e1fica<\/strong>, bem como, &#8220;realizar a\u00e7\u00f5es comunicativas voltadas \u00e0 difus\u00e3o do patrim\u00f4nio hist\u00f3rico e da mem\u00f3ria, tendo como foco Londrina, sua hist\u00f3ria, suas personagens sociais e sua vida comunit\u00e1ria&#8221; visando colaborar para a forma\u00e7\u00e3o cidad\u00e3 e identidade londrinense.<\/p>\n\n\n\n<figure class=\"wp-block-gallery has-nested-images columns-default is-cropped wp-block-gallery-2 is-layout-flex wp-block-gallery-is-layout-flex\">\n<figure class=\"wp-block-image size-large\"><img loading=\"lazy\" decoding=\"async\" width=\"819\" height=\"1024\" data-id=\"1301\" src=\"https:\/\/sites.uel.br\/museu\/wp-content\/uploads\/2025\/02\/arte-convite-professores-pergamum_Prancheta-1-copia-2-819x1024.jpg\" alt=\"\" class=\"wp-image-1301\" srcset=\"https:\/\/sites.uel.br\/museu\/wp-content\/uploads\/2025\/02\/arte-convite-professores-pergamum_Prancheta-1-copia-2-819x1024.jpg 819w, https:\/\/sites.uel.br\/museu\/wp-content\/uploads\/2025\/02\/arte-convite-professores-pergamum_Prancheta-1-copia-2-240x300.jpg 240w, https:\/\/sites.uel.br\/museu\/wp-content\/uploads\/2025\/02\/arte-convite-professores-pergamum_Prancheta-1-copia-2-768x960.jpg 768w, https:\/\/sites.uel.br\/museu\/wp-content\/uploads\/2025\/02\/arte-convite-professores-pergamum_Prancheta-1-copia-2-1229x1536.jpg 1229w, https:\/\/sites.uel.br\/museu\/wp-content\/uploads\/2025\/02\/arte-convite-professores-pergamum_Prancheta-1-copia-2-1639x2048.jpg 1639w, https:\/\/sites.uel.br\/museu\/wp-content\/uploads\/2025\/02\/arte-convite-professores-pergamum_Prancheta-1-copia-2-scaled.jpg 2048w\" sizes=\"auto, (max-width: 819px) 100vw, 819px\" \/><\/figure>\n\n\n\n<figure class=\"wp-block-image size-large\"><img loading=\"lazy\" decoding=\"async\" width=\"819\" height=\"1024\" data-id=\"1297\" src=\"https:\/\/sites.uel.br\/museu\/wp-content\/uploads\/2025\/02\/arte-convite-professores-pergamum_Prancheta-1-copia-3-819x1024.jpg\" alt=\"\" class=\"wp-image-1297\" srcset=\"https:\/\/sites.uel.br\/museu\/wp-content\/uploads\/2025\/02\/arte-convite-professores-pergamum_Prancheta-1-copia-3-819x1024.jpg 819w, https:\/\/sites.uel.br\/museu\/wp-content\/uploads\/2025\/02\/arte-convite-professores-pergamum_Prancheta-1-copia-3-240x300.jpg 240w, https:\/\/sites.uel.br\/museu\/wp-content\/uploads\/2025\/02\/arte-convite-professores-pergamum_Prancheta-1-copia-3-768x960.jpg 768w, https:\/\/sites.uel.br\/museu\/wp-content\/uploads\/2025\/02\/arte-convite-professores-pergamum_Prancheta-1-copia-3-1229x1536.jpg 1229w, https:\/\/sites.uel.br\/museu\/wp-content\/uploads\/2025\/02\/arte-convite-professores-pergamum_Prancheta-1-copia-3-1638x2048.jpg 1638w, https:\/\/sites.uel.br\/museu\/wp-content\/uploads\/2025\/02\/arte-convite-professores-pergamum_Prancheta-1-copia-3-scaled.jpg 2048w\" sizes=\"auto, (max-width: 819px) 100vw, 819px\" \/><\/figure>\n\n\n\n<figure class=\"wp-block-image size-large\"><img loading=\"lazy\" decoding=\"async\" width=\"819\" height=\"1024\" data-id=\"1298\" src=\"https:\/\/sites.uel.br\/museu\/wp-content\/uploads\/2025\/02\/arte-convite-professores-pergamum_Prancheta-1-copia-4-819x1024.jpg\" alt=\"\" class=\"wp-image-1298\" srcset=\"https:\/\/sites.uel.br\/museu\/wp-content\/uploads\/2025\/02\/arte-convite-professores-pergamum_Prancheta-1-copia-4-819x1024.jpg 819w, https:\/\/sites.uel.br\/museu\/wp-content\/uploads\/2025\/02\/arte-convite-professores-pergamum_Prancheta-1-copia-4-240x300.jpg 240w, https:\/\/sites.uel.br\/museu\/wp-content\/uploads\/2025\/02\/arte-convite-professores-pergamum_Prancheta-1-copia-4-768x960.jpg 768w, https:\/\/sites.uel.br\/museu\/wp-content\/uploads\/2025\/02\/arte-convite-professores-pergamum_Prancheta-1-copia-4-1229x1536.jpg 1229w, https:\/\/sites.uel.br\/museu\/wp-content\/uploads\/2025\/02\/arte-convite-professores-pergamum_Prancheta-1-copia-4-1638x2048.jpg 1638w, https:\/\/sites.uel.br\/museu\/wp-content\/uploads\/2025\/02\/arte-convite-professores-pergamum_Prancheta-1-copia-4-scaled.jpg 2048w\" sizes=\"auto, (max-width: 819px) 100vw, 819px\" \/><\/figure>\n\n\n\n<figure class=\"wp-block-image size-large\"><img loading=\"lazy\" decoding=\"async\" width=\"819\" height=\"1024\" data-id=\"1299\" src=\"https:\/\/sites.uel.br\/museu\/wp-content\/uploads\/2025\/02\/arte-convite-professores-pergamum_Prancheta-1-copia-6-819x1024.jpg\" alt=\"\" class=\"wp-image-1299\" srcset=\"https:\/\/sites.uel.br\/museu\/wp-content\/uploads\/2025\/02\/arte-convite-professores-pergamum_Prancheta-1-copia-6-819x1024.jpg 819w, https:\/\/sites.uel.br\/museu\/wp-content\/uploads\/2025\/02\/arte-convite-professores-pergamum_Prancheta-1-copia-6-240x300.jpg 240w, https:\/\/sites.uel.br\/museu\/wp-content\/uploads\/2025\/02\/arte-convite-professores-pergamum_Prancheta-1-copia-6-768x960.jpg 768w, https:\/\/sites.uel.br\/museu\/wp-content\/uploads\/2025\/02\/arte-convite-professores-pergamum_Prancheta-1-copia-6-1229x1536.jpg 1229w, https:\/\/sites.uel.br\/museu\/wp-content\/uploads\/2025\/02\/arte-convite-professores-pergamum_Prancheta-1-copia-6-1638x2048.jpg 1638w, https:\/\/sites.uel.br\/museu\/wp-content\/uploads\/2025\/02\/arte-convite-professores-pergamum_Prancheta-1-copia-6-scaled.jpg 2048w\" sizes=\"auto, (max-width: 819px) 100vw, 819px\" \/><\/figure>\n\n\n\n<figure class=\"wp-block-image size-large\"><img loading=\"lazy\" decoding=\"async\" width=\"819\" height=\"1024\" data-id=\"1303\" src=\"https:\/\/sites.uel.br\/museu\/wp-content\/uploads\/2025\/02\/arte-convite-professores-pergamum_Prancheta-1-copia-8-819x1024.jpg\" alt=\"\" class=\"wp-image-1303\" srcset=\"https:\/\/sites.uel.br\/museu\/wp-content\/uploads\/2025\/02\/arte-convite-professores-pergamum_Prancheta-1-copia-8-819x1024.jpg 819w, https:\/\/sites.uel.br\/museu\/wp-content\/uploads\/2025\/02\/arte-convite-professores-pergamum_Prancheta-1-copia-8-240x300.jpg 240w, https:\/\/sites.uel.br\/museu\/wp-content\/uploads\/2025\/02\/arte-convite-professores-pergamum_Prancheta-1-copia-8-768x960.jpg 768w, https:\/\/sites.uel.br\/museu\/wp-content\/uploads\/2025\/02\/arte-convite-professores-pergamum_Prancheta-1-copia-8-1229x1536.jpg 1229w, https:\/\/sites.uel.br\/museu\/wp-content\/uploads\/2025\/02\/arte-convite-professores-pergamum_Prancheta-1-copia-8-1638x2048.jpg 1638w, https:\/\/sites.uel.br\/museu\/wp-content\/uploads\/2025\/02\/arte-convite-professores-pergamum_Prancheta-1-copia-8-scaled.jpg 2048w\" sizes=\"auto, (max-width: 819px) 100vw, 819px\" \/><\/figure>\n\n\n\n<figure class=\"wp-block-image size-large\"><img loading=\"lazy\" decoding=\"async\" width=\"819\" height=\"1024\" data-id=\"1304\" src=\"https:\/\/sites.uel.br\/museu\/wp-content\/uploads\/2025\/02\/arte-convite-professores-pergamum_Prancheta-1-copia-819x1024.jpg\" alt=\"\" class=\"wp-image-1304\" srcset=\"https:\/\/sites.uel.br\/museu\/wp-content\/uploads\/2025\/02\/arte-convite-professores-pergamum_Prancheta-1-copia-819x1024.jpg 819w, https:\/\/sites.uel.br\/museu\/wp-content\/uploads\/2025\/02\/arte-convite-professores-pergamum_Prancheta-1-copia-240x300.jpg 240w, https:\/\/sites.uel.br\/museu\/wp-content\/uploads\/2025\/02\/arte-convite-professores-pergamum_Prancheta-1-copia-768x960.jpg 768w, https:\/\/sites.uel.br\/museu\/wp-content\/uploads\/2025\/02\/arte-convite-professores-pergamum_Prancheta-1-copia-1229x1536.jpg 1229w, https:\/\/sites.uel.br\/museu\/wp-content\/uploads\/2025\/02\/arte-convite-professores-pergamum_Prancheta-1-copia-1639x2048.jpg 1639w, https:\/\/sites.uel.br\/museu\/wp-content\/uploads\/2025\/02\/arte-convite-professores-pergamum_Prancheta-1-copia-scaled.jpg 2048w\" sizes=\"auto, (max-width: 819px) 100vw, 819px\" \/><\/figure>\n<\/figure>\n\n\n\n<p><\/p>\n\n\n\n<h2 class=\"wp-block-heading\">Projeto &#8220;Museu Hist\u00f3rico de Londrina como m\u00faltiplo espa\u00e7o na era digital: da extens\u00e3o \u00e0 a\u00e7\u00e3o cultural e educativa&#8221; (<em>PROJETO DE EXTENS\u00c3O UEL &#8211; 02489 &#8211; RES. CEPE 070\/2012<\/em>)<\/h2>\n\n\n\n<p><\/p>\n\n\n\n<div class=\"wp-block-columns is-layout-flex wp-container-core-columns-is-layout-9d6595d7 wp-block-columns-is-layout-flex\">\n<div class=\"wp-block-column is-layout-flow wp-block-column-is-layout-flow\">\n<p>Na atualidade, os museus geridos por institui\u00e7\u00f5es universit\u00e1rias &#8211; museus acad\u00eamicos &#8211; constituem-se em espa\u00e7os de extens\u00e3o por excel\u00eancia. O Museu Hist\u00f3rico de Londrina \u201cPadre Carlos Weiss\u201d, \u00f3rg\u00e3o suplementar da UEL, assim \u00e9 considerado por tratar-se de um local que preserva, comunica, que possibilita estudo, pesquisa e frui\u00e7\u00e3o, local esse aberto \u00e0s pessoas e a servi\u00e7o da sociedade e do desenvolvimento, conforme defini\u00e7\u00e3o do Estatuto de Museus, Lei n\u00b0 11.904, de 14 de janeiro de 2009. Assim, percebemos uma rela\u00e7\u00e3o direta entre universidade e comunidade, evidenciando o car\u00e1ter extensionista e inclusivo dessa tipologia de museus. A fun\u00e7\u00e3o social dos museus acad\u00eamicos, em nossos dias, \u00e9 fazer extens\u00e3o.A pr\u00f3pria concep\u00e7\u00e3o de museu, a mais de dois s\u00e9culos n\u00e3o \u00e9 a mesma, pois n\u00e3o se trata de um espa\u00e7o est\u00e1tico e intoc\u00e1vel, mas sim de um lugar vivo, de trocas e m\u00faltiplos aprendizados. Um outro aspecto que n\u00e3o podemos deixar de considerar \u00e9 que a contemporaneidade trouxe consigo a era digital. Rapidez e agilidade s\u00e3o a t\u00f4nica desse mundo virtual que modificou a forma de comunica\u00e7\u00e3o e expandiu as fronteiras da informa\u00e7\u00e3o. As institui\u00e7\u00f5es museol\u00f3gicas, como espa\u00e7os din\u00e2micos, viram nesta pot\u00eancia do mundo digital uma forma de levar para longe e com mais agilidade os seus acervos e demais informa\u00e7\u00f5es. Pode, nesse sentido, tocar indiv\u00edduos, mesmo que distantes. O Museu Hist\u00f3rico, desde 1970, ano do seu surgimento, recebe e salvaguarda acervos diversos &#8211; tridimensional, imag\u00e9tico, documental e sonoro &#8211; que conta a Hist\u00f3ria de Londrina, de povos j\u00e1 existentes nessas terras, outros que vieram para c\u00e1 e se constitu\u00edram aqui. Parte desse acervo comp\u00f5e a exposi\u00e7\u00e3o de longa dura\u00e7\u00e3o. O Museu Hist\u00f3rico \u00e9 formado pela galeria hist\u00f3rica (exposi\u00e7\u00e3o de longa dura\u00e7\u00e3o), galeria de mostra tempor\u00e1ria (exposi\u00e7\u00f5es tempor\u00e1rias), setor de biblioteca e documenta\u00e7\u00e3o, setor de imagem e som (fotografias, negativos, v\u00eddeos e \u00e1udios) e setor tridimensional em reserva t\u00e9cnica, ou seja, espa\u00e7os que d\u00e3o suporte \u00e0 miss\u00e3o de um museu.<\/p>\n<\/div>\n\n\n\n<div class=\"wp-block-column is-layout-flow wp-block-column-is-layout-flow\">\n<p>Na atualidade &#8211; e \u00e9 este o objetivo deste projeto &#8211; os esfor\u00e7os envidados s\u00e3o para a divulga\u00e7\u00e3o dos acervos, visibilidade e novas a\u00e7\u00f5es, dentro dessa concep\u00e7\u00e3o de museu social e mundo digital, por meio da a\u00e7\u00e3o educativa e cultural. Entre as a\u00e7\u00f5es propostas est\u00e3o monitorias para alunos e alunas do ensino fundamental e m\u00e9dio, eventos culturais, oficinas, cursos t\u00e9cnicos, produ\u00e7\u00e3o e divulga\u00e7\u00e3o de material audiovisual, atua\u00e7\u00e3o nas redes sociais, disponibiliza\u00e7\u00e3o de acervos no formato digital, entre outros. Tais a\u00e7\u00f5es procuram atingir pessoas do munic\u00edpio e de outras localidades &#8211; do pa\u00eds e do mundo -, estudantes de todos os n\u00edveis de ensino, assim como pesquisadores(as) e ser\u00e3o realizadas por colaboradores &#8211; alunos estagi\u00e1rios de gradua\u00e7\u00e3o e p\u00f3s-gradua\u00e7\u00e3o &#8211; com a supervis\u00e3o de t\u00e9cnicos do Museu Hist\u00f3rico. As atividades ser\u00e3o distribu\u00eddas por \u00e1rea de atua\u00e7\u00e3o de cada colaborador e t\u00e9cnico: a\u00e7\u00e3o educativa, cultural e comunica\u00e7\u00e3o. Assim, um grupo far\u00e1 as inser\u00e7\u00f5es na base de dados Pergamum Museus, outro ficar\u00e1 com a produ\u00e7\u00e3o do material audiovisual e sua divulga\u00e7\u00e3o nas redes sociais e um terceiro com a aplica\u00e7\u00e3o de oficinas e monitorias. Os cursos t\u00e9cnicos ser\u00e3o preparados e realizados por t\u00e9cnicos do museu e, a organiza\u00e7\u00e3o geral e acompanhamento ser\u00e1 feito pela docente deste projeto. Ser\u00e1 poss\u00edvel avaliar as a\u00e7\u00f5es desenvolvidas por meio dos registros di\u00e1rios das atividades realizadas &#8211; nome das escolas atendidas, n\u00famero de pessoas da comunidade externa, n\u00famero de IP\u2019s que acessaram o Pergamum, curtidas e compartilhamentos das postagens nas redes sociais, registro de n\u00famero de participantes em cada evento cultural e acad\u00eamico, e outros. O n\u00edvel de alcance dos objetivos ser\u00e1 avaliado\/medido de forma num\u00e9rica,ou seja, o n\u00famero de pessoas atendidas (nos registros que o Museu j\u00e1 realiza).<\/p>\n\n\n\n<h2 class=\"wp-block-heading\"><\/h2>\n<\/div>\n<\/div>\n\n\n\n<h2 class=\"wp-block-heading\">Preserva\u00e7\u00e3o do Patrim\u00f4nio Hist\u00f3rico e Cultural em Londrina: estudos de bens culturais II (COMPAC)<\/h2>\n\n\n\n<p class=\"has-text-align-center has-small-font-size\"><\/p>\n\n\n\n<p>Visa \u00e0 realiza\u00e7\u00e3o de estudos t\u00e9cnicos de bens culturais que possam contribuir com a an\u00e1lise e prosseguimento dos processos de Tombamento e de Listagem de Bens de interesse de preserva\u00e7\u00e3o.<\/p>\n","protected":false},"excerpt":{"rendered":"<p>Projeto &#8220;Difus\u00e3o do patrim\u00f4nio cultural e das mem\u00f3rias da cidade: cole\u00e7\u00e3o fotogr\u00e1fica Prefeitura Municipal de Londrina &#8211; Fase V&#8221; &#8211; Objetiva a salvaguarda e comunica\u00e7\u00e3o de documentos relativos \u00e0 mem\u00f3ria e hist\u00f3ria de Londrina, em posse do Museu Hist\u00f3rico de Londrina \u2013 concretiza-se em a\u00e7\u00f5es voltadas para a preserva\u00e7\u00e3o e difus\u00e3o de documentos origin\u00e1rios da [&hellip;]<\/p>\n","protected":false},"author":7,"featured_media":0,"parent":0,"menu_order":0,"comment_status":"closed","ping_status":"closed","template":"","meta":{"footnotes":""},"class_list":["post-72","page","type-page","status-publish","hentry"],"acf":[],"_links":{"self":[{"href":"https:\/\/sites.uel.br\/museu\/wp-json\/wp\/v2\/pages\/72","targetHints":{"allow":["GET"]}}],"collection":[{"href":"https:\/\/sites.uel.br\/museu\/wp-json\/wp\/v2\/pages"}],"about":[{"href":"https:\/\/sites.uel.br\/museu\/wp-json\/wp\/v2\/types\/page"}],"author":[{"embeddable":true,"href":"https:\/\/sites.uel.br\/museu\/wp-json\/wp\/v2\/users\/7"}],"replies":[{"embeddable":true,"href":"https:\/\/sites.uel.br\/museu\/wp-json\/wp\/v2\/comments?post=72"}],"version-history":[{"count":12,"href":"https:\/\/sites.uel.br\/museu\/wp-json\/wp\/v2\/pages\/72\/revisions"}],"predecessor-version":[{"id":1307,"href":"https:\/\/sites.uel.br\/museu\/wp-json\/wp\/v2\/pages\/72\/revisions\/1307"}],"wp:attachment":[{"href":"https:\/\/sites.uel.br\/museu\/wp-json\/wp\/v2\/media?parent=72"}],"curies":[{"name":"wp","href":"https:\/\/api.w.org\/{rel}","templated":true}]}}