{"id":53,"date":"2023-05-31T10:51:56","date_gmt":"2023-05-31T13:51:56","guid":{"rendered":"https:\/\/sites.uel.br\/museu\/?page_id=53"},"modified":"2026-01-07T09:43:12","modified_gmt":"2026-01-07T12:43:12","slug":"outras-publicacoes","status":"publish","type":"page","link":"https:\/\/sites.uel.br\/museu\/outras-publicacoes\/","title":{"rendered":"Outras publica\u00e7\u00f5es"},"content":{"rendered":"\n<div data-wp-interactive=\"core\/file\" class=\"wp-block-file\"><object data-wp-bind--hidden=\"!state.hasPdfPreview\" hidden class=\"wp-block-file__embed\" data=\"https:\/\/sites.uel.br\/museu\/wp-content\/uploads\/2025\/01\/ebook_patrimonio_cultural_e_Identidades2.pdf\" type=\"application\/pdf\" style=\"width:100%;height:600px\" aria-label=\"Incorporado de ebook_patrim\u00f4nio_cultural_e_Identidades2.\"><\/object><a id=\"wp-block-file--media-4985214f-bc62-4e5f-9062-199855c838ae\" href=\"https:\/\/sites.uel.br\/museu\/wp-content\/uploads\/2025\/01\/ebook_patrimonio_cultural_e_Identidades2.pdf\" target=\"_blank\" rel=\"noreferrer noopener\">ebook_patrim\u00f4nio_cultural_e_Identidades2<\/a><a href=\"https:\/\/sites.uel.br\/museu\/wp-content\/uploads\/2025\/01\/ebook_patrimonio_cultural_e_Identidades2.pdf\" class=\"wp-block-file__button wp-element-button\" download aria-describedby=\"wp-block-file--media-4985214f-bc62-4e5f-9062-199855c838ae\">Baixar<\/a><\/div>\n\n\n\n<div data-wp-interactive=\"core\/file\" class=\"wp-block-file\"><object data-wp-bind--hidden=\"!state.hasPdfPreview\" hidden class=\"wp-block-file__embed\" data=\"https:\/\/sites.uel.br\/museu\/wp-content\/uploads\/2023\/06\/HISTORIA-FALADA-HISTORIA-ESCRITA-CATALOGO.pdf\" type=\"application\/pdf\" style=\"width:100%;height:600px\" aria-label=\"Incorporado de Hist\u00f3ria falada, hist\u00f3ria escrita: cat\u00e1logo.\"><\/object><a id=\"wp-block-file--media-a921b385-7398-457e-ad17-24060b427bd6\" href=\"https:\/\/sites.uel.br\/museu\/wp-content\/uploads\/2023\/06\/HISTORIA-FALADA-HISTORIA-ESCRITA-CATALOGO.pdf\" target=\"_blank\" rel=\"noreferrer noopener\">Hist\u00f3ria falada, hist\u00f3ria escrita: cat\u00e1logo<\/a><a href=\"https:\/\/sites.uel.br\/museu\/wp-content\/uploads\/2023\/06\/HISTORIA-FALADA-HISTORIA-ESCRITA-CATALOGO.pdf\" class=\"wp-block-file__button wp-element-button\" download aria-describedby=\"wp-block-file--media-a921b385-7398-457e-ad17-24060b427bd6\">Baixar<\/a><\/div>\n\n\n\n<div data-wp-interactive=\"core\/file\" class=\"wp-block-file\"><object data-wp-bind--hidden=\"!state.hasPdfPreview\" hidden class=\"wp-block-file__embed\" data=\"https:\/\/sites.uel.br\/museu\/wp-content\/uploads\/2023\/06\/70-ANOS-DA-ESTACAO-FERROVIARIA-DE-LONDRINA.pdf\" type=\"application\/pdf\" style=\"width:100%;height:600px\" aria-label=\"Incorporado de 70 anos da esta\u00e7\u00e3o ferrovi\u00e1ria de Londrina, \u00edcone da cidade: documentos, plantas e v\u00eddeo.\"><\/object><a id=\"wp-block-file--media-72ce21a1-c594-4553-a749-bfcc819d4bf1\" href=\"https:\/\/sites.uel.br\/museu\/wp-content\/uploads\/2023\/06\/70-ANOS-DA-ESTACAO-FERROVIARIA-DE-LONDRINA.pdf\">70 anos da esta\u00e7\u00e3o ferrovi\u00e1ria de Londrina, \u00edcone da cidade: documentos, plantas e v\u00eddeo<\/a><a href=\"https:\/\/sites.uel.br\/museu\/wp-content\/uploads\/2023\/06\/70-ANOS-DA-ESTACAO-FERROVIARIA-DE-LONDRINA.pdf\" class=\"wp-block-file__button wp-element-button\" download aria-describedby=\"wp-block-file--media-72ce21a1-c594-4553-a749-bfcc819d4bf1\">Baixar<\/a><\/div>\n\n\n\n<div data-wp-interactive=\"core\/file\" class=\"wp-block-file\"><object data-wp-bind--hidden=\"!state.hasPdfPreview\" hidden class=\"wp-block-file__embed\" data=\"https:\/\/sites.uel.br\/museu\/wp-content\/uploads\/2023\/06\/Ebook-Av-Duque-de-Caxias.pdf\" type=\"application\/pdf\" style=\"width:100%;height:600px\" aria-label=\"Incorporado de Avenida Duque de Caxias: O patrim\u00f4nio hist\u00f3rico entre perman\u00eancias e transforma\u00e7\u00f5es.\"><\/object><a id=\"wp-block-file--media-be756de3-ba10-47a5-be3d-bd1644ff721a\" href=\"https:\/\/sites.uel.br\/museu\/wp-content\/uploads\/2023\/06\/Ebook-Av-Duque-de-Caxias.pdf\">Avenida Duque de Caxias: O patrim\u00f4nio hist\u00f3rico entre perman\u00eancias e transforma\u00e7\u00f5es<\/a><a href=\"https:\/\/sites.uel.br\/museu\/wp-content\/uploads\/2023\/06\/Ebook-Av-Duque-de-Caxias.pdf\" class=\"wp-block-file__button wp-element-button\" download aria-describedby=\"wp-block-file--media-be756de3-ba10-47a5-be3d-bd1644ff721a\">Baixar<\/a><\/div>\n\n\n\n<p><\/p>\n\n\n\n<div data-wp-interactive=\"core\/file\" class=\"wp-block-file\"><object data-wp-bind--hidden=\"!state.hasPdfPreview\" hidden class=\"wp-block-file__embed\" data=\"https:\/\/sites.uel.br\/museu\/wp-content\/uploads\/2023\/06\/Roteiro-Duque-de-Caxias-1.pdf\" type=\"application\/pdf\" style=\"width:100%;height:600px\" aria-label=\"Incorporado de Roteiro avenida Duque de Caxias.\"><\/object><a id=\"wp-block-file--media-90497040-f6d7-42bb-b742-0fc715d5fac0\" href=\"https:\/\/sites.uel.br\/museu\/wp-content\/uploads\/2023\/06\/Roteiro-Duque-de-Caxias-1.pdf\">Roteiro avenida Duque de Caxias<\/a><a href=\"https:\/\/sites.uel.br\/museu\/wp-content\/uploads\/2023\/06\/Roteiro-Duque-de-Caxias-1.pdf\" class=\"wp-block-file__button wp-element-button\" download aria-describedby=\"wp-block-file--media-90497040-f6d7-42bb-b742-0fc715d5fac0\">Baixar<\/a><\/div>\n\n\n\n<div data-wp-interactive=\"core\/file\" class=\"wp-block-file\"><object data-wp-bind--hidden=\"!state.hasPdfPreview\" hidden class=\"wp-block-file__embed\" data=\"https:\/\/sites.uel.br\/museu\/wp-content\/uploads\/2023\/06\/PELEGRINELLI-VISALLI.-Francesco-de-Assis-em-Londrina-imagens-pessoas-lugares-Digital.pdf\" type=\"application\/pdf\" style=\"width:100%;height:600px\" aria-label=\"Incorporado de Francisco de Assis em Londrina: Imagens, pessoas, lugares.\"><\/object><a id=\"wp-block-file--media-88cebf08-6691-4096-9619-d7dad02ae5eb\" href=\"https:\/\/sites.uel.br\/museu\/wp-content\/uploads\/2023\/06\/PELEGRINELLI-VISALLI.-Francesco-de-Assis-em-Londrina-imagens-pessoas-lugares-Digital.pdf\">Francisco de Assis em Londrina: Imagens, pessoas, lugares<\/a><a href=\"https:\/\/sites.uel.br\/museu\/wp-content\/uploads\/2023\/06\/PELEGRINELLI-VISALLI.-Francesco-de-Assis-em-Londrina-imagens-pessoas-lugares-Digital.pdf\" class=\"wp-block-file__button wp-element-button\" download aria-describedby=\"wp-block-file--media-88cebf08-6691-4096-9619-d7dad02ae5eb\">Baixar<\/a><\/div>\n\n\n\n<div data-wp-interactive=\"core\/file\" class=\"wp-block-file\"><object data-wp-bind--hidden=\"!state.hasPdfPreview\" hidden class=\"wp-block-file__embed\" data=\"https:\/\/sites.uel.br\/museu\/wp-content\/uploads\/2023\/06\/Londrina-em-essencia.pdf\" type=\"application\/pdf\" style=\"width:100%;height:600px\" aria-label=\"Incorporado de Londrina em ess\u00eancia: encontros, encantos e mem\u00f3rias.\"><\/object><a id=\"wp-block-file--media-1b61cf4b-e797-4de0-baf4-d5a89a492739\" href=\"https:\/\/sites.uel.br\/museu\/wp-content\/uploads\/2023\/06\/Londrina-em-essencia.pdf\">Londrina em ess\u00eancia: encontros, encantos e mem\u00f3rias<\/a><a href=\"https:\/\/sites.uel.br\/museu\/wp-content\/uploads\/2023\/06\/Londrina-em-essencia.pdf\" class=\"wp-block-file__button wp-element-button\" download aria-describedby=\"wp-block-file--media-1b61cf4b-e797-4de0-baf4-d5a89a492739\">Baixar<\/a><\/div>\n\n\n\n<div data-wp-interactive=\"core\/file\" class=\"wp-block-file\"><object data-wp-bind--hidden=\"!state.hasPdfPreview\" hidden class=\"wp-block-file__embed\" data=\"https:\/\/sites.uel.br\/museu\/wp-content\/uploads\/2023\/06\/PELEGRINELLI-VISALLI.-Ensino-de-Historia-com-Imagens-um-guia.pdf\" type=\"application\/pdf\" style=\"width:100%;height:600px\" aria-label=\"Incorporado de Ensino de Hist\u00f3ria com imagens - um guia.\"><\/object><a id=\"wp-block-file--media-3a83db60-d0a9-4269-910b-0bf8ad59ca03\" href=\"https:\/\/sites.uel.br\/museu\/wp-content\/uploads\/2023\/06\/PELEGRINELLI-VISALLI.-Ensino-de-Historia-com-Imagens-um-guia.pdf\">Ensino de Hist\u00f3ria com imagens &#8211; um guia<\/a><a href=\"https:\/\/sites.uel.br\/museu\/wp-content\/uploads\/2023\/06\/PELEGRINELLI-VISALLI.-Ensino-de-Historia-com-Imagens-um-guia.pdf\" class=\"wp-block-file__button wp-element-button\" download aria-describedby=\"wp-block-file--media-3a83db60-d0a9-4269-910b-0bf8ad59ca03\">Baixar<\/a><\/div>\n\n\n\n<div data-wp-interactive=\"core\/file\" class=\"wp-block-file\"><object data-wp-bind--hidden=\"!state.hasPdfPreview\" hidden class=\"wp-block-file__embed\" data=\"https:\/\/sites.uel.br\/museu\/wp-content\/uploads\/2023\/06\/Catalogo-da-exposicao-Povos-Indigenas-no-Norte-do-Parana.pdf\" type=\"application\/pdf\" style=\"width:100%;height:600px\" aria-label=\"Incorporado de Cat\u00e1logo Povos Ind\u00edgenas no Norte do Paran\u00e1.\"><\/object><a id=\"wp-block-file--media-af56ce89-6030-4bbf-be46-bf3e6fdd631f\" href=\"https:\/\/sites.uel.br\/museu\/wp-content\/uploads\/2023\/06\/Catalogo-da-exposicao-Povos-Indigenas-no-Norte-do-Parana.pdf\">Cat\u00e1logo Povos Ind\u00edgenas no Norte do Paran\u00e1<\/a><a href=\"https:\/\/sites.uel.br\/museu\/wp-content\/uploads\/2023\/06\/Catalogo-da-exposicao-Povos-Indigenas-no-Norte-do-Parana.pdf\" class=\"wp-block-file__button wp-element-button\" download aria-describedby=\"wp-block-file--media-af56ce89-6030-4bbf-be46-bf3e6fdd631f\">Baixar<\/a><\/div>\n\n\n\n<div data-wp-interactive=\"core\/file\" class=\"wp-block-file\"><object data-wp-bind--hidden=\"!state.hasPdfPreview\" hidden class=\"wp-block-file__embed\" data=\"https:\/\/sites.uel.br\/museu\/wp-content\/uploads\/2023\/07\/Carros_ferroviarios.pdf\" type=\"application\/pdf\" style=\"width:100%;height:600px\" aria-label=\"Incorporado de Restauro dos carros ferrovi\u00e1rios de passageiros.\"><\/object><a id=\"wp-block-file--media-8a17872b-4325-41cd-b0eb-3013de395e0f\" href=\"https:\/\/sites.uel.br\/museu\/wp-content\/uploads\/2023\/07\/Carros_ferroviarios.pdf\">Restauro dos carros ferrovi\u00e1rios de passageiros<\/a><a href=\"https:\/\/sites.uel.br\/museu\/wp-content\/uploads\/2023\/07\/Carros_ferroviarios.pdf\" class=\"wp-block-file__button wp-element-button\" download aria-describedby=\"wp-block-file--media-8a17872b-4325-41cd-b0eb-3013de395e0f\">Baixar<\/a><\/div>\n\n\n\n<div data-wp-interactive=\"core\/file\" class=\"wp-block-file\"><object data-wp-bind--hidden=\"!state.hasPdfPreview\" hidden class=\"wp-block-file__embed\" data=\"https:\/\/sites.uel.br\/museu\/wp-content\/uploads\/2023\/08\/Fotografias-da-educacao-escolar-londrinense_V1.pdf\" type=\"application\/pdf\" style=\"width:100%;height:600px\" aria-label=\"Incorporado de Fotografias da educa\u00e7\u00e3o escolar londrinense.\"><\/object><a id=\"wp-block-file--media-a2816086-3831-4ccd-9b95-620790902246\" href=\"https:\/\/sites.uel.br\/museu\/wp-content\/uploads\/2023\/08\/Fotografias-da-educacao-escolar-londrinense_V1.pdf\">Fotografias da educa\u00e7\u00e3o escolar londrinense<\/a><a href=\"https:\/\/sites.uel.br\/museu\/wp-content\/uploads\/2023\/08\/Fotografias-da-educacao-escolar-londrinense_V1.pdf\" class=\"wp-block-file__button wp-element-button\" download aria-describedby=\"wp-block-file--media-a2816086-3831-4ccd-9b95-620790902246\">Baixar<\/a><\/div>\n\n\n\n<div data-wp-interactive=\"core\/file\" class=\"wp-block-file\"><object data-wp-bind--hidden=\"!state.hasPdfPreview\" hidden class=\"wp-block-file__embed\" data=\"https:\/\/sites.uel.br\/museu\/wp-content\/uploads\/2023\/09\/J.-Juliani.pdf\" type=\"application\/pdf\" style=\"width:100%;height:600px\" aria-label=\"Incorporado de Express\u00e3o visual de um autodidata.\"><\/object><a id=\"wp-block-file--media-2e09c10f-269f-4e08-bc45-c5246326bd9c\" href=\"https:\/\/sites.uel.br\/museu\/wp-content\/uploads\/2023\/09\/J.-Juliani.pdf\">Express\u00e3o visual de um autodidata<\/a><a href=\"https:\/\/sites.uel.br\/museu\/wp-content\/uploads\/2023\/09\/J.-Juliani.pdf\" class=\"wp-block-file__button wp-element-button\" download aria-describedby=\"wp-block-file--media-2e09c10f-269f-4e08-bc45-c5246326bd9c\">Baixar<\/a><\/div>\n\n\n\n<div data-wp-interactive=\"core\/file\" class=\"wp-block-file\"><object data-wp-bind--hidden=\"!state.hasPdfPreview\" hidden class=\"wp-block-file__embed\" data=\"https:\/\/sites.uel.br\/museu\/wp-content\/uploads\/2023\/09\/Catalogo.pdf\" type=\"application\/pdf\" style=\"width:100%;height:600px\" aria-label=\"Incorporado de Cat\u00e1logo - Museu Hist\u00f3rico de Londrina.\"><\/object><a id=\"wp-block-file--media-6c0f00f6-367a-4388-ae1b-402c0c74ecbd\" href=\"https:\/\/sites.uel.br\/museu\/wp-content\/uploads\/2023\/09\/Catalogo.pdf\">Cat\u00e1logo &#8211; Museu Hist\u00f3rico de Londrina<\/a><a href=\"https:\/\/sites.uel.br\/museu\/wp-content\/uploads\/2023\/09\/Catalogo.pdf\" class=\"wp-block-file__button wp-element-button\" download aria-describedby=\"wp-block-file--media-6c0f00f6-367a-4388-ae1b-402c0c74ecbd\">Baixar<\/a><\/div>\n\n\n\n<div data-wp-interactive=\"core\/file\" class=\"wp-block-file\"><object data-wp-bind--hidden=\"!state.hasPdfPreview\" hidden class=\"wp-block-file__embed\" data=\"https:\/\/sites.uel.br\/museu\/wp-content\/uploads\/2023\/09\/Povos-indigenas-no-Norte-do-Parana.pdf\" type=\"application\/pdf\" style=\"width:100%;height:600px\" aria-label=\"Incorporado de Povos-ind\u00edgenas-no-Norte-do-Paran\u00e1.\"><\/object><a id=\"wp-block-file--media-3846ec18-ad25-4367-9756-eff56ae42cba\" href=\"https:\/\/sites.uel.br\/museu\/wp-content\/uploads\/2023\/09\/Povos-indigenas-no-Norte-do-Parana.pdf\">Povos-ind\u00edgenas-no-Norte-do-Paran\u00e1<\/a><a href=\"https:\/\/sites.uel.br\/museu\/wp-content\/uploads\/2023\/09\/Povos-indigenas-no-Norte-do-Parana.pdf\" class=\"wp-block-file__button wp-element-button\" download aria-describedby=\"wp-block-file--media-3846ec18-ad25-4367-9756-eff56ae42cba\">Baixar<\/a><\/div>\n\n\n\n<div data-wp-interactive=\"core\/file\" class=\"wp-block-file\"><object data-wp-bind--hidden=\"!state.hasPdfPreview\" hidden class=\"wp-block-file__embed\" data=\"https:\/\/sites.uel.br\/museu\/wp-content\/uploads\/2023\/10\/Guardioes-da-memoria-dos-povos-Kaingang-Guarani-e-Xeta-na-regiao-de-Londrina.pdf\" type=\"application\/pdf\" style=\"width:100%;height:600px\" aria-label=\"Incorporado de Guardi\u00e3es-da-memoria-dos-povos-Kaingang-Guarani-e-Xeta-na-regiao-de-Londrina.\"><\/object><a id=\"wp-block-file--media-047230f3-367e-4222-b00b-2dbb92f75493\" href=\"https:\/\/sites.uel.br\/museu\/wp-content\/uploads\/2023\/10\/Guardioes-da-memoria-dos-povos-Kaingang-Guarani-e-Xeta-na-regiao-de-Londrina.pdf\">Guardi\u00e3es-da-memoria-dos-povos-Kaingang-Guarani-e-Xeta-na-regiao-de-Londrina<\/a><a href=\"https:\/\/sites.uel.br\/museu\/wp-content\/uploads\/2023\/10\/Guardioes-da-memoria-dos-povos-Kaingang-Guarani-e-Xeta-na-regiao-de-Londrina.pdf\" class=\"wp-block-file__button wp-element-button\" download aria-describedby=\"wp-block-file--media-047230f3-367e-4222-b00b-2dbb92f75493\">Baixar<\/a><\/div>\n\n\n\n<div data-wp-interactive=\"core\/file\" class=\"wp-block-file\"><object data-wp-bind--hidden=\"!state.hasPdfPreview\" hidden class=\"wp-block-file__embed\" data=\"https:\/\/sites.uel.br\/museu\/wp-content\/uploads\/2024\/02\/CATALOGO-CHORO-EM-LONDRINA.pdf\" type=\"application\/pdf\" style=\"width:100%;height:600px\" aria-label=\"Incorporado de CATALOGO-CHORO-EM-LONDRINA.\"><\/object><a id=\"wp-block-file--media-ef4ff2fd-bc5c-4d76-a34b-fa1c186dc89e\" href=\"https:\/\/sites.uel.br\/museu\/wp-content\/uploads\/2024\/02\/CATALOGO-CHORO-EM-LONDRINA.pdf\">CATALOGO-CHORO-EM-LONDRINA<\/a><a href=\"https:\/\/sites.uel.br\/museu\/wp-content\/uploads\/2024\/02\/CATALOGO-CHORO-EM-LONDRINA.pdf\" class=\"wp-block-file__button wp-element-button\" download aria-describedby=\"wp-block-file--media-ef4ff2fd-bc5c-4d76-a34b-fa1c186dc89e\">Baixar<\/a><\/div>\n\n\n\n<div data-wp-interactive=\"core\/file\" class=\"wp-block-file\"><object data-wp-bind--hidden=\"!state.hasPdfPreview\" hidden class=\"wp-block-file__embed\" data=\"https:\/\/sites.uel.br\/museu\/wp-content\/uploads\/2024\/05\/Beatriz-Alquati-Ferramentas-de-analise-visual-aplicadas-a-bordado-historico-Um-estudo-de-caso.pdf\" type=\"application\/pdf\" style=\"width:100%;height:600px\" aria-label=\"Incorporado de Beatriz-Alquati-Ferramentas-de-analise-visual-aplicadas-a-bordado-historico-Um-estudo-de-caso.\"><\/object><a id=\"wp-block-file--media-c82eb394-3c8a-4e47-a23a-916b54212e81\" href=\"https:\/\/sites.uel.br\/museu\/wp-content\/uploads\/2024\/05\/Beatriz-Alquati-Ferramentas-de-analise-visual-aplicadas-a-bordado-historico-Um-estudo-de-caso.pdf\">Beatriz-Alquati-Ferramentas-de-analise-visual-aplicadas-a-bordado-historico-Um-estudo-de-caso<\/a><a href=\"https:\/\/sites.uel.br\/museu\/wp-content\/uploads\/2024\/05\/Beatriz-Alquati-Ferramentas-de-analise-visual-aplicadas-a-bordado-historico-Um-estudo-de-caso.pdf\" class=\"wp-block-file__button wp-element-button\" download aria-describedby=\"wp-block-file--media-c82eb394-3c8a-4e47-a23a-916b54212e81\">Baixar<\/a><\/div>\n\n\n\n<div data-wp-interactive=\"core\/file\" class=\"wp-block-file\"><object data-wp-bind--hidden=\"!state.hasPdfPreview\" hidden class=\"wp-block-file__embed\" data=\"https:\/\/sites.uel.br\/museu\/wp-content\/uploads\/2024\/09\/838963.pdf\" type=\"application\/pdf\" style=\"width:100%;height:600px\" aria-label=\"Incorporado de 838963.\"><\/object><a id=\"wp-block-file--media-7b101ec5-b494-4c57-9339-50b486605c6d\" href=\"https:\/\/sites.uel.br\/museu\/wp-content\/uploads\/2024\/09\/838963.pdf\">838963<\/a><a href=\"https:\/\/sites.uel.br\/museu\/wp-content\/uploads\/2024\/09\/838963.pdf\" class=\"wp-block-file__button wp-element-button\" download aria-describedby=\"wp-block-file--media-7b101ec5-b494-4c57-9339-50b486605c6d\">Baixar<\/a><\/div>\n\n\n\n<div data-wp-interactive=\"core\/file\" class=\"wp-block-file\"><object data-wp-bind--hidden=\"!state.hasPdfPreview\" hidden class=\"wp-block-file__embed\" data=\"https:\/\/sites.uel.br\/museu\/wp-content\/uploads\/2026\/01\/Danca-vahn-ga.pdf\" type=\"application\/pdf\" style=\"width:100%;height:600px\" aria-label=\"Incorporado de Dan\u00e7a vahn ga.\"><\/object><a id=\"wp-block-file--media-f9a28622-163a-4093-aa0f-092da20871fe\" href=\"https:\/\/sites.uel.br\/museu\/wp-content\/uploads\/2026\/01\/Danca-vahn-ga.pdf\">Dan\u00e7a vahn ga<\/a><a href=\"https:\/\/sites.uel.br\/museu\/wp-content\/uploads\/2026\/01\/Danca-vahn-ga.pdf\" class=\"wp-block-file__button wp-element-button\" download aria-describedby=\"wp-block-file--media-f9a28622-163a-4093-aa0f-092da20871fe\">Baixar<\/a><\/div>\n\n\n\n<div data-wp-interactive=\"core\/file\" class=\"wp-block-file\"><object data-wp-bind--hidden=\"!state.hasPdfPreview\" hidden class=\"wp-block-file__embed\" data=\"https:\/\/sites.uel.br\/museu\/wp-content\/uploads\/2026\/01\/Jogos-Indigenas.pdf\" type=\"application\/pdf\" style=\"width:100%;height:600px\" aria-label=\"Incorporado de Jogos Indigenas.\"><\/object><a id=\"wp-block-file--media-1f28cd6c-3943-400d-9058-fea73aabd932\" href=\"https:\/\/sites.uel.br\/museu\/wp-content\/uploads\/2026\/01\/Jogos-Indigenas.pdf\">Jogos Indigenas<\/a><a href=\"https:\/\/sites.uel.br\/museu\/wp-content\/uploads\/2026\/01\/Jogos-Indigenas.pdf\" class=\"wp-block-file__button wp-element-button\" download aria-describedby=\"wp-block-file--media-1f28cd6c-3943-400d-9058-fea73aabd932\">Baixar<\/a><\/div>\n","protected":false},"excerpt":{"rendered":"","protected":false},"author":7,"featured_media":0,"parent":0,"menu_order":0,"comment_status":"closed","ping_status":"closed","template":"","meta":{"footnotes":""},"class_list":["post-53","page","type-page","status-publish","hentry"],"acf":[],"_links":{"self":[{"href":"https:\/\/sites.uel.br\/museu\/wp-json\/wp\/v2\/pages\/53","targetHints":{"allow":["GET"]}}],"collection":[{"href":"https:\/\/sites.uel.br\/museu\/wp-json\/wp\/v2\/pages"}],"about":[{"href":"https:\/\/sites.uel.br\/museu\/wp-json\/wp\/v2\/types\/page"}],"author":[{"embeddable":true,"href":"https:\/\/sites.uel.br\/museu\/wp-json\/wp\/v2\/users\/7"}],"replies":[{"embeddable":true,"href":"https:\/\/sites.uel.br\/museu\/wp-json\/wp\/v2\/comments?post=53"}],"version-history":[{"count":21,"href":"https:\/\/sites.uel.br\/museu\/wp-json\/wp\/v2\/pages\/53\/revisions"}],"predecessor-version":[{"id":1394,"href":"https:\/\/sites.uel.br\/museu\/wp-json\/wp\/v2\/pages\/53\/revisions\/1394"}],"wp:attachment":[{"href":"https:\/\/sites.uel.br\/museu\/wp-json\/wp\/v2\/media?parent=53"}],"curies":[{"name":"wp","href":"https:\/\/api.w.org\/{rel}","templated":true}]}}