{"id":52,"date":"2023-05-31T10:51:56","date_gmt":"2023-05-31T13:51:56","guid":{"rendered":"https:\/\/sites.uel.br\/museu\/?page_id=52"},"modified":"2023-07-10T09:38:30","modified_gmt":"2023-07-10T12:38:30","slug":"londrina-documenta","status":"publish","type":"page","link":"https:\/\/sites.uel.br\/museu\/londrina-documenta\/","title":{"rendered":"Londrina Documenta"},"content":{"rendered":"\n<div data-wp-interactive=\"core\/file\" class=\"wp-block-file\"><object data-wp-bind--hidden=\"!state.hasPdfPreview\" hidden class=\"wp-block-file__embed\" data=\"https:\/\/sites.uel.br\/museu\/wp-content\/uploads\/2023\/06\/VERSAO-VISUALIZACAO-LONDRINA-DOCUMENTA.pdf\" type=\"application\/pdf\" style=\"width:100%;height:600px\" aria-label=\"Incorporado de Londrina Documenta v.5.\"><\/object><a id=\"wp-block-file--media-5d34ed1a-a95c-489b-a7ff-8629c6d1d5a3\" href=\"https:\/\/sites.uel.br\/museu\/wp-content\/uploads\/2023\/06\/VERSAO-VISUALIZACAO-LONDRINA-DOCUMENTA.pdf\">Londrina Documenta v.5<\/a><a href=\"https:\/\/sites.uel.br\/museu\/wp-content\/uploads\/2023\/06\/VERSAO-VISUALIZACAO-LONDRINA-DOCUMENTA.pdf\" class=\"wp-block-file__button wp-element-button\" download aria-describedby=\"wp-block-file--media-5d34ed1a-a95c-489b-a7ff-8629c6d1d5a3\">Baixar<\/a><\/div>\n\n\n\n<div data-wp-interactive=\"core\/file\" class=\"wp-block-file\"><object data-wp-bind--hidden=\"!state.hasPdfPreview\" hidden class=\"wp-block-file__embed\" data=\"https:\/\/sites.uel.br\/museu\/wp-content\/uploads\/2023\/07\/Documenta_6.pdf\" type=\"application\/pdf\" style=\"width:100%;height:600px\" aria-label=\"Incorporado de Um pres\u00e9pio na rua de todas as compras.\"><\/object><a id=\"wp-block-file--media-789bbebe-09e4-4d0c-b31c-e9dec9a77d6f\" href=\"https:\/\/sites.uel.br\/museu\/wp-content\/uploads\/2023\/07\/Documenta_6.pdf\">Um pres\u00e9pio na rua de todas as compras<\/a><a href=\"https:\/\/sites.uel.br\/museu\/wp-content\/uploads\/2023\/07\/Documenta_6.pdf\" class=\"wp-block-file__button wp-element-button\" download aria-describedby=\"wp-block-file--media-789bbebe-09e4-4d0c-b31c-e9dec9a77d6f\">Baixar<\/a><\/div>\n\n\n\n<div data-wp-interactive=\"core\/file\" class=\"wp-block-file\"><object data-wp-bind--hidden=\"!state.hasPdfPreview\" hidden class=\"wp-block-file__embed\" data=\"https:\/\/sites.uel.br\/museu\/wp-content\/uploads\/2023\/07\/Documenta_4.pdf\" type=\"application\/pdf\" style=\"width:100%;height:600px\" aria-label=\"Incorporado de Restaura\u00e7\u00e3o do acervo ferrovi\u00e1rio exposto na plataforma de embarque.\"><\/object><a id=\"wp-block-file--media-e333556c-b64d-4ca0-82b8-21cce0190c51\" href=\"https:\/\/sites.uel.br\/museu\/wp-content\/uploads\/2023\/07\/Documenta_4.pdf\">Restaura\u00e7\u00e3o do acervo ferrovi\u00e1rio exposto na plataforma de embarque<\/a><a href=\"https:\/\/sites.uel.br\/museu\/wp-content\/uploads\/2023\/07\/Documenta_4.pdf\" class=\"wp-block-file__button wp-element-button\" download aria-describedby=\"wp-block-file--media-e333556c-b64d-4ca0-82b8-21cce0190c51\">Baixar<\/a><\/div>\n\n\n\n<div data-wp-interactive=\"core\/file\" class=\"wp-block-file\"><object data-wp-bind--hidden=\"!state.hasPdfPreview\" hidden class=\"wp-block-file__embed\" data=\"https:\/\/sites.uel.br\/museu\/wp-content\/uploads\/2023\/07\/Documenta_3.pdf\" type=\"application\/pdf\" style=\"width:100%;height:600px\" aria-label=\"Incorporado de Cuidar, curar, lembrar.\"><\/object><a id=\"wp-block-file--media-1262bc89-8467-455f-9171-9c8d2551db6a\" href=\"https:\/\/sites.uel.br\/museu\/wp-content\/uploads\/2023\/07\/Documenta_3.pdf\">Cuidar, curar, lembrar<\/a><a href=\"https:\/\/sites.uel.br\/museu\/wp-content\/uploads\/2023\/07\/Documenta_3.pdf\" class=\"wp-block-file__button wp-element-button\" download aria-describedby=\"wp-block-file--media-1262bc89-8467-455f-9171-9c8d2551db6a\">Baixar<\/a><\/div>\n\n\n\n<div data-wp-interactive=\"core\/file\" class=\"wp-block-file\"><object data-wp-bind--hidden=\"!state.hasPdfPreview\" hidden class=\"wp-block-file__embed\" data=\"https:\/\/sites.uel.br\/museu\/wp-content\/uploads\/2023\/06\/Documenta_2-Colecao-Fotografica-Jose-Juliani.pdf\" type=\"application\/pdf\" style=\"width:100%;height:600px\" aria-label=\"Incorporado de Cole\u00e7\u00e3o fotogr\u00e1fica Jos\u00e9 Juliani.\"><\/object><a id=\"wp-block-file--media-d972e72f-c771-4885-92fe-14af4bc00c71\" href=\"https:\/\/sites.uel.br\/museu\/wp-content\/uploads\/2023\/06\/Documenta_2-Colecao-Fotografica-Jose-Juliani.pdf\">Cole\u00e7\u00e3o fotogr\u00e1fica Jos\u00e9 Juliani<\/a><a href=\"https:\/\/sites.uel.br\/museu\/wp-content\/uploads\/2023\/06\/Documenta_2-Colecao-Fotografica-Jose-Juliani.pdf\" class=\"wp-block-file__button wp-element-button\" download aria-describedby=\"wp-block-file--media-d972e72f-c771-4885-92fe-14af4bc00c71\">Baixar<\/a><\/div>\n\n\n\n<div data-wp-interactive=\"core\/file\" class=\"wp-block-file\"><object data-wp-bind--hidden=\"!state.hasPdfPreview\" hidden class=\"wp-block-file__embed\" data=\"https:\/\/sites.uel.br\/museu\/wp-content\/uploads\/2023\/07\/Colecao-fotografica-George-Craig-Smith-Universidade-Estadual-de-.pdf\" type=\"application\/pdf\" style=\"width:100%;height:600px\" aria-label=\"Incorporado de Cole\u00e7\u00e3o fotogr\u00e1fica George Craig Smith.\"><\/object><a id=\"wp-block-file--media-8233ef3e-8ddf-4052-b86a-7406e0a7c46c\" href=\"https:\/\/sites.uel.br\/museu\/wp-content\/uploads\/2023\/07\/Colecao-fotografica-George-Craig-Smith-Universidade-Estadual-de-.pdf\">Cole\u00e7\u00e3o fotogr\u00e1fica George Craig Smith<\/a><a href=\"https:\/\/sites.uel.br\/museu\/wp-content\/uploads\/2023\/07\/Colecao-fotografica-George-Craig-Smith-Universidade-Estadual-de-.pdf\" class=\"wp-block-file__button wp-element-button\" download aria-describedby=\"wp-block-file--media-8233ef3e-8ddf-4052-b86a-7406e0a7c46c\">Baixar<\/a><\/div>\n","protected":false},"excerpt":{"rendered":"","protected":false},"author":7,"featured_media":0,"parent":0,"menu_order":0,"comment_status":"closed","ping_status":"closed","template":"","meta":{"footnotes":""},"class_list":["post-52","page","type-page","status-publish","hentry"],"acf":[],"_links":{"self":[{"href":"https:\/\/sites.uel.br\/museu\/wp-json\/wp\/v2\/pages\/52","targetHints":{"allow":["GET"]}}],"collection":[{"href":"https:\/\/sites.uel.br\/museu\/wp-json\/wp\/v2\/pages"}],"about":[{"href":"https:\/\/sites.uel.br\/museu\/wp-json\/wp\/v2\/types\/page"}],"author":[{"embeddable":true,"href":"https:\/\/sites.uel.br\/museu\/wp-json\/wp\/v2\/users\/7"}],"replies":[{"embeddable":true,"href":"https:\/\/sites.uel.br\/museu\/wp-json\/wp\/v2\/comments?post=52"}],"version-history":[{"count":6,"href":"https:\/\/sites.uel.br\/museu\/wp-json\/wp\/v2\/pages\/52\/revisions"}],"predecessor-version":[{"id":775,"href":"https:\/\/sites.uel.br\/museu\/wp-json\/wp\/v2\/pages\/52\/revisions\/775"}],"wp:attachment":[{"href":"https:\/\/sites.uel.br\/museu\/wp-json\/wp\/v2\/media?parent=52"}],"curies":[{"name":"wp","href":"https:\/\/api.w.org\/{rel}","templated":true}]}}