{"id":1308,"date":"2025-02-11T09:57:01","date_gmt":"2025-02-11T12:57:01","guid":{"rendered":"https:\/\/sites.uel.br\/museu\/?page_id=1308"},"modified":"2025-02-11T10:34:23","modified_gmt":"2025-02-11T13:34:23","slug":"visita-virtual","status":"publish","type":"page","link":"https:\/\/sites.uel.br\/museu\/visita-virtual\/","title":{"rendered":"Visita virtual"},"content":{"rendered":"\n<p>Fa\u00e7a uma visita virtual pelo Museu Hist\u00f3rico de Londrina, atrav\u00e9s do site abaixo: <a href=\"https:\/\/discover.matterport.com\/space\/Z4fKxggDNtc\" data-type=\"link\" data-id=\"https:\/\/discover.matterport.com\/space\/Z4fKxggDNtc\">https:\/\/discover.matterport.com\/space\/Z4fKxggDNtc<\/a><\/p>\n\n\n<div class=\"wp-block-image\">\n<figure class=\"aligncenter size-large\"><img loading=\"lazy\" decoding=\"async\" width=\"1024\" height=\"408\" src=\"https:\/\/sites.uel.br\/museu\/wp-content\/uploads\/2025\/02\/1-1-1024x408.jpg\" alt=\"\" class=\"wp-image-1317\" srcset=\"https:\/\/sites.uel.br\/museu\/wp-content\/uploads\/2025\/02\/1-1-1024x408.jpg 1024w, https:\/\/sites.uel.br\/museu\/wp-content\/uploads\/2025\/02\/1-1-300x120.jpg 300w, https:\/\/sites.uel.br\/museu\/wp-content\/uploads\/2025\/02\/1-1-768x306.jpg 768w, https:\/\/sites.uel.br\/museu\/wp-content\/uploads\/2025\/02\/1-1.jpg 1063w\" sizes=\"auto, (max-width: 1024px) 100vw, 1024px\" \/><\/figure>\n<\/div>","protected":false},"excerpt":{"rendered":"<p>Fa\u00e7a uma visita virtual pelo Museu Hist\u00f3rico de Londrina, atrav\u00e9s do site abaixo: https:\/\/discover.matterport.com\/space\/Z4fKxggDNtc<\/p>\n","protected":false},"author":7,"featured_media":0,"parent":0,"menu_order":0,"comment_status":"closed","ping_status":"closed","template":"","meta":{"footnotes":""},"class_list":["post-1308","page","type-page","status-publish","hentry"],"acf":[],"_links":{"self":[{"href":"https:\/\/sites.uel.br\/museu\/wp-json\/wp\/v2\/pages\/1308","targetHints":{"allow":["GET"]}}],"collection":[{"href":"https:\/\/sites.uel.br\/museu\/wp-json\/wp\/v2\/pages"}],"about":[{"href":"https:\/\/sites.uel.br\/museu\/wp-json\/wp\/v2\/types\/page"}],"author":[{"embeddable":true,"href":"https:\/\/sites.uel.br\/museu\/wp-json\/wp\/v2\/users\/7"}],"replies":[{"embeddable":true,"href":"https:\/\/sites.uel.br\/museu\/wp-json\/wp\/v2\/comments?post=1308"}],"version-history":[{"count":4,"href":"https:\/\/sites.uel.br\/museu\/wp-json\/wp\/v2\/pages\/1308\/revisions"}],"predecessor-version":[{"id":1318,"href":"https:\/\/sites.uel.br\/museu\/wp-json\/wp\/v2\/pages\/1308\/revisions\/1318"}],"wp:attachment":[{"href":"https:\/\/sites.uel.br\/museu\/wp-json\/wp\/v2\/media?parent=1308"}],"curies":[{"name":"wp","href":"https:\/\/api.w.org\/{rel}","templated":true}]}}