{"id":45,"date":"2023-08-21T14:05:37","date_gmt":"2023-08-21T17:05:37","guid":{"rendered":"https:\/\/sites.uel.br\/mct\/?page_id=45"},"modified":"2023-08-21T14:06:50","modified_gmt":"2023-08-21T17:06:50","slug":"objetivos","status":"publish","type":"page","link":"https:\/\/sites.uel.br\/mct\/objetivos\/","title":{"rendered":"OBJETIVOS"},"content":{"rendered":"\n<p>O Museu de Ci\u00eancia e Tecnologia de Londrina tem os seguintes objetivos:<br><\/p>\n\n\n\n<ul class=\"wp-block-list\">\n<li>Atuar na melhoria da educa\u00e7\u00e3o cient\u00edfico-tecnol\u00f3gica, em todos os graus de ensino, dentro de uma perspectiva ampla;<\/li>\n\n\n\n<li>Explorar as interfaces entre Ci\u00eancia, Tecnologia e Cultura;<\/li>\n\n\n\n<li>Integrar a Universidade Estadual de Londrina com Institui\u00e7\u00f5es de Ensino Fundamental, M\u00e9dio e Superior e empresas, p\u00fablicas ou privadas, para o desenvolvimento de atividades relacionadas \u00e0s ci\u00eancias;<\/li>\n\n\n\n<li>Articular tem\u00e1tica e administrativamente projetos em educa\u00e7\u00e3o cient\u00edfica e tecnol\u00f3gica<\/li>\n\n\n\n<li>Agregar pessoas em atividades para a consecu\u00e7\u00e3o de objetivos comuns em ensino, pesquisa, extens\u00e3o e presta\u00e7\u00e3o de servi\u00e7os \u00e0 comunidade cient\u00edfica;<\/li>\n<\/ul>\n\n\n\n<ul class=\"wp-block-list\">\n<li>Implantar espa\u00e7os adequados ao desenvolvimento de atividades em educa\u00e7\u00e3o n\u00e3o formal nas \u00e1reas especificas;<\/li>\n\n\n\n<li>Disseminar propostas metodol\u00f3gicas inovadoras no que diz respeito a educa\u00e7\u00e3o cientifica e tecnol\u00f3gica;<\/li>\n\n\n\n<li>Promover a divulga\u00e7\u00e3o cientifica e tecnol\u00f3gica em Londrina e regi\u00e3o;<\/li>\n\n\n\n<li>Atuar como \u00f3rg\u00e3o proponente de cursos de extens\u00e3o, aperfei\u00e7oamento e especializa\u00e7\u00e3o destinados a professores da rede publica ou privada e\/ou profissionais de empresas publicas ou privadas da \u00e1rea cient\u00edfico-tecnol\u00f3gica;<\/li>\n\n\n\n<li>Prestar assessoria tecno-pedag\u00f3gica aos docentes do ensino fundamental e m\u00e9dio das redes estaduais e municipais;<\/li>\n\n\n\n<li>Produzir materiais institucionais diversos, tais como equipamentos, instrumentos, v\u00eddeos, manuais, teto, softwares, etc.<\/li>\n\n\n\n<li>Desenvolver pesquisa na \u00e1rea de educa\u00e7\u00e3o cientifica e tecnol\u00f3gica no sentido de subsidiar as interven\u00e7\u00f5es no ensino fundamental, m\u00e9dio e superior;<\/li>\n\n\n\n<li>Fomentar grupos de estudos interdisciplinares que viabilizem alternativas metodol\u00f3gicas inovadoras na \u00e1rea cient\u00edfico-tecnol\u00f3gicas;<\/li>\n<\/ul>\n\n\n\n<h2 class=\"wp-block-heading is-style-highlighted-heading\"><strong>MISS\u00c3O<\/strong><\/h2>\n\n\n\n<p class=\"has-text-align-left\">Atuar na divulga\u00e7\u00e3o e na populariza\u00e7\u00e3o da ci\u00eancia e da tecnologia, dentro de uma perspectiva cultural ampla, explorando as interfaces entre Ci\u00eancia, Tecnologia, Arte e Educa\u00e7\u00e3o.<\/p>\n","protected":false},"excerpt":{"rendered":"<p>O Museu de Ci\u00eancia e Tecnologia de Londrina tem os seguintes objetivos: MISS\u00c3O Atuar na divulga\u00e7\u00e3o e na populariza\u00e7\u00e3o da ci\u00eancia e da tecnologia, dentro de uma perspectiva cultural ampla, explorando as interfaces entre Ci\u00eancia, Tecnologia, Arte e Educa\u00e7\u00e3o.<\/p>\n","protected":false},"author":8,"featured_media":0,"parent":0,"menu_order":0,"comment_status":"closed","ping_status":"closed","template":"","meta":{"footnotes":""},"class_list":["post-45","page","type-page","status-publish","hentry"],"acf":[],"_links":{"self":[{"href":"https:\/\/sites.uel.br\/mct\/wp-json\/wp\/v2\/pages\/45","targetHints":{"allow":["GET"]}}],"collection":[{"href":"https:\/\/sites.uel.br\/mct\/wp-json\/wp\/v2\/pages"}],"about":[{"href":"https:\/\/sites.uel.br\/mct\/wp-json\/wp\/v2\/types\/page"}],"author":[{"embeddable":true,"href":"https:\/\/sites.uel.br\/mct\/wp-json\/wp\/v2\/users\/8"}],"replies":[{"embeddable":true,"href":"https:\/\/sites.uel.br\/mct\/wp-json\/wp\/v2\/comments?post=45"}],"version-history":[{"count":2,"href":"https:\/\/sites.uel.br\/mct\/wp-json\/wp\/v2\/pages\/45\/revisions"}],"predecessor-version":[{"id":47,"href":"https:\/\/sites.uel.br\/mct\/wp-json\/wp\/v2\/pages\/45\/revisions\/47"}],"wp:attachment":[{"href":"https:\/\/sites.uel.br\/mct\/wp-json\/wp\/v2\/media?parent=45"}],"curies":[{"name":"wp","href":"https:\/\/api.w.org\/{rel}","templated":true}]}}