{"id":39,"date":"2023-08-21T13:48:14","date_gmt":"2023-08-21T16:48:14","guid":{"rendered":"https:\/\/sites.uel.br\/mct\/?page_id=39"},"modified":"2023-08-21T13:48:14","modified_gmt":"2023-08-21T16:48:14","slug":"historico","status":"publish","type":"page","link":"https:\/\/sites.uel.br\/mct\/historico\/","title":{"rendered":"HIST\u00d3RICO"},"content":{"rendered":"\n<figure class=\"wp-block-image size-full is-resized\"><img loading=\"lazy\" decoding=\"async\" src=\"https:\/\/sites.uel.br\/mct\/wp-content\/uploads\/2023\/08\/historico.jpg\" alt=\"\" class=\"wp-image-40\" style=\"width:1063px;height:794px\" width=\"1063\" height=\"794\" srcset=\"https:\/\/sites.uel.br\/mct\/wp-content\/uploads\/2023\/08\/historico.jpg 320w, https:\/\/sites.uel.br\/mct\/wp-content\/uploads\/2023\/08\/historico-300x224.jpg 300w\" sizes=\"auto, (max-width: 1063px) 100vw, 1063px\" \/><\/figure>\n\n\n\n<p>O museu foi submetido \u00e0 aprova\u00e7\u00e3o no Conselho Estadual de Pesquisa e Extens\u00e3o (CEPE) e aprovado como projeto de extens\u00e3o na Pr\u00f3-Reitoria de Extens\u00e3o da UEL (PROEX). Entre 2003 e 2006, o MCTL tamb\u00e9m recebeu recursos de outros \u00f3rg\u00e3os como CNPq, Mil\u00eania Agro-Ci\u00eancias, MEC\/SESU, al\u00e9m da contrapartida da UEL e da Prefeitura Municipal de Londrina. O total de recursos mobilizados para a estrutura\u00e7\u00e3o do MCT, at\u00e9 o momento, \u00e9 da ordem de R$ 1.500.000,00.<\/p>\n\n\n\n<p>O Museu de Ci\u00eancia e Tecnologia de Londrina (MCTL) \u00e9 um projeto de divulga\u00e7\u00e3o cient\u00edfica, cuja implanta\u00e7\u00e3o foi realizada mediante conv\u00eanio firmado entre Vitae, Universidade Estadual de Londrina e Itedes, em 15 de dezembro de 2003. Sob coordena\u00e7\u00e3o do Prof. Dr. S\u00e9rgio Mello de Arruda, o MCTL foi inaugurado em 2005 e logo foi inclu\u00eddo no &#8220;Guia de Centros e Museus de Ci\u00eancia&#8221; da Associa\u00e7\u00e3o Brasileira de Centros e Museus de Ci\u00eancia (ABCMC). Por dois anos consecutivos, o museu \u00e9 a institui\u00e7\u00e3o, do estado do Paran\u00e1, com o maior n\u00famero de eventos realizados durante a Semana Nacional de Ci\u00eancia e Tecnologia, promovida pelo Minist\u00e9rio da Ci\u00eancia e Tecnologia (MCT).<\/p>\n\n\n\n<p>O museu foi submetido \u00e0 aprova\u00e7\u00e3o no Conselho Estadual de Pesquisa e Extens\u00e3o (CEPE) e aprovado como projeto de extens\u00e3o na Pr\u00f3-Reitoria de Extens\u00e3o da UEL (PROEX). Entre 2003 e 2006, o MCTL tamb\u00e9m recebeu recursos de outros \u00f3rg\u00e3os como CNPq, Mil\u00eania Agro-Ci\u00eancias, MEC\/SESU, al\u00e9m da contrapartida da UEL e da Prefeitura Municipal de Londrina. O total de recursos mobilizados para a estrutura\u00e7\u00e3o do MCT, at\u00e9 o momento, \u00e9 da ordem de R$ 1.500.000,00.<\/p>\n\n\n\n<p>Constitu\u00eddo por tr\u00eas setores, o MCTL divide-se em: Centro de Ci\u00eancias, Observat\u00f3rio e Planet\u00e1rio. Os dois primeiros se situam, um ao lado do outro, no campus da UEL, enquanto o Planet\u00e1rio se localiza na \u00e1rea central de Londrina. Apesar dos setores terem a sua especificidade, o museu como um todo trabalha para que a ci\u00eancia passe do \u00e2mbito da curiosidade para o cotidiano das pessoas que participam de suas atividades programadas.<\/p>\n\n\n\n<p><\/p>\n","protected":false},"excerpt":{"rendered":"<p>O museu foi submetido \u00e0 aprova\u00e7\u00e3o no Conselho Estadual de Pesquisa e Extens\u00e3o (CEPE) e aprovado como projeto de extens\u00e3o na Pr\u00f3-Reitoria de Extens\u00e3o da UEL (PROEX). Entre 2003 e 2006, o MCTL tamb\u00e9m recebeu recursos de outros \u00f3rg\u00e3os como CNPq, Mil\u00eania Agro-Ci\u00eancias, MEC\/SESU, al\u00e9m da contrapartida da UEL e da Prefeitura Municipal de Londrina. [&hellip;]<\/p>\n","protected":false},"author":8,"featured_media":0,"parent":0,"menu_order":0,"comment_status":"closed","ping_status":"closed","template":"","meta":{"footnotes":""},"class_list":["post-39","page","type-page","status-publish","hentry"],"acf":[],"_links":{"self":[{"href":"https:\/\/sites.uel.br\/mct\/wp-json\/wp\/v2\/pages\/39","targetHints":{"allow":["GET"]}}],"collection":[{"href":"https:\/\/sites.uel.br\/mct\/wp-json\/wp\/v2\/pages"}],"about":[{"href":"https:\/\/sites.uel.br\/mct\/wp-json\/wp\/v2\/types\/page"}],"author":[{"embeddable":true,"href":"https:\/\/sites.uel.br\/mct\/wp-json\/wp\/v2\/users\/8"}],"replies":[{"embeddable":true,"href":"https:\/\/sites.uel.br\/mct\/wp-json\/wp\/v2\/comments?post=39"}],"version-history":[{"count":1,"href":"https:\/\/sites.uel.br\/mct\/wp-json\/wp\/v2\/pages\/39\/revisions"}],"predecessor-version":[{"id":41,"href":"https:\/\/sites.uel.br\/mct\/wp-json\/wp\/v2\/pages\/39\/revisions\/41"}],"wp:attachment":[{"href":"https:\/\/sites.uel.br\/mct\/wp-json\/wp\/v2\/media?parent=39"}],"curies":[{"name":"wp","href":"https:\/\/api.w.org\/{rel}","templated":true}]}}