{"id":15,"date":"2023-08-17T15:25:47","date_gmt":"2023-08-17T18:25:47","guid":{"rendered":"https:\/\/sites.uel.br\/mct\/?page_id=15"},"modified":"2023-08-21T11:11:08","modified_gmt":"2023-08-21T14:11:08","slug":"centro-de-ciencias","status":"publish","type":"page","link":"https:\/\/sites.uel.br\/mct\/centro-de-ciencias\/","title":{"rendered":"CENTRO DE CI\u00caNCIAS"},"content":{"rendered":"\n<figure class=\"wp-block-image size-full is-resized\"><img loading=\"lazy\" decoding=\"async\" src=\"https:\/\/sites.uel.br\/mct\/wp-content\/uploads\/2023\/08\/centro-de-ciencias.jpg\" alt=\"\" class=\"wp-image-29\" style=\"width:1062px;height:586px\" width=\"1062\" height=\"586\" srcset=\"https:\/\/sites.uel.br\/mct\/wp-content\/uploads\/2023\/08\/centro-de-ciencias.jpg 453w, https:\/\/sites.uel.br\/mct\/wp-content\/uploads\/2023\/08\/centro-de-ciencias-300x166.jpg 300w\" sizes=\"auto, (max-width: 1062px) 100vw, 1062px\" \/><\/figure>\n\n\n\n<p>O Centro de Ci\u00eancias, coordenado pela Prof\u00aa.Dra. Eliana Aparecida Silicz Bueno, foi inaugurado em maio de 2005. Instalado no campus da UEL, o Centro foi o primeiro dos setores a funcionar e compreende o espa\u00e7o onde os &#8220;Experimentos de F\u00edsica&#8221; e do &#8220;Show da Qu\u00edmica&#8221; s\u00e3o realizados. Sob a supervis\u00e3o dos respons\u00e1veis pelo museu, os estagi\u00e1rios ficam encarregados de explicar aos visitantes cada experimento integrante do Centro de Ci\u00eancias.<\/p>\n\n\n\n<p>Atrav\u00e9s das experi\u00eancias de f\u00edsica e qu\u00edmica \u00e9 poss\u00edvel visualizar conceitos e refor\u00e7ar teorias ensinadas em sala de aula. O acervo de experimentos funciona, acima de tudo, como um instrumento de intera\u00e7\u00e3o entre o p\u00fablico e a pr\u00e1tica cient\u00edfica, porque, ap\u00f3s a explana\u00e7\u00e3o, os visitantes podem manter contato direto com alguns instrumentos (aqueles que n\u00e3o oferecem perigo) para comprovar o que foi explicado.<\/p>\n\n\n\n<p>O projeto inicial do Centro previa um espa\u00e7o f\u00edsico de 400m\u00b2, mas foram constru\u00eddos, com recursos de uma emenda parlamentar, cerca de 240m\u00b2. A complementa\u00e7\u00e3o do espa\u00e7o f\u00edsico, com 150m\u00b2, foi aprovada e possibilitar\u00e1 a implanta\u00e7\u00e3o de novas atividades com a conseq\u00fcente amplia\u00e7\u00e3o do n\u00famero de atendimentos. O Centro de Ci\u00eancias atende, por ano, cerca de 8.000 pessoas, principalmente alunos e professores de escolas p\u00fablicas e particulares de Londrina e Regi\u00e3o.<\/p>\n","protected":false},"excerpt":{"rendered":"<p>O Centro de Ci\u00eancias, coordenado pela Prof\u00aa.Dra. Eliana Aparecida Silicz Bueno, foi inaugurado em maio de 2005. Instalado no campus da UEL, o Centro foi o primeiro dos setores a funcionar e compreende o espa\u00e7o onde os &#8220;Experimentos de F\u00edsica&#8221; e do &#8220;Show da Qu\u00edmica&#8221; s\u00e3o realizados. Sob a supervis\u00e3o dos respons\u00e1veis pelo museu, os [&hellip;]<\/p>\n","protected":false},"author":8,"featured_media":0,"parent":0,"menu_order":0,"comment_status":"closed","ping_status":"closed","template":"","meta":{"footnotes":""},"class_list":["post-15","page","type-page","status-publish","hentry"],"acf":[],"_links":{"self":[{"href":"https:\/\/sites.uel.br\/mct\/wp-json\/wp\/v2\/pages\/15","targetHints":{"allow":["GET"]}}],"collection":[{"href":"https:\/\/sites.uel.br\/mct\/wp-json\/wp\/v2\/pages"}],"about":[{"href":"https:\/\/sites.uel.br\/mct\/wp-json\/wp\/v2\/types\/page"}],"author":[{"embeddable":true,"href":"https:\/\/sites.uel.br\/mct\/wp-json\/wp\/v2\/users\/8"}],"replies":[{"embeddable":true,"href":"https:\/\/sites.uel.br\/mct\/wp-json\/wp\/v2\/comments?post=15"}],"version-history":[{"count":2,"href":"https:\/\/sites.uel.br\/mct\/wp-json\/wp\/v2\/pages\/15\/revisions"}],"predecessor-version":[{"id":30,"href":"https:\/\/sites.uel.br\/mct\/wp-json\/wp\/v2\/pages\/15\/revisions\/30"}],"wp:attachment":[{"href":"https:\/\/sites.uel.br\/mct\/wp-json\/wp\/v2\/media?parent=15"}],"curies":[{"name":"wp","href":"https:\/\/api.w.org\/{rel}","templated":true}]}}