{"id":308,"date":"2025-09-08T12:26:36","date_gmt":"2025-09-08T15:26:36","guid":{"rendered":"https:\/\/sites.uel.br\/ludoteca\/?page_id=308"},"modified":"2025-09-08T12:26:38","modified_gmt":"2025-09-08T15:26:38","slug":"equipe-2025-2s","status":"publish","type":"page","link":"https:\/\/sites.uel.br\/ludoteca\/equipe-2025-2s\/","title":{"rendered":"Equipe 2025 &#8211; 2S"},"content":{"rendered":"\n<p><strong>Coordena\u00e7\u00e3o<\/strong>: Sergio Henrique Gerelus<\/p>\n\n\n\n<p><strong>Educadora<\/strong>: Eliane Regina Monteiro da Silva Bonfadini<\/p>\n\n\n\n<p><strong>Educadora<\/strong>: Josiane de Jesus Fran\u00e7a<\/p>\n\n\n\n<hr class=\"wp-block-separator has-alpha-channel-opacity\"\/>\n\n\n\n<p>ADRIELLY CAROLINE DOS SANTOS C.<br>ALEX ANDRE COSTA DE SOUZA<br>ALEXANDRE JULIANO DE ANDRADE<br>ALICE FONSECA DE ASSIS<br>ALINE MAGALHAES DE OLIVEIRA<br>ALISSON DE JESUS MARIANO<br>AMANDA CAETANO DOS SANTOS<br>AMANDA DE LARA PEREIRA<br>AMANDA GOMES DA SILVA<br>AMANDA LOPES DA SILVA<br>AMANDA SAMARA SOARES<br>AMIRAH TELES HIJAZI DE QUEIROZ<br>ANA BEATRIZ PIOVEZAN BATISTA<br>ANA CAROLINA RAMOS TEIXEIRA<br>ANA CLARA ADAMOLI MOREIRA DA S.<br>ANA CLARA BACILI DE JESUS<br>ANA CLARA CINOTTI AGUIAR<br>ANA CLARA DE ALMEIDA CARVALHO<br>ANA CLARA NEVES SOUZA<br>ANA CLARA REZENDE LIMA<br>ANA CLARA RODRIGUES FANTINELLI<br>ANA FLAVIA RICCI<br>ANA FLAVIA TERCIOTTI<br>ANA JULIA BARZON GERALDO<br>ANA JULIA BERTOLA ANTAL<br>ANA JULIA DA SILVA MARTINS<br>ANA JULIA DE OLIVEIRA RUIZ<br>ANA JULIA DOS SANTOS LAVISIO<br>ANA JULIA DOS SANTOS PEREIRA<br>ANA JULIA JULIANI SILVA<br>ANA JULIA VENANCIO ROBERTO<br>ANA LAURA DE OLIVEIRA SCHIAVON<br>ANA LUISA DIAS GOMES<br>ANA LUIZA DOS SANTOS VALLOTO<br>ANA PAULA SILVA<br>ANA VITORIA CORDEIRO DO CARMO<br>ANABELA RUIZ<br>ANITA LOPES MELERO<br>ANDREY DE OLIVEIRA GARCIA<br>ANNA CLAUDIA PRESTES<br>ANNA JULIA AZEVEDO<br>ANNA JULIA PEREZ MARTINS<br>ANNA LUIZA MEIER SILVA<br>ANNA LUIZA SILVA EDUARDO<br>ANNA LUIZA YORINORI<br>ANNY APARECIDA VITORIA MORAIS SOUZA<br>ANNY CAROLINE VASCONCELLOS ZAC..<br>ARIADNE ALVES RODRIGUES DA SILVA<br>ARIELLI APARECIDA DE SOUZA<br>ARTHUR RAPOSO ROCHA<br>BEATRIZ BAGAGINI CARDOSO<br>BEATRIZ CORREIA DE ARAUJO<br>BEATRIZ CRISTINA GALVAO GONCAL..<br>BEATRIZ FERNANDA FIRMINO<br>BEATRIZ SANTANA OKAMOTO<br>BEATRIZ SILVEIRA MUZY<br>BEATRIZ VILALTA NORDER<br>BIANCA FARIA MERETICA<br>BRENDA ARAUJO BETAMIN<br>BRENDA SAITO AGUINA<br>BRENDA YUKIE TIBA YAMASHITA<br>BRENO DE FREITAS GUEDES<br>BRUNA FELIZ SARRAF DE SENA<br>BRUNA MARIA LUCENA I DOS SANTOS<br>BRUNA PATUSSI BASTOS<br>BRUNO ANTONIO MARTINS<br>CAMILA AZEVEDO PEREIRA<br>CAMILA DE SOUZA SOARES<br>CAMILLE VICTORIA DA SILVA CABRAL<br>CAMILLY VITORIA AMERICO<br>CARLOS EDUARDO BARRAGAN DE MOR..<br>CAROLINE YOCHIE MOREY<br>CASSIANA APARECIDA CATARINO<br>CATHERYNE KHADYJA ALVES DE OLI..<br>CINTIA KAORI SATO<br>CLARA AYME DA ROSA<br>CLAUDIANE FERREIRA SANTOS<br>DAIANE STEPHANE FELIX GONCALVES<br>DAVI SOLETTI BOHN<br>DEBORA GALDINO SIMAO<br>DEIVIS LUCIANE GONCALVES<br>DIEMILI VITORIA ROCHA SOUZA<br>EDUARDO BITENCOURT ALVES MACEDO<br>EDUARDO OGLEARI<br>ELLEN YUKARI KAMIKAWA COSTA<br>ELOISA BARBIERI ZARAMELLO<br>ELOISA DA SILVA DE SOUZA<br>ELOISA FURIGO KAGAWA<br>EMANUELY NOEMY DE OLIVEIRA ARA..<br>EMILI LARISSA MACHADO DE SOUZA<br>EMILY CRISTINA KAORI NIVA<br>EMYLLI LIMA BELLE<br>EVILYN VITORIA VIEIRA DOS SANTOS<br>FABRICIO DUARTE SCHIMITTI DE A.<br>FELIPE DAMIAM PAIVA<br>FELIPE MARINHO GROU TEIXEIRA<br>FERNANDA EDUARDA PIFFER SORVOS<br>FERNANDA IOSHIIRO BERTOLINI<br>GABRIEL CASTRO DA SILVA<br>GABRIEL HENRIQUE BETTI SOUZA<br>GABRIELA CASTRO PIETRZAK<br>GABRIELA FERNANDA COSTA<br>GABRIELA PEREIRA CHANAN<br>GABRIELE SILVA DA COSTA MOURA<br>GABRIELI MOREIRA DA SILVA<br>GABRIELLY ALVES PIMENTA<br>GABRIELY DIAS DE MOURA<br>GABRIELY DOS SANTOS OLIVEIRA<br>LUANA KAWANE DE OLIVEIRA<br>LUCAS FELIPE PAULINO DA SILVA<br>LUCIANE DE SOUZA SOLON<br>LUCIMARA PEDROZA DOS SANTOS<br>LUIS EDUARDO LIMA DE MELLO<br>LUIZ MATHEUS PIRES DA SILVA<br>LUIZA BERNARDINO UZANELLI<br>LURIA MACHADO CORREA RAPHAEL<br>MAISA MARIELE DE MORAES<br>MANUELA BARROSO DE OLIVEIRA<br>MARCELA ZANETI DIAS<br>MARCOS EDUARDO ZANLORENZI<br>MARIA ANTONIA PADILHA OLIVEIRA<br>MARIA ANTONIA PEREIRA DA SILVA<br>MARIA CLARA BUENO MENDONCA<br>MARIA CLARA DA SILVA<br>MARIA CLARA LEITE ESTEVES<br>MARIA CLARA PEREIRA MANHOLER<br>MARIA CLARA RIBEIRO DUARTE<br>MARIA EDUARDA BRAZ SIEWERDT DE.<br>MARIA EDUARDA CONSOLE PEREIRA<br>MARIA EDUARDA DE ASSIS SILVA<br>MARIA EDUARDA DE OLIVEIRA<br>MARIA EDUARDA LOURENCO DA SILVA<br>MARIA EDUARDA MANZANO BENITES<br>MARIA EDUARDA PARENTE ASSUNCAO<br>MARIA EDUARDA PIOVAN SOARES<br>MARIA EDUARDA RODRIGUES DE SOUZA<br>MARIA EDUARDA RODRIGUES LOBACK<br>MARIA EDUARDA ROSA VIEIRA<br>MARIA EDUARDA S DE O DOS SANTOS<br>MARIA EDUARDA SANTOS CONCEICAO<br>MARIA EDUARDA SOARES INOUE<br>MARIA EDUARDA ZANON<br>MARIA FERNANDA DE ALMEIDA FERN.<br>MARIA FERNANDA MARTINS DA SILVA<br>MARIA FERNANDA TIMOTEO SIVIERO<br>MARIA JULIA SOUZA<br>MARIA LUIZA DA SILVA MACHADO<br>MARIA LUIZA MALHEIROS OLIVEIRA<br>MARIA PAULA CHAVES MONTEIRO<br>MARIA RAQUEL DE CAMARGO MONCAO<br>MARIA VICTORIA DE CAMPOS DA SI.<br>MARIA VITORIA DIAS DE SOUZA<br>MARIA VITORIA GOMES GALINDO<br>MARIA VITORIA TOMAZINI DA SILVA<br>MARIANA BEIN<br>MARIANA MOREIRA DOS SANTOS<br>MARIANE BIANCHI PORTES<br>MARIANE CARVALHO SILVA<br>MARIANNY KELLY SILVA DANTAS<br>MARILEIA FRANCA DOS SANTOS<br>MARINA LEAL BATISTA DA SILVA<br>MARINA PEDRO TINI<br>MARIZA SANHA<br>MATEUS DE ARAUJO BRUDER<br>MATHEUS CORREA LEONCIO<br>MAYCON NOGUEIRA DA CRUZ SOUZA<br>MILENA CARVALHO TAVARES<br>MILENA KAROLINA DAS DORES NOGU..<br>MIRIAN DE LIMA PONTES<br>MONIQUE RODRIGUES CARA<br>NAOMY FARIA DA SILVA<br>NATALIA DA CRUZ BRITO<br>NATALIA SCHINDLER ALCADE<br>NATALIA XAVIER FRANCA<br>NATHALY CRISTINE OLIVEIRA DA S.<br>NATHALY KODUM DA SILVA<br>NAYARA CAROLINE GARCIA DE M SI.<br>NAYARA PARREIRA CAETANO<br>NAYARA STEPHANY OLIVEIRA DE SO.<br>NICOLAS VINICIUS CESARIO DE AG.<br>NICOLE ALVES STEINHAUSER<br>NICOLE CARVALHO BRITO<br>NICOLE SALIN<br>NICOLLY EGIDIO RIBAS<br>NICOLLY SILVA SIQUEIRA ROQUE<br>PAMELA LIDIA MARQUES<br>PAMELA VITORIA LINHARES MACHADO<br>PATRICIA ADRIANE ROBERTO<br>PAULA ARIELE ALVES NOGUEIRA<br>PEDRO HENRIQUE AZEVEDO DOS REIS<br>POLIANA DA SILVA SIQUEIRA<br>PRICILA NASCENTE OLIVEIRA<br>RAFAEL AZEVEDO MOURA<br>RAFAEL RIBEIRO BRITE<br>RAFAEL ROCHA FRANSKOVIAKI<br>RAFAELA DA SILVA SOARES<br>RAFAELA DE PAULA JUSSANI<br>RAFAELA LETICIA POLONIO COSTA<br>RAFAELA MULARI PAIVA ANTONIO<br>RAFAELA VITORIA DA SILVA SOUZA<br>RAFAELLA SILVA ASENSIO<br>RAISSA CHRISTINE ALVES DOS SAN.<br>RAQUEL BELLIDO NEVES<br>RAVENNA SAYURI SAWADA PEGORARO<br>RAYSSA BATISTA CARVALHO DA SILVA<br>REBECA EID CAMPOS<br>REBECA FURIGO PEREIRA<br>REBECA PERSEGUELO DE OLIVEIRA<br>REBECA RANARA DA SILVA ROMANINI<br>REBECA VITORIA BARROS<br>REBECKA CAMILLY FERREIRA DOS S.<br>RENAN LOPES DOS SANTOS<br>RENARA AGUIAR DOS SANTOS<br>RENATA DONATO MOREIRA<br>SAMARA FERNANDA G DOS SANTOS<br>SAMARA MAYUMI DA SILVEIRA<br>SAMARA THAIS DA ROSA MULLER<br>SANDRA DA SILVA NASCIMENTO<br>SOPHIA AMBROGI GALERANI<br>SOPHIA CAFISSO VIEIRA<br>SOPHIA GABRIELA SPANHOL DA MOTTA<br>STEPHANIE SATY HORTIZ KANAI<br>SUELLEN DA CRUZ OLIVEIRA<br>SUELLEN EVELIN DUARTE TORRES<br>SUZANE BORGES SOUZA DA SILVEIRA<br>TAMIRES CARDOSO DOS SANTOS DE<br>TAYNA DE OLIVEIRA FERREIRA NOV..<br>THAIS AYUMI HASHIMOTO<br>THAIS FUGITA MURANAKA<br>THAIS GONCALVES FUJISAO<br>THALITA ABIGAIL DE LIZ<br>THAMIRIS PROENCA MARCELINO<br>THAYLLA SILVA SOARES<br>VICTOR LUCAS FIGUEIREDO DA SILVA<br>VICTORIA AUGUSTA RIBEIRO DIAS<br>VITOR GABRIEL ALBERTINI SAPUN<br>VITOR PUHL BALLA<br>VITORIA DE CARVALHO GRADES<br>VITORIA FERBONINK BARBARELLI<br>VITORIA LUANA BERNARDES DA SILVA<br>VITORIA RAYSSA ROSA DE PAULA<br>VITORIA ROSA CASTRO<br>WENDY GABRIELLI SILVA AMATUZI<br>WESLEY MATHEUS DOS SANTOS<br>YARA MORAES MARTINS<br>YASMIN GABRIELLA DA SILVA<br>YASMIN RIBEIRO DA MOTA<\/p>\n","protected":false},"excerpt":{"rendered":"<p>Coordena\u00e7\u00e3o: Sergio Henrique Gerelus Educadora: Eliane Regina Monteiro da Silva Bonfadini Educadora: Josiane de Jesus Fran\u00e7a ADRIELLY CAROLINE DOS SANTOS C.ALEX ANDRE COSTA DE SOUZAALEXANDRE JULIANO DE ANDRADEALICE FONSECA DE ASSISALINE MAGALHAES DE OLIVEIRAALISSON DE JESUS MARIANOAMANDA CAETANO DOS SANTOSAMANDA DE LARA PEREIRAAMANDA GOMES DA SILVAAMANDA LOPES DA SILVAAMANDA SAMARA SOARESAMIRAH TELES HIJAZI DE QUEIROZANA [&hellip;]<\/p>\n","protected":false},"author":7,"featured_media":0,"parent":0,"menu_order":0,"comment_status":"closed","ping_status":"closed","template":"","meta":{"footnotes":""},"class_list":["post-308","page","type-page","status-publish","hentry"],"acf":[],"_links":{"self":[{"href":"https:\/\/sites.uel.br\/ludoteca\/wp-json\/wp\/v2\/pages\/308","targetHints":{"allow":["GET"]}}],"collection":[{"href":"https:\/\/sites.uel.br\/ludoteca\/wp-json\/wp\/v2\/pages"}],"about":[{"href":"https:\/\/sites.uel.br\/ludoteca\/wp-json\/wp\/v2\/types\/page"}],"author":[{"embeddable":true,"href":"https:\/\/sites.uel.br\/ludoteca\/wp-json\/wp\/v2\/users\/7"}],"replies":[{"embeddable":true,"href":"https:\/\/sites.uel.br\/ludoteca\/wp-json\/wp\/v2\/comments?post=308"}],"version-history":[{"count":1,"href":"https:\/\/sites.uel.br\/ludoteca\/wp-json\/wp\/v2\/pages\/308\/revisions"}],"predecessor-version":[{"id":310,"href":"https:\/\/sites.uel.br\/ludoteca\/wp-json\/wp\/v2\/pages\/308\/revisions\/310"}],"wp:attachment":[{"href":"https:\/\/sites.uel.br\/ludoteca\/wp-json\/wp\/v2\/media?parent=308"}],"curies":[{"name":"wp","href":"https:\/\/api.w.org\/{rel}","templated":true}]}}