{"id":265,"date":"2025-04-13T15:38:33","date_gmt":"2025-04-13T18:38:33","guid":{"rendered":"https:\/\/sites.uel.br\/ludoteca\/?page_id=265"},"modified":"2025-05-26T21:49:55","modified_gmt":"2025-05-27T00:49:55","slug":"equipe-2025","status":"publish","type":"page","link":"https:\/\/sites.uel.br\/ludoteca\/equipe-2025\/","title":{"rendered":"Equipe &#8211; 2025"},"content":{"rendered":"\n<p><strong>Coordena\u00e7\u00e3o<\/strong>: Sergio Henrique Gerelus<\/p>\n\n\n\n<p><strong>Educadora<\/strong>: Eliane Regina Monteiro da Silva Bonfadini<\/p>\n\n\n\n<p><strong>Educadora<\/strong>: Josiane de Jesus Fran\u00e7a<\/p>\n\n\n\n<p><\/p>\n\n\n\n<hr class=\"wp-block-separator has-alpha-channel-opacity\"\/>\n\n\n\n<p><strong>Monitores \u2013 Primeiro semestre de 2025:<\/strong><\/p>\n\n\n\n<p>Alex Andre Costa de Souza<br>Aline Magalhaes de Oliveira<br>Amanda Caetano dos Santos<br>Amanda Samara Soares<br>Ana Clara Almeida Carvalho<br>Ana Clara Neves Souza<br>Ana Clara Rodrigues Fantinelli<br>Ana Flavia Ricci<br>Ana Julia da Silva Martins<br>Ana Julia de Oliveira Ruiz<br>Ana Luiza dos Santos Valloto<br>Ana Paula Silva<br>Anabela Ruiz<br>Anita Lopes Melero<br>Anny Caroline Vasconcellos<br>Beatriz Bagagini Cardoso<br>Beatriz Santana Okamoto<br>Bianca Faria Meretica<br>Brenda Araujo Betamin<br>Breno De Freitas Guedes<br>Bruna Maria Lucena I dos Santos<br>Bruna Patussi Bastos<br>Camilly Vitoria Americo<br>Caroline Yochie Morey<br>Cassiana Aparecida Catarino<br>Catheryne Khadyja Alves<br>Claudiane Ferreira Santos<br>Daiane Stephane Felix Gon\u00e7alves<br>Diemili Vitoria Rocha Souza<br>Eduardo Ogleari<br>Ellen Yukari Kamikawa Costa<br>Eloisa Da Silva de Souza<br>Emylli Lima Belle<br>Felipe Marinho Grou Teixeira<br>Gabriela Pereira Chanan<br>Gabriely Pereira Chanan<br>Geiza Fernanda Otavio Amaral<br>Geovana Maria Vieira<br>Giovana Maria Domiciano Lima<br>Giovanna de Moraes Ramos<br>Giovanna Mafra Cernev<br>Giullia Brandine Pereira<br>Graziela Andrade Bardini<br>Hadassa Vitoria Santana de Fran\u00e7a<br>Hagata Gabrielly de Godoy<br>Henri Sposito da Silva Campos<br>Isabela Barbosa Pauleti<br>Isabela de Holanda Steffanello<br>Isabela Sakuray Wulff<br>Isabella Rid\u00e3o Duarte<br>Izabeli Oliveira da Silva<br>Janaina Crislaine B dos Santos<br>Julia Antunes de Carvalho<br>Julia Fernanda Romanholi Dagnoni<br>Julia Manuela dos Santos<br>Kaila Nassar Bonifacio<br>Kallel Alexander Evangelista<br>Karina Miyuki Ito<br>Karolayne Ribeiro dos Santos<br>Kauane Andressa Goncalves Quin..<br>Kenia Renata Barbosa Flois<br>Kesia Inara da Silva<br>Ketlue Naiara Ferreira<br>Larissa Aparecida Loredo<br>Larissa Goncalves Brito<br>Laura Bueno da Silva<br>Laura da Silva Ferreira<br>Laura Tamagnini Andreassa<br>Linda Hadassa Sales Guinaia<br>Livia Gabriela de Freitas<br>Lorena Dias de Almeida<br>Luana de Souza Bastos<br>Lucas Felipe Paulino da Silva<br>Luciane de Souza Solon<br>Luiza Bernardino Uzanelli<br>Maria Clara Leite Esteves<br>Maria Clara Ribeiro Duarte<br>Maria Eduarda Braz Siewerdt<br>Maria Eduarda de Assis Silva<br>Maria Eduarda de Oliveira<br>Maria Eduarda Piovan Soares<br>Maria Eduarda Rodrigues Loback<br>Maria Eduarda Rosa Vieira<br>Maria Eduarda Santos Conceicao<br>Maria Eduarda Soares Inoue<br>Maria Eduarda Zanon<br>Maria Fernanda de Almeida<br>Maria Fernanda Timoteo Siviero<br>Maria Julia Souza<br>Maria Luiza Malheiros Oliveira<br>Maria Paula Chaves Monteiro<br>Maria Raquel de Camar\u00e7o Mon\u00e7\u00e3o<br>Maria Vitoria Gomes Galindo<br>Mariana Bein<br>Mariane Bianchi Portes<br>Marileia Franca dos Santos<br>Maycon Nogueira da Cruz Souza<br>Mirian de Lima Pontes<br>Monique Rodrigues Cara<br>Nathaly Cristine Oliveira<br>Nathaly Kodum da Silva<br>Nayara Caroline Garcia<br>Nayara Parreira Caetano<br>Poliana da Silva Siqueira<br>Rayssa Batista Carvalho da Silva<br>Rebeca Perseguelo de Oliveira<br>Rebecka Camilly Ferreira dos Santos<br>Renara Aguiar dos Santos<br>Suellen da Cruz Oliveira<br>Thais Goncalves Fujisao<br>Thamiris Proenca Marcelino<br>Victor Lucas Figueiredo da Silva<br>Vitoria Ferbonink Barbarelli<br>Yam Barbosa Silva<br>Yasmin Ribeiro da Mota<\/p>\n","protected":false},"excerpt":{"rendered":"<p>Coordena\u00e7\u00e3o: Sergio Henrique Gerelus Educadora: Eliane Regina Monteiro da Silva Bonfadini Educadora: Josiane de Jesus Fran\u00e7a Monitores \u2013 Primeiro semestre de 2025: Alex Andre Costa de SouzaAline Magalhaes de OliveiraAmanda Caetano dos SantosAmanda Samara SoaresAna Clara Almeida CarvalhoAna Clara Neves SouzaAna Clara Rodrigues FantinelliAna Flavia RicciAna Julia da Silva MartinsAna Julia de Oliveira RuizAna Luiza [&hellip;]<\/p>\n","protected":false},"author":7,"featured_media":70,"parent":0,"menu_order":0,"comment_status":"closed","ping_status":"closed","template":"","meta":{"footnotes":""},"class_list":["post-265","page","type-page","status-publish","has-post-thumbnail","hentry"],"acf":[],"_links":{"self":[{"href":"https:\/\/sites.uel.br\/ludoteca\/wp-json\/wp\/v2\/pages\/265","targetHints":{"allow":["GET"]}}],"collection":[{"href":"https:\/\/sites.uel.br\/ludoteca\/wp-json\/wp\/v2\/pages"}],"about":[{"href":"https:\/\/sites.uel.br\/ludoteca\/wp-json\/wp\/v2\/types\/page"}],"author":[{"embeddable":true,"href":"https:\/\/sites.uel.br\/ludoteca\/wp-json\/wp\/v2\/users\/7"}],"replies":[{"embeddable":true,"href":"https:\/\/sites.uel.br\/ludoteca\/wp-json\/wp\/v2\/comments?post=265"}],"version-history":[{"count":4,"href":"https:\/\/sites.uel.br\/ludoteca\/wp-json\/wp\/v2\/pages\/265\/revisions"}],"predecessor-version":[{"id":272,"href":"https:\/\/sites.uel.br\/ludoteca\/wp-json\/wp\/v2\/pages\/265\/revisions\/272"}],"wp:featuredmedia":[{"embeddable":true,"href":"https:\/\/sites.uel.br\/ludoteca\/wp-json\/wp\/v2\/media\/70"}],"wp:attachment":[{"href":"https:\/\/sites.uel.br\/ludoteca\/wp-json\/wp\/v2\/media?parent=265"}],"curies":[{"name":"wp","href":"https:\/\/api.w.org\/{rel}","templated":true}]}}