{"id":22,"date":"2024-02-15T16:52:48","date_gmt":"2024-02-15T19:52:48","guid":{"rendered":"https:\/\/sites.uel.br\/ludoteca\/?page_id=22"},"modified":"2024-05-16T23:33:28","modified_gmt":"2024-05-17T02:33:28","slug":"historico","status":"publish","type":"page","link":"https:\/\/sites.uel.br\/ludoteca\/historico\/","title":{"rendered":"Hist\u00f3rico"},"content":{"rendered":"\n<p>A Ludoteca da Universidade Estadual de Londrina constitui um dos mais valorizados projetos de extens\u00e3o da Universidade. A ideia da sua elabora\u00e7\u00e3o surgiu em 1988 durante um simp\u00f3sio sobre psicologia na pr\u00f3pria UEL, no qual a professora Edda Bontempo discorreu sobre a import\u00e2ncia do brinquedo para a forma\u00e7\u00e3o da crian\u00e7a e sobre a experi\u00eancia do LABRINQ \u2013 um projeto interdisciplinar da Universidade de S\u00e3o Paulo.<\/p>\n\n\n\n<p>A partir de ent\u00e3o o sonho acalentado por docentes de v\u00e1rias \u00e1reas foi amadurecendo, e em 1989 o projeto obteve a aprova\u00e7\u00e3o da Universidade e do MEC. Foi iniciada, ent\u00e3o, uma campanha junto \u00e0 comunidade para arrecadar materiais, como sucata, brinquedos, fantasias, livros, gibis, para compor o acervo da Ludoteca da UEL. Finalmente, em 20 de setembro de 1990, deu-se a inaugura\u00e7\u00e3o e, desde ent\u00e3o, a atua\u00e7\u00e3o da Ludoteca vem se fazendo notar al\u00e9m das fronteiras da comunidade londrinense.<\/p>\n\n\n\n<p>Os principais objetivos do Projeto Ludoteca da UEL s\u00e3o: propiciar um ambiente favor\u00e1vel \u00e0 intera\u00e7\u00e3o, livre express\u00e3o, e autoconhecimento da crian\u00e7a; possibilitar o contato, a explora\u00e7\u00e3o e a cria\u00e7\u00e3o de brinquedos e brincadeiras; desmistificar o conceito de brinquedo como algo sup\u00e9rfluo; resgatar o valor social de brincadeiras de nossa cultura; desenvolver \u00e1reas espec\u00edficas de pesquisa no que tange a rela\u00e7\u00e3o entre o desenvolvimento infantil e o brinquedo. (SILVA; CRUZ, 1994)<\/p>\n","protected":false},"excerpt":{"rendered":"<p>A Ludoteca da Universidade Estadual de Londrina constitui um dos mais valorizados projetos de extens\u00e3o da Universidade. A ideia da sua elabora\u00e7\u00e3o surgiu em 1988 durante um simp\u00f3sio sobre psicologia na pr\u00f3pria UEL, no qual a professora Edda Bontempo discorreu sobre a import\u00e2ncia do brinquedo para a forma\u00e7\u00e3o da crian\u00e7a e sobre a experi\u00eancia do [&hellip;]<\/p>\n","protected":false},"author":7,"featured_media":0,"parent":0,"menu_order":0,"comment_status":"closed","ping_status":"closed","template":"","meta":{"footnotes":""},"class_list":["post-22","page","type-page","status-publish","hentry"],"acf":[],"_links":{"self":[{"href":"https:\/\/sites.uel.br\/ludoteca\/wp-json\/wp\/v2\/pages\/22","targetHints":{"allow":["GET"]}}],"collection":[{"href":"https:\/\/sites.uel.br\/ludoteca\/wp-json\/wp\/v2\/pages"}],"about":[{"href":"https:\/\/sites.uel.br\/ludoteca\/wp-json\/wp\/v2\/types\/page"}],"author":[{"embeddable":true,"href":"https:\/\/sites.uel.br\/ludoteca\/wp-json\/wp\/v2\/users\/7"}],"replies":[{"embeddable":true,"href":"https:\/\/sites.uel.br\/ludoteca\/wp-json\/wp\/v2\/comments?post=22"}],"version-history":[{"count":5,"href":"https:\/\/sites.uel.br\/ludoteca\/wp-json\/wp\/v2\/pages\/22\/revisions"}],"predecessor-version":[{"id":236,"href":"https:\/\/sites.uel.br\/ludoteca\/wp-json\/wp\/v2\/pages\/22\/revisions\/236"}],"wp:attachment":[{"href":"https:\/\/sites.uel.br\/ludoteca\/wp-json\/wp\/v2\/media?parent=22"}],"curies":[{"name":"wp","href":"https:\/\/api.w.org\/{rel}","templated":true}]}}