{"id":21,"date":"2024-02-15T16:52:48","date_gmt":"2024-02-15T19:52:48","guid":{"rendered":"https:\/\/sites.uel.br\/ludoteca\/?page_id=21"},"modified":"2024-05-16T23:33:01","modified_gmt":"2024-05-17T02:33:01","slug":"apresentacao","status":"publish","type":"page","link":"https:\/\/sites.uel.br\/ludoteca\/apresentacao\/","title":{"rendered":"Apresenta\u00e7\u00e3o"},"content":{"rendered":"\n<p>A Ludoteca da UEL \u00e9 um Programa de Extens\u00e3o que tem como objetivo trabalhar junto com os acad\u00eamicos vinculados a diferentes \u00e1reas do conhecimento, tendo interesse pelo brincar e por brincadeiras l\u00fadicas no educativo n\u00e3o formal. O programa possui v\u00e1rias frentes de atua\u00e7\u00e3o: espa\u00e7o \u2013 L\u00fadico da Ludoteca, consultoria para instala\u00e7\u00e3o de espa\u00e7os l\u00fadicos; organiza\u00e7\u00e3o de eventos l\u00fadicos e cient\u00edficos e outros projetos de eventos cient\u00edficos.<\/p>\n\n\n\n<p>O atendimento \u00e0s crian\u00e7as da comunidade em geral possibilita o acesso ao l\u00fadico e o desenvolvimento da sociabilidade, habilidades criativas e expressivas como pintura, desenho, jogos, constru\u00e7\u00e3o de brinquedos, leitura, dramatiza\u00e7\u00e3o, entre outros, essenciais para o desenvolvimento infantil. Esse espa\u00e7o l\u00fadico possibilita o acesso ao brinquedo e brincadeiras mediadas para crian\u00e7as de escolas p\u00fablicas e particulares da cidade de Londrina e regi\u00e3o.<\/p>\n","protected":false},"excerpt":{"rendered":"<p>A Ludoteca da UEL \u00e9 um Programa de Extens\u00e3o que tem como objetivo trabalhar junto com os acad\u00eamicos vinculados a diferentes \u00e1reas do conhecimento, tendo interesse pelo brincar e por brincadeiras l\u00fadicas no educativo n\u00e3o formal. O programa possui v\u00e1rias frentes de atua\u00e7\u00e3o: espa\u00e7o \u2013 L\u00fadico da Ludoteca, consultoria para instala\u00e7\u00e3o de espa\u00e7os l\u00fadicos; organiza\u00e7\u00e3o [&hellip;]<\/p>\n","protected":false},"author":7,"featured_media":0,"parent":0,"menu_order":0,"comment_status":"closed","ping_status":"closed","template":"","meta":{"footnotes":""},"class_list":["post-21","page","type-page","status-publish","hentry"],"acf":[],"_links":{"self":[{"href":"https:\/\/sites.uel.br\/ludoteca\/wp-json\/wp\/v2\/pages\/21","targetHints":{"allow":["GET"]}}],"collection":[{"href":"https:\/\/sites.uel.br\/ludoteca\/wp-json\/wp\/v2\/pages"}],"about":[{"href":"https:\/\/sites.uel.br\/ludoteca\/wp-json\/wp\/v2\/types\/page"}],"author":[{"embeddable":true,"href":"https:\/\/sites.uel.br\/ludoteca\/wp-json\/wp\/v2\/users\/7"}],"replies":[{"embeddable":true,"href":"https:\/\/sites.uel.br\/ludoteca\/wp-json\/wp\/v2\/comments?post=21"}],"version-history":[{"count":3,"href":"https:\/\/sites.uel.br\/ludoteca\/wp-json\/wp\/v2\/pages\/21\/revisions"}],"predecessor-version":[{"id":235,"href":"https:\/\/sites.uel.br\/ludoteca\/wp-json\/wp\/v2\/pages\/21\/revisions\/235"}],"wp:attachment":[{"href":"https:\/\/sites.uel.br\/ludoteca\/wp-json\/wp\/v2\/media?parent=21"}],"curies":[{"name":"wp","href":"https:\/\/api.w.org\/{rel}","templated":true}]}}