{"id":111,"date":"2024-02-16T22:47:16","date_gmt":"2024-02-17T01:47:16","guid":{"rendered":"https:\/\/sites.uel.br\/ludoteca\/?page_id=111"},"modified":"2024-05-16T23:35:38","modified_gmt":"2024-05-17T02:35:38","slug":"espacos-ludicos-na-uel","status":"publish","type":"page","link":"https:\/\/sites.uel.br\/ludoteca\/espacos-ludicos-na-uel\/","title":{"rendered":"Espa\u00e7os l\u00fadicos na UEL"},"content":{"rendered":"\n<p>A equipe da Ludoteca da Universidade Estadual de Londrina est\u00e1 empenhada na a\u00e7\u00e3o de Organiza\u00e7\u00e3o de Espa\u00e7os L\u00fadicos, com o intuito de proporcionar ambientes que estimulem a criatividade, a intera\u00e7\u00e3o e o aprendizado por meio do brincar. Nossa equipe trabalha para criar espa\u00e7os l\u00fadicos inovadores e inclusivos, levando em considera\u00e7\u00e3o as diversas faixas et\u00e1rias e necessidades especiais dos participantes.<\/p>\n\n\n\n<p>Al\u00e9m disso, buscamos promover a forma\u00e7\u00e3o de educadores e multiplicadores, disseminando a import\u00e2ncia do l\u00fadico na educa\u00e7\u00e3o e no desenvolvimento integral dos membros de nossa comunidade.<\/p>\n\n\n\n<p>Atrav\u00e9s dessa a\u00e7\u00e3o, a Ludoteca da UEL visa criar espa\u00e7os que possam potencializar experi\u00eancias l\u00fadicas nos centros de estudos, nos espa\u00e7os dos \u00f3rg\u00e3os de apoio ou \u00f3rg\u00e3os suplementares, nos bosques, pra\u00e7as e outros espa\u00e7os p\u00fablicos, a fim de colaborar para a constru\u00e7\u00e3o de uma sociedade mais criativa, inclusiva e educadora.<\/p>\n\n\n\n<p>Entre em contato com nossa equipe para identificar poss\u00edveis formas de organizar o l\u00fadico no espa\u00e7o institucional.<\/p>\n","protected":false},"excerpt":{"rendered":"<p>A equipe da Ludoteca da Universidade Estadual de Londrina est\u00e1 empenhada na a\u00e7\u00e3o de Organiza\u00e7\u00e3o de Espa\u00e7os L\u00fadicos, com o intuito de proporcionar ambientes que estimulem a criatividade, a intera\u00e7\u00e3o e o aprendizado por meio do brincar. Nossa equipe trabalha para criar espa\u00e7os l\u00fadicos inovadores e inclusivos, levando em considera\u00e7\u00e3o as diversas faixas et\u00e1rias e [&hellip;]<\/p>\n","protected":false},"author":7,"featured_media":0,"parent":0,"menu_order":0,"comment_status":"closed","ping_status":"closed","template":"","meta":{"footnotes":""},"class_list":["post-111","page","type-page","status-publish","hentry"],"acf":[],"_links":{"self":[{"href":"https:\/\/sites.uel.br\/ludoteca\/wp-json\/wp\/v2\/pages\/111","targetHints":{"allow":["GET"]}}],"collection":[{"href":"https:\/\/sites.uel.br\/ludoteca\/wp-json\/wp\/v2\/pages"}],"about":[{"href":"https:\/\/sites.uel.br\/ludoteca\/wp-json\/wp\/v2\/types\/page"}],"author":[{"embeddable":true,"href":"https:\/\/sites.uel.br\/ludoteca\/wp-json\/wp\/v2\/users\/7"}],"replies":[{"embeddable":true,"href":"https:\/\/sites.uel.br\/ludoteca\/wp-json\/wp\/v2\/comments?post=111"}],"version-history":[{"count":3,"href":"https:\/\/sites.uel.br\/ludoteca\/wp-json\/wp\/v2\/pages\/111\/revisions"}],"predecessor-version":[{"id":240,"href":"https:\/\/sites.uel.br\/ludoteca\/wp-json\/wp\/v2\/pages\/111\/revisions\/240"}],"wp:attachment":[{"href":"https:\/\/sites.uel.br\/ludoteca\/wp-json\/wp\/v2\/media?parent=111"}],"curies":[{"name":"wp","href":"https:\/\/api.w.org\/{rel}","templated":true}]}}