{"id":109,"date":"2024-02-16T22:47:16","date_gmt":"2024-02-17T01:47:16","guid":{"rendered":"https:\/\/sites.uel.br\/ludoteca\/?page_id=109"},"modified":"2024-05-16T23:35:06","modified_gmt":"2024-05-17T02:35:06","slug":"inovacao-e-ludicidade","status":"publish","type":"page","link":"https:\/\/sites.uel.br\/ludoteca\/inovacao-e-ludicidade\/","title":{"rendered":"Inova\u00e7\u00e3o e ludicidade"},"content":{"rendered":"\n<p>Nosso objetivo \u00e9 desenvolver jogos, brinquedos, brincadeiras e experi\u00eancias criativas e inovadoras que possam ser acessadas por crian\u00e7as e adultos nos mais diversos ambientes. Promovemos a intera\u00e7\u00e3o, divers\u00e3o e aprendizado por meio de atividades l\u00fadicas, incentivando a imagina\u00e7\u00e3o, a criatividade e o desenvolvimento integral dos participantes.<\/p>\n\n\n\n<p>A a\u00e7\u00e3o Inova\u00e7\u00e3o e Ludicidade busca ampliar as possibilidades de divers\u00e3o e aprendizado por meio de jogos e brincadeiras inovadoras, utilizando materiais que estimulam a criatividade e a experimenta\u00e7\u00e3o. A inten\u00e7\u00e3o \u00e9 que a produ\u00e7\u00e3o de diferentes jogos e metodologias sejam validadas para depois serem desenvolvidas em diferentes locais, como empresas, hospitais, escolas, pra\u00e7as, parques e na comunidades, visando que mais pessoas tenham acesso a experi\u00eancias l\u00fadicas e inovadoras.<\/p>\n\n\n\n<p>Acreditamos que a ludicidade pode ser uma ferramenta poderosa para promover a integra\u00e7\u00e3o social, o desenvolvimento emocional e cognitivo. Por isso, estamos comprometidos em levar a a\u00e7\u00e3o Inova\u00e7\u00e3o e Ludicidade para cada vez mais espa\u00e7os e p\u00fablicos diferentes.<\/p>\n\n\n\n<p>Para saber mais, entre em contato com a Ludoteca da UEL.<\/p>\n","protected":false},"excerpt":{"rendered":"<p>Nosso objetivo \u00e9 desenvolver jogos, brinquedos, brincadeiras e experi\u00eancias criativas e inovadoras que possam ser acessadas por crian\u00e7as e adultos nos mais diversos ambientes. Promovemos a intera\u00e7\u00e3o, divers\u00e3o e aprendizado por meio de atividades l\u00fadicas, incentivando a imagina\u00e7\u00e3o, a criatividade e o desenvolvimento integral dos participantes. A a\u00e7\u00e3o Inova\u00e7\u00e3o e Ludicidade busca ampliar as possibilidades [&hellip;]<\/p>\n","protected":false},"author":7,"featured_media":0,"parent":0,"menu_order":0,"comment_status":"closed","ping_status":"closed","template":"","meta":{"footnotes":""},"class_list":["post-109","page","type-page","status-publish","hentry"],"acf":[],"_links":{"self":[{"href":"https:\/\/sites.uel.br\/ludoteca\/wp-json\/wp\/v2\/pages\/109","targetHints":{"allow":["GET"]}}],"collection":[{"href":"https:\/\/sites.uel.br\/ludoteca\/wp-json\/wp\/v2\/pages"}],"about":[{"href":"https:\/\/sites.uel.br\/ludoteca\/wp-json\/wp\/v2\/types\/page"}],"author":[{"embeddable":true,"href":"https:\/\/sites.uel.br\/ludoteca\/wp-json\/wp\/v2\/users\/7"}],"replies":[{"embeddable":true,"href":"https:\/\/sites.uel.br\/ludoteca\/wp-json\/wp\/v2\/comments?post=109"}],"version-history":[{"count":3,"href":"https:\/\/sites.uel.br\/ludoteca\/wp-json\/wp\/v2\/pages\/109\/revisions"}],"predecessor-version":[{"id":239,"href":"https:\/\/sites.uel.br\/ludoteca\/wp-json\/wp\/v2\/pages\/109\/revisions\/239"}],"wp:attachment":[{"href":"https:\/\/sites.uel.br\/ludoteca\/wp-json\/wp\/v2\/media?parent=109"}],"curies":[{"name":"wp","href":"https:\/\/api.w.org\/{rel}","templated":true}]}}