{"id":108,"date":"2024-02-16T22:47:16","date_gmt":"2024-02-17T01:47:16","guid":{"rendered":"https:\/\/sites.uel.br\/ludoteca\/?page_id=108"},"modified":"2024-05-16T23:34:38","modified_gmt":"2024-05-17T02:34:38","slug":"ludoteca-vai-a-escola","status":"publish","type":"page","link":"https:\/\/sites.uel.br\/ludoteca\/ludoteca-vai-a-escola\/","title":{"rendered":"Ludoteca vai \u00e0 escola"},"content":{"rendered":"\n<p>A Ludoteca vai \u00e0s escolas \u00e9 um projeto que visa levar o l\u00fadico para dentro do ambiente escolar, criando oportunidades para estudantes das escolas vivenciarem experi\u00eancias l\u00fadicas diferentes e para que educadores se conscientizem sobre a import\u00e2ncia do brincar no desenvolvimento das crian\u00e7as.<\/p>\n\n\n\n<p>Acreditamos que o l\u00fadico \u00e9 essencial para o processo de aprendizagem e queremos compartilhar esse conhecimento com as escolas da rede p\u00fablica do ensino b\u00e1sico e fundamental. Com atividades din\u00e2micas e divertidas, nossa equipe busca promover a inser\u00e7\u00e3o de brincadeiras e jogos educativos no cotidiano escolar, proporcionando uma experi\u00eancia enriquecedora para alunos e professores.<\/p>\n\n\n\n<p>Al\u00e9m disso, o projeto Ludoteca vai \u00e0s escolas busca tamb\u00e9m fornecer recursos e orienta\u00e7\u00f5es para que as escolas possam implementar atividades l\u00fadicas em sua rotina, incentivando a criatividade, a socializa\u00e7\u00e3o e o desenvolvimento integral das crian\u00e7as.<\/p>\n\n\n\n<p>Se sua escola deseja receber a visita da Ludoteca, entre em contato conosco e vamos juntos construir um ambiente mais l\u00fadico e estimulante para o desenvolvimento das crian\u00e7as. <\/p>\n","protected":false},"excerpt":{"rendered":"<p>A Ludoteca vai \u00e0s escolas \u00e9 um projeto que visa levar o l\u00fadico para dentro do ambiente escolar, criando oportunidades para estudantes das escolas vivenciarem experi\u00eancias l\u00fadicas diferentes e para que educadores se conscientizem sobre a import\u00e2ncia do brincar no desenvolvimento das crian\u00e7as. Acreditamos que o l\u00fadico \u00e9 essencial para o processo de aprendizagem e [&hellip;]<\/p>\n","protected":false},"author":7,"featured_media":0,"parent":0,"menu_order":0,"comment_status":"closed","ping_status":"closed","template":"","meta":{"footnotes":""},"class_list":["post-108","page","type-page","status-publish","hentry"],"acf":[],"_links":{"self":[{"href":"https:\/\/sites.uel.br\/ludoteca\/wp-json\/wp\/v2\/pages\/108","targetHints":{"allow":["GET"]}}],"collection":[{"href":"https:\/\/sites.uel.br\/ludoteca\/wp-json\/wp\/v2\/pages"}],"about":[{"href":"https:\/\/sites.uel.br\/ludoteca\/wp-json\/wp\/v2\/types\/page"}],"author":[{"embeddable":true,"href":"https:\/\/sites.uel.br\/ludoteca\/wp-json\/wp\/v2\/users\/7"}],"replies":[{"embeddable":true,"href":"https:\/\/sites.uel.br\/ludoteca\/wp-json\/wp\/v2\/comments?post=108"}],"version-history":[{"count":5,"href":"https:\/\/sites.uel.br\/ludoteca\/wp-json\/wp\/v2\/pages\/108\/revisions"}],"predecessor-version":[{"id":238,"href":"https:\/\/sites.uel.br\/ludoteca\/wp-json\/wp\/v2\/pages\/108\/revisions\/238"}],"wp:attachment":[{"href":"https:\/\/sites.uel.br\/ludoteca\/wp-json\/wp\/v2\/media?parent=108"}],"curies":[{"name":"wp","href":"https:\/\/api.w.org\/{rel}","templated":true}]}}