{"id":107,"date":"2024-02-16T22:47:16","date_gmt":"2024-02-17T01:47:16","guid":{"rendered":"https:\/\/sites.uel.br\/ludoteca\/?page_id=107"},"modified":"2026-02-04T21:44:12","modified_gmt":"2026-02-05T00:44:12","slug":"momento-ludoteca","status":"publish","type":"page","link":"https:\/\/sites.uel.br\/ludoteca\/momento-ludoteca\/","title":{"rendered":"Momento Ludoteca"},"content":{"rendered":"\n<p>O Momento Ludoteca \u00e9 uma iniciativa que visa proporcionar momentos de divers\u00e3o e aprendizado para crian\u00e7as e pr\u00e9-adolescentes entre 6 at\u00e9 11 anos. A Ludoteca oferece diversas atividades em espa\u00e7o dedicado ao l\u00fadico, onde as crian\u00e7as podem participar de brincadeiras que estimulam a criatividade, o desenvolvimento motor, social e emocional, sempre mediadas com educadores e estudantes de gradua\u00e7\u00e3o da UEL.<br>As inscri\u00e7\u00f5es estar\u00e3o abertas a partir do dia <strong>06 de fevereiro<\/strong> e devem ser realizadas presencialmente, com a entrega do Formul\u00e1rio de Inscri\u00e7\u00e3o preenchido e impresso pelo respons\u00e1vel, e entregue na Ludoteca, das 8h30 at\u00e9 11h30 ou das 13h30 at\u00e9 16h30. No momento da inscri\u00e7\u00e3o ser\u00e1 entregue a c\u00f3pia do regulamento da Ludoteca.<\/p>\n\n\n\n<div class=\"wp-block-buttons is-content-justification-center is-layout-flex wp-container-core-buttons-is-layout-16018d1d wp-block-buttons-is-layout-flex\">\n<div class=\"wp-block-button\"><a class=\"wp-block-button__link has-verde-claro-color has-laranja-destaque-background-color has-text-color has-background has-link-color has-text-align-center wp-element-button\" href=\"https:\/\/sites.uel.br\/ludoteca\/wp-content\/uploads\/2026\/02\/Formulario-Ludoteca-2026.docx\">ACESSE O MODELO DO FORMUL\u00c1RIO DE INSCRI\u00c7\u00c3O<\/a><\/div>\n<\/div>\n\n\n\n<p><\/p>\n\n\n\n<p>O Momento L\u00fadico ocorre de segunda a quinta-feira, e tem dura\u00e7\u00e3o de 3h e \u00e9 dividido em 2 hor\u00e1rios durante as manh\u00e3s ou durante as tardes:<\/p>\n\n\n\n<p><strong>Momento da manh\u00e3 &#8211; das 8h30 at\u00e9 11h30<\/strong><\/p>\n\n\n\n<p><strong>Momento da tarde &#8211; das 13h30 at\u00e9 16h30<\/strong><\/p>\n\n\n\n<p>Para participar em uma manh\u00e3 ou uma tarde durante todas as semanas do semestre, o valor \u00e9 de 80 reais, pago somente uma vez no semestre.<br>Para participar em duas manh\u00e3s ou duas tardes durante todas as semanas do semestre, o valor \u00e9 de 160 reais, pago somente uma vez no semestre.<\/p>\n\n\n\n<p>Para saber mais detalhes sobre as atividades ou se tiver alguma d\u00favida sobre os valores, entre em contato pelo <a href=\"https:\/\/api.whatsapp.com\/send?phone=554333714283\">WhatsApp<\/a>.<\/p>\n\n\n\n<p>Se preferir tamb\u00e9m pode entrar em contato pelo e-mail ludoteca@uel.br ou pelo telefone 43 3371 4283.<\/p>\n\n\n\n<p>O Momento L\u00fadico \u00e9 um dos muitos eventos promovidos pela Ludoteca, que busca integrar a comunidade e promover a forma\u00e7\u00e3o profissional de estudantes de diferentes \u00e1reas, como Pedagogia, Psicologia, Matem\u00e1tica, M\u00fasica e Educa\u00e7\u00e3o F\u00edsica.<br><\/p>\n\n\n\n<p>Novas atividades:<\/p>\n\n\n\n<ul class=\"wp-block-list\">\n<li>Cria\u00e7\u00e3o de brinquedos<\/li>\n\n\n\n<li>Jogos pr\u00e9-esportivos<\/li>\n\n\n\n<li>Jogos de tabuleiro<\/li>\n\n\n\n<li>Jogos de fantasia<\/li>\n\n\n\n<li>Culin\u00e1ria<\/li>\n\n\n\n<li>Artesanato<\/li>\n\n\n\n<li>M\u00fasica e dan\u00e7a<\/li>\n\n\n\n<li>Hist\u00f3rias infantis<\/li>\n\n\n\n<li>Cultivo de plantas<\/li>\n\n\n\n<li>Rob\u00f3tica<\/li>\n\n\n\n<li>Realidade virtual<\/li>\n\n\n\n<li>Realidade aumentada<\/li>\n\n\n\n<li>Jogos de constru\u00e7\u00e3o<\/li>\n<\/ul>\n\n\n\n<p>E muitas outras atividades programadas.<\/p>\n\n\n\n<figure class=\"wp-block-image size-large\"><img loading=\"lazy\" decoding=\"async\" width=\"1024\" height=\"683\" src=\"https:\/\/sites.uel.br\/ludoteca\/wp-content\/uploads\/2024\/03\/MOMENTO-LUDOTECA-1024x683.jpg\" alt=\"\" class=\"wp-image-145\" srcset=\"https:\/\/sites.uel.br\/ludoteca\/wp-content\/uploads\/2024\/03\/MOMENTO-LUDOTECA-1024x683.jpg 1024w, https:\/\/sites.uel.br\/ludoteca\/wp-content\/uploads\/2024\/03\/MOMENTO-LUDOTECA-300x200.jpg 300w, https:\/\/sites.uel.br\/ludoteca\/wp-content\/uploads\/2024\/03\/MOMENTO-LUDOTECA-768x512.jpg 768w, https:\/\/sites.uel.br\/ludoteca\/wp-content\/uploads\/2024\/03\/MOMENTO-LUDOTECA.jpg 1134w\" sizes=\"auto, (max-width: 1024px) 100vw, 1024px\" \/><\/figure>\n\n\n\n<div class=\"wp-block-file\"><a id=\"wp-block-file--media-66a872f2-aba8-4f03-96a8-8acccdb865a4\" href=\"https:\/\/sites.uel.br\/ludoteca\/wp-content\/uploads\/2026\/02\/Formulario-Ludoteca-2026.docx\">Formul\u00e1rio Ludoteca 2026<\/a><a href=\"https:\/\/sites.uel.br\/ludoteca\/wp-content\/uploads\/2026\/02\/Formulario-Ludoteca-2026.docx\" class=\"wp-block-file__button wp-element-button\" download aria-describedby=\"wp-block-file--media-66a872f2-aba8-4f03-96a8-8acccdb865a4\">Baixar<\/a><\/div>\n","protected":false},"excerpt":{"rendered":"<p>O Momento Ludoteca \u00e9 uma iniciativa que visa proporcionar momentos de divers\u00e3o e aprendizado para crian\u00e7as e pr\u00e9-adolescentes entre 6 at\u00e9 11 anos. A Ludoteca oferece diversas atividades em espa\u00e7o dedicado ao l\u00fadico, onde as crian\u00e7as podem participar de brincadeiras que estimulam a criatividade, o desenvolvimento motor, social e emocional, sempre mediadas com educadores e [&hellip;]<\/p>\n","protected":false},"author":7,"featured_media":145,"parent":0,"menu_order":0,"comment_status":"closed","ping_status":"closed","template":"","meta":{"footnotes":""},"class_list":["post-107","page","type-page","status-publish","has-post-thumbnail","hentry"],"acf":[],"_links":{"self":[{"href":"https:\/\/sites.uel.br\/ludoteca\/wp-json\/wp\/v2\/pages\/107","targetHints":{"allow":["GET"]}}],"collection":[{"href":"https:\/\/sites.uel.br\/ludoteca\/wp-json\/wp\/v2\/pages"}],"about":[{"href":"https:\/\/sites.uel.br\/ludoteca\/wp-json\/wp\/v2\/types\/page"}],"author":[{"embeddable":true,"href":"https:\/\/sites.uel.br\/ludoteca\/wp-json\/wp\/v2\/users\/7"}],"replies":[{"embeddable":true,"href":"https:\/\/sites.uel.br\/ludoteca\/wp-json\/wp\/v2\/comments?post=107"}],"version-history":[{"count":20,"href":"https:\/\/sites.uel.br\/ludoteca\/wp-json\/wp\/v2\/pages\/107\/revisions"}],"predecessor-version":[{"id":354,"href":"https:\/\/sites.uel.br\/ludoteca\/wp-json\/wp\/v2\/pages\/107\/revisions\/354"}],"wp:featuredmedia":[{"embeddable":true,"href":"https:\/\/sites.uel.br\/ludoteca\/wp-json\/wp\/v2\/media\/145"}],"wp:attachment":[{"href":"https:\/\/sites.uel.br\/ludoteca\/wp-json\/wp\/v2\/media?parent=107"}],"curies":[{"name":"wp","href":"https:\/\/api.w.org\/{rel}","templated":true}]}}