{"id":61,"date":"2024-09-27T16:28:10","date_gmt":"2024-09-27T19:28:10","guid":{"rendered":"https:\/\/sites.uel.br\/ligapsicanalise\/?page_id=61"},"modified":"2025-12-05T11:00:24","modified_gmt":"2025-12-05T14:00:24","slug":"membros","status":"publish","type":"page","link":"https:\/\/sites.uel.br\/ligapsicanalise\/membros\/","title":{"rendered":"Membros"},"content":{"rendered":"\n<p>Ana Clara Conte Maia de Souza<\/p>\n\n\n\n<p>Ana Clara Zanoni do Rego<\/p>\n\n\n\n<p>Ana Sophia Ludvig Bortholazzi<\/p>\n\n\n\n<p>Andressa Oliveira Correa<\/p>\n\n\n\n<p>Anne Elis Ferreira Diniz Ramos<\/p>\n\n\n\n<p>Clara Luisa Mendes de Souza<\/p>\n\n\n\n<p>Clara Pavanelo Garbelini <\/p>\n\n\n\n<p>Eduardo Apra Cardoso de S\u00e1<\/p>\n\n\n\n<p>Estella Faustino Neves<\/p>\n\n\n\n<p>Gabriel Feijo Aliberti<\/p>\n\n\n\n<p>Isabela Oda de Paiva <\/p>\n\n\n\n<p>Isabelle Fernanda dos Santos Lopes <\/p>\n\n\n\n<p>Julia Mazzetto Bornia <\/p>\n\n\n\n<p>Karlos Eduardo Orsi Martins<\/p>\n\n\n\n<p>Laura Forlan de Paula<\/p>\n\n\n\n<p>Lorena Ciappina Laffranchi<\/p>\n\n\n\n<p>Luana Moure<\/p>\n\n\n\n<p>Lucas De Matos Okura<\/p>\n\n\n\n<p>Lu\u00edsa Knott Oliveira Silva<\/p>\n\n\n\n<p>Manuela Moraes Vollertt <\/p>\n\n\n\n<p>Maria Eduarda Sanches dos Anjos <\/p>\n\n\n\n<p>Maria Fernanda Ortega de Moraes <\/p>\n\n\n\n<p>Maria Vit\u00f3ria Hernandez Mizogochi<\/p>\n\n\n\n<p>Mariana de Ara\u00fajo Fregolente<\/p>\n\n\n\n<p>Mariana Guimaraes Ulian<\/p>\n\n\n\n<p>Marina Heitzmann Hara<\/p>\n\n\n\n<p>P\u00e9rola Louren\u00e7o S\u00e9leri<\/p>\n\n\n\n<p>Sophia Maria&nbsp;Donato&nbsp;Jachstet<\/p>\n","protected":false},"excerpt":{"rendered":"<p>Ana Clara Conte Maia de Souza Ana Clara Zanoni do Rego Ana Sophia Ludvig Bortholazzi Andressa Oliveira Correa Anne Elis Ferreira Diniz Ramos Clara Luisa Mendes de Souza Clara Pavanelo Garbelini Eduardo Apra Cardoso de S\u00e1 Estella Faustino Neves Gabriel Feijo Aliberti Isabela Oda de Paiva Isabelle Fernanda dos Santos Lopes Julia Mazzetto Bornia Karlos [&hellip;]<\/p>\n","protected":false},"author":8,"featured_media":0,"parent":0,"menu_order":0,"comment_status":"closed","ping_status":"closed","template":"","meta":{"_acf_changed":false,"footnotes":""},"class_list":["post-61","page","type-page","status-publish","hentry"],"acf":[],"_links":{"self":[{"href":"https:\/\/sites.uel.br\/ligapsicanalise\/wp-json\/wp\/v2\/pages\/61","targetHints":{"allow":["GET"]}}],"collection":[{"href":"https:\/\/sites.uel.br\/ligapsicanalise\/wp-json\/wp\/v2\/pages"}],"about":[{"href":"https:\/\/sites.uel.br\/ligapsicanalise\/wp-json\/wp\/v2\/types\/page"}],"author":[{"embeddable":true,"href":"https:\/\/sites.uel.br\/ligapsicanalise\/wp-json\/wp\/v2\/users\/8"}],"replies":[{"embeddable":true,"href":"https:\/\/sites.uel.br\/ligapsicanalise\/wp-json\/wp\/v2\/comments?post=61"}],"version-history":[{"count":5,"href":"https:\/\/sites.uel.br\/ligapsicanalise\/wp-json\/wp\/v2\/pages\/61\/revisions"}],"predecessor-version":[{"id":96,"href":"https:\/\/sites.uel.br\/ligapsicanalise\/wp-json\/wp\/v2\/pages\/61\/revisions\/96"}],"wp:attachment":[{"href":"https:\/\/sites.uel.br\/ligapsicanalise\/wp-json\/wp\/v2\/media?parent=61"}],"curies":[{"name":"wp","href":"https:\/\/api.w.org\/{rel}","templated":true}]}}