{"id":53,"date":"2024-09-27T16:20:14","date_gmt":"2024-09-27T19:20:14","guid":{"rendered":"https:\/\/sites.uel.br\/ligapsicanalise\/?page_id=53"},"modified":"2025-04-28T10:38:15","modified_gmt":"2025-04-28T13:38:15","slug":"publicacoes","status":"publish","type":"page","link":"https:\/\/sites.uel.br\/ligapsicanalise\/publicacoes\/","title":{"rendered":"Publica\u00e7\u00f5es"},"content":{"rendered":"\n<ul class=\"wp-block-list\">\n<li><a href=\"https:\/\/sites.uel.br\/ligapsicanalise\/wp-content\/uploads\/2024\/10\/Cartilha-LAP.pdf\">Cartilha do Colaborador Ligante<\/a><\/li>\n\n\n\n<li><a href=\"https:\/\/sites.uel.br\/ligapsicanalise\/wp-content\/uploads\/2024\/10\/Anais-Escrita-Cientifica-em-Psicanalise.pdf\">Anais do I Evento Acad\u00eamico da Liga de Psican\u00e1lise UEL \u2013 Da escrita cient\u00edfica em Psican\u00e1lise<\/a><\/li>\n\n\n\n<li><a href=\"https:\/\/sites.uel.br\/ligapsicanalise\/wp-content\/uploads\/2025\/04\/ANAIS-I-CONGRESSO-DA-LAP-UEL-OFICIAL.pdf\">Anais do I Congresso da Liga Acad\u00eamica de Psican\u00e1lise da UEL: P\u00f3s-Modernidade e Dispositivos de Subjetiva\u00e7\u00e3o<\/a><\/li>\n<\/ul>\n\n\n\n<p><\/p>\n","protected":false},"excerpt":{"rendered":"","protected":false},"author":8,"featured_media":0,"parent":0,"menu_order":0,"comment_status":"closed","ping_status":"closed","template":"","meta":{"_acf_changed":false,"footnotes":""},"class_list":["post-53","page","type-page","status-publish","hentry"],"acf":[],"_links":{"self":[{"href":"https:\/\/sites.uel.br\/ligapsicanalise\/wp-json\/wp\/v2\/pages\/53","targetHints":{"allow":["GET"]}}],"collection":[{"href":"https:\/\/sites.uel.br\/ligapsicanalise\/wp-json\/wp\/v2\/pages"}],"about":[{"href":"https:\/\/sites.uel.br\/ligapsicanalise\/wp-json\/wp\/v2\/types\/page"}],"author":[{"embeddable":true,"href":"https:\/\/sites.uel.br\/ligapsicanalise\/wp-json\/wp\/v2\/users\/8"}],"replies":[{"embeddable":true,"href":"https:\/\/sites.uel.br\/ligapsicanalise\/wp-json\/wp\/v2\/comments?post=53"}],"version-history":[{"count":6,"href":"https:\/\/sites.uel.br\/ligapsicanalise\/wp-json\/wp\/v2\/pages\/53\/revisions"}],"predecessor-version":[{"id":85,"href":"https:\/\/sites.uel.br\/ligapsicanalise\/wp-json\/wp\/v2\/pages\/53\/revisions\/85"}],"wp:attachment":[{"href":"https:\/\/sites.uel.br\/ligapsicanalise\/wp-json\/wp\/v2\/media?parent=53"}],"curies":[{"name":"wp","href":"https:\/\/api.w.org\/{rel}","templated":true}]}}