{"id":44,"date":"2024-09-27T16:14:50","date_gmt":"2024-09-27T19:14:50","guid":{"rendered":"https:\/\/sites.uel.br\/ligapsicanalise\/?page_id=44"},"modified":"2025-12-05T11:04:05","modified_gmt":"2025-12-05T14:04:05","slug":"eventos","status":"publish","type":"page","link":"https:\/\/sites.uel.br\/ligapsicanalise\/eventos\/","title":{"rendered":"Eventos"},"content":{"rendered":"\n<ul class=\"wp-block-list\">\n<li>Evento de Abertura &#8211; <strong>H\u00e1 tempo para a Psican\u00e1lise hoje?<\/strong><\/li>\n\n\n\n<li><a href=\"https:\/\/sites.uel.br\/ligapsicanalise\/wp-content\/uploads\/2024\/10\/Anais-Escrita-Cientifica-em-Psicanalise.pdf\">I Evento Acad\u00eamico da Liga de Psican\u00e1lise UEL &#8211; <strong>Da escrita cient\u00edfica em Psican\u00e1lise<\/strong><\/a><\/li>\n\n\n\n<li><a href=\"https:\/\/sites.uel.br\/ligapsicanalise\/wp-content\/uploads\/2025\/04\/ANAIS-I-CONGRESSO-DA-LAP-UEL-OFICIAL.pdf\">I Congresso da Liga de Psican\u00e1lise da UEL &#8211; <strong>P\u00f3s-modernidade e dispositivos de subjetiva\u00e7\u00e3o<\/strong> &#8211; 20\/03\/2025 a 21\/03\/2025<\/a><\/li>\n\n\n\n<li>Evento <strong>Hist\u00f3ria da Psican\u00e1lise<\/strong> (online), em conjunto com o Programa de P\u00f3s Gradua\u00e7\u00e3o em Psicologia da UEL (PPGPSI) &#8211; 14\/07\/2025, com Dr. Rafael Bianchi e Ms. Larissa Osete <\/li>\n\n\n\n<li><strong>Psican\u00e1lise e Cinema: uma Sess\u00e3o de An\u00e1lise F\u00edlmica da Obra Persona<\/strong>, de Igmar Bergman &#8211; 30\/08\/2025, com o Psicanalista Marcelo J. Castro<\/li>\n<\/ul>\n\n\n\n<p><strong>Cursos de extens\u00e3o<\/strong><\/p>\n\n\n\n<ul class=\"wp-block-list\">\n<li><strong>Introdu\u00e7\u00e3o \u00e0s Contribui\u00e7\u00f5es de S\u00e1ndor Ferenczi<\/strong> &#8211; 28\/11\/2024 e 05\/12\/2024, com Dra. Juliana Baracat<\/li>\n\n\n\n<li><strong>Introdu\u00e7\u00e3o a Winnicott<\/strong> &#8211; 05\/06\/2025 (com Ms. Larissa Osete) e 12\/06\/2025 (com Beatriz Leal)<\/li>\n<\/ul>\n\n\n\n<p><strong>Aulas e Confer\u00eancias<\/strong><\/p>\n\n\n\n<ul class=\"wp-block-list\">\n<li>Aul\u00e3o de <strong>Introdu\u00e7\u00e3o \u00e0 Esquizoan\u00e1lise<\/strong> &#8211; 29\/05\/2025, com Dra. Sonia Mansano<\/li>\n\n\n\n<li>Confer\u00eancia: <strong>Por que a psican\u00e1lise hoje? Uma resposta a partir de Lacan<\/strong> &#8211; 13\/11\/2025, com Dra. Claudia Maria de Sousa Palma<\/li>\n<\/ul>\n","protected":false},"excerpt":{"rendered":"<p>Cursos de extens\u00e3o Aulas e Confer\u00eancias<\/p>\n","protected":false},"author":8,"featured_media":0,"parent":0,"menu_order":0,"comment_status":"closed","ping_status":"closed","template":"","meta":{"_acf_changed":false,"footnotes":""},"class_list":["post-44","page","type-page","status-publish","hentry"],"acf":[],"_links":{"self":[{"href":"https:\/\/sites.uel.br\/ligapsicanalise\/wp-json\/wp\/v2\/pages\/44","targetHints":{"allow":["GET"]}}],"collection":[{"href":"https:\/\/sites.uel.br\/ligapsicanalise\/wp-json\/wp\/v2\/pages"}],"about":[{"href":"https:\/\/sites.uel.br\/ligapsicanalise\/wp-json\/wp\/v2\/types\/page"}],"author":[{"embeddable":true,"href":"https:\/\/sites.uel.br\/ligapsicanalise\/wp-json\/wp\/v2\/users\/8"}],"replies":[{"embeddable":true,"href":"https:\/\/sites.uel.br\/ligapsicanalise\/wp-json\/wp\/v2\/comments?post=44"}],"version-history":[{"count":10,"href":"https:\/\/sites.uel.br\/ligapsicanalise\/wp-json\/wp\/v2\/pages\/44\/revisions"}],"predecessor-version":[{"id":98,"href":"https:\/\/sites.uel.br\/ligapsicanalise\/wp-json\/wp\/v2\/pages\/44\/revisions\/98"}],"wp:attachment":[{"href":"https:\/\/sites.uel.br\/ligapsicanalise\/wp-json\/wp\/v2\/media?parent=44"}],"curies":[{"name":"wp","href":"https:\/\/api.w.org\/{rel}","templated":true}]}}