{"id":247,"date":"2022-04-17T21:45:58","date_gmt":"2022-04-18T00:45:58","guid":{"rendered":"https:\/\/sites.uel.br\/lgpd\/?page_id=247"},"modified":"2023-05-09T15:42:47","modified_gmt":"2023-05-09T18:42:47","slug":"ppdp","status":"publish","type":"page","link":"https:\/\/sites.uel.br\/lgpd\/ppdp\/","title":{"rendered":"POL\u00cdTICA DE PRIVACIDADE E PROTE\u00c7\u00c0O DE DADOS PESSOAIS, DAUNIVERSIDADE ESTADUAL DE LONDRINA"},"content":{"rendered":"\n<p><\/p>\n\n\n\n<p><a href=\"https:\/\/sites.uel.br\/lgpd\/wp-content\/uploads\/2023\/05\/Politica_de_Privacidade_UEL.pdf\" data-type=\"URL\" data-id=\"https:\/\/sites.uel.br\/lgpd\/wp-content\/uploads\/2023\/05\/Politica_de_Privacidade_UEL.pdf\"><strong>Clique aqui para acessar a Pol\u00edtica de Privacidade e Prote\u00e7\u00e3o de Dados Pessoais, da Universidade Estadual de Londrina (Institu\u00edda pela Resolu\u00e7\u00e3o C.U. n\u00ba 013\/2023<\/strong>.<\/a><\/p>\n","protected":false},"excerpt":{"rendered":"<p>Clique aqui para acessar a Pol\u00edtica de Privacidade e Prote\u00e7\u00e3o de Dados Pessoais, da Universidade Estadual de Londrina (Institu\u00edda pela Resolu\u00e7\u00e3o C.U. n\u00ba 013\/2023.<\/p>\n","protected":false},"author":17,"featured_media":0,"parent":0,"menu_order":0,"comment_status":"closed","ping_status":"closed","template":"","meta":{"footnotes":""},"_links":{"self":[{"href":"https:\/\/sites.uel.br\/lgpd\/wp-json\/wp\/v2\/pages\/247"}],"collection":[{"href":"https:\/\/sites.uel.br\/lgpd\/wp-json\/wp\/v2\/pages"}],"about":[{"href":"https:\/\/sites.uel.br\/lgpd\/wp-json\/wp\/v2\/types\/page"}],"author":[{"embeddable":true,"href":"https:\/\/sites.uel.br\/lgpd\/wp-json\/wp\/v2\/users\/17"}],"replies":[{"embeddable":true,"href":"https:\/\/sites.uel.br\/lgpd\/wp-json\/wp\/v2\/comments?post=247"}],"version-history":[{"count":5,"href":"https:\/\/sites.uel.br\/lgpd\/wp-json\/wp\/v2\/pages\/247\/revisions"}],"predecessor-version":[{"id":307,"href":"https:\/\/sites.uel.br\/lgpd\/wp-json\/wp\/v2\/pages\/247\/revisions\/307"}],"wp:attachment":[{"href":"https:\/\/sites.uel.br\/lgpd\/wp-json\/wp\/v2\/media?parent=247"}],"curies":[{"name":"wp","href":"https:\/\/api.w.org\/{rel}","templated":true}]}}