{"id":195,"date":"2021-07-30T12:01:12","date_gmt":"2021-07-30T15:01:12","guid":{"rendered":"https:\/\/sites.uel.br\/lgpd\/?page_id=195"},"modified":"2022-04-17T22:21:18","modified_gmt":"2022-04-18T01:21:18","slug":"tutorial_eprotocolo","status":"publish","type":"page","link":"https:\/\/sites.uel.br\/lgpd\/tutorial_eprotocolo\/","title":{"rendered":"<strong>Utiliza\u00e7\u00e3o do eProtocolo para comunica\u00e7\u00e3o com <u>Encarregado da Prote\u00e7\u00e3o de Dados<\/u> da Universidade Estadual de Londrina <\/strong>"},"content":{"rendered":"\n<p><\/p>\n\n\n\n<div class=\"wp-block-columns is-layout-flex wp-container-core-columns-is-layout-1 wp-block-columns-is-layout-flex\">\n<div class=\"wp-block-column is-layout-flow wp-block-column-is-layout-flow\">\n<p>O eProtocolo \u00e9 um sistema de tramita\u00e7\u00e3o interno do Estado do Paran\u00e1 e tem como objetivo unificar e dar maior agilidade \u00e0s atividades de protocolo, al\u00e9m de maior seguran\u00e7a e gest\u00e3o dos processos.&nbsp; Qualquer pessoa, cidad\u00e3o, \u00f3rg\u00e3o ou entidade p\u00fablica tem direito a usufruir deste servi\u00e7o onde \u00e9 poss\u00edvel consultar o andamento de uma solicita\u00e7\u00e3o al\u00e9m de protocolar uma solicita\u00e7\u00e3o para qualquer \u00f3rg\u00e3o p\u00fablico do estado dispon\u00edvel.<\/p>\n<\/div>\n<\/div>\n\n\n\n<div class=\"wp-block-columns is-layout-flex wp-container-core-columns-is-layout-2 wp-block-columns-is-layout-flex\">\n<div class=\"wp-block-column is-layout-flow wp-block-column-is-layout-flow\">\n<p>Particularmente, o eProtocolo \u00e9 o mecanismo de comunica\u00e7\u00e3o para requisi\u00e7\u00e3o de informa\u00e7\u00f5es no tocante a LGPD e assuntos de Prote\u00e7\u00e3o de Dados na Universidade Estadual de Londrina.<\/p>\n<\/div>\n<\/div>\n\n\n\n<hr class=\"wp-block-separator\"\/>\n\n\n\n<div class=\"wp-block-columns is-layout-flex wp-container-core-columns-is-layout-3 wp-block-columns-is-layout-flex\">\n<div class=\"wp-block-column is-layout-flow wp-block-column-is-layout-flow\">\n<p class=\"has-text-align-center\"><strong>Acesso para a comunidade externa<\/strong><\/p>\n<\/div>\n<\/div>\n\n\n\n<hr class=\"wp-block-separator\"\/>\n\n\n\n<div class=\"wp-block-columns is-layout-flex wp-container-core-columns-is-layout-4 wp-block-columns-is-layout-flex\">\n<div class=\"wp-block-column is-layout-flow wp-block-column-is-layout-flow\">\n<p>Primeiramente, qualquer pessoa da comunidade externa que possua um CPF pode criar uma conta atrav\u00e9s do site <a href=\"https:\/\/www.eprotocolo.pr.gov.br\">https:\/\/www.eprotocolo.pr.gov.br<\/a>, apenas clicando em \u201cainda n\u00e3o sou cadastrado\u201d e seguindo o passo a passo indicado para conclus\u00e3o do cadastro pr\u00e9vio, como mostra a Figura 1.<\/p>\n<\/div>\n<\/div>\n\n\n\n<hr class=\"wp-block-separator\"\/>\n\n\n\n<div class=\"wp-block-columns is-layout-flex wp-container-core-columns-is-layout-5 wp-block-columns-is-layout-flex\">\n<div class=\"wp-block-column is-layout-flow wp-block-column-is-layout-flow\">\n<div class=\"wp-block-image\"><figure class=\"aligncenter size-large is-resized\"><img loading=\"lazy\" decoding=\"async\" src=\"https:\/\/sites.uel.br\/lgpd\/wp-content\/uploads\/2021\/07\/Imagem1-604x1024.png\" alt=\"\" class=\"wp-image-197\" width=\"453\" height=\"768\" srcset=\"https:\/\/sites.uel.br\/lgpd\/wp-content\/uploads\/2021\/07\/Imagem1-604x1024.png 604w, https:\/\/sites.uel.br\/lgpd\/wp-content\/uploads\/2021\/07\/Imagem1-177x300.png 177w, https:\/\/sites.uel.br\/lgpd\/wp-content\/uploads\/2021\/07\/Imagem1-768x1302.png 768w, https:\/\/sites.uel.br\/lgpd\/wp-content\/uploads\/2021\/07\/Imagem1-906x1536.png 906w, https:\/\/sites.uel.br\/lgpd\/wp-content\/uploads\/2021\/07\/Imagem1-1208x2048.png 1208w, https:\/\/sites.uel.br\/lgpd\/wp-content\/uploads\/2021\/07\/Imagem1.png 1243w\" sizes=\"(max-width: 453px) 100vw, 453px\" \/><figcaption>Figura 1: cadastramento para novo usu\u00e1rio do eProtocolo.<\/figcaption><\/figure><\/div>\n<\/div>\n<\/div>\n\n\n\n<hr class=\"wp-block-separator\"\/>\n\n\n\n<figure class=\"wp-block-pullquote is-style-default has-border-color has-text-color\" style=\"border-color:#6c0e10;color:#a30003\"><blockquote><p><\/p><cite>Importante: caso j\u00e1 tenha algum cadastro pr\u00e9vio, n\u00e3o \u00e9 necess\u00e1rio efetuar um novo cadastro, o e-protocolo serve para todos os servi\u00e7os estaduais, logo, quem j\u00e1 tem acesso ao portal dever\u00e1 apenas logar em sua conta habitual e seguir os passos seguintes.<\/cite><\/blockquote><\/figure>\n\n\n\n<hr class=\"wp-block-separator\"\/>\n\n\n\n<div class=\"wp-block-columns is-layout-flex wp-container-core-columns-is-layout-7 wp-block-columns-is-layout-flex\">\n<div class=\"wp-block-column is-layout-flow wp-block-column-is-layout-flow\">\n<div class=\"wp-block-columns is-layout-flex wp-container-core-columns-is-layout-6 wp-block-columns-is-layout-flex\">\n<div class=\"wp-block-column is-layout-flow wp-block-column-is-layout-flow\">\n<p>Ap\u00f3s a efetiva\u00e7\u00e3o do cadastro, o usu\u00e1rio j\u00e1 pode acessar os servi\u00e7os disponibilizados pelo eProtocolo normalmente. Uma conta de acesso simples ao eProtocolo tem fun\u00e7\u00f5es dispon\u00edveis relacionadas a consulta de protocolos existentes al\u00e9m da op\u00e7\u00e3o de protocolar uma nova solicita\u00e7\u00e3o.<\/p>\n<\/div>\n<\/div>\n<\/div>\n<\/div>\n\n\n\n<hr class=\"wp-block-separator\"\/>\n\n\n\n<div class=\"wp-block-columns is-layout-flex wp-container-core-columns-is-layout-8 wp-block-columns-is-layout-flex\">\n<div class=\"wp-block-column is-layout-flow wp-block-column-is-layout-flow\">\n<div class=\"wp-block-image\"><figure class=\"aligncenter size-full\"><img loading=\"lazy\" decoding=\"async\" width=\"741\" height=\"317\" src=\"https:\/\/sites.uel.br\/lgpd\/wp-content\/uploads\/2021\/07\/Captura-de-tela-2021-07-30-091047.png\" alt=\"\" class=\"wp-image-201\" srcset=\"https:\/\/sites.uel.br\/lgpd\/wp-content\/uploads\/2021\/07\/Captura-de-tela-2021-07-30-091047.png 741w, https:\/\/sites.uel.br\/lgpd\/wp-content\/uploads\/2021\/07\/Captura-de-tela-2021-07-30-091047-300x128.png 300w\" sizes=\"(max-width: 741px) 100vw, 741px\" \/><figcaption>Figura 2: tela inicial padr\u00e3o do eProtocolo<\/figcaption><\/figure><\/div>\n<\/div>\n<\/div>\n\n\n\n<hr class=\"wp-block-separator\"\/>\n\n\n\n<div class=\"wp-block-columns is-layout-flex wp-container-core-columns-is-layout-9 wp-block-columns-is-layout-flex\">\n<div class=\"wp-block-column is-layout-flow wp-block-column-is-layout-flow\">\n<p>Para fazer uma solicita\u00e7\u00e3o para a UEL, basta apenas ir em <strong>Protocolo Geral -&gt; Protocolar Solicita\u00e7\u00e3o<\/strong> e preencher os dados (sendo poss\u00edvel adicionar anexo) do requerimento desejado, como \u00e9 exemplificado nas figuras 3 e 4.<\/p>\n<\/div>\n<\/div>\n\n\n\n<hr class=\"wp-block-separator\"\/>\n\n\n\n<div class=\"wp-block-columns is-layout-flex wp-container-core-columns-is-layout-10 wp-block-columns-is-layout-flex\">\n<div class=\"wp-block-column is-layout-flow wp-block-column-is-layout-flow\">\n<div class=\"wp-block-image\"><figure class=\"aligncenter size-full is-resized\"><img loading=\"lazy\" decoding=\"async\" src=\"https:\/\/sites.uel.br\/lgpd\/wp-content\/uploads\/2021\/07\/Captura-de-tela-2021-07-30-091157.png\" alt=\"\" class=\"wp-image-202\" width=\"420\" height=\"126\" srcset=\"https:\/\/sites.uel.br\/lgpd\/wp-content\/uploads\/2021\/07\/Captura-de-tela-2021-07-30-091157.png 347w, https:\/\/sites.uel.br\/lgpd\/wp-content\/uploads\/2021\/07\/Captura-de-tela-2021-07-30-091157-300x89.png 300w\" sizes=\"(max-width: 420px) 100vw, 420px\" \/><figcaption>Figura 3: protocolar solicita\u00e7\u00e3o<\/figcaption><\/figure><\/div>\n<\/div>\n<\/div>\n\n\n\n<hr class=\"wp-block-separator\"\/>\n\n\n\n<div class=\"wp-block-columns is-layout-flex wp-container-core-columns-is-layout-11 wp-block-columns-is-layout-flex\">\n<div class=\"wp-block-column is-layout-flow wp-block-column-is-layout-flow\">\n<div class=\"wp-block-image\"><figure class=\"aligncenter size-full\"><img loading=\"lazy\" decoding=\"async\" width=\"744\" height=\"313\" src=\"https:\/\/sites.uel.br\/lgpd\/wp-content\/uploads\/2021\/07\/Captura-de-tela-2021-07-30-091223.png\" alt=\"\" class=\"wp-image-203\" srcset=\"https:\/\/sites.uel.br\/lgpd\/wp-content\/uploads\/2021\/07\/Captura-de-tela-2021-07-30-091223.png 744w, https:\/\/sites.uel.br\/lgpd\/wp-content\/uploads\/2021\/07\/Captura-de-tela-2021-07-30-091223-300x126.png 300w\" sizes=\"(max-width: 744px) 100vw, 744px\" \/><figcaption>Figura 4: preenchimento da solicita\u00e7\u00e3o<\/figcaption><\/figure><\/div>\n<\/div>\n<\/div>\n\n\n\n<hr class=\"wp-block-separator\"\/>\n\n\n\n<figure class=\"wp-block-pullquote is-style-default has-border-color has-text-color\" style=\"border-color:#a30003;color:#a30003\"><blockquote><p><\/p><cite>Importante: para acionar a UEL, \u00e9 necess\u00e1rio selecionar a universidade como assunto, assim como mostra o exemplo abaixo. E al\u00e9m disso, \u00e9 importante especificar que <strong>se trata de assuntos relacionados a LGPD<\/strong>, para que sua solicita\u00e7\u00e3o seja encaminhada ao setor correto. Para tal recomenda-se o uso do termo <strong>[LGPD] <\/strong>no in\u00edcio da descri\u00e7\u00e3o do assunto<strong>.<\/strong><\/cite><\/blockquote><\/figure>\n\n\n\n<hr class=\"wp-block-separator\"\/>\n\n\n\n<div class=\"wp-block-columns is-layout-flex wp-container-core-columns-is-layout-12 wp-block-columns-is-layout-flex\">\n<div class=\"wp-block-column is-layout-flow wp-block-column-is-layout-flow\">\n<p>Ap\u00f3s os dados preenchidos e a solicita\u00e7\u00e3o protocolada, \u00e9 poss\u00edvel verificar seu status acessando <strong>Protocolo Geral &gt; Consulta Protocolo<\/strong>. A consulta do protocolo \u00e9 feita a partir do n\u00famero do protocolo fornecido no requerimento e \u00e9 poss\u00edvel verificar em que passo a solicita\u00e7\u00e3o est\u00e1 no presente momento.<\/p>\n<\/div>\n<\/div>\n\n\n\n<hr class=\"wp-block-separator\"\/>\n\n\n\n<div class=\"wp-block-columns is-layout-flex wp-container-core-columns-is-layout-13 wp-block-columns-is-layout-flex\">\n<div class=\"wp-block-column is-layout-flow wp-block-column-is-layout-flow\">\n<div class=\"wp-block-image\"><figure class=\"aligncenter size-full is-resized\"><img loading=\"lazy\" decoding=\"async\" src=\"https:\/\/sites.uel.br\/lgpd\/wp-content\/uploads\/2021\/07\/Captura-de-tela-2021-07-30-091249.png\" alt=\"\" class=\"wp-image-204\" width=\"448\" height=\"114\" srcset=\"https:\/\/sites.uel.br\/lgpd\/wp-content\/uploads\/2021\/07\/Captura-de-tela-2021-07-30-091249.png 394w, https:\/\/sites.uel.br\/lgpd\/wp-content\/uploads\/2021\/07\/Captura-de-tela-2021-07-30-091249-300x76.png 300w\" sizes=\"(max-width: 448px) 100vw, 448px\" \/><figcaption>Figura 5: acesso a consulta do protocolo<\/figcaption><\/figure><\/div>\n<\/div>\n<\/div>\n\n\n\n<hr class=\"wp-block-separator\"\/>\n\n\n\n<div class=\"wp-block-columns is-layout-flex wp-container-core-columns-is-layout-14 wp-block-columns-is-layout-flex\">\n<div class=\"wp-block-column is-layout-flow wp-block-column-is-layout-flow\">\n<p>A consulta da solicita\u00e7\u00e3o pode ser feita por meio de qualquer usu\u00e1rio que tenha conta no eProtocolo, sendo necess\u00e1rio apenas ter em m\u00e3os o n\u00famero para a consulta. Al\u00e9m disso, todas as movimenta\u00e7\u00f5es transit\u00f3rias s\u00e3o enviadas para o e-mail do solicitante, por isso, \u00e9 importante que a pessoa interessada fa\u00e7a a solicita\u00e7\u00e3o com sua pr\u00f3pria conta.<\/p>\n<\/div>\n<\/div>\n\n\n\n<div class=\"wp-block-columns is-layout-flex wp-container-core-columns-is-layout-15 wp-block-columns-is-layout-flex\">\n<div class=\"wp-block-column is-layout-flow wp-block-column-is-layout-flow\">\n<hr class=\"wp-block-separator\"\/>\n<\/div>\n<\/div>\n\n\n\n<div class=\"wp-block-columns is-layout-flex wp-container-core-columns-is-layout-16 wp-block-columns-is-layout-flex\">\n<div class=\"wp-block-column is-layout-flow wp-block-column-is-layout-flow\">\n<p class=\"has-text-align-center\"><strong>Acesso para a comunidade interna<\/strong><\/p>\n<\/div>\n<\/div>\n\n\n\n<div class=\"wp-block-columns is-layout-flex wp-container-core-columns-is-layout-17 wp-block-columns-is-layout-flex\">\n<div class=\"wp-block-column is-layout-flow wp-block-column-is-layout-flow\">\n<p>Assim como a comunidade externa, a solicita\u00e7\u00e3o e consulta s\u00e3o feitas pelo eProtocolo, diferenciando apenas o processo para uma nova solicita\u00e7\u00e3o. Para efetuar uma nova solicita\u00e7\u00e3o, o colaborador deve acessar <strong>Protocolo geral -&gt; Manuten\u00e7\u00e3o de Processos -&gt; Incluir Processo<\/strong>.<\/p>\n<\/div>\n<\/div>\n\n\n\n<hr class=\"wp-block-separator\"\/>\n\n\n\n<div class=\"wp-block-columns is-layout-flex wp-container-core-columns-is-layout-18 wp-block-columns-is-layout-flex\">\n<div class=\"wp-block-column is-layout-flow wp-block-column-is-layout-flow\">\n<div class=\"wp-block-image\"><figure class=\"aligncenter size-full\"><img loading=\"lazy\" decoding=\"async\" width=\"578\" height=\"188\" src=\"https:\/\/sites.uel.br\/lgpd\/wp-content\/uploads\/2021\/07\/Captura-de-tela-2021-07-30-091609.png\" alt=\"\" class=\"wp-image-205\" srcset=\"https:\/\/sites.uel.br\/lgpd\/wp-content\/uploads\/2021\/07\/Captura-de-tela-2021-07-30-091609.png 578w, https:\/\/sites.uel.br\/lgpd\/wp-content\/uploads\/2021\/07\/Captura-de-tela-2021-07-30-091609-300x98.png 300w\" sizes=\"(max-width: 578px) 100vw, 578px\" \/><figcaption>Figura 6: acesso a solicita\u00e7\u00e3o de um novo processo para a comunidade interna<\/figcaption><\/figure><\/div>\n<\/div>\n<\/div>\n\n\n\n<hr class=\"wp-block-separator\"\/>\n\n\n\n<div class=\"wp-block-columns is-layout-flex wp-container-core-columns-is-layout-19 wp-block-columns-is-layout-flex\">\n<div class=\"wp-block-column is-layout-flow wp-block-column-is-layout-flow\">\n<p>Para a inclus\u00e3o de um novo processo basta apenas preencher os dados necess\u00e1rios se atentando a colocar como assunto <strong>LGPD <\/strong>e especificando o local para <strong>UEL\/GR\/PDP &#8211; PROTE\u00c7\u00c3O DE DADOS PESSOAIS<\/strong>, como o mostra o exemplo da Figura 7.<\/p>\n<\/div>\n<\/div>\n\n\n\n<hr class=\"wp-block-separator\"\/>\n\n\n\n<div class=\"wp-block-columns is-layout-flex wp-container-core-columns-is-layout-20 wp-block-columns-is-layout-flex\">\n<div class=\"wp-block-column is-layout-flow wp-block-column-is-layout-flow\">\n<div class=\"wp-block-image\"><figure class=\"aligncenter size-full\"><img loading=\"lazy\" decoding=\"async\" width=\"740\" height=\"440\" src=\"https:\/\/sites.uel.br\/lgpd\/wp-content\/uploads\/2021\/07\/Captura-de-tela-2021-07-30-091641.png\" alt=\"\" class=\"wp-image-206\" srcset=\"https:\/\/sites.uel.br\/lgpd\/wp-content\/uploads\/2021\/07\/Captura-de-tela-2021-07-30-091641.png 740w, https:\/\/sites.uel.br\/lgpd\/wp-content\/uploads\/2021\/07\/Captura-de-tela-2021-07-30-091641-300x178.png 300w\" sizes=\"(max-width: 740px) 100vw, 740px\" \/><figcaption>Figura 7: preenchimento de dados para solicita\u00e7\u00e3o relacionada a LGPD<\/figcaption><\/figure><\/div>\n<\/div>\n<\/div>\n\n\n\n<hr class=\"wp-block-separator\"\/>\n\n\n\n<div class=\"wp-block-columns is-layout-flex wp-container-core-columns-is-layout-21 wp-block-columns-is-layout-flex\">\n<div class=\"wp-block-column is-layout-flow wp-block-column-is-layout-flow\">\n<p>Al\u00e9m disso, o servidor interno tamb\u00e9m tem a possibilidade de especificar at\u00e9 duas palavras chaves referentes ao tratamento de dados dispon\u00edvel, como mostra a Figura 8.<\/p>\n<\/div>\n<\/div>\n\n\n\n<hr class=\"wp-block-separator\"\/>\n\n\n\n<div class=\"wp-block-columns is-layout-flex wp-container-core-columns-is-layout-22 wp-block-columns-is-layout-flex\">\n<div class=\"wp-block-column is-layout-flow wp-block-column-is-layout-flow\">\n<div class=\"wp-block-image\"><figure class=\"aligncenter size-full\"><img loading=\"lazy\" decoding=\"async\" width=\"748\" height=\"336\" src=\"https:\/\/sites.uel.br\/lgpd\/wp-content\/uploads\/2021\/07\/Captura-de-tela-2021-07-30-091704.png\" alt=\"\" class=\"wp-image-207\" srcset=\"https:\/\/sites.uel.br\/lgpd\/wp-content\/uploads\/2021\/07\/Captura-de-tela-2021-07-30-091704.png 748w, https:\/\/sites.uel.br\/lgpd\/wp-content\/uploads\/2021\/07\/Captura-de-tela-2021-07-30-091704-300x135.png 300w\" sizes=\"(max-width: 748px) 100vw, 748px\" \/><figcaption>Figura 8: palavras chaves dispon\u00edveis durante a inclus\u00e3o de um novo processo<\/figcaption><\/figure><\/div>\n<\/div>\n<\/div>\n\n\n\n<hr class=\"wp-block-separator\"\/>\n","protected":false},"excerpt":{"rendered":"<p>O eProtocolo \u00e9 um sistema de tramita\u00e7\u00e3o interno do Estado do Paran\u00e1 e tem como objetivo unificar e dar maior agilidade \u00e0s atividades de protocolo, al\u00e9m de maior seguran\u00e7a e gest\u00e3o dos processos.&nbsp; Qualquer pessoa, cidad\u00e3o, \u00f3rg\u00e3o ou entidade p\u00fablica tem direito a usufruir deste servi\u00e7o onde \u00e9 poss\u00edvel consultar o andamento de uma solicita\u00e7\u00e3o [&hellip;]<\/p>\n","protected":false},"author":15,"featured_media":0,"parent":0,"menu_order":0,"comment_status":"closed","ping_status":"closed","template":"","meta":{"footnotes":""},"_links":{"self":[{"href":"https:\/\/sites.uel.br\/lgpd\/wp-json\/wp\/v2\/pages\/195"}],"collection":[{"href":"https:\/\/sites.uel.br\/lgpd\/wp-json\/wp\/v2\/pages"}],"about":[{"href":"https:\/\/sites.uel.br\/lgpd\/wp-json\/wp\/v2\/types\/page"}],"author":[{"embeddable":true,"href":"https:\/\/sites.uel.br\/lgpd\/wp-json\/wp\/v2\/users\/15"}],"replies":[{"embeddable":true,"href":"https:\/\/sites.uel.br\/lgpd\/wp-json\/wp\/v2\/comments?post=195"}],"version-history":[{"count":13,"href":"https:\/\/sites.uel.br\/lgpd\/wp-json\/wp\/v2\/pages\/195\/revisions"}],"predecessor-version":[{"id":290,"href":"https:\/\/sites.uel.br\/lgpd\/wp-json\/wp\/v2\/pages\/195\/revisions\/290"}],"wp:attachment":[{"href":"https:\/\/sites.uel.br\/lgpd\/wp-json\/wp\/v2\/media?parent=195"}],"curies":[{"name":"wp","href":"https:\/\/api.w.org\/{rel}","templated":true}]}}