{"id":14,"date":"2021-05-13T13:11:19","date_gmt":"2021-05-13T16:11:19","guid":{"rendered":"https:\/\/sites.uel.br\/lgpd\/?page_id=14"},"modified":"2023-05-09T16:14:12","modified_gmt":"2023-05-09T19:14:12","slug":"apresentacao","status":"publish","type":"page","link":"https:\/\/sites.uel.br\/lgpd\/","title":{"rendered":"SOBRE A POL\u00cdTICA DE PRIVACIDADE DA UEL"},"content":{"rendered":"\n<p><\/p>\n\n\n\n<div class=\"wp-block-columns is-layout-flex wp-container-core-columns-is-layout-1 wp-block-columns-is-layout-flex\">\n<div class=\"wp-block-column is-layout-flow wp-block-column-is-layout-flow\">\n<figure class=\"wp-block-image size-full\"><a href=\"http:\/\/www.planalto.gov.br\/ccivil_03\/_ato2015-2018\/2018\/lei\/l13709.htm\" target=\"_blank\" rel=\"noopener\"><img loading=\"lazy\" decoding=\"async\" width=\"428\" height=\"110\" src=\"https:\/\/sites.uel.br\/lgpd\/wp-content\/uploads\/2022\/04\/BOTAO1-1.png\" alt=\"\" class=\"wp-image-230\" srcset=\"https:\/\/sites.uel.br\/lgpd\/wp-content\/uploads\/2022\/04\/BOTAO1-1.png 428w, https:\/\/sites.uel.br\/lgpd\/wp-content\/uploads\/2022\/04\/BOTAO1-1-300x77.png 300w\" sizes=\"(max-width: 428px) 100vw, 428px\" \/><\/a><\/figure>\n<\/div>\n\n\n\n<div class=\"wp-block-column is-layout-flow wp-block-column-is-layout-flow\">\n<figure class=\"wp-block-image size-full\"><a href=\"https:\/\/sites.uel.br\/lgpd\/ppdp\/\" target=\"_blank\" rel=\"noopener\"><img loading=\"lazy\" decoding=\"async\" width=\"428\" height=\"110\" src=\"https:\/\/sites.uel.br\/lgpd\/wp-content\/uploads\/2022\/04\/politica-de-privacidade.png\" alt=\"\" class=\"wp-image-234\" srcset=\"https:\/\/sites.uel.br\/lgpd\/wp-content\/uploads\/2022\/04\/politica-de-privacidade.png 428w, https:\/\/sites.uel.br\/lgpd\/wp-content\/uploads\/2022\/04\/politica-de-privacidade-300x77.png 300w\" sizes=\"(max-width: 428px) 100vw, 428px\" \/><\/a><\/figure>\n<\/div>\n\n\n\n<div class=\"wp-block-column is-layout-flow wp-block-column-is-layout-flow\">\n<figure class=\"wp-block-image size-full\"><a href=\"https:\/\/sites.uel.br\/lgpd\/leis-e-regulamentos\/\" target=\"_blank\" rel=\"noopener\"><img loading=\"lazy\" decoding=\"async\" width=\"428\" height=\"110\" src=\"https:\/\/sites.uel.br\/lgpd\/wp-content\/uploads\/2022\/04\/leis-2.png\" alt=\"\" class=\"wp-image-282\" srcset=\"https:\/\/sites.uel.br\/lgpd\/wp-content\/uploads\/2022\/04\/leis-2.png 428w, https:\/\/sites.uel.br\/lgpd\/wp-content\/uploads\/2022\/04\/leis-2-300x77.png 300w\" sizes=\"(max-width: 428px) 100vw, 428px\" \/><\/a><\/figure>\n<\/div>\n<\/div>\n\n\n\n<div class=\"wp-block-columns is-layout-flex wp-container-core-columns-is-layout-2 wp-block-columns-is-layout-flex\">\n<div class=\"wp-block-column is-layout-flow wp-block-column-is-layout-flow\">\n<figure class=\"wp-block-image size-full\"><a href=\"https:\/\/sites.uel.br\/lgpd\/encarregado-de-dados-pessoais\/\" target=\"_blank\" rel=\"noopener\"><img loading=\"lazy\" decoding=\"async\" width=\"428\" height=\"110\" src=\"https:\/\/sites.uel.br\/lgpd\/wp-content\/uploads\/2022\/04\/encarregado-de-dados-1.png\" alt=\"\" class=\"wp-image-258\" srcset=\"https:\/\/sites.uel.br\/lgpd\/wp-content\/uploads\/2022\/04\/encarregado-de-dados-1.png 428w, https:\/\/sites.uel.br\/lgpd\/wp-content\/uploads\/2022\/04\/encarregado-de-dados-1-300x77.png 300w\" sizes=\"(max-width: 428px) 100vw, 428px\" \/><\/a><\/figure>\n<\/div>\n\n\n\n<div class=\"wp-block-column is-layout-flow wp-block-column-is-layout-flow\">\n<figure class=\"wp-block-image size-full\"><a href=\"https:\/\/www.eprotocolo.pr.gov.br\/\" target=\"_blank\" rel=\"noopener\"><img loading=\"lazy\" decoding=\"async\" width=\"428\" height=\"110\" src=\"https:\/\/sites.uel.br\/lgpd\/wp-content\/uploads\/2022\/04\/solicitacao-2.png\" alt=\"\" class=\"wp-image-283\" srcset=\"https:\/\/sites.uel.br\/lgpd\/wp-content\/uploads\/2022\/04\/solicitacao-2.png 428w, https:\/\/sites.uel.br\/lgpd\/wp-content\/uploads\/2022\/04\/solicitacao-2-300x77.png 300w\" sizes=\"(max-width: 428px) 100vw, 428px\" \/><\/a><\/figure>\n<\/div>\n\n\n\n<div class=\"wp-block-column is-layout-flow wp-block-column-is-layout-flow\">\n<figure class=\"wp-block-image size-full\"><a href=\"https:\/\/sites.uel.br\/lgpd\/\" target=\"_blank\" rel=\"noopener\"><img loading=\"lazy\" decoding=\"async\" width=\"428\" height=\"110\" src=\"https:\/\/sites.uel.br\/lgpd\/wp-content\/uploads\/2022\/04\/noticias-1.png\" alt=\"\" class=\"wp-image-281\" srcset=\"https:\/\/sites.uel.br\/lgpd\/wp-content\/uploads\/2022\/04\/noticias-1.png 428w, https:\/\/sites.uel.br\/lgpd\/wp-content\/uploads\/2022\/04\/noticias-1-300x77.png 300w\" sizes=\"(max-width: 428px) 100vw, 428px\" \/><\/a><\/figure>\n<\/div>\n<\/div>\n\n\n<hr \/>\n<h3 class=\"has-text-align-center\" style=\"text-align: justify;\"><span style=\"color: #008000;\">A import\u00e2ncia da privacidade e da prote\u00e7\u00e3o de seus Dados Pessoais<\/span><\/h3>\n<p style=\"text-align: justify;\">Em 2018 foi sancionada a Lei n\u00ba 13.709\/18, a <strong>Lei Geral de Prote\u00e7\u00e3o de Dados Pessoais (LGPD)<\/strong>. Visando se adequar, promover a ampla discuss\u00e3o e forma\u00e7\u00e3o humana dentro dos preceitos de assegurar o direito \u00e0 privacidade e \u00e0 prote\u00e7\u00e3o de dados pessoais dos usu\u00e1rios, por meio de pr\u00e1ticas transparentes e seguras, garantindo direitos fundamentais a UEL iniciou uma grande a\u00e7\u00e3o focando nas leis setoriais de prote\u00e7\u00e3o de dados pessoais.<\/p>\n<p style=\"text-align: justify;\">Nesse sentido, a UEL est\u00e1 comprometida em estabelecer regras claras sobre tratamento de dados pessoais , proteger e resguardar os direitos dos titulares de dados, assim como em ser um agente propagador para desenvolvimento de cultura sobre a import\u00e2ncia dos direitos relativos \u00e0 privacidade e \u00e0 prote\u00e7\u00e3o de dados pessoais.<\/p>\n<p style=\"text-align: justify;\">Proporcionando o debate p\u00fablico com vistas \u00e0 constru\u00e7\u00e3o de uma cultura de prote\u00e7\u00e3o de dados pessoais para fortalecer a seguran\u00e7a das rela\u00e7\u00f5es jur\u00eddicas e a confian\u00e7a do titular no tratamento de dados pessoais a UEL assume seu papel de universidade propositora no tocante \u00e0 LGPD.<\/p>\n<p style=\"text-align: justify;\">Neste portal voc\u00ea ir\u00e1 encontrar informa\u00e7\u00f5es importantes sobre como a UEL desenvolve e aplica sua Pol\u00edtica de Prote\u00e7\u00e3o de Dados Pessoais.<\/p>\n<p>\u00a0<\/p>\n<h3 class=\"has-text-align-center\" style=\"text-align: justify;\"><span style=\"color: #008000;\">Encarregado de Prote\u00e7\u00e3o de Dados Pessoais da UEL (DPO):\u00a0<\/span><\/h3>\n<p class=\"has-text-align-center\" style=\"text-align: justify;\">Lisiane Freitas de Freitas | <a href=\"mailto:encarregado.lgpd@uel.br\" target=\"_blank\" rel=\"noopener\">encarregado.lgpd@uel.br<\/a><\/p>\n\n\n<p><\/p>\n","protected":false},"excerpt":{"rendered":"<p>A import\u00e2ncia da privacidade e da prote\u00e7\u00e3o de seus Dados Pessoais Em 2018 foi sancionada a Lei n\u00ba 13.709\/18, a Lei Geral de Prote\u00e7\u00e3o de Dados Pessoais (LGPD). Visando se adequar, promover a ampla discuss\u00e3o e forma\u00e7\u00e3o humana dentro dos preceitos de assegurar o direito \u00e0 privacidade e \u00e0 prote\u00e7\u00e3o de dados pessoais dos usu\u00e1rios, [&hellip;]<\/p>\n","protected":false},"author":7,"featured_media":0,"parent":0,"menu_order":0,"comment_status":"closed","ping_status":"closed","template":"","meta":{"footnotes":""},"_links":{"self":[{"href":"https:\/\/sites.uel.br\/lgpd\/wp-json\/wp\/v2\/pages\/14"}],"collection":[{"href":"https:\/\/sites.uel.br\/lgpd\/wp-json\/wp\/v2\/pages"}],"about":[{"href":"https:\/\/sites.uel.br\/lgpd\/wp-json\/wp\/v2\/types\/page"}],"author":[{"embeddable":true,"href":"https:\/\/sites.uel.br\/lgpd\/wp-json\/wp\/v2\/users\/7"}],"replies":[{"embeddable":true,"href":"https:\/\/sites.uel.br\/lgpd\/wp-json\/wp\/v2\/comments?post=14"}],"version-history":[{"count":51,"href":"https:\/\/sites.uel.br\/lgpd\/wp-json\/wp\/v2\/pages\/14\/revisions"}],"predecessor-version":[{"id":320,"href":"https:\/\/sites.uel.br\/lgpd\/wp-json\/wp\/v2\/pages\/14\/revisions\/320"}],"wp:attachment":[{"href":"https:\/\/sites.uel.br\/lgpd\/wp-json\/wp\/v2\/media?parent=14"}],"curies":[{"name":"wp","href":"https:\/\/api.w.org\/{rel}","templated":true}]}}