{"id":66,"date":"2023-04-18T16:15:47","date_gmt":"2023-04-18T19:15:47","guid":{"rendered":"https:\/\/sites.uel.br\/lesfem\/?page_id=66"},"modified":"2025-12-05T19:51:53","modified_gmt":"2025-12-05T22:51:53","slug":"quem-somos","status":"publish","type":"page","link":"https:\/\/sites.uel.br\/lesfem\/quem-somos\/","title":{"rendered":"Quem somos"},"content":{"rendered":"\n<p>Somos o <strong>Laborat\u00f3rio de Estudos de Feminic\u00eddios (LESFEM)<\/strong>, um espa\u00e7o de pesquisa interdisciplinar que re\u00fane pesquisadoras e pesquisadores, profissionais e estudantes da Universidade Estadual de Londrina (UEL), Universidade Federal de Uberl\u00e2ndia (UFU), Universidade Federal da Bahia (UFBA), Coletivo Feminino Plural (CFP) e Secretaria Municipal de Pol\u00edticas para Mulheres de Londrina (SMPM).<\/p>\n\n\n\n<p>O nosso objetivo \u00e9 produzir e analisar dados sobre crimes de feminic\u00eddios, consumados e tentados, no Brasil, com a finalidade de contribuir para o monitoramento e visibiliza\u00e7\u00e3o do fen\u00f4meno e para a melhoria da qualidade das estat\u00edsticas oficiais e da resposta da sociedade e do Estado ao enfrentamento \u00e0 viol\u00eancia contra mulheres e meninas, considerando-se os tr\u00eas pilares dessa pol\u00edtica: preven\u00e7\u00e3o, puni\u00e7\u00e3o e restitui\u00e7\u00e3o de direitos.<\/p>\n\n\n\n<p>A nossa proposta est\u00e1 alinhada aos Objetivos do Desenvolvimento Sustent\u00e1vel (ODS), com destaque para as metas:<\/p>\n\n\n\n<p>5.2 Eliminar todas as formas de viol\u00eancia contra todas as mulheres e meninas nas esferas p\u00fablicas e privadas, incluindo o tr\u00e1fico e explora\u00e7\u00e3o sexual e de outros tipos;<\/p>\n\n\n\n<p>16.1 Reduzir significativamente todas as formas de viol\u00eancia e as taxas de mortalidade relacionada em todos os lugares; e,<\/p>\n\n\n\n<p>16.2 Acabar com abuso, explora\u00e7\u00e3o, tr\u00e1fico e todas as formas de viol\u00eancia e tortura contra crian\u00e7as.<\/p>\n\n\n\n<p><strong>Defini\u00e7\u00e3o de Feminic\u00eddio <\/strong><\/p>\n\n\n\n<p>O <strong>feminic\u00eddio <\/strong>\u00e9 todo homic\u00eddio praticado contra a mulher em raz\u00e3o de viol\u00eancia dom\u00e9stica ou discrimina\u00e7\u00e3o \u00e0 condi\u00e7\u00e3o do g\u00eanero feminino. No Brasil, o termo ganhou for\u00e7a ap\u00f3s a aprova\u00e7\u00e3o da Lei n\u00ba 13.104\/2015, que tornou o feminic\u00eddio um homic\u00eddio qualificado e o coloca na lista de crimes hediondos, com penas mais altas, de 12 a 30 anos. Tal qualifica\u00e7\u00e3o \u00e9 importante para sua coibi\u00e7\u00e3o por se tratar de um crime com caracter\u00edsticas singulares e pr\u00f3prias de cada sociedade, j\u00e1 que a discrimina\u00e7\u00e3o contra a mulher \u00e9 um fen\u00f4meno cultural e social.&nbsp;&nbsp;<a href=\"https:\/\/www.tjpr.jus.br\/web\/cevid\/feminicidio\">FEMINIC\u00cdDIO &#8211; TJPR<\/a><\/p>\n\n\n<div class=\"wp-block-image\">\n<figure class=\"aligncenter is-resized\"><img decoding=\"async\" src=\"https:\/\/sites.uel.br\/lesfem\/wp-content\/uploads\/2023\/04\/logo-1.png\" alt=\"\" style=\"width:474px;height:235px\" \/><\/figure>\n<\/div>\n\n\n<h2 class=\"wp-block-heading\" id=\"equipe\"><strong>Equipe<\/strong><\/h2>\n\n\n\n<p>Josyelle Bonfante Curti (Universidade Estadual de Londrina) &#8211; <strong><a href=\"http:\/\/lattes.cnpq.br\/8937727813591044\" data-type=\"URL\" data-id=\"http:\/\/lattes.cnpq.br\/8937727813591044\">Lattes<\/a><\/strong><\/p>\n\n\n\n<p>Lorena Moreira Pio (Universidade Estadual de Londrina) &#8211; <strong><a href=\"http:\/\/lattes.cnpq.br\/4703990796232274\" data-type=\"URL\" data-id=\"http:\/\/lattes.cnpq.br\/4703990796232274\">Lattes<\/a><\/strong><\/p>\n\n\n\n<p>Profa. Dra. Catherine D\u2019Ignazio&nbsp; (Massachusetts Institute of Technology-EUA)<\/p>\n\n\n\n<p>Profa. Dra. Isabel Cristina Cordeiro (Universidade Estadual de Londrina) &#8211; <strong><a href=\"http:\/\/lattes.cnpq.br\/9893461756658986\" data-type=\"URL\" data-id=\"http:\/\/lattes.cnpq.br\/9893461756658986\">Lattes<\/a><\/strong><\/p>\n\n\n\n<p>Profa. Dra. M\u00e1rcia Santana Tavares (Universidade Federal da Bahia) &#8211; <strong><a href=\"http:\/\/lattes.cnpq.br\/9948943434197165\" data-type=\"URL\" data-id=\"http:\/\/lattes.cnpq.br\/9948943434197165\">Lattes<\/a><\/strong><\/p>\n\n\n\n<p>Prof. Dr. Cleber da Silva Lopes (Universidade Estadual de Londrina) <a href=\"http:\/\/lattes.cnpq.br\/3195611596157559\"><strong>Lattes<\/strong><\/a><\/p>\n\n\n\n<p>Prof. Dr. M\u00e1rcio Ferreira de Souza (Universidade Federal de Uberl\u00e2ndia) &#8211; <a href=\"http:\/\/lattes.cnpq.br\/9542644571652868\" data-type=\"URL\" data-id=\"http:\/\/lattes.cnpq.br\/9542644571652868\"><strong>Lattes<\/strong><\/a><\/p>\n\n\n\n<p>Prof. Reinaldo Cesar Zanardi (Universidade Estadual de Londrina) &#8211; <strong><a href=\"http:\/\/buscatextual.cnpq.br\/buscatextual\/visualizacv.do\">Lattes<\/a><\/strong><\/p>\n\n\n\n<p>Profa. Dra. Silvana Mariano (Universidade Estadual de Londrina) &#8211; <strong><a href=\"https:\/\/www.researchgate.net\/profile\/Silvana-Mariano\" data-type=\"URL\" data-id=\"https:\/\/www.researchgate.net\/profile\/Silvana-Mariano\">ResearchGate<\/a><\/strong><\/p>\n\n\n\n<p>Ma. Telia Negr\u00e3o Tonhozi (Coletivo Feminino Plural; Coordena\u00e7\u00e3o Nacional do Levante Feminista Contra o Feminic\u00eddio &#8211; Lupa Feminista Contra o Feminic\u00eddio -; Rede de Sa\u00fade das Mulheres Latinoamericanas e do Caribe\/RS)<\/p>\n\n\n\n<p>Ma. Tha\u00eds Pereira Siqueira (Coletivo Feminino Plural; Levante Feminista Contra o Feminic\u00eddio RS; Lupa Feminista Contra o Feminic\u00eddio)<\/p>\n\n\n\n<p><\/p>\n\n\n\n<p><\/p>\n\n\n\n<p><\/p>\n\n\n\n<p><\/p>\n\n\n\n<p><\/p>\n\n\n\n<p><\/p>\n\n\n\n<p><\/p>\n\n\n\n<p><\/p>\n\n\n\n<p><\/p>\n\n\n\n<h2 class=\"wp-block-heading\" id=\"contato\">Contato<\/h2>\n\n\n\n<p><br>Rodovia Celso Garcia Cid | Pr 445 Km 380 | Campus Universit\u00e1rio \u2013 Cx. Postal 10.011 | CEP 86.057-970 | Londrina \u2013 PR<\/p>\n\n\n\n<p>Email:&nbsp;lesfem@uel.br <\/p>\n\n\n\n<p>Instagram: <a href=\"https:\/\/instagram.com\/lesfem.br?igshid=MzRlODBiNWFlZA==\" data-type=\"link\" data-id=\"https:\/\/instagram.com\/lesfem.br?igshid=MzRlODBiNWFlZA==\" target=\"_blank\" rel=\"noreferrer noopener\">@lesfem.br<\/a><\/p>\n\n\n\n<p>Whatsapp: (43) 3371-4943 <\/p>\n\n\n\n<p><\/p>\n","protected":false},"excerpt":{"rendered":"<p>Somos o Laborat\u00f3rio de Estudos de Feminic\u00eddios (LESFEM), um espa\u00e7o de pesquisa interdisciplinar que re\u00fane pesquisadoras e pesquisadores, profissionais e estudantes da Universidade Estadual de Londrina (UEL), Universidade Federal de Uberl\u00e2ndia (UFU), Universidade Federal da Bahia (UFBA), Coletivo Feminino Plural (CFP) e Secretaria Municipal de Pol\u00edticas para Mulheres de Londrina (SMPM). O nosso objetivo \u00e9 [&hellip;]<\/p>\n","protected":false},"author":8,"featured_media":0,"parent":0,"menu_order":0,"comment_status":"closed","ping_status":"closed","template":"","meta":{"_acf_changed":false,"_gspb_post_css":"","footnotes":""},"class_list":["post-66","page","type-page","status-publish","hentry"],"acf":[],"_links":{"self":[{"href":"https:\/\/sites.uel.br\/lesfem\/wp-json\/wp\/v2\/pages\/66","targetHints":{"allow":["GET"]}}],"collection":[{"href":"https:\/\/sites.uel.br\/lesfem\/wp-json\/wp\/v2\/pages"}],"about":[{"href":"https:\/\/sites.uel.br\/lesfem\/wp-json\/wp\/v2\/types\/page"}],"author":[{"embeddable":true,"href":"https:\/\/sites.uel.br\/lesfem\/wp-json\/wp\/v2\/users\/8"}],"replies":[{"embeddable":true,"href":"https:\/\/sites.uel.br\/lesfem\/wp-json\/wp\/v2\/comments?post=66"}],"version-history":[{"count":56,"href":"https:\/\/sites.uel.br\/lesfem\/wp-json\/wp\/v2\/pages\/66\/revisions"}],"predecessor-version":[{"id":5275,"href":"https:\/\/sites.uel.br\/lesfem\/wp-json\/wp\/v2\/pages\/66\/revisions\/5275"}],"wp:attachment":[{"href":"https:\/\/sites.uel.br\/lesfem\/wp-json\/wp\/v2\/media?parent=66"}],"curies":[{"name":"wp","href":"https:\/\/api.w.org\/{rel}","templated":true}]}}