{"id":616,"date":"2023-05-22T18:35:24","date_gmt":"2023-05-22T21:35:24","guid":{"rendered":"https:\/\/sites.uel.br\/lesfem\/?page_id=616"},"modified":"2024-12-19T19:59:05","modified_gmt":"2024-12-19T22:59:05","slug":"metodologia","status":"publish","type":"page","link":"https:\/\/sites.uel.br\/lesfem\/monitor-brasil\/metodologia\/","title":{"rendered":"Metodologia"},"content":{"rendered":"\n<p><strong>Metodologia para produ\u00e7\u00e3o de dados sobre Feminic\u00eddios\/Mortes Violentas Intencionais de Mulheres<\/strong><\/p>\n\n\n\n<p>O LESFEM realiza um trabalho de contra-dados, por meio de fontes n\u00e3o estatais sobre feminic\u00eddios no Brasil, notadamente not\u00edcias divulgadas por ve\u00edculos de imprensa escrita no meio digital. Essa classifica\u00e7\u00e3o adota o princ\u00edpio das diretrizes e protocolos para investiga\u00e7\u00e3o de mortes violentas de mulheres, os quais indicam que a primeira hip\u00f3tese a ser investigada \u00e9 a de feminic\u00eddio.&nbsp;<\/p>\n\n\n\n<p>O trabalho de classifica\u00e7\u00e3o \u00e9 norteado por dois documentos diretivos: (a) Diretrizes Nacionais Feminic\u00eddio: investigar, processar e julgar com perspectiva de g\u00eanero as mortes violentas de mulheres, de 2016; (b) Protocolo para Investigar, Processar e Julgar as Mortes Violentas de Mulheres (Feminic\u00eddios) com Perspectivas de G\u00eanero no Estado do Paran\u00e1, de 2021.<\/p>\n\n\n\n<p>O levantamento das not\u00edcias no Brasil, de alcance nacional, \u00e9 realizado primeiramente com o aux\u00edlio de uma ferramenta digital desenvolvida para essa finalidade pelo projeto do grupo Data + Feminism Lab &#8211; Department of Urban Studies and Planning, Massachusetts Institute of Technology. A ferramenta tem como finalidade dar mais precis\u00e3o aos resultados de pesquisa sobre feminic\u00eddios em buscas na internet.&nbsp;<\/p>\n\n\n\n<p>O&nbsp;<em>Data + Feminism Lab<\/em>&nbsp;(Laborat\u00f3rio de Dados + Feminismo) do Massachusetts Institute of Technology (MIT), nos Estados Unidos, \u00e9 um parceiro internacional do LESFEM. Desde 2020, o Data + Feminism Lab \u00e9 um dos coordenadores do projeto&nbsp;<em>Data Against Feminicide<\/em>&nbsp;(Dados Contra o Feminic\u00eddio) que tem entre os seus objetivos desenvolver ferramentas tecnol\u00f3gicas de apoio \u00e0 coleta de dados sobre feminic\u00eddios por parte de ativistas que monitoram viol\u00eancia de g\u00eanero. O projeto&nbsp;<em>Data Against Feminicide<\/em>&nbsp;\u00e9 desenvolvido a partir de uma parceria entre o Data + Feminism Lab, a Iniciativa Latinoamericana por los Datos&nbsp;Abiertos&nbsp;(ILDA) e o projeto Feminicidio Uruguay, da ativista-pesquisadora Helena Su\u00e1rez Val.<\/p>\n\n\n\n<p>Por meio de um processo de pesquisa participativa e de co-design junto com ativistas na Am\u00e9rica Latina e nos Estados Unidos, o projeto&nbsp;<em>Data Against Feminicide<\/em>&nbsp;desenvolveu duas ferramentas que servem de apoio \u00e0 constru\u00e7\u00e3o do banco de dados de not\u00edcias da imprensa no \u00e2mbito do LESFEM. A primeira ferramenta \u00e9 o&nbsp;<em>Data Against Feminicide Highlighter&nbsp;<\/em>ou \u201cdestacador.\u201d&nbsp;&nbsp;A ferramenta \u00e9 um plug-in para o navegador de Internet Chrome que, quando ativado, destaca palavras em uma p\u00e1gina que podem ser relevantes para a identifica\u00e7\u00e3o e registro em uma base de dados de informa\u00e7\u00f5es sobre casos de feminic\u00eddio, como nomes, locais, datas e outras palavras que o usu\u00e1rio escolha. O plug-in funciona em Ingl\u00eas, Espanhol e Portugu\u00eas e permite ao usu\u00e1rio abrir sua base de dados ao lado do browser para facilitar o registro de dados, bem como compartilhar <em>links<\/em> com outras colaboradoras. O objetivo do destacador \u00e9 aliviar o trabalho f\u00edsico e emocional da leitura de not\u00edcias a respeito de casos de feminic\u00eddio e outras formas de viol\u00eancia.&nbsp;<\/p>\n\n\n\n<p>A segunda ferramenta \u00e9 o&nbsp;<em>Data Against Feminicide Email Alerts<\/em>, um sistema automatizado de alertas por email de not\u00edcias com alta probabilidade de serem relacionadas a casos de feminic\u00eddio. O sistema usa palavras-chave espec\u00edficas para buscar not\u00edcias existentes na base de dados do MediaCloud\u2014que tem cat\u00e1logos de m\u00eddia para v\u00e1rias regi\u00f5es do mundo, inclusive o Brasil\u2014e filtra os resultados a partir de um algoritmo de&nbsp;<em>machine learning<\/em>&nbsp;(aprendizado de m\u00e1quina) que foi treinado especificamente para calcular a probabilidade de um artigo se referir a casos de feminic\u00eddio e agrupar not\u00edcias de diferentes fontes sobre o mesmo tema. Finalmente, o sistema envia alertas por email com os artigos relevantes, com a frequ\u00eancia de recebimento determinada por cada usu\u00e1rio, facilitando o trabalho de monitoramento. O sistema foi inicialmente desenvolvido para o Ingl\u00eas e o Espanhol, mas o Data + Feminism Lab trabalhou no \u00faltimo ano com ativistas no Brasil, incluindo pesquisadoras do LESFEM, para treinar o algoritmo para identifica\u00e7\u00e3o de not\u00edcias em Portugu\u00eas. Dentre a equipe do Data + Feminism Lab, est\u00e3o em colabora\u00e7\u00e3o direta com Laborat\u00f3rio de Estudos de Feminic\u00eddios no Brasil a diretora do laborat\u00f3rio, Catherine D\u2019Ignazio (Professora de Ci\u00eancia Urbana e Planejamento, Massachusetts Institute of Technology), a pesquisadora afiliada Isadora Crux\u00ean (Professora de Neg\u00f3cios e Sociedade, Queen Mary University of London) e Alessandra Jungs de Almeida (Doutoranda em Rela\u00e7\u00f5es Internacionais na UFSC e assistente de pesquisa no Data+Feminism Lab, MIT), as quais coordenam a colabora\u00e7\u00e3o com ativistas no Brasil.&nbsp;&nbsp;<\/p>\n\n\n\n<p>Ap\u00f3s a compila\u00e7\u00e3o e categoriza\u00e7\u00e3o das not\u00edcias recebidas pelo <em>Data Against Feminicide Email Alerts<\/em>, fazemos uma segunda etapa de confronta\u00e7\u00e3o com not\u00edcias localizadas pelo sistema de buscas do Google, com uso de termos de buscas refinados para nossos objetivos, com a finalidade de identificar eventuais not\u00edcias n\u00e3o registradas no MediaCloud.<\/p>\n\n\n\n<p>O trabalho de identifica\u00e7\u00e3o e categoriza\u00e7\u00e3o das not\u00edcias de novos feminic\u00eddios\/mortes violentas de mulheres no Brasil, tentados e consumados, \u00e9 realizado periodicamente com o intuito de disponibilizar ao p\u00fablico interessado um levantado de dados atualizados e de f\u00e1cil acesso, contribuindo assim para monitorar e visibilizar o feminic\u00eddio no Brasil.<\/p>\n\n\n\n<div class=\"wp-block-columns is-layout-flex wp-container-core-columns-is-layout-9d6595d7 wp-block-columns-is-layout-flex\">\n<div class=\"wp-block-column is-layout-flow wp-block-column-is-layout-flow\" style=\"flex-basis:100%\"><\/div>\n<\/div>\n\n\n\n<div class=\"wp-block-columns is-layout-flex wp-container-core-columns-is-layout-9d6595d7 wp-block-columns-is-layout-flex\">\n<div class=\"wp-block-column is-layout-flow wp-block-column-is-layout-flow\"><\/div>\n<\/div>\n\n\n\n<div class=\"wp-block-group\"><div class=\"wp-block-group__inner-container is-layout-constrained wp-block-group-is-layout-constrained\">\n<div class=\"wp-block-columns is-layout-flex wp-container-core-columns-is-layout-9d6595d7 wp-block-columns-is-layout-flex\">\n<div class=\"wp-block-column is-layout-flow wp-block-column-is-layout-flow\">\n<div class=\"wp-block-columns is-layout-flex wp-container-core-columns-is-layout-9d6595d7 wp-block-columns-is-layout-flex\">\n<div class=\"wp-block-column is-layout-flow wp-block-column-is-layout-flow\">\n<figure class=\"wp-block-image size-large is-resized\"><img loading=\"lazy\" decoding=\"async\" width=\"1024\" height=\"799\" src=\"https:\/\/sites.uel.br\/lesfem\/wp-content\/uploads\/2023\/06\/LESFEM_CaixaAlta-1-1024x799.png\" alt=\"\" class=\"wp-image-731\" style=\"width:242px;height:188px\" srcset=\"https:\/\/sites.uel.br\/lesfem\/wp-content\/uploads\/2023\/06\/LESFEM_CaixaAlta-1-1024x799.png 1024w, https:\/\/sites.uel.br\/lesfem\/wp-content\/uploads\/2023\/06\/LESFEM_CaixaAlta-1-300x234.png 300w, https:\/\/sites.uel.br\/lesfem\/wp-content\/uploads\/2023\/06\/LESFEM_CaixaAlta-1-768x599.png 768w, https:\/\/sites.uel.br\/lesfem\/wp-content\/uploads\/2023\/06\/LESFEM_CaixaAlta-1-1536x1198.png 1536w, https:\/\/sites.uel.br\/lesfem\/wp-content\/uploads\/2023\/06\/LESFEM_CaixaAlta-1-2048x1598.png 2048w\" sizes=\"auto, (max-width: 1024px) 100vw, 1024px\" \/><\/figure>\n<\/div>\n\n\n\n<div class=\"wp-block-column is-layout-flow wp-block-column-is-layout-flow\">\n<figure class=\"wp-block-image size-full\"><img loading=\"lazy\" decoding=\"async\" width=\"225\" height=\"225\" src=\"https:\/\/sites.uel.br\/lesfem\/wp-content\/uploads\/2023\/06\/WhatsApp-Image-2023-05-26-at-17.00.37.jpeg\" alt=\"\" class=\"wp-image-741\" \/><\/figure>\n<\/div>\n\n\n\n<div class=\"wp-block-column is-layout-flow wp-block-column-is-layout-flow\">\n<figure class=\"wp-block-image size-full is-resized\"><img loading=\"lazy\" decoding=\"async\" width=\"693\" height=\"703\" src=\"https:\/\/sites.uel.br\/lesfem\/wp-content\/uploads\/2023\/06\/mundo_sur_isologotipo.png\" alt=\"\" class=\"wp-image-791\" style=\"width:177px;height:179px\" srcset=\"https:\/\/sites.uel.br\/lesfem\/wp-content\/uploads\/2023\/06\/mundo_sur_isologotipo.png 693w, https:\/\/sites.uel.br\/lesfem\/wp-content\/uploads\/2023\/06\/mundo_sur_isologotipo-296x300.png 296w\" sizes=\"auto, (max-width: 693px) 100vw, 693px\" \/><\/figure>\n<\/div>\n\n\n\n<div class=\"wp-block-column is-layout-flow wp-block-column-is-layout-flow\">\n<figure class=\"wp-block-image size-full is-resized\"><img loading=\"lazy\" decoding=\"async\" width=\"492\" height=\"267\" src=\"https:\/\/sites.uel.br\/lesfem\/wp-content\/uploads\/2023\/06\/d_f_logo-7.png\" alt=\"\" class=\"wp-image-734\" style=\"width:247px;height:134px\" srcset=\"https:\/\/sites.uel.br\/lesfem\/wp-content\/uploads\/2023\/06\/d_f_logo-7.png 492w, https:\/\/sites.uel.br\/lesfem\/wp-content\/uploads\/2023\/06\/d_f_logo-7-300x163.png 300w\" sizes=\"auto, (max-width: 492px) 100vw, 492px\" \/><\/figure>\n<\/div>\n<\/div>\n<\/div>\n<\/div>\n<\/div><\/div>\n","protected":false},"excerpt":{"rendered":"<p>Metodologia para produ\u00e7\u00e3o de dados sobre Feminic\u00eddios\/Mortes Violentas Intencionais de Mulheres O LESFEM realiza um trabalho de contra-dados, por meio de fontes n\u00e3o estatais sobre feminic\u00eddios no Brasil, notadamente not\u00edcias divulgadas por ve\u00edculos de imprensa escrita no meio digital. Essa classifica\u00e7\u00e3o adota o princ\u00edpio das diretrizes e protocolos para investiga\u00e7\u00e3o de mortes violentas de mulheres, [&hellip;]<\/p>\n","protected":false},"author":8,"featured_media":0,"parent":502,"menu_order":0,"comment_status":"closed","ping_status":"closed","template":"","meta":{"_acf_changed":false,"_gspb_post_css":"","footnotes":""},"class_list":["post-616","page","type-page","status-publish","hentry"],"acf":[],"_links":{"self":[{"href":"https:\/\/sites.uel.br\/lesfem\/wp-json\/wp\/v2\/pages\/616","targetHints":{"allow":["GET"]}}],"collection":[{"href":"https:\/\/sites.uel.br\/lesfem\/wp-json\/wp\/v2\/pages"}],"about":[{"href":"https:\/\/sites.uel.br\/lesfem\/wp-json\/wp\/v2\/types\/page"}],"author":[{"embeddable":true,"href":"https:\/\/sites.uel.br\/lesfem\/wp-json\/wp\/v2\/users\/8"}],"replies":[{"embeddable":true,"href":"https:\/\/sites.uel.br\/lesfem\/wp-json\/wp\/v2\/comments?post=616"}],"version-history":[{"count":15,"href":"https:\/\/sites.uel.br\/lesfem\/wp-json\/wp\/v2\/pages\/616\/revisions"}],"predecessor-version":[{"id":4474,"href":"https:\/\/sites.uel.br\/lesfem\/wp-json\/wp\/v2\/pages\/616\/revisions\/4474"}],"up":[{"embeddable":true,"href":"https:\/\/sites.uel.br\/lesfem\/wp-json\/wp\/v2\/pages\/502"}],"wp:attachment":[{"href":"https:\/\/sites.uel.br\/lesfem\/wp-json\/wp\/v2\/media?parent=616"}],"curies":[{"name":"wp","href":"https:\/\/api.w.org\/{rel}","templated":true}]}}