{"id":5245,"date":"2026-02-26T10:02:43","date_gmt":"2026-02-26T13:02:43","guid":{"rendered":"https:\/\/sites.uel.br\/lesfem\/?page_id=5245"},"modified":"2026-02-26T10:02:43","modified_gmt":"2026-02-26T13:02:43","slug":"feminicidios-consumados-e-tentados-no-parana-2025","status":"publish","type":"page","link":"https:\/\/sites.uel.br\/lesfem\/feminicidios-consumados-e-tentados-no-parana-2025\/","title":{"rendered":"Feminic\u00eddios consumados e tentados no Paran\u00e1 \u2013 2025"},"content":{"rendered":"\n<p>O Monitor de Feminic\u00eddios no Brasil (MFB), iniciativa do Lesfem\/UEL, divulga os dados referentes ao ano de 2025 no estado do Paran\u00e1. No per\u00edodo, foram registrados <strong>355<\/strong> casos de feminic\u00eddios consumados ou tentados, com queda em rela\u00e7\u00e3o ao ano de 2024.<\/p>\n\n\n\n<p>O Boletim completo est\u00e1 dispon\u00edvel para consulta no link abaixo.<\/p>\n\n\n\n<div data-wp-interactive=\"core\/file\" class=\"wp-block-file\"><object data-wp-bind--hidden=\"!state.hasPdfPreview\" hidden class=\"wp-block-file__embed\" data=\"https:\/\/sites.uel.br\/lesfem\/wp-content\/uploads\/2026\/02\/MFB_2025_PR_anual_publicado.pdf\" type=\"application\/pdf\" style=\"width:100%;height:600px\" aria-label=\"Incorporado de MFB_2025_PR_anual_publicado.\"><\/object><a id=\"wp-block-file--media-4658ba8c-82a7-4822-90ef-c0c30d75ce38\" href=\"https:\/\/sites.uel.br\/lesfem\/wp-content\/uploads\/2026\/02\/MFB_2025_PR_anual_publicado.pdf\">MFB_2025_PR_anual_publicado<\/a><a href=\"https:\/\/sites.uel.br\/lesfem\/wp-content\/uploads\/2026\/02\/MFB_2025_PR_anual_publicado.pdf\" class=\"wp-block-file__button wp-element-button\" download aria-describedby=\"wp-block-file--media-4658ba8c-82a7-4822-90ef-c0c30d75ce38\">Baixar<\/a><\/div>\n","protected":false},"excerpt":{"rendered":"<p>O Monitor de Feminic\u00eddios no Brasil (MFB), iniciativa do Lesfem\/UEL, divulga os dados referentes ao ano de 2025 no estado do Paran\u00e1. No per\u00edodo, foram registrados 355 casos de feminic\u00eddios consumados ou tentados, com queda em rela\u00e7\u00e3o ao ano de 2024. O Boletim completo est\u00e1 dispon\u00edvel para consulta no link abaixo.<\/p>\n","protected":false},"author":8,"featured_media":0,"parent":0,"menu_order":0,"comment_status":"closed","ping_status":"closed","template":"","meta":{"_acf_changed":false,"_gspb_post_css":"","footnotes":""},"class_list":["post-5245","page","type-page","status-publish","hentry"],"acf":[],"_links":{"self":[{"href":"https:\/\/sites.uel.br\/lesfem\/wp-json\/wp\/v2\/pages\/5245","targetHints":{"allow":["GET"]}}],"collection":[{"href":"https:\/\/sites.uel.br\/lesfem\/wp-json\/wp\/v2\/pages"}],"about":[{"href":"https:\/\/sites.uel.br\/lesfem\/wp-json\/wp\/v2\/types\/page"}],"author":[{"embeddable":true,"href":"https:\/\/sites.uel.br\/lesfem\/wp-json\/wp\/v2\/users\/8"}],"replies":[{"embeddable":true,"href":"https:\/\/sites.uel.br\/lesfem\/wp-json\/wp\/v2\/comments?post=5245"}],"version-history":[{"count":1,"href":"https:\/\/sites.uel.br\/lesfem\/wp-json\/wp\/v2\/pages\/5245\/revisions"}],"predecessor-version":[{"id":5247,"href":"https:\/\/sites.uel.br\/lesfem\/wp-json\/wp\/v2\/pages\/5245\/revisions\/5247"}],"wp:attachment":[{"href":"https:\/\/sites.uel.br\/lesfem\/wp-json\/wp\/v2\/media?parent=5245"}],"curies":[{"name":"wp","href":"https:\/\/api.w.org\/{rel}","templated":true}]}}