{"id":4841,"date":"2025-10-09T11:43:18","date_gmt":"2025-10-09T14:43:18","guid":{"rendered":"https:\/\/sites.uel.br\/lesfem\/?page_id=4841"},"modified":"2025-10-09T12:20:58","modified_gmt":"2025-10-09T15:20:58","slug":"boletim-de-dezembro-2023","status":"publish","type":"page","link":"https:\/\/sites.uel.br\/lesfem\/boletim-de-dezembro-2023\/","title":{"rendered":"Boletim de Dezembro 2023"},"content":{"rendered":"\n<p>LESFEM publica o Boletim Dezembro com os n\u00fameros de feminic\u00eddios acumulados e registrados no m\u00eas de novembro. Foram registrados 322 novos feminic\u00eddios nesta nova atualiza\u00e7\u00e3o.<\/p>\n\n\n\n<div data-wp-interactive=\"core\/file\" class=\"wp-block-file\"><object data-wp-bind--hidden=\"!state.hasPdfPreview\" hidden class=\"wp-block-file__embed\" data=\"https:\/\/sites.uel.br\/lesfem\/wp-content\/uploads\/2025\/10\/Boletim-Dezembro-2023.pdf\" type=\"application\/pdf\" style=\"width:100%;height:600px\" aria-label=\"Incorporado de Boletim Dezembro 2023.\"><\/object><a id=\"wp-block-file--media-7b4d9ae5-2809-416d-8eb8-8bd2b3faaf0e\" href=\"https:\/\/sites.uel.br\/lesfem\/wp-content\/uploads\/2025\/10\/Boletim-Dezembro-2023.pdf\">Boletim Dezembro 2023<\/a><a href=\"https:\/\/sites.uel.br\/lesfem\/wp-content\/uploads\/2025\/10\/Boletim-Dezembro-2023.pdf\" class=\"wp-block-file__button wp-element-button\" download aria-describedby=\"wp-block-file--media-7b4d9ae5-2809-416d-8eb8-8bd2b3faaf0e\">Baixar<\/a><\/div>\n","protected":false},"excerpt":{"rendered":"<p>LESFEM publica o Boletim Dezembro com os n\u00fameros de feminic\u00eddios acumulados e registrados no m\u00eas de novembro. Foram registrados 322 novos feminic\u00eddios nesta nova atualiza\u00e7\u00e3o.<\/p>\n","protected":false},"author":8,"featured_media":0,"parent":0,"menu_order":0,"comment_status":"closed","ping_status":"closed","template":"","meta":{"_acf_changed":false,"_gspb_post_css":"","footnotes":""},"class_list":["post-4841","page","type-page","status-publish","hentry"],"acf":[],"_links":{"self":[{"href":"https:\/\/sites.uel.br\/lesfem\/wp-json\/wp\/v2\/pages\/4841","targetHints":{"allow":["GET"]}}],"collection":[{"href":"https:\/\/sites.uel.br\/lesfem\/wp-json\/wp\/v2\/pages"}],"about":[{"href":"https:\/\/sites.uel.br\/lesfem\/wp-json\/wp\/v2\/types\/page"}],"author":[{"embeddable":true,"href":"https:\/\/sites.uel.br\/lesfem\/wp-json\/wp\/v2\/users\/8"}],"replies":[{"embeddable":true,"href":"https:\/\/sites.uel.br\/lesfem\/wp-json\/wp\/v2\/comments?post=4841"}],"version-history":[{"count":3,"href":"https:\/\/sites.uel.br\/lesfem\/wp-json\/wp\/v2\/pages\/4841\/revisions"}],"predecessor-version":[{"id":4865,"href":"https:\/\/sites.uel.br\/lesfem\/wp-json\/wp\/v2\/pages\/4841\/revisions\/4865"}],"wp:attachment":[{"href":"https:\/\/sites.uel.br\/lesfem\/wp-json\/wp\/v2\/media?parent=4841"}],"curies":[{"name":"wp","href":"https:\/\/api.w.org\/{rel}","templated":true}]}}