{"id":4839,"date":"2025-10-09T11:41:27","date_gmt":"2025-10-09T14:41:27","guid":{"rendered":"https:\/\/sites.uel.br\/lesfem\/?page_id=4839"},"modified":"2025-10-09T12:19:53","modified_gmt":"2025-10-09T15:19:53","slug":"boletim-de-novembro-2023","status":"publish","type":"page","link":"https:\/\/sites.uel.br\/lesfem\/boletim-de-novembro-2023\/","title":{"rendered":"Boletim de Novembro 2023"},"content":{"rendered":"\n<p>O boletim de novembro, elaborado pelo Laborat\u00f3rio de Estudos de Feminic\u00eddios (LESFEM), contabilizou um total de 244 feminic\u00eddios no m\u00eas de outubro, abrangendo os casos consumados e tentados. O boletim abrange uma an\u00e1lise quantitativa dos dados gerados pelo Monitoramento de Feminic\u00eddios no Brasil (MFB).<\/p>\n\n\n\n<div data-wp-interactive=\"core\/file\" class=\"wp-block-file\"><object data-wp-bind--hidden=\"!state.hasPdfPreview\" hidden class=\"wp-block-file__embed\" data=\"https:\/\/sites.uel.br\/lesfem\/wp-content\/uploads\/2025\/10\/Boletim-Novembro-2023.pdf\" type=\"application\/pdf\" style=\"width:100%;height:600px\" aria-label=\"Incorporado de Boletim Novembro 2023.\"><\/object><a id=\"wp-block-file--media-eeaa14f0-c7f8-46a6-aa9b-96c609753e0d\" href=\"https:\/\/sites.uel.br\/lesfem\/wp-content\/uploads\/2025\/10\/Boletim-Novembro-2023.pdf\">Boletim Novembro 2023<\/a><a href=\"https:\/\/sites.uel.br\/lesfem\/wp-content\/uploads\/2025\/10\/Boletim-Novembro-2023.pdf\" class=\"wp-block-file__button wp-element-button\" download aria-describedby=\"wp-block-file--media-eeaa14f0-c7f8-46a6-aa9b-96c609753e0d\">Baixar<\/a><\/div>\n","protected":false},"excerpt":{"rendered":"<p>O boletim de novembro, elaborado pelo Laborat\u00f3rio de Estudos de Feminic\u00eddios (LESFEM), contabilizou um total de 244 feminic\u00eddios no m\u00eas de outubro, abrangendo os casos consumados e tentados. O boletim abrange uma an\u00e1lise quantitativa dos dados gerados pelo Monitoramento de Feminic\u00eddios no Brasil (MFB).<\/p>\n","protected":false},"author":8,"featured_media":0,"parent":0,"menu_order":0,"comment_status":"closed","ping_status":"closed","template":"","meta":{"_acf_changed":false,"_gspb_post_css":"","footnotes":""},"class_list":["post-4839","page","type-page","status-publish","hentry"],"acf":[],"_links":{"self":[{"href":"https:\/\/sites.uel.br\/lesfem\/wp-json\/wp\/v2\/pages\/4839","targetHints":{"allow":["GET"]}}],"collection":[{"href":"https:\/\/sites.uel.br\/lesfem\/wp-json\/wp\/v2\/pages"}],"about":[{"href":"https:\/\/sites.uel.br\/lesfem\/wp-json\/wp\/v2\/types\/page"}],"author":[{"embeddable":true,"href":"https:\/\/sites.uel.br\/lesfem\/wp-json\/wp\/v2\/users\/8"}],"replies":[{"embeddable":true,"href":"https:\/\/sites.uel.br\/lesfem\/wp-json\/wp\/v2\/comments?post=4839"}],"version-history":[{"count":3,"href":"https:\/\/sites.uel.br\/lesfem\/wp-json\/wp\/v2\/pages\/4839\/revisions"}],"predecessor-version":[{"id":4862,"href":"https:\/\/sites.uel.br\/lesfem\/wp-json\/wp\/v2\/pages\/4839\/revisions\/4862"}],"wp:attachment":[{"href":"https:\/\/sites.uel.br\/lesfem\/wp-json\/wp\/v2\/media?parent=4839"}],"curies":[{"name":"wp","href":"https:\/\/api.w.org\/{rel}","templated":true}]}}