{"id":4837,"date":"2025-10-09T11:39:52","date_gmt":"2025-10-09T14:39:52","guid":{"rendered":"https:\/\/sites.uel.br\/lesfem\/?page_id=4837"},"modified":"2025-10-09T12:18:28","modified_gmt":"2025-10-09T15:18:28","slug":"boletim-de-olutubro-2023","status":"publish","type":"page","link":"https:\/\/sites.uel.br\/lesfem\/boletim-de-olutubro-2023\/","title":{"rendered":"Boletim de Outubro 2023"},"content":{"rendered":"\n<p>O boletim de outubro, elaborado pelo Laborat\u00f3rio de Estudos de Feminic\u00eddios (LESFEM), contabiliza um total de 161 feminic\u00eddios no m\u00eas de setembro, abrangendo os casos consumados e tentados.<\/p>\n\n\n\n<div data-wp-interactive=\"core\/file\" class=\"wp-block-file\"><object data-wp-bind--hidden=\"!state.hasPdfPreview\" hidden class=\"wp-block-file__embed\" data=\"https:\/\/sites.uel.br\/lesfem\/wp-content\/uploads\/2025\/10\/Boletim-Outubro-2023.pdf\" type=\"application\/pdf\" style=\"width:100%;height:600px\" aria-label=\"Incorporado de Boletim Outubro 2023.\"><\/object><a id=\"wp-block-file--media-b8f503f5-28ec-4cd0-9711-1448375d3d0b\" href=\"https:\/\/sites.uel.br\/lesfem\/wp-content\/uploads\/2025\/10\/Boletim-Outubro-2023.pdf\">Boletim Outubro 2023<\/a><a href=\"https:\/\/sites.uel.br\/lesfem\/wp-content\/uploads\/2025\/10\/Boletim-Outubro-2023.pdf\" class=\"wp-block-file__button wp-element-button\" download aria-describedby=\"wp-block-file--media-b8f503f5-28ec-4cd0-9711-1448375d3d0b\">Baixar<\/a><\/div>\n","protected":false},"excerpt":{"rendered":"<p>O boletim de outubro, elaborado pelo Laborat\u00f3rio de Estudos de Feminic\u00eddios (LESFEM), contabiliza um total de 161 feminic\u00eddios no m\u00eas de setembro, abrangendo os casos consumados e tentados.<\/p>\n","protected":false},"author":8,"featured_media":0,"parent":0,"menu_order":0,"comment_status":"closed","ping_status":"closed","template":"","meta":{"_acf_changed":false,"_gspb_post_css":"","footnotes":""},"class_list":["post-4837","page","type-page","status-publish","hentry"],"acf":[],"_links":{"self":[{"href":"https:\/\/sites.uel.br\/lesfem\/wp-json\/wp\/v2\/pages\/4837","targetHints":{"allow":["GET"]}}],"collection":[{"href":"https:\/\/sites.uel.br\/lesfem\/wp-json\/wp\/v2\/pages"}],"about":[{"href":"https:\/\/sites.uel.br\/lesfem\/wp-json\/wp\/v2\/types\/page"}],"author":[{"embeddable":true,"href":"https:\/\/sites.uel.br\/lesfem\/wp-json\/wp\/v2\/users\/8"}],"replies":[{"embeddable":true,"href":"https:\/\/sites.uel.br\/lesfem\/wp-json\/wp\/v2\/comments?post=4837"}],"version-history":[{"count":4,"href":"https:\/\/sites.uel.br\/lesfem\/wp-json\/wp\/v2\/pages\/4837\/revisions"}],"predecessor-version":[{"id":4859,"href":"https:\/\/sites.uel.br\/lesfem\/wp-json\/wp\/v2\/pages\/4837\/revisions\/4859"}],"wp:attachment":[{"href":"https:\/\/sites.uel.br\/lesfem\/wp-json\/wp\/v2\/media?parent=4837"}],"curies":[{"name":"wp","href":"https:\/\/api.w.org\/{rel}","templated":true}]}}