{"id":4835,"date":"2025-10-09T11:34:43","date_gmt":"2025-10-09T14:34:43","guid":{"rendered":"https:\/\/sites.uel.br\/lesfem\/?page_id=4835"},"modified":"2025-10-09T12:14:12","modified_gmt":"2025-10-09T15:14:12","slug":"boletim-de-setembro-2023","status":"publish","type":"page","link":"https:\/\/sites.uel.br\/lesfem\/boletim-de-setembro-2023\/","title":{"rendered":"Boletim de Setembro 2023"},"content":{"rendered":"\n<p>O Laborat\u00f3rio de Estudos de Feminic\u00eddios (LESFEM) apresenta o Boletim de Setembro, de acordo com os dados coletados pelo Monitor de Feminic\u00eddios no Brasil (MFB), em agosto deste ano, os n\u00fameros s\u00e3o alarmantes: foram registrados 166 novos casos, dentre os quais 114 custaram a vida da v\u00edtima. S\u00e3o 3,6 feminic\u00eddios consumados por dia. &nbsp;<\/p>\n\n\n\n<div data-wp-interactive=\"core\/file\" class=\"wp-block-file\"><object data-wp-bind--hidden=\"!state.hasPdfPreview\" hidden class=\"wp-block-file__embed\" data=\"https:\/\/sites.uel.br\/lesfem\/wp-content\/uploads\/2025\/10\/Boletim-Setembro-2023.pdf\" type=\"application\/pdf\" style=\"width:100%;height:600px\" aria-label=\"Incorporado de Boletim Setembro 2023.\"><\/object><a id=\"wp-block-file--media-7cf26546-f635-4eed-aaf1-3bfb32090000\" href=\"https:\/\/sites.uel.br\/lesfem\/wp-content\/uploads\/2025\/10\/Boletim-Setembro-2023.pdf\">Boletim Setembro 2023<\/a><a href=\"https:\/\/sites.uel.br\/lesfem\/wp-content\/uploads\/2025\/10\/Boletim-Setembro-2023.pdf\" class=\"wp-block-file__button wp-element-button\" download aria-describedby=\"wp-block-file--media-7cf26546-f635-4eed-aaf1-3bfb32090000\">Baixar<\/a><\/div>\n","protected":false},"excerpt":{"rendered":"<p>O Laborat\u00f3rio de Estudos de Feminic\u00eddios (LESFEM) apresenta o Boletim de Setembro, de acordo com os dados coletados pelo Monitor de Feminic\u00eddios no Brasil (MFB), em agosto deste ano, os n\u00fameros s\u00e3o alarmantes: foram registrados 166 novos casos, dentre os quais 114 custaram a vida da v\u00edtima. S\u00e3o 3,6 feminic\u00eddios consumados por dia. &nbsp;<\/p>\n","protected":false},"author":8,"featured_media":0,"parent":0,"menu_order":0,"comment_status":"closed","ping_status":"closed","template":"","meta":{"_acf_changed":false,"_gspb_post_css":"","footnotes":""},"class_list":["post-4835","page","type-page","status-publish","hentry"],"acf":[],"_links":{"self":[{"href":"https:\/\/sites.uel.br\/lesfem\/wp-json\/wp\/v2\/pages\/4835","targetHints":{"allow":["GET"]}}],"collection":[{"href":"https:\/\/sites.uel.br\/lesfem\/wp-json\/wp\/v2\/pages"}],"about":[{"href":"https:\/\/sites.uel.br\/lesfem\/wp-json\/wp\/v2\/types\/page"}],"author":[{"embeddable":true,"href":"https:\/\/sites.uel.br\/lesfem\/wp-json\/wp\/v2\/users\/8"}],"replies":[{"embeddable":true,"href":"https:\/\/sites.uel.br\/lesfem\/wp-json\/wp\/v2\/comments?post=4835"}],"version-history":[{"count":3,"href":"https:\/\/sites.uel.br\/lesfem\/wp-json\/wp\/v2\/pages\/4835\/revisions"}],"predecessor-version":[{"id":4856,"href":"https:\/\/sites.uel.br\/lesfem\/wp-json\/wp\/v2\/pages\/4835\/revisions\/4856"}],"wp:attachment":[{"href":"https:\/\/sites.uel.br\/lesfem\/wp-json\/wp\/v2\/media?parent=4835"}],"curies":[{"name":"wp","href":"https:\/\/api.w.org\/{rel}","templated":true}]}}