{"id":4829,"date":"2025-10-09T11:31:41","date_gmt":"2025-10-09T14:31:41","guid":{"rendered":"https:\/\/sites.uel.br\/lesfem\/?page_id=4829"},"modified":"2025-10-09T11:52:38","modified_gmt":"2025-10-09T14:52:38","slug":"relatorio-do-1o-semestre-de-2023","status":"publish","type":"page","link":"https:\/\/sites.uel.br\/lesfem\/relatorio-do-1o-semestre-de-2023\/","title":{"rendered":"Relat\u00f3rio do 1\u00ba semestre de 2023"},"content":{"rendered":"\n<p id=\"paragraph_099y-jOzmoA\">O Monitor de Feminic\u00eddios no Brasil (MFB), do Laborat\u00f3rio de Estudos de Feminic\u00eddios (LESFEM), registra casos de feminic\u00eddios ocorridos em todo territ\u00f3rio nacional, por meio de not\u00edcias veiculadas pela imprensa, com aux\u00edlio de ferramentas digitais para pesquisa. Os crit\u00e9rios de classifica\u00e7\u00e3o incluem feminic\u00eddios consumados e tentados, valendo-se da interpreta\u00e7\u00e3o de diretrizes e protocolos nacionais e internacionais sobre investiga\u00e7\u00e3o de mortes violentas de mulheres (consumadas ou tentadas).<\/p>\n\n\n\n<p id=\"paragraph_pF9y-jezmoA\">De janeiro a junho de 2023, o MFB registrou 862 feminic\u00eddios, sendo 599 consumados e 263 tentados.<\/p>\n\n\n\n<p><strong><em><a rel=\"noreferrer noopener\" href=\"https:\/\/sway.office.com\/HfVKjP73D6B8z65m\" target=\"_blank\">862 feminic\u00eddios consumados e tentados no Brasil durante o 1\u00ba semestre; pelo menos 599 foram consumados<\/a><\/em><\/strong><\/p>\n","protected":false},"excerpt":{"rendered":"<p>O Monitor de Feminic\u00eddios no Brasil (MFB), do Laborat\u00f3rio de Estudos de Feminic\u00eddios (LESFEM), registra casos de feminic\u00eddios ocorridos em todo territ\u00f3rio nacional, por meio de not\u00edcias veiculadas pela imprensa, com aux\u00edlio de ferramentas digitais para pesquisa. Os crit\u00e9rios de classifica\u00e7\u00e3o incluem feminic\u00eddios consumados e tentados, valendo-se da interpreta\u00e7\u00e3o de diretrizes e protocolos nacionais e [&hellip;]<\/p>\n","protected":false},"author":8,"featured_media":0,"parent":0,"menu_order":0,"comment_status":"closed","ping_status":"closed","template":"","meta":{"_acf_changed":false,"_gspb_post_css":"","footnotes":""},"class_list":["post-4829","page","type-page","status-publish","hentry"],"acf":[],"_links":{"self":[{"href":"https:\/\/sites.uel.br\/lesfem\/wp-json\/wp\/v2\/pages\/4829","targetHints":{"allow":["GET"]}}],"collection":[{"href":"https:\/\/sites.uel.br\/lesfem\/wp-json\/wp\/v2\/pages"}],"about":[{"href":"https:\/\/sites.uel.br\/lesfem\/wp-json\/wp\/v2\/types\/page"}],"author":[{"embeddable":true,"href":"https:\/\/sites.uel.br\/lesfem\/wp-json\/wp\/v2\/users\/8"}],"replies":[{"embeddable":true,"href":"https:\/\/sites.uel.br\/lesfem\/wp-json\/wp\/v2\/comments?post=4829"}],"version-history":[{"count":3,"href":"https:\/\/sites.uel.br\/lesfem\/wp-json\/wp\/v2\/pages\/4829\/revisions"}],"predecessor-version":[{"id":4849,"href":"https:\/\/sites.uel.br\/lesfem\/wp-json\/wp\/v2\/pages\/4829\/revisions\/4849"}],"wp:attachment":[{"href":"https:\/\/sites.uel.br\/lesfem\/wp-json\/wp\/v2\/media?parent=4829"}],"curies":[{"name":"wp","href":"https:\/\/api.w.org\/{rel}","templated":true}]}}