{"id":4819,"date":"2025-10-09T11:13:19","date_gmt":"2025-10-09T14:13:19","guid":{"rendered":"https:\/\/sites.uel.br\/lesfem\/?page_id=4819"},"modified":"2025-10-09T11:53:45","modified_gmt":"2025-10-09T14:53:45","slug":"boletim-de-agosto-2023","status":"publish","type":"page","link":"https:\/\/sites.uel.br\/lesfem\/boletim-de-agosto-2023\/","title":{"rendered":"Boletim de Agosto 2023"},"content":{"rendered":"\n<p>Neste Boletim apresentamos atualiza\u00e7\u00f5es dos dados publicados no relat\u00f3rio semestral, que compreendia os meses de janeiro a junho de 2023. No relat\u00f3rio semestral registramos 862 feminic\u00eddios. Nesta atualiza\u00e7\u00e3o registram-se 1.153 feminic\u00eddios, sendo 805 consumados e 348 tentados. Esse aumento de 291 registros inclui tanto os novos casos ocorridos no m\u00eas de julho, como atualiza\u00e7\u00f5es dos meses anteriores, por meio do permanente aperfei\u00e7oamento nas buscas.<\/p>\n\n\n\n<p><em><strong><a href=\"https:\/\/sway.office.com\/Dc7r5Tvr19NheTW9?ref=Link\">Brasil registra 1.153 feminic\u00eddios at\u00e9 julho de 2023<\/a><\/strong><\/em><\/p>\n","protected":false},"excerpt":{"rendered":"<p>Neste Boletim apresentamos atualiza\u00e7\u00f5es dos dados publicados no relat\u00f3rio semestral, que compreendia os meses de janeiro a junho de 2023. No relat\u00f3rio semestral registramos 862 feminic\u00eddios. Nesta atualiza\u00e7\u00e3o registram-se 1.153 feminic\u00eddios, sendo 805 consumados e 348 tentados. Esse aumento de 291 registros inclui tanto os novos casos ocorridos no m\u00eas de julho, como atualiza\u00e7\u00f5es dos [&hellip;]<\/p>\n","protected":false},"author":8,"featured_media":0,"parent":0,"menu_order":0,"comment_status":"closed","ping_status":"closed","template":"","meta":{"_acf_changed":false,"_gspb_post_css":"","footnotes":""},"class_list":["post-4819","page","type-page","status-publish","hentry"],"acf":[],"_links":{"self":[{"href":"https:\/\/sites.uel.br\/lesfem\/wp-json\/wp\/v2\/pages\/4819","targetHints":{"allow":["GET"]}}],"collection":[{"href":"https:\/\/sites.uel.br\/lesfem\/wp-json\/wp\/v2\/pages"}],"about":[{"href":"https:\/\/sites.uel.br\/lesfem\/wp-json\/wp\/v2\/types\/page"}],"author":[{"embeddable":true,"href":"https:\/\/sites.uel.br\/lesfem\/wp-json\/wp\/v2\/users\/8"}],"replies":[{"embeddable":true,"href":"https:\/\/sites.uel.br\/lesfem\/wp-json\/wp\/v2\/comments?post=4819"}],"version-history":[{"count":9,"href":"https:\/\/sites.uel.br\/lesfem\/wp-json\/wp\/v2\/pages\/4819\/revisions"}],"predecessor-version":[{"id":4851,"href":"https:\/\/sites.uel.br\/lesfem\/wp-json\/wp\/v2\/pages\/4819\/revisions\/4851"}],"wp:attachment":[{"href":"https:\/\/sites.uel.br\/lesfem\/wp-json\/wp\/v2\/media?parent=4819"}],"curies":[{"name":"wp","href":"https:\/\/api.w.org\/{rel}","templated":true}]}}