{"id":4696,"date":"2025-07-20T20:05:18","date_gmt":"2025-07-20T23:05:18","guid":{"rendered":"https:\/\/sites.uel.br\/lesfem\/?page_id=4696"},"modified":"2025-07-20T20:07:57","modified_gmt":"2025-07-20T23:07:57","slug":"relatorio-anual-informe-feminicidios-no-brasil-2023","status":"publish","type":"page","link":"https:\/\/sites.uel.br\/lesfem\/relatorio-anual-informe-feminicidios-no-brasil-2023\/","title":{"rendered":"Relat\u00f3rio Anual &#8211; Informe Feminic\u00eddios no Brasil 2023"},"content":{"rendered":"\n<p>LESFEM apresenta o INFORME FEMINIC\u00cdDIOS NO BRASIL 2023, em que analisa dados de feminic\u00eddios consumados e feminic\u00eddios tentados, no per\u00edodo de janeiro a dezembro de 2023.<\/p>\n\n\n\n<p>No ano de 2023 foram detectados 1.706 casos de feminic\u00eddios consumados e 988 tentados. A fonte dos dados registrados s\u00e3o not\u00edcias veiculadas pela internet, permitindo o monitoramento dos casos.<\/p>\n\n\n\n<p>O documento tamb\u00e9m apresenta informa\u00e7\u00f5es como a metodologia utilizada no monitoramento e detec\u00e7\u00e3o dos casos e as caracter\u00edsticas do feminic\u00eddio consumado.<\/p>\n\n\n\n<div data-wp-interactive=\"core\/file\" class=\"wp-block-file\"><object data-wp-bind--hidden=\"!state.hasPdfPreview\" hidden class=\"wp-block-file__embed\" data=\"https:\/\/sites.uel.br\/lesfem\/wp-content\/uploads\/2025\/07\/Informe-Feminicidios-no-Brasil-2023-para-publicacao.pdf\" type=\"application\/pdf\" style=\"width:100%;height:600px\" aria-label=\"Incorporado de Informe-Feminicidios-no-Brasil-2023-para-publicacao.\"><\/object><a id=\"wp-block-file--media-16154cf4-cf7e-48e8-a207-edbf6c164ad3\" href=\"https:\/\/sites.uel.br\/lesfem\/wp-content\/uploads\/2025\/07\/Informe-Feminicidios-no-Brasil-2023-para-publicacao.pdf\">Informe-Feminicidios-no-Brasil-2023-para-publicacao<\/a><a href=\"https:\/\/sites.uel.br\/lesfem\/wp-content\/uploads\/2025\/07\/Informe-Feminicidios-no-Brasil-2023-para-publicacao.pdf\" class=\"wp-block-file__button wp-element-button\" download aria-describedby=\"wp-block-file--media-16154cf4-cf7e-48e8-a207-edbf6c164ad3\">Baixar<\/a><\/div>\n","protected":false},"excerpt":{"rendered":"<p>LESFEM apresenta o INFORME FEMINIC\u00cdDIOS NO BRASIL 2023, em que analisa dados de feminic\u00eddios consumados e feminic\u00eddios tentados, no per\u00edodo de janeiro a dezembro de 2023. No ano de 2023 foram detectados 1.706 casos de feminic\u00eddios consumados e 988 tentados. A fonte dos dados registrados s\u00e3o not\u00edcias veiculadas pela internet, permitindo o monitoramento dos casos. [&hellip;]<\/p>\n","protected":false},"author":8,"featured_media":0,"parent":0,"menu_order":0,"comment_status":"closed","ping_status":"closed","template":"","meta":{"_acf_changed":false,"_gspb_post_css":"","footnotes":""},"class_list":["post-4696","page","type-page","status-publish","hentry"],"acf":[],"_links":{"self":[{"href":"https:\/\/sites.uel.br\/lesfem\/wp-json\/wp\/v2\/pages\/4696","targetHints":{"allow":["GET"]}}],"collection":[{"href":"https:\/\/sites.uel.br\/lesfem\/wp-json\/wp\/v2\/pages"}],"about":[{"href":"https:\/\/sites.uel.br\/lesfem\/wp-json\/wp\/v2\/types\/page"}],"author":[{"embeddable":true,"href":"https:\/\/sites.uel.br\/lesfem\/wp-json\/wp\/v2\/users\/8"}],"replies":[{"embeddable":true,"href":"https:\/\/sites.uel.br\/lesfem\/wp-json\/wp\/v2\/comments?post=4696"}],"version-history":[{"count":2,"href":"https:\/\/sites.uel.br\/lesfem\/wp-json\/wp\/v2\/pages\/4696\/revisions"}],"predecessor-version":[{"id":4701,"href":"https:\/\/sites.uel.br\/lesfem\/wp-json\/wp\/v2\/pages\/4696\/revisions\/4701"}],"wp:attachment":[{"href":"https:\/\/sites.uel.br\/lesfem\/wp-json\/wp\/v2\/media?parent=4696"}],"curies":[{"name":"wp","href":"https:\/\/api.w.org\/{rel}","templated":true}]}}