{"id":4688,"date":"2025-07-20T19:54:54","date_gmt":"2025-07-20T22:54:54","guid":{"rendered":"https:\/\/sites.uel.br\/lesfem\/?page_id=4688"},"modified":"2025-07-20T19:58:37","modified_gmt":"2025-07-20T22:58:37","slug":"relatorio-trimestral-brasil-jan-mar-2024","status":"publish","type":"page","link":"https:\/\/sites.uel.br\/lesfem\/relatorio-trimestral-brasil-jan-mar-2024\/","title":{"rendered":"Relat\u00f3rio Trimestral &#8211; Brasil &#8211; Jan-Mar\/2024"},"content":{"rendered":"\n<div class=\"wp-block-media-text is-stacked-on-mobile\"><figure class=\"wp-block-media-text__media\"><img loading=\"lazy\" decoding=\"async\" width=\"1024\" height=\"554\" src=\"https:\/\/sites.uel.br\/lesfem\/wp-content\/uploads\/2025\/07\/3jd7yj7j-1.png\" alt=\"\" class=\"wp-image-4691 size-full\" srcset=\"https:\/\/sites.uel.br\/lesfem\/wp-content\/uploads\/2025\/07\/3jd7yj7j-1.png 1024w, https:\/\/sites.uel.br\/lesfem\/wp-content\/uploads\/2025\/07\/3jd7yj7j-1-300x162.png 300w, https:\/\/sites.uel.br\/lesfem\/wp-content\/uploads\/2025\/07\/3jd7yj7j-1-768x416.png 768w\" sizes=\"auto, (max-width: 1024px) 100vw, 1024px\" \/><\/figure><div class=\"wp-block-media-text__content\">\n<p><a href=\"https:\/\/sway.cloud.microsoft\/DE7g8KydpuDN3LXU?ref=Link\"><strong>449 feminic\u00eddios consumados no Brasil no primeiro trimestre de 2024<\/strong><\/a><\/p>\n\n\n\n<p id=\"paragraph_5zJmc9MB8MA\">De janeiro a mar\u00e7o, primeiro trimestre de 2024, detectamos&nbsp;<strong>994 feminic\u00eddios<\/strong>, sendo&nbsp;<strong>449 consumados<\/strong>&nbsp;e&nbsp;<strong>545 tentados<\/strong>.<\/p>\n\n\n\n<p>Este relat\u00f3rio apresenta os dados relativos a feminic\u00eddios CONSUMADOS, dentro do per\u00edodo.<\/p>\n<\/div><\/div>\n","protected":false},"excerpt":{"rendered":"<p>449 feminic\u00eddios consumados no Brasil no primeiro trimestre de 2024 De janeiro a mar\u00e7o, primeiro trimestre de 2024, detectamos&nbsp;994 feminic\u00eddios, sendo&nbsp;449 consumados&nbsp;e&nbsp;545 tentados. Este relat\u00f3rio apresenta os dados relativos a feminic\u00eddios CONSUMADOS, dentro do per\u00edodo.<\/p>\n","protected":false},"author":8,"featured_media":0,"parent":0,"menu_order":0,"comment_status":"closed","ping_status":"closed","template":"","meta":{"_acf_changed":false,"_gspb_post_css":"","footnotes":""},"class_list":["post-4688","page","type-page","status-publish","hentry"],"acf":[],"_links":{"self":[{"href":"https:\/\/sites.uel.br\/lesfem\/wp-json\/wp\/v2\/pages\/4688","targetHints":{"allow":["GET"]}}],"collection":[{"href":"https:\/\/sites.uel.br\/lesfem\/wp-json\/wp\/v2\/pages"}],"about":[{"href":"https:\/\/sites.uel.br\/lesfem\/wp-json\/wp\/v2\/types\/page"}],"author":[{"embeddable":true,"href":"https:\/\/sites.uel.br\/lesfem\/wp-json\/wp\/v2\/users\/8"}],"replies":[{"embeddable":true,"href":"https:\/\/sites.uel.br\/lesfem\/wp-json\/wp\/v2\/comments?post=4688"}],"version-history":[{"count":3,"href":"https:\/\/sites.uel.br\/lesfem\/wp-json\/wp\/v2\/pages\/4688\/revisions"}],"predecessor-version":[{"id":4692,"href":"https:\/\/sites.uel.br\/lesfem\/wp-json\/wp\/v2\/pages\/4688\/revisions\/4692"}],"wp:attachment":[{"href":"https:\/\/sites.uel.br\/lesfem\/wp-json\/wp\/v2\/media?parent=4688"}],"curies":[{"name":"wp","href":"https:\/\/api.w.org\/{rel}","templated":true}]}}