{"id":4675,"date":"2025-07-20T19:20:39","date_gmt":"2025-07-20T22:20:39","guid":{"rendered":"https:\/\/sites.uel.br\/lesfem\/?page_id=4675"},"modified":"2025-07-20T19:38:33","modified_gmt":"2025-07-20T22:38:33","slug":"boletim-semestral-parana-jan-a-jun-2025","status":"publish","type":"page","link":"https:\/\/sites.uel.br\/lesfem\/boletim-semestral-parana-jan-a-jun-2025\/","title":{"rendered":"Boletim Semestral \u2013 Paran\u00e1 \u2013 Jan a Jun 2025"},"content":{"rendered":"\n<p>O Monitor de Feminic\u00eddios no Brasil (MFB), iniciativa do Lesfem\/UEL, divulga os dados referentes ao primeiro semestre de 2025 no estado do Paran\u00e1.<br>Foram registrados <strong>179<\/strong> casos de feminic\u00eddios consumados ou tentados entre janeiro e junho, com destaque para a preval\u00eancia de v\u00ednculos \u00edntimos entre v\u00edtima e agressor.<\/p>\n\n\n\n<p>O Boletim completo est\u00e1 dispon\u00edvel para consulta no link abaixo.<\/p>\n\n\n\n<div data-wp-interactive=\"core\/file\" class=\"wp-block-file\"><object data-wp-bind--hidden=\"!state.hasPdfPreview\" hidden class=\"wp-block-file__embed\" data=\"https:\/\/sites.uel.br\/lesfem\/wp-content\/uploads\/2025\/07\/Boletim-Semestral-Parana-Jan-a-Jun-2025.pdf\" type=\"application\/pdf\" style=\"width:100%;height:600px\" aria-label=\"Incorporado de Boletim Semestral - Paran\u00e1 - Jan a Jun 2025.\"><\/object><a id=\"wp-block-file--media-731e3798-6e43-4998-8605-86a8a634c5bd\" href=\"https:\/\/sites.uel.br\/lesfem\/wp-content\/uploads\/2025\/07\/Boletim-Semestral-Parana-Jan-a-Jun-2025.pdf\">Boletim Semestral &#8211; Paran\u00e1 &#8211; Jan a Jun 2025<\/a><a href=\"https:\/\/sites.uel.br\/lesfem\/wp-content\/uploads\/2025\/07\/Boletim-Semestral-Parana-Jan-a-Jun-2025.pdf\" class=\"wp-block-file__button wp-element-button\" download aria-describedby=\"wp-block-file--media-731e3798-6e43-4998-8605-86a8a634c5bd\">Baixar<\/a><\/div>\n\n\n\n\n\n<p><\/p>\n","protected":false},"excerpt":{"rendered":"<p>O Monitor de Feminic\u00eddios no Brasil (MFB), iniciativa do Lesfem\/UEL, divulga os dados referentes ao primeiro semestre de 2025 no estado do Paran\u00e1.Foram registrados 179 casos de feminic\u00eddios consumados ou tentados entre janeiro e junho, com destaque para a preval\u00eancia de v\u00ednculos \u00edntimos entre v\u00edtima e agressor. O Boletim completo est\u00e1 dispon\u00edvel para consulta no [&hellip;]<\/p>\n","protected":false},"author":8,"featured_media":0,"parent":0,"menu_order":0,"comment_status":"closed","ping_status":"closed","template":"","meta":{"_acf_changed":false,"_gspb_post_css":"","footnotes":""},"class_list":["post-4675","page","type-page","status-publish","hentry"],"acf":[],"_links":{"self":[{"href":"https:\/\/sites.uel.br\/lesfem\/wp-json\/wp\/v2\/pages\/4675","targetHints":{"allow":["GET"]}}],"collection":[{"href":"https:\/\/sites.uel.br\/lesfem\/wp-json\/wp\/v2\/pages"}],"about":[{"href":"https:\/\/sites.uel.br\/lesfem\/wp-json\/wp\/v2\/types\/page"}],"author":[{"embeddable":true,"href":"https:\/\/sites.uel.br\/lesfem\/wp-json\/wp\/v2\/users\/8"}],"replies":[{"embeddable":true,"href":"https:\/\/sites.uel.br\/lesfem\/wp-json\/wp\/v2\/comments?post=4675"}],"version-history":[{"count":2,"href":"https:\/\/sites.uel.br\/lesfem\/wp-json\/wp\/v2\/pages\/4675\/revisions"}],"predecessor-version":[{"id":4679,"href":"https:\/\/sites.uel.br\/lesfem\/wp-json\/wp\/v2\/pages\/4675\/revisions\/4679"}],"wp:attachment":[{"href":"https:\/\/sites.uel.br\/lesfem\/wp-json\/wp\/v2\/media?parent=4675"}],"curies":[{"name":"wp","href":"https:\/\/api.w.org\/{rel}","templated":true}]}}