{"id":4656,"date":"2025-07-08T13:53:19","date_gmt":"2025-07-08T16:53:19","guid":{"rendered":"https:\/\/sites.uel.br\/lesfem\/?page_id=4656"},"modified":"2025-07-16T16:47:36","modified_gmt":"2025-07-16T19:47:36","slug":"curso-de-extensao","status":"publish","type":"page","link":"https:\/\/sites.uel.br\/lesfem\/curso-de-extensao\/","title":{"rendered":"Curso de Extens\u00e3o"},"content":{"rendered":"\n<h2 class=\"wp-block-heading\" id=\"feminicidios-e-direitos-humanos-uma-abordagem-critica-e-preventiva\"><strong>Feminic\u00eddios e Direitos Humanos: Uma Abordagem Cr\u00edtica e Preventiva<\/strong><\/h2>\n\n\n\n<figure class=\"wp-block-image size-large\"><img loading=\"lazy\" decoding=\"async\" width=\"1024\" height=\"606\" src=\"https:\/\/sites.uel.br\/lesfem\/wp-content\/uploads\/2025\/07\/Copia-de-Curso-de-Formacao-de-Mutiplicadoras-1-1024x606.png\" alt=\"\" class=\"wp-image-4660\" srcset=\"https:\/\/sites.uel.br\/lesfem\/wp-content\/uploads\/2025\/07\/Copia-de-Curso-de-Formacao-de-Mutiplicadoras-1-1024x606.png 1024w, https:\/\/sites.uel.br\/lesfem\/wp-content\/uploads\/2025\/07\/Copia-de-Curso-de-Formacao-de-Mutiplicadoras-1-300x178.png 300w, https:\/\/sites.uel.br\/lesfem\/wp-content\/uploads\/2025\/07\/Copia-de-Curso-de-Formacao-de-Mutiplicadoras-1-768x454.png 768w, https:\/\/sites.uel.br\/lesfem\/wp-content\/uploads\/2025\/07\/Copia-de-Curso-de-Formacao-de-Mutiplicadoras-1.png 1080w\" sizes=\"auto, (max-width: 1024px) 100vw, 1024px\" \/><\/figure>\n\n\n\n<h2 class=\"wp-block-heading\" id=\"periodo-realizacao-07-08-2025-a-04-09-2025\"><strong>Per\u00edodo Realiza\u00e7\u00e3o<\/strong>: 07\/08\/2025 a 04\/09\/2025<\/h2>\n\n\n\n<h3 class=\"wp-block-heading has-text-align-center\" id=\"vagas-limitadas\"><strong>VAGAS LIMITADAS<\/strong><\/h3>\n\n\n\n<h3 class=\"wp-block-heading\" id=\"modalidade-semi-presencial\"><strong>Modalidade<\/strong>: semi-presencial<\/h3>\n\n\n\n<ul class=\"wp-block-list\">\n<li><strong>Carga Hor\u00e1ria:<\/strong> 60 horas<\/li>\n\n\n\n<li><strong>Presencial:<\/strong> 36<\/li>\n\n\n\n<li><strong>A dist\u00e2ncia:<\/strong> 24<\/li>\n<\/ul>\n\n\n\n<p><\/p>\n\n\n\n<ul class=\"wp-block-list\">\n<li><strong>Atividades presenciais<\/strong>\n<ul class=\"wp-block-list\">\n<li>\u00e0s quintas-feiras\n<ul class=\"wp-block-list\">\n<li>das 09h \u00e0s 13h<\/li>\n<\/ul>\n<\/li>\n<\/ul>\n<\/li>\n<\/ul>\n\n\n\n<p><strong>Per\u00edodo Inscri\u00e7\u00e3o<\/strong>:\u00a0<strong>15\/07\/2025 a 29\/07\/2025<\/strong> <\/p>\n\n\n\n<p><strong>Link para inscri\u00e7\u00e3o<\/strong>: <a href=\"http:\/\/www.uel.br\/eventos\/sigec\/?id=10948\">http:\/\/www.uel.br\/eventos\/sigec\/?id=10948<\/a><\/p>\n\n\n\n<p><\/p>\n\n\n\n<p><strong>Objetivos<\/strong>: Compreender o conceito de feminic\u00eddio e sua rela\u00e7\u00e3o com os direitos humanos. Analisar as causas e consequ\u00eancias do feminic\u00eddio na sociedade. Discutir estrat\u00e9gias de preven\u00e7\u00e3o e enfrentamento ao feminic\u00eddio. Promover a conscientiza\u00e7\u00e3o e o engajamento das e dos participantes na luta contra o feminic\u00eddio.<\/p>\n\n\n\n<p><strong>P\u00fablico<\/strong>: Profissionais da assist\u00eancia social, educa\u00e7\u00e3o b\u00e1sica, sa\u00fade e Conselho Tutelar, atuantes no munic\u00edpio de Tamarana, pertencentes \u00e0s redes municipal e estadual<strong>.<\/strong><\/p>\n\n\n\n<p><strong>Local:<\/strong> Escola Municipal Prof\u00aa Iracema Torres &#8211; R. Dem\u00e9trio Carneiro Siqueira, 710 Tamarana<\/p>\n\n\n\n<h3 class=\"wp-block-heading\" id=\"programa\">PROGRAMA<\/h3>\n\n\n\n<figure class=\"wp-block-table\"><table class=\"has-fixed-layout\"><tbody><tr><td>M\u00f3dulo 1<\/td><td>Introdu\u00e7\u00e3o ao Feminic\u00eddio e Direitos Humanos<\/td><\/tr><tr><td>M\u00f3dulo 2<\/td><td>Causas e Consequ\u00eancias do Feminic\u00eddio<\/td><\/tr><tr><td>M\u00f3dulo 3<\/td><td>Estrat\u00e9gias de Preven\u00e7\u00e3o e Combate ao Feminic\u00eddio<\/td><\/tr><tr><td>M\u00f3dulo 4<\/td><td>III Simp\u00f3sio sobre Feminic\u00eddios (Uel-Londrina)<\/td><\/tr><tr><td>M\u00f3dulo 5<\/td><td>Estudos de Caso e Oficina de Engajamento<\/td><\/tr><\/tbody><\/table><\/figure>\n\n\n\n<h3 class=\"wp-block-heading\" id=\"metodologia\">METODOLOGIA<\/h3>\n\n\n\n<p>O curso combina atividades presenciais e a dist\u00e2ncia, com momentos te\u00f3ricos e pr\u00e1ticos. A \u00eanfase est\u00e1 em metodologias ativas e participativas, que promovem a troca de saberes entre as\/os participantes.<\/p>\n\n\n\n<p>A proposta parte de uma abordagem feminista e aposta na educa\u00e7\u00e3o popular como caminho para prevenir viol\u00eancias contra meninas e mulheres, com destaque para o enfrentamento ao feminic\u00eddio.<\/p>\n\n\n\n<p>O curso ser\u00e1 conduzido pela equipe do <strong>Laborat\u00f3rio de Estudos de Feminic\u00eddios (Lesfem)<\/strong> da UEL e \u00e9 voltado a profissionais da assist\u00eancia social, sa\u00fade, educa\u00e7\u00e3o b\u00e1sica, Conselho Tutelar e outras pessoas interessadas do munic\u00edpio de Tamarana.<\/p>\n\n\n\n<h3 class=\"wp-block-heading\" id=\"duvidas-e-contato\">D\u00daVIDAS E CONTATO<\/h3>\n\n\n\n<ul class=\"wp-block-list\">\n<li><strong>E-mail<\/strong>: <a href=\"mailto:lesfem@uel.br\">lesfem@uel.br<\/a><\/li>\n\n\n\n<li><strong>WhatsApp<\/strong>: 43 3371-4943<\/li>\n<\/ul>\n\n\n<div class=\"wp-block-image\">\n<figure class=\"aligncenter size-large\"><img loading=\"lazy\" decoding=\"async\" width=\"1024\" height=\"158\" src=\"https:\/\/sites.uel.br\/lesfem\/wp-content\/uploads\/2025\/07\/logos_Curso-de-Formacao-de-Mutiplicadoras-1024x158.png\" alt=\"\" class=\"wp-image-4669\" srcset=\"https:\/\/sites.uel.br\/lesfem\/wp-content\/uploads\/2025\/07\/logos_Curso-de-Formacao-de-Mutiplicadoras-1024x158.png 1024w, https:\/\/sites.uel.br\/lesfem\/wp-content\/uploads\/2025\/07\/logos_Curso-de-Formacao-de-Mutiplicadoras-300x46.png 300w, https:\/\/sites.uel.br\/lesfem\/wp-content\/uploads\/2025\/07\/logos_Curso-de-Formacao-de-Mutiplicadoras-768x119.png 768w, https:\/\/sites.uel.br\/lesfem\/wp-content\/uploads\/2025\/07\/logos_Curso-de-Formacao-de-Mutiplicadoras.png 1080w\" sizes=\"auto, (max-width: 1024px) 100vw, 1024px\" \/><\/figure>\n<\/div>\n\n\n<p><\/p>\n","protected":false},"excerpt":{"rendered":"<p>Feminic\u00eddios e Direitos Humanos: Uma Abordagem Cr\u00edtica e Preventiva Per\u00edodo Realiza\u00e7\u00e3o: 07\/08\/2025 a 04\/09\/2025 VAGAS LIMITADAS Modalidade: semi-presencial Per\u00edodo Inscri\u00e7\u00e3o:\u00a015\/07\/2025 a 29\/07\/2025 Link para inscri\u00e7\u00e3o: http:\/\/www.uel.br\/eventos\/sigec\/?id=10948 Objetivos: Compreender o conceito de feminic\u00eddio e sua rela\u00e7\u00e3o com os direitos humanos. Analisar as causas e consequ\u00eancias do feminic\u00eddio na sociedade. Discutir estrat\u00e9gias de preven\u00e7\u00e3o e enfrentamento ao [&hellip;]<\/p>\n","protected":false},"author":8,"featured_media":0,"parent":0,"menu_order":0,"comment_status":"closed","ping_status":"closed","template":"","meta":{"_acf_changed":false,"_gspb_post_css":"","footnotes":""},"class_list":["post-4656","page","type-page","status-publish","hentry"],"acf":[],"_links":{"self":[{"href":"https:\/\/sites.uel.br\/lesfem\/wp-json\/wp\/v2\/pages\/4656","targetHints":{"allow":["GET"]}}],"collection":[{"href":"https:\/\/sites.uel.br\/lesfem\/wp-json\/wp\/v2\/pages"}],"about":[{"href":"https:\/\/sites.uel.br\/lesfem\/wp-json\/wp\/v2\/types\/page"}],"author":[{"embeddable":true,"href":"https:\/\/sites.uel.br\/lesfem\/wp-json\/wp\/v2\/users\/8"}],"replies":[{"embeddable":true,"href":"https:\/\/sites.uel.br\/lesfem\/wp-json\/wp\/v2\/comments?post=4656"}],"version-history":[{"count":10,"href":"https:\/\/sites.uel.br\/lesfem\/wp-json\/wp\/v2\/pages\/4656\/revisions"}],"predecessor-version":[{"id":4671,"href":"https:\/\/sites.uel.br\/lesfem\/wp-json\/wp\/v2\/pages\/4656\/revisions\/4671"}],"wp:attachment":[{"href":"https:\/\/sites.uel.br\/lesfem\/wp-json\/wp\/v2\/media?parent=4656"}],"curies":[{"name":"wp","href":"https:\/\/api.w.org\/{rel}","templated":true}]}}