{"id":4648,"date":"2025-05-03T21:07:07","date_gmt":"2025-05-04T00:07:07","guid":{"rendered":"https:\/\/sites.uel.br\/lesfem\/?page_id=4648"},"modified":"2025-07-20T19:43:07","modified_gmt":"2025-07-20T22:43:07","slug":"boletim-trimestral-parana-jan-a-mar-2025","status":"publish","type":"page","link":"https:\/\/sites.uel.br\/lesfem\/monitor-brasil\/boletim-trimestral-parana-jan-a-mar-2025\/","title":{"rendered":"Boletim Trimestral \u2013 Paran\u00e1 \u2013 Jan a Mar 2025"},"content":{"rendered":"\n<p>O Monitor de Feminic\u00eddios no Brasil (MFB), iniciativa do Lesfem\/UEL, divulga os dados referentes ao primeiro trimestre de 2025 no estado do Paran\u00e1.<br>Foram registrados 87 casos de feminic\u00eddios consumados ou tentados entre janeiro e mar\u00e7o, com destaque para a preval\u00eancia de v\u00ednculos \u00edntimos entre v\u00edtima e agressor.<\/p>\n\n\n\n<p>O boletim completo est\u00e1 dispon\u00edvel para consulta no link abaixo.<\/p>\n\n\n\n<div data-wp-interactive=\"core\/file\" class=\"wp-block-file\"><object data-wp-bind--hidden=\"!state.hasPdfPreview\" hidden class=\"wp-block-file__embed\" data=\"https:\/\/sites.uel.br\/lesfem\/wp-content\/uploads\/2025\/07\/Boletim-Trimestral-\u2013-Parana-\u2013-Jan-a-Mar-2025.pdf\" type=\"application\/pdf\" style=\"width:100%;height:600px\" aria-label=\"Incorporado de Boletim Trimestral \u2013 Paran\u00e1 \u2013 Jan a Mar 2025.\"><\/object><a id=\"wp-block-file--media-f4c97b7e-c4da-4a59-b70b-15ec6d7cd60f\" href=\"https:\/\/sites.uel.br\/lesfem\/wp-content\/uploads\/2025\/07\/Boletim-Trimestral-\u2013-Parana-\u2013-Jan-a-Mar-2025.pdf\">Boletim Trimestral \u2013 Paran\u00e1 \u2013 Jan a Mar 2025<\/a><a href=\"https:\/\/sites.uel.br\/lesfem\/wp-content\/uploads\/2025\/07\/Boletim-Trimestral-\u2013-Parana-\u2013-Jan-a-Mar-2025.pdf\" class=\"wp-block-file__button wp-element-button\" download aria-describedby=\"wp-block-file--media-f4c97b7e-c4da-4a59-b70b-15ec6d7cd60f\">Baixar<\/a><\/div>\n\n\n\n<div class=\"wp-block-buttons is-layout-flex wp-block-buttons-is-layout-flex\">\n<div class=\"wp-block-button\"><a class=\"wp-block-button__link has-cinza-claro-color has-verde-escuro-background-color has-text-color has-background has-link-color wp-element-button\" href=\"https:\/\/sites.uel.br\/lesfem\/wp-content\/uploads\/2025\/05\/Boletim-Trimestral-\u2013-Parana-\u2013-Jan-a-Mar-2025.pdf\">Baixar PDF do boletim trimestral \u2013 Paran\u00e1 2025\/1<\/a><\/div>\n<\/div>\n","protected":false},"excerpt":{"rendered":"<p>O Monitor de Feminic\u00eddios no Brasil (MFB), iniciativa do Lesfem\/UEL, divulga os dados referentes ao primeiro trimestre de 2025 no estado do Paran\u00e1.Foram registrados 87 casos de feminic\u00eddios consumados ou tentados entre janeiro e mar\u00e7o, com destaque para a preval\u00eancia de v\u00ednculos \u00edntimos entre v\u00edtima e agressor. O boletim completo est\u00e1 dispon\u00edvel para consulta no [&hellip;]<\/p>\n","protected":false},"author":8,"featured_media":0,"parent":502,"menu_order":0,"comment_status":"closed","ping_status":"closed","template":"","meta":{"_acf_changed":false,"_gspb_post_css":"","footnotes":""},"class_list":["post-4648","page","type-page","status-publish","hentry"],"acf":[],"_links":{"self":[{"href":"https:\/\/sites.uel.br\/lesfem\/wp-json\/wp\/v2\/pages\/4648","targetHints":{"allow":["GET"]}}],"collection":[{"href":"https:\/\/sites.uel.br\/lesfem\/wp-json\/wp\/v2\/pages"}],"about":[{"href":"https:\/\/sites.uel.br\/lesfem\/wp-json\/wp\/v2\/types\/page"}],"author":[{"embeddable":true,"href":"https:\/\/sites.uel.br\/lesfem\/wp-json\/wp\/v2\/users\/8"}],"replies":[{"embeddable":true,"href":"https:\/\/sites.uel.br\/lesfem\/wp-json\/wp\/v2\/comments?post=4648"}],"version-history":[{"count":6,"href":"https:\/\/sites.uel.br\/lesfem\/wp-json\/wp\/v2\/pages\/4648\/revisions"}],"predecessor-version":[{"id":4682,"href":"https:\/\/sites.uel.br\/lesfem\/wp-json\/wp\/v2\/pages\/4648\/revisions\/4682"}],"up":[{"embeddable":true,"href":"https:\/\/sites.uel.br\/lesfem\/wp-json\/wp\/v2\/pages\/502"}],"wp:attachment":[{"href":"https:\/\/sites.uel.br\/lesfem\/wp-json\/wp\/v2\/media?parent=4648"}],"curies":[{"name":"wp","href":"https:\/\/api.w.org\/{rel}","templated":true}]}}