{"id":4185,"date":"2024-10-28T23:26:54","date_gmt":"2024-10-29T02:26:54","guid":{"rendered":"https:\/\/sites.uel.br\/lesfem\/?page_id=4185"},"modified":"2026-03-04T22:58:33","modified_gmt":"2026-03-05T01:58:33","slug":"memorial-de-vitimas-de-feminicidio-no-parana","status":"publish","type":"page","link":"https:\/\/sites.uel.br\/lesfem\/memorial-de-vitimas-de-feminicidio-no-parana\/","title":{"rendered":"MEMORIAL DE V\u00cdTIMAS DE FEMINIC\u00cdDIO NO PARAN\u00c1"},"content":{"rendered":"\n<h2 class=\"wp-block-heading has-text-align-center has-text-color has-background has-link-color has-large-font-size wp-elements-6f7352b2c763c5f8a0089fe961cc77d5\" id=\"a-falta-que-faz\" style=\"color:#aa3d28;background-color:#ffffff\">A FALTA QUE FAZ<\/h2>\n\n\n\n<p><strong>N\u00e3o s\u00e3o n\u00fameros, s\u00e3o vidas.<\/strong><br>O feminic\u00eddio deixa uma ferida profunda em nossa sociedade, arrancando de n\u00f3s mulheres incr\u00edveis que fizeram a diferen\u00e7a em suas comunidades e em nossas vidas. A perda dessas mulheres n\u00e3o \u00e9 apenas um golpe para seus entes queridos, mas para todas e todos n\u00f3s, pois cada uma tinha uma vida e uma hist\u00f3ria a ser vivenciada.<br>A invisibilidade da viol\u00eancia contra as mulheres tem perpetuado um ciclo de dor e opress\u00e3o, e \u00e9 nosso dever garantir que a mem\u00f3ria dessas mulheres seja honrada e que a magnitude da sua falta seja reconhecida. Elas n\u00e3o s\u00e3o apenas n\u00fameros ou estat\u00edsticas, s\u00e3o m\u00e3es, filhas, irm\u00e3s e amigas cuja aus\u00eancia \u00e9 profundamente sentida todos os dias.<br>Nesse espa\u00e7o, vamos contribuir para a garantia de que essas mulheres nunca sejam esquecidas, e que a dor de sua perda sirva como um catalisador para a mudan\u00e7a.<br>Ao compartilharmos suas hist\u00f3rias, n\u00e3o apenas honramos suas mem\u00f3rias, mas tamb\u00e9m destacamos a urg\u00eancia em abordar e prevenir a viol\u00eancia contra as mulheres em todos os seus aspectos.<br>Juntas, podemos garantir que suas vidas, seus sonhos e suas lutas n\u00e3o sejam esquecidos, e que possamos trabalhar para criar um futuro em que nenhuma mulher tenha que viver com medo.<br>N\u00e3o podemos esquecer que por tr\u00e1s de cada n\u00famero, h\u00e1 uma vida perdida, uma hist\u00f3ria interrompida simplesmente por ser mulher. \u00c9 imperativo que reconhe\u00e7amos e enfrentemos essa realidade, pois s\u00f3 assim poderemos trabalhar para erradicar a viol\u00eancia de g\u00eanero e honrar a mem\u00f3ria de todas as mulheres cujas vidas foram violentamente ceifadas.<\/p>\n\n\n\n<blockquote class=\"wp-block-quote has-text-color has-link-color wp-elements-7e70988fe1cbb1bd1f25cfc4a9509f4e is-layout-flow wp-block-quote-is-layout-flow\" style=\"color:#aa3d28\">\n<p class=\"has-text-color has-link-color has-medium-font-size wp-elements-12b0b8a4e5307c4f9b9c9cf2f6b56589\" style=\"color:#aa3d28\"><strong>Em mem\u00f3ria das v\u00edtimas. Em defesa das vivas.<\/strong><\/p>\n\n\n\n<div class=\"wp-block-greenshift-blocks-row gspb_row gspb_row-id-gsbp-0be8454\" id=\"gspb_row-id-gsbp-0be8454\"><div class=\"gspb_row__content\">  <\/div><\/div>\n<\/blockquote>\n\n\n\n<div class=\"wp-block-columns is-layout-flex wp-container-core-columns-is-layout-9d6595d7 wp-block-columns-is-layout-flex\">\n<div class=\"wp-block-column is-layout-flow wp-block-column-is-layout-flow\" style=\"flex-basis:100%\">\n<div class=\"wp-block-greenshift-blocks-container gspb_container gspb_container-gsbp-555272b\" id=\"gspb_container-id-gsbp-555272b\">\n<div class=\"wp-block-buttons has-custom-font-size has-medium-font-size is-content-justification-center is-nowrap is-layout-flex wp-container-core-buttons-is-layout-1fb9aab6 wp-block-buttons-is-layout-flex\">\n<div class=\"wp-block-button has-custom-width wp-block-button__width-50 is-style-fill\"><a class=\"wp-block-button__link has-text-color has-background has-link-color wp-element-button\" href=\"https:\/\/sites.uel.br\/lesfem\/memorial-de-vitimas-de-feminicidio-no-parana\/memorial-de-vitimas-de-feminicidio-no-parana-2025\/\" style=\"color:#ffffff;background-color:#aa3d28\">2025<\/a><\/div>\n<\/div>\n<\/div>\n\n\n\n<p class=\"has-text-color has-link-color wp-elements-98d79b9e0cd8dff4db7cdb3a379adc28\" style=\"color:#ffffff\">.<\/p>\n\n\n\n<div class=\"wp-block-greenshift-blocks-container gspb_container gspb_container-gsbp-81d27da\" id=\"gspb_container-id-gsbp-81d27da\">\n<div class=\"wp-block-buttons has-custom-font-size has-medium-font-size is-content-justification-center is-nowrap is-layout-flex wp-container-core-buttons-is-layout-1fb9aab6 wp-block-buttons-is-layout-flex\">\n<div class=\"wp-block-button has-custom-width wp-block-button__width-50 is-style-fill\"><a class=\"wp-block-button__link has-text-color has-background has-link-color wp-element-button\" href=\"https:\/\/sites.uel.br\/lesfem\/memorial-de-vitimas-de-feminicidio-no-parana-2024\/\" style=\"color:#ffffff;background-color:#aa3d28\">2024<\/a><\/div>\n\n\n\n<div class=\"wp-block-button has-custom-width wp-block-button__width-50 is-style-fill\"><a class=\"wp-block-button__link has-text-color has-background has-link-color wp-element-button\" href=\"https:\/\/sites.uel.br\/lesfem\/memorial-de-vitimas-de-feminicidio-no-parana-2023\/\" style=\"color:#ffffff;background-color:#aa3d28\">2023<\/a><\/div>\n\n\n\n<div class=\"wp-block-button has-custom-width wp-block-button__width-50\"><a class=\"wp-block-button__link has-text-color has-background has-link-color wp-element-button\" href=\"https:\/\/sites.uel.br\/lesfem\/memorial-de-vitimas-de-feminicidio-no-parana-2022\/\" style=\"color:#ffffff;background-color:#aa3d28\">2022<\/a><\/div>\n<\/div>\n<\/div>\n<\/div>\n<\/div>\n\n\n\n<p><\/p>\n","protected":false},"excerpt":{"rendered":"<p>A FALTA QUE FAZ N\u00e3o s\u00e3o n\u00fameros, s\u00e3o vidas.O feminic\u00eddio deixa uma ferida profunda em nossa sociedade, arrancando de n\u00f3s mulheres incr\u00edveis que fizeram a diferen\u00e7a em suas comunidades e em nossas vidas. A perda dessas mulheres n\u00e3o \u00e9 apenas um golpe para seus entes queridos, mas para todas e todos n\u00f3s, pois cada uma [&hellip;]<\/p>\n","protected":false},"author":8,"featured_media":0,"parent":0,"menu_order":0,"comment_status":"closed","ping_status":"closed","template":"","meta":{"_acf_changed":false,"_gspb_post_css":"#gspb_row-id-gsbp-0be8454{justify-content:space-between;margin-top:0;margin-bottom:0;display:flex;flex-wrap:wrap}#gspb_row-id-gsbp-0be8454>.gspb_row__content{display:flex;justify-content:space-between;margin:0 auto;width:100%;flex-wrap:wrap;max-width:1200px}.gspb_row{position:relative}div[id^=gspb_col-id]{box-sizing:border-box;position:relative;padding:15px min(3vw,20px)}.gspb_container-id-gsbp-555272b{flex-direction:column;box-sizing:border-box}#gspb_container-id-gsbp-555272b.gspb_container>p:last-of-type,#gspb_container-id-gsbp-81d27da.gspb_container>p:last-of-type{margin-bottom:0}#gspb_container-id-gsbp-555272b.gspb_container,#gspb_container-id-gsbp-81d27da.gspb_container{color:#aa3d28}.gspb_container-id-gsbp-81d27da{flex-direction:column;box-sizing:border-box}.gspb_container{position:relative}","footnotes":""},"class_list":["post-4185","page","type-page","status-publish","hentry"],"acf":[],"_links":{"self":[{"href":"https:\/\/sites.uel.br\/lesfem\/wp-json\/wp\/v2\/pages\/4185","targetHints":{"allow":["GET"]}}],"collection":[{"href":"https:\/\/sites.uel.br\/lesfem\/wp-json\/wp\/v2\/pages"}],"about":[{"href":"https:\/\/sites.uel.br\/lesfem\/wp-json\/wp\/v2\/types\/page"}],"author":[{"embeddable":true,"href":"https:\/\/sites.uel.br\/lesfem\/wp-json\/wp\/v2\/users\/8"}],"replies":[{"embeddable":true,"href":"https:\/\/sites.uel.br\/lesfem\/wp-json\/wp\/v2\/comments?post=4185"}],"version-history":[{"count":19,"href":"https:\/\/sites.uel.br\/lesfem\/wp-json\/wp\/v2\/pages\/4185\/revisions"}],"predecessor-version":[{"id":5278,"href":"https:\/\/sites.uel.br\/lesfem\/wp-json\/wp\/v2\/pages\/4185\/revisions\/5278"}],"wp:attachment":[{"href":"https:\/\/sites.uel.br\/lesfem\/wp-json\/wp\/v2\/media?parent=4185"}],"curies":[{"name":"wp","href":"https:\/\/api.w.org\/{rel}","templated":true}]}}