{"id":3642,"date":"2024-08-31T19:21:04","date_gmt":"2024-08-31T22:21:04","guid":{"rendered":"https:\/\/sites.uel.br\/lesfem\/?page_id=3642"},"modified":"2024-09-11T11:23:11","modified_gmt":"2024-09-11T14:23:11","slug":"cronograma","status":"publish","type":"page","link":"https:\/\/sites.uel.br\/lesfem\/cronograma\/","title":{"rendered":"Cronograma"},"content":{"rendered":"\n<div class=\"wp-block-greenshift-blocks-container gspb_container gspb_container-gsbp-dac1ec7\" id=\"gspb_container-id-gsbp-dac1ec7\"><div class=\"wp-block-image\">\n<figure class=\"aligncenter size-large is-resized\"><img loading=\"lazy\" decoding=\"async\" width=\"1024\" height=\"512\" src=\"https:\/\/sites.uel.br\/lesfem\/wp-content\/uploads\/2024\/09\/Instagram-2-1024x512.png\" alt=\"\" class=\"wp-image-3692\" style=\"width:558px;height:auto\" srcset=\"https:\/\/sites.uel.br\/lesfem\/wp-content\/uploads\/2024\/09\/Instagram-2-1024x512.png 1024w, https:\/\/sites.uel.br\/lesfem\/wp-content\/uploads\/2024\/09\/Instagram-2-300x150.png 300w, https:\/\/sites.uel.br\/lesfem\/wp-content\/uploads\/2024\/09\/Instagram-2-768x384.png 768w, https:\/\/sites.uel.br\/lesfem\/wp-content\/uploads\/2024\/09\/Instagram-2-1536x768.png 1536w, https:\/\/sites.uel.br\/lesfem\/wp-content\/uploads\/2024\/09\/Instagram-2-2048x1024.png 2048w\" sizes=\"auto, (max-width: 1024px) 100vw, 1024px\" \/><\/figure>\n<\/div><\/div>\n\n\n\n<div class=\"wp-block-buttons is-content-justification-center is-nowrap is-layout-flex wp-container-core-buttons-is-layout-1fb9aab6 wp-block-buttons-is-layout-flex\">\n<div class=\"wp-block-button is-style-outline is-style-outline--1\"><a class=\"wp-block-button__link has-text-color has-background has-link-color wp-element-button\" href=\"https:\/\/sites.uel.br\/lesfem\/iisimposio\/\" style=\"color:#a93f2a;background-color:#f0f0f000\"><strong>Home<\/strong><\/a><\/div>\n\n\n\n<div class=\"wp-block-button is-style-outline is-style-outline--2\"><a class=\"wp-block-button__link has-text-color has-background has-link-color wp-element-button\" href=\"https:\/\/sites.uel.br\/lesfem\/inscricoes\/\" style=\"color:#a93f2a;background-color:#f0f0f000\"><strong>Inscri\u00e7\u00f5es<\/strong><\/a><\/div>\n\n\n\n<div class=\"wp-block-button is-style-outline is-style-outline--3\"><a class=\"wp-block-button__link has-text-color has-background has-link-color wp-element-button\" href=\"https:\/\/sites.uel.br\/lesfem\/programacao\/\" style=\"color:#a93f2a;background-color:#f0f0f000\"><strong>Programa\u00e7\u00e3o<\/strong><\/a><\/div>\n\n\n\n<div class=\"wp-block-button is-style-outline is-style-outline--4\"><a class=\"wp-block-button__link has-text-color has-background has-link-color wp-element-button\" href=\"https:\/\/sites.uel.br\/lesfem\/iisimposiofem\/sts-2\/\" style=\"color:#a93f2a;background-color:#f0f0f000\"><strong>ST&#8217;s<\/strong><\/a><\/div>\n<\/div>\n\n\n\n<p class=\"has-text-align-center\" style=\"font-size:25px\"><\/p>\n\n\n\n<h2 class=\"wp-block-heading has-text-align-center has-text-color has-background has-link-color has-medium-font-size wp-elements-db79be5b7e538bc750b3856e5c7b51f6\" id=\"confira-o-cronograma-com-as-datas-importantes-para-o-ii-simposio-sobre-feminicidios\" style=\"color:#ffffff;background-color:#9e583f\"><strong>Confira o cronograma com as datas importantes para o II Simp\u00f3sio sobre Feminic\u00eddios<\/strong><\/h2>\n\n\n\n<div class=\"wp-block-greenshift-blocks-container gspb_container gspb_container-gsbp-410e142\" id=\"gspb_container-id-gsbp-410e142\">\n<figure class=\"wp-block-image size-full\"><img loading=\"lazy\" decoding=\"async\" width=\"6912\" height=\"3456\" src=\"https:\/\/sites.uel.br\/lesfem\/wp-content\/uploads\/2024\/09\/Cronograma_SITE-1.png\" alt=\"\" class=\"wp-image-3982\" srcset=\"https:\/\/sites.uel.br\/lesfem\/wp-content\/uploads\/2024\/09\/Cronograma_SITE-1.png 6912w, https:\/\/sites.uel.br\/lesfem\/wp-content\/uploads\/2024\/09\/Cronograma_SITE-1-300x150.png 300w, https:\/\/sites.uel.br\/lesfem\/wp-content\/uploads\/2024\/09\/Cronograma_SITE-1-1024x512.png 1024w, https:\/\/sites.uel.br\/lesfem\/wp-content\/uploads\/2024\/09\/Cronograma_SITE-1-768x384.png 768w, https:\/\/sites.uel.br\/lesfem\/wp-content\/uploads\/2024\/09\/Cronograma_SITE-1-1536x768.png 1536w, https:\/\/sites.uel.br\/lesfem\/wp-content\/uploads\/2024\/09\/Cronograma_SITE-1-2048x1024.png 2048w\" sizes=\"auto, (max-width: 6912px) 100vw, 6912px\" \/><\/figure>\n<\/div>\n\n\n\n<h2 class=\"wp-block-heading has-text-align-center has-text-color has-background has-link-color has-large-font-size wp-elements-704eb45780984672a814af44ad7eabc4\" id=\"templates\" style=\"color:#ffffff;background-color:#9e583f\">EDITAIS<\/h2>\n\n\n\n<div class=\"wp-block-file aligncenter\"><a id=\"wp-block-file--media-93174738-ceea-4371-8636-771b105fcf37\" href=\"https:\/\/sites.uel.br\/lesfem\/cronograma\/chamada-para-submissao-de-resumos-e-trabalhos-completos-2\/\" target=\"_blank\" rel=\"noreferrer noopener\">Chamada para submiss\u00e3o de resumos e trabalhos completos<\/a><a href=\"https:\/\/sites.uel.br\/lesfem\/wp-content\/uploads\/2024\/09\/Chamada-para-submissao-de-resumos-e-trabalhos-completos.docx\" class=\"wp-block-file__button wp-element-button\" download aria-describedby=\"wp-block-file--media-93174738-ceea-4371-8636-771b105fcf37\">Baixar<\/a><\/div>\n\n\n\n<h2 class=\"wp-block-heading has-text-align-center has-text-color has-background has-link-color has-medium-font-size wp-elements-31290659adb273600a76c2e109b4ad1a\" id=\"templates\" style=\"color:#ffffff;background-color:#9e583f\">TEMPLATES<\/h2>\n\n\n\n<div class=\"wp-block-greenshift-blocks-container gspb_container gspb_container-gsbp-b7794be\" id=\"gspb_container-id-gsbp-b7794be\">\n<div class=\"wp-block-columns is-layout-flex wp-container-core-columns-is-layout-9d6595d7 wp-block-columns-is-layout-flex\">\n<div class=\"wp-block-column is-vertically-aligned-center is-layout-flow wp-block-column-is-layout-flow\">\n<div class=\"wp-block-file aligncenter\"><a id=\"wp-block-file--media-9eb2e5c3-3b76-40cb-b2ef-94f72726b4ea\" href=\"https:\/\/sites.uel.br\/lesfem\/wp-content\/uploads\/2024\/09\/Modelo-de-PowerPoint-1.pptx\" target=\"_blank\" rel=\"noreferrer noopener\"><strong>Modelo de PowerPoint<\/strong><\/a><a href=\"https:\/\/sites.uel.br\/lesfem\/wp-content\/uploads\/2024\/09\/Modelo-de-PowerPoint-1.pptx\" class=\"wp-block-file__button wp-element-button\" download aria-describedby=\"wp-block-file--media-9eb2e5c3-3b76-40cb-b2ef-94f72726b4ea\"><strong>Baixar<\/strong><\/a><\/div>\n\n\n\n<div class=\"wp-block-file aligncenter\"><a id=\"wp-block-file--media-17321c60-d357-4bcc-91b4-cb73cdc67523\" href=\"https:\/\/sites.uel.br\/lesfem\/wp-content\/uploads\/2024\/09\/Modelo-Resumo-Expandido_II-Simposio-Sobre-Feminicidios-1.docx\" target=\"_blank\" rel=\"noreferrer noopener\"><strong>Modelo Resumo Expandido<\/strong><\/a><a href=\"https:\/\/sites.uel.br\/lesfem\/wp-content\/uploads\/2024\/09\/Modelo-Resumo-Expandido_II-Simposio-Sobre-Feminicidios-1.docx\" class=\"wp-block-file__button wp-element-button\" download aria-describedby=\"wp-block-file--media-17321c60-d357-4bcc-91b4-cb73cdc67523\"><strong>Baixar<\/strong><\/a><\/div>\n\n\n\n<div class=\"wp-block-file aligncenter has-background\" style=\"background-color:#ffffff00\"><a id=\"wp-block-file--media-12f38e01-b40f-4287-8554-80693b58c11a\" href=\"https:\/\/sites.uel.br\/lesfem\/wp-content\/uploads\/2024\/09\/Modelo-Trabalho-Completo_II-Simposio-Sobre-Feminicidios-1.docx\" target=\"_blank\" rel=\"noreferrer noopener\"><strong>Modelo Trabalho Completo<\/strong><\/a><a href=\"https:\/\/sites.uel.br\/lesfem\/wp-content\/uploads\/2024\/09\/Modelo-Trabalho-Completo_II-Simposio-Sobre-Feminicidios-1.docx\" class=\"wp-block-file__button wp-element-button\" download aria-describedby=\"wp-block-file--media-12f38e01-b40f-4287-8554-80693b58c11a\"><strong>Baixar<\/strong><\/a><\/div>\n<\/div>\n\n\n\n<div class=\"wp-block-column is-vertically-aligned-center is-layout-flow wp-block-column-is-layout-flow\">\n<figure class=\"wp-block-image size-large\"><img loading=\"lazy\" decoding=\"async\" width=\"1024\" height=\"475\" src=\"https:\/\/sites.uel.br\/lesfem\/wp-content\/uploads\/2024\/09\/destaque-padrao-1024x475.jpg\" alt=\"\" class=\"wp-image-3714\" srcset=\"https:\/\/sites.uel.br\/lesfem\/wp-content\/uploads\/2024\/09\/destaque-padrao-1024x475.jpg 1024w, https:\/\/sites.uel.br\/lesfem\/wp-content\/uploads\/2024\/09\/destaque-padrao-300x139.jpg 300w, https:\/\/sites.uel.br\/lesfem\/wp-content\/uploads\/2024\/09\/destaque-padrao-768x356.jpg 768w, https:\/\/sites.uel.br\/lesfem\/wp-content\/uploads\/2024\/09\/destaque-padrao-1536x712.jpg 1536w, https:\/\/sites.uel.br\/lesfem\/wp-content\/uploads\/2024\/09\/destaque-padrao.jpg 1890w\" sizes=\"auto, (max-width: 1024px) 100vw, 1024px\" \/><\/figure>\n<\/div>\n<\/div>\n<\/div>\n\n\n\n<h2 class=\"wp-block-heading has-text-align-center has-cinza-escuro-color has-text-color has-background has-link-color has-medium-font-size wp-elements-eb3c7bd9b0ea160f4e7163195a778cd0\" id=\"contato\" style=\"background-color:#f6f6e9\">CONTATO<\/h2>\n\n\n\n<p class=\"has-text-align-center has-medium-font-size\">Para esclarecimentos adicionais, entre em contato com a comiss\u00e3o organizadora pelo e-mail: lesfem@uel.br<\/p>\n\n\n\n<div class=\"wp-block-greenshift-blocks-container gspb_container gspb_container-gsbp-4716007\" id=\"gspb_container-id-gsbp-4716007\">\n<ul class=\"wp-block-social-links has-visible-labels has-icon-color is-style-logos-only is-content-justification-center is-layout-flex wp-container-core-social-links-is-layout-16018d1d wp-block-social-links-is-layout-flex\"><li style=\"color:#23221f;\" class=\"wp-social-link wp-social-link-instagram has-cinza-escuro-color wp-block-social-link\"><a href=\"https:\/\/www.instagram.com\/lesfem.br\/\" class=\"wp-block-social-link-anchor\"><svg width=\"24\" height=\"24\" viewBox=\"0 0 24 24\" version=\"1.1\" xmlns=\"http:\/\/www.w3.org\/2000\/svg\" aria-hidden=\"true\" focusable=\"false\"><path d=\"M12,4.622c2.403,0,2.688,0.009,3.637,0.052c0.877,0.04,1.354,0.187,1.671,0.31c0.42,0.163,0.72,0.358,1.035,0.673 c0.315,0.315,0.51,0.615,0.673,1.035c0.123,0.317,0.27,0.794,0.31,1.671c0.043,0.949,0.052,1.234,0.052,3.637 s-0.009,2.688-0.052,3.637c-0.04,0.877-0.187,1.354-0.31,1.671c-0.163,0.42-0.358,0.72-0.673,1.035 c-0.315,0.315-0.615,0.51-1.035,0.673c-0.317,0.123-0.794,0.27-1.671,0.31c-0.949,0.043-1.233,0.052-3.637,0.052 s-2.688-0.009-3.637-0.052c-0.877-0.04-1.354-0.187-1.671-0.31c-0.42-0.163-0.72-0.358-1.035-0.673 c-0.315-0.315-0.51-0.615-0.673-1.035c-0.123-0.317-0.27-0.794-0.31-1.671C4.631,14.688,4.622,14.403,4.622,12 s0.009-2.688,0.052-3.637c0.04-0.877,0.187-1.354,0.31-1.671c0.163-0.42,0.358-0.72,0.673-1.035 c0.315-0.315,0.615-0.51,1.035-0.673c0.317-0.123,0.794-0.27,1.671-0.31C9.312,4.631,9.597,4.622,12,4.622 M12,3 C9.556,3,9.249,3.01,8.289,3.054C7.331,3.098,6.677,3.25,6.105,3.472C5.513,3.702,5.011,4.01,4.511,4.511 c-0.5,0.5-0.808,1.002-1.038,1.594C3.25,6.677,3.098,7.331,3.054,8.289C3.01,9.249,3,9.556,3,12c0,2.444,0.01,2.751,0.054,3.711 c0.044,0.958,0.196,1.612,0.418,2.185c0.23,0.592,0.538,1.094,1.038,1.594c0.5,0.5,1.002,0.808,1.594,1.038 c0.572,0.222,1.227,0.375,2.185,0.418C9.249,20.99,9.556,21,12,21s2.751-0.01,3.711-0.054c0.958-0.044,1.612-0.196,2.185-0.418 c0.592-0.23,1.094-0.538,1.594-1.038c0.5-0.5,0.808-1.002,1.038-1.594c0.222-0.572,0.375-1.227,0.418-2.185 C20.99,14.751,21,14.444,21,12s-0.01-2.751-0.054-3.711c-0.044-0.958-0.196-1.612-0.418-2.185c-0.23-0.592-0.538-1.094-1.038-1.594 c-0.5-0.5-1.002-0.808-1.594-1.038c-0.572-0.222-1.227-0.375-2.185-0.418C14.751,3.01,14.444,3,12,3L12,3z M12,7.378 c-2.552,0-4.622,2.069-4.622,4.622S9.448,16.622,12,16.622s4.622-2.069,4.622-4.622S14.552,7.378,12,7.378z M12,15 c-1.657,0-3-1.343-3-3s1.343-3,3-3s3,1.343,3,3S13.657,15,12,15z M16.804,6.116c-0.596,0-1.08,0.484-1.08,1.08 s0.484,1.08,1.08,1.08c0.596,0,1.08-0.484,1.08-1.08S17.401,6.116,16.804,6.116z\"><\/path><\/svg><span class=\"wp-block-social-link-label\">Instagram<\/span><\/a><\/li>\n\n<li style=\"color:#23221f;\" class=\"wp-social-link wp-social-link-mail has-cinza-escuro-color wp-block-social-link\"><a href=\"mailto:l&#101;s&#102;em&#064;ue&#108;.b&#114;\" class=\"wp-block-social-link-anchor\"><svg width=\"24\" height=\"24\" viewBox=\"0 0 24 24\" version=\"1.1\" xmlns=\"http:\/\/www.w3.org\/2000\/svg\" aria-hidden=\"true\" focusable=\"false\"><path d=\"M19,5H5c-1.1,0-2,.9-2,2v10c0,1.1.9,2,2,2h14c1.1,0,2-.9,2-2V7c0-1.1-.9-2-2-2zm.5,12c0,.3-.2.5-.5.5H5c-.3,0-.5-.2-.5-.5V9.8l7.5,5.6,7.5-5.6V17zm0-9.1L12,13.6,4.5,7.9V7c0-.3.2-.5.5-.5h14c.3,0,.5.2.5.5v.9z\"><\/path><\/svg><span class=\"wp-block-social-link-label\">E-mail<\/span><\/a><\/li>\n\n<li style=\"color:#23221f;\" class=\"wp-social-link wp-social-link-chain has-cinza-escuro-color wp-block-social-link\"><a href=\"https:\/\/linktr.ee\/lesfem.br\" class=\"wp-block-social-link-anchor\"><svg width=\"24\" height=\"24\" viewBox=\"0 0 24 24\" version=\"1.1\" xmlns=\"http:\/\/www.w3.org\/2000\/svg\" aria-hidden=\"true\" focusable=\"false\"><path d=\"M15.6,7.2H14v1.5h1.6c2,0,3.7,1.7,3.7,3.7s-1.7,3.7-3.7,3.7H14v1.5h1.6c2.8,0,5.2-2.3,5.2-5.2,0-2.9-2.3-5.2-5.2-5.2zM4.7,12.4c0-2,1.7-3.7,3.7-3.7H10V7.2H8.4c-2.9,0-5.2,2.3-5.2,5.2,0,2.9,2.3,5.2,5.2,5.2H10v-1.5H8.4c-2,0-3.7-1.7-3.7-3.7zm4.6.9h5.3v-1.5H9.3v1.5z\"><\/path><\/svg><span class=\"wp-block-social-link-label\">Linktree<\/span><\/a><\/li><\/ul>\n<\/div>\n\n\n\n<p><\/p>\n","protected":false},"excerpt":{"rendered":"<p>Confira o cronograma com as datas importantes para o II Simp\u00f3sio sobre Feminic\u00eddios EDITAIS TEMPLATES CONTATO Para esclarecimentos adicionais, entre em contato com a comiss\u00e3o organizadora pelo e-mail: lesfem@uel.br<\/p>\n","protected":false},"author":8,"featured_media":0,"parent":0,"menu_order":0,"comment_status":"closed","ping_status":"closed","template":"","meta":{"_acf_changed":false,"_gspb_post_css":".gspb_container-id-gsbp-dac1ec7{flex-direction:column;box-sizing:border-box}#gspb_container-id-gsbp-410e142.gspb_container>p:last-of-type,#gspb_container-id-gsbp-4716007.gspb_container>p:last-of-type,#gspb_container-id-gsbp-b7794be.gspb_container>p:last-of-type,#gspb_container-id-gsbp-dac1ec7.gspb_container>p:last-of-type{margin-bottom:0}#gspb_container-id-gsbp-dac1ec7.gspb_container{background-color:#f6f6e9}.gspb_container-id-gsbp-410e142,.gspb_container-id-gsbp-4716007,.gspb_container-id-gsbp-b7794be{flex-direction:column;box-sizing:border-box}.gspb_container{position:relative}#gspb_container-id-gsbp-4716007.gspb_container{font-size:20px;background-color:#f7f7f7}","footnotes":""},"class_list":["post-3642","page","type-page","status-publish","hentry"],"acf":[],"_links":{"self":[{"href":"https:\/\/sites.uel.br\/lesfem\/wp-json\/wp\/v2\/pages\/3642","targetHints":{"allow":["GET"]}}],"collection":[{"href":"https:\/\/sites.uel.br\/lesfem\/wp-json\/wp\/v2\/pages"}],"about":[{"href":"https:\/\/sites.uel.br\/lesfem\/wp-json\/wp\/v2\/types\/page"}],"author":[{"embeddable":true,"href":"https:\/\/sites.uel.br\/lesfem\/wp-json\/wp\/v2\/users\/8"}],"replies":[{"embeddable":true,"href":"https:\/\/sites.uel.br\/lesfem\/wp-json\/wp\/v2\/comments?post=3642"}],"version-history":[{"count":56,"href":"https:\/\/sites.uel.br\/lesfem\/wp-json\/wp\/v2\/pages\/3642\/revisions"}],"predecessor-version":[{"id":4018,"href":"https:\/\/sites.uel.br\/lesfem\/wp-json\/wp\/v2\/pages\/3642\/revisions\/4018"}],"wp:attachment":[{"href":"https:\/\/sites.uel.br\/lesfem\/wp-json\/wp\/v2\/media?parent=3642"}],"curies":[{"name":"wp","href":"https:\/\/api.w.org\/{rel}","templated":true}]}}