{"id":3404,"date":"2024-08-26T15:13:55","date_gmt":"2024-08-26T18:13:55","guid":{"rendered":"https:\/\/sites.uel.br\/lesfem\/?page_id=3404"},"modified":"2024-09-30T21:33:33","modified_gmt":"2024-10-01T00:33:33","slug":"iisimposiofem","status":"publish","type":"page","link":"https:\/\/sites.uel.br\/lesfem\/iisimposiofem\/","title":{"rendered":"II Simp\u00f3sio sobre Feminic\u00eddios"},"content":{"rendered":"\n<div class=\"wp-block-greenshift-blocks-container gspb_container gspb_container-gsbp-dac1ec7\" id=\"gspb_container-id-gsbp-dac1ec7\"><div class=\"wp-block-image\">\n<figure class=\"aligncenter size-large is-resized\"><img loading=\"lazy\" decoding=\"async\" width=\"1024\" height=\"512\" src=\"https:\/\/sites.uel.br\/lesfem\/wp-content\/uploads\/2024\/09\/Instagram-2-13-1024x512.png\" alt=\"\" class=\"wp-image-3987\" style=\"width:558px;height:auto\" srcset=\"https:\/\/sites.uel.br\/lesfem\/wp-content\/uploads\/2024\/09\/Instagram-2-13-1024x512.png 1024w, https:\/\/sites.uel.br\/lesfem\/wp-content\/uploads\/2024\/09\/Instagram-2-13-300x150.png 300w, https:\/\/sites.uel.br\/lesfem\/wp-content\/uploads\/2024\/09\/Instagram-2-13-768x384.png 768w, https:\/\/sites.uel.br\/lesfem\/wp-content\/uploads\/2024\/09\/Instagram-2-13-1536x768.png 1536w, https:\/\/sites.uel.br\/lesfem\/wp-content\/uploads\/2024\/09\/Instagram-2-13-2048x1024.png 2048w\" sizes=\"auto, (max-width: 1024px) 100vw, 1024px\" \/><\/figure>\n<\/div><\/div>\n\n\n\n<div class=\"wp-block-greenshift-blocks-row gspb_row gspb_row-id-gsbp-3a4ed16\" id=\"gspb_row-id-gsbp-3a4ed16\"><div class=\"gspb_row__content\"> \n<div class=\"wp-block-greenshift-blocks-row-column gspb_row__col--12 gspb_col-id-gsbp-b60dd1e\" id=\"gspb_col-id-gsbp-b60dd1e\">\n<div class=\"wp-block-buttons is-content-justification-center is-nowrap is-layout-flex wp-container-core-buttons-is-layout-1fb9aab6 wp-block-buttons-is-layout-flex\">\n<div class=\"wp-block-button is-style-outline is-style-outline--1\"><a class=\"wp-block-button__link has-text-color has-background has-link-color wp-element-button\" href=\"https:\/\/sites.uel.br\/lesfem\/inscricoes\/\" style=\"color:#a93f2a;background-color:#f0f0f000\">Inscri\u00e7\u00f5es<\/a><\/div>\n\n\n\n<div class=\"wp-block-button is-style-outline is-style-outline--2\"><a class=\"wp-block-button__link has-text-color has-background has-link-color wp-element-button\" href=\"https:\/\/sites.uel.br\/lesfem\/cronograma\/\" style=\"color:#a93f2a;background-color:#f0f0f000\">Cronograma<\/a><\/div>\n\n\n\n<div class=\"wp-block-button is-style-outline is-style-outline--3\"><a class=\"wp-block-button__link has-text-color has-background has-link-color wp-element-button\" href=\"https:\/\/sites.uel.br\/lesfem\/programacao\/\" style=\"color:#a93f2a;background-color:#f0f0f000\">Programa\u00e7\u00e3o<\/a><\/div>\n\n\n\n<div class=\"wp-block-button is-style-outline is-style-outline--4\"><a class=\"wp-block-button__link has-text-color has-background has-link-color wp-element-button\" href=\"https:\/\/sites.uel.br\/lesfem\/iisimposiofem\/sts-2\/\" style=\"color:#a93f2a;background-color:#f0f0f000\">ST&#8217;s<\/a><\/div>\n<\/div>\n<\/div>\n <\/div><\/div>\n\n\n\n<div class=\"wp-block-columns are-vertically-aligned-center is-layout-flex wp-container-core-columns-is-layout-9d6595d7 wp-block-columns-is-layout-flex\">\n<div class=\"wp-block-column is-vertically-aligned-center is-layout-flow wp-block-column-is-layout-flow\" style=\"flex-basis:100%\"><\/div>\n<\/div>\n\n\n\n<div style=\"height:30px\" aria-hidden=\"true\" class=\"wp-block-spacer\"><\/div>\n\n\n\n<p class=\"has-text-align-left has-medium-font-size\"><strong>BOAS-VINDAS<\/strong><\/p>\n\n\n\n<p class=\"has-text-align-left has-medium-font-size\">Temos a satisfa\u00e7\u00e3o de convidar toda a comunidade de pessoas pesquisadoras e sociedade civil para o II Simp\u00f3sio sobre Feminic\u00eddios: reflex\u00f5es sobre incid\u00eancias e (in)visibilidades, evento que ocorrer\u00e1 de forma presencial nos dias <strong>23 a 25 de outubro<\/strong> na Universidade Estadual de Londrina (Londrina\/PR, Brasil).&nbsp;<\/p>\n\n\n\n<p class=\"has-text-align-left has-medium-font-size\">O evento \u00e9 realizado pelo Laborat\u00f3rio de Estudos de Feminic\u00eddios (LESFEM), criado em 2022, a partir da articula\u00e7\u00e3o entre pesquisadoras e pesquisadores da Universidade Estadual de Londrina (UEL), Universidade Federal da Bahia (UFBA) e Universidade Federal de Uberl\u00e2ndia (UFU).&nbsp;<\/p>\n\n\n\n<div class=\"wp-block-greenshift-blocks-container gspb_container gspb_container-gsbp-b50ccb5\" id=\"gspb_container-id-gsbp-b50ccb5\">\n<div class=\"wp-block-media-text is-stacked-on-mobile\" style=\"grid-template-columns:45% auto\"><figure class=\"wp-block-media-text__media\"><img loading=\"lazy\" decoding=\"async\" width=\"683\" height=\"1024\" src=\"https:\/\/sites.uel.br\/lesfem\/wp-content\/uploads\/2024\/09\/Instagram-2-14-683x1024.png\" alt=\"\" class=\"wp-image-3989 size-full\" srcset=\"https:\/\/sites.uel.br\/lesfem\/wp-content\/uploads\/2024\/09\/Instagram-2-14-683x1024.png 683w, https:\/\/sites.uel.br\/lesfem\/wp-content\/uploads\/2024\/09\/Instagram-2-14-200x300.png 200w, https:\/\/sites.uel.br\/lesfem\/wp-content\/uploads\/2024\/09\/Instagram-2-14-768x1152.png 768w, https:\/\/sites.uel.br\/lesfem\/wp-content\/uploads\/2024\/09\/Instagram-2-14.png 800w\" sizes=\"auto, (max-width: 683px) 100vw, 683px\" \/><\/figure><div class=\"wp-block-media-text__content\">\n<p>Nosso objetivo \u00e9 promover um espa\u00e7o de di\u00e1logo e interc\u00e2mbio de conhecimentos entre a comunidade acad\u00eamica, gestoras\/es, ativistas e outras pessoas comprometidas com a tem\u00e1tica. Este evento visa fomentar discuss\u00f5es enriquecedoras, compartilhar pesquisas recentes e explorar estrat\u00e9gias efetivas para a preven\u00e7\u00e3o e enfrentamento dessa grave quest\u00e3o social.&nbsp;<\/p>\n\n\n\n<p class=\"has-text-align-left has-medium-font-size\">Um evento dedicado ao tema do feminic\u00eddio, de car\u00e1ter acad\u00eamico e extensionista, reunindo especialistas da academia, dos diferentes Poderes da Administra\u00e7\u00e3o P\u00fablica e ativistas da sociedade civil, tem a finalidade de contribuir para a dissemina\u00e7\u00e3o das pesquisas, notadamente na p\u00f3s-gradua\u00e7\u00e3o, e para a divulga\u00e7\u00e3o dos estudos e das formas mais recentes de interven\u00e7\u00e3o no problema, ampliando assim a visibilidade para o fen\u00f4meno e para as produ\u00e7\u00f5es vinculadas a ele.&nbsp;<\/p>\n\n\n\n<p>Junte-se a n\u00f3s para um dia de debates intensivos e esclarecedores, e para contribuir com solu\u00e7\u00f5es inovadoras para enfrentar a viol\u00eancia de g\u00eanero em nossas comunidades!<\/p>\n<\/div><\/div>\n<\/div>\n\n\n\n<div style=\"height:50px\" aria-hidden=\"true\" class=\"wp-block-spacer\"><\/div>\n\n\n\n<p>Fique atento(a)! Inscreva-se j\u00e1 <a href=\"https:\/\/www.sistemasweb.uel.br\/index.php?contents=system\/insc\/index.php&amp;pagina=view\/inscricoes\/seleciona_evento.php&amp;cod_evento=9637\">II Simp\u00f3sio sobre Feminic\u00eddios &#8211; Inscri\u00e7\u00f5es<\/a><\/p>\n\n\n\n<div class=\"wp-block-greenshift-blocks-countdown gs-countdownwrap gspb_countdown-id-gsbp-5ab0ab0\"><div class=\"gs-countdown\" data-endtime=\"2024-10-23T17:50:00\"><div class=\"gs-countdown__item_wrap\"><div class=\"gs-countdown__item\"><span class=\"days\">00<\/span><\/div><div class=\"gs-countdown__item_label\">dias<\/div><\/div><div class=\"gs-countdown__colon\"><div class=\"gs-countdown__colon-item\"><\/div><div class=\"gs-countdown__colon-item\"><\/div><\/div><div class=\"gs-countdown__item_wrap\"><div class=\"gs-countdown__item\"><span class=\"hours\">00<\/span><\/div><div class=\"gs-countdown__item_label\">horas<\/div><\/div><div class=\"gs-countdown__colon\"><div class=\"gs-countdown__colon-item\"><\/div><div class=\"gs-countdown__colon-item\"><\/div><\/div><div class=\"gs-countdown__item_wrap\"><div class=\"gs-countdown__item\"><span class=\"minutes\">00<\/span><\/div><div class=\"gs-countdown__item_label\">minutos<\/div><\/div><div class=\"gs-countdown__colon\"><div class=\"gs-countdown__colon-item\"><\/div><div class=\"gs-countdown__colon-item\"><\/div><\/div><div class=\"gs-countdown__item_wrap\"><div class=\"gs-countdown__item\"><span class=\"seconds\">00<\/span><\/div><div class=\"gs-countdown__item_label\">segundos<\/div><\/div><\/div><\/div>\n\n\n\n<h2 class=\"wp-block-heading has-text-align-left has-text-color has-background has-link-color wp-elements-f24960c6b37c83253718e08219142c3d\" id=\"clch-centro-de-letras-e-ciencias-humanasuniversidade-estadual-de-londrina-rodovia-celso-garcia-cid-km-380-s-n-campus-universitario-londrina-pr-86057-970\" style=\"color:#ffffff;background-color:#9e583f\">LOCAL DO EVENTO<\/h2>\n\n\n\n<p class=\"has-medium-font-size\">CLCH &#8211; Centro de Letras e Ci\u00eancias Humanas<\/p>\n\n\n\n<p>CESA &#8211; Centro de Estudos Sociais Aplicados<\/p>\n\n\n\n<div class=\"wp-block-group\"><div class=\"wp-block-group__inner-container is-layout-constrained wp-block-group-is-layout-constrained\">\n<p class=\"has-medium-font-size\">Universidade Estadual de Londrina &#8211; Rodovia Celso Garcia Cid, Km 380, s\/n <\/p>\n\n\n\n<p class=\"has-medium-font-size\">Campus Universit\u00e1rio, Londrina &#8211; PR, 86057-970<\/p>\n<\/div><\/div>\n\n\n<div class=\"gspb_id-gsbp-ebbf8bb wp-block-greenshift-blocks-map\"><div data-key=\"gspb_id_gsbp_ebbf8bb\" class=\"gspb_map-wrapper gspb_osmap\" id=gspb_map-gsbp-ebbf8bb><\/div><\/div>\n\n\n<div style=\"height:50px\" aria-hidden=\"true\" class=\"wp-block-spacer\"><\/div>\n\n\n\n<h2 class=\"wp-block-heading has-text-color has-background has-link-color wp-elements-be0b39f2e0c69d6c266b77f40137a2d0\" id=\"contato\" style=\"color:#ffffff;background-color:#9e583f\">CONTATO<\/h2>\n\n\n\n<p class=\"has-medium-font-size\">Para esclarecimentos adicionais, entre em contato com a comiss\u00e3o organizadora pelo e-mail: lesfem@uel.br&nbsp;&nbsp;&nbsp;<\/p>\n\n\n\n<div class=\"wp-block-greenshift-blocks-container gspb_container gspb_container-gsbp-4716007\" id=\"gspb_container-id-gsbp-4716007\">\n<ul class=\"wp-block-social-links has-visible-labels has-icon-color is-style-logos-only is-content-justification-center is-layout-flex wp-container-core-social-links-is-layout-16018d1d wp-block-social-links-is-layout-flex\"><li style=\"color:#23221f;\" class=\"wp-social-link wp-social-link-instagram has-cinza-escuro-color wp-block-social-link\"><a href=\"https:\/\/www.instagram.com\/lesfem.br\/\" class=\"wp-block-social-link-anchor\"><svg width=\"24\" height=\"24\" viewBox=\"0 0 24 24\" version=\"1.1\" xmlns=\"http:\/\/www.w3.org\/2000\/svg\" aria-hidden=\"true\" focusable=\"false\"><path d=\"M12,4.622c2.403,0,2.688,0.009,3.637,0.052c0.877,0.04,1.354,0.187,1.671,0.31c0.42,0.163,0.72,0.358,1.035,0.673 c0.315,0.315,0.51,0.615,0.673,1.035c0.123,0.317,0.27,0.794,0.31,1.671c0.043,0.949,0.052,1.234,0.052,3.637 s-0.009,2.688-0.052,3.637c-0.04,0.877-0.187,1.354-0.31,1.671c-0.163,0.42-0.358,0.72-0.673,1.035 c-0.315,0.315-0.615,0.51-1.035,0.673c-0.317,0.123-0.794,0.27-1.671,0.31c-0.949,0.043-1.233,0.052-3.637,0.052 s-2.688-0.009-3.637-0.052c-0.877-0.04-1.354-0.187-1.671-0.31c-0.42-0.163-0.72-0.358-1.035-0.673 c-0.315-0.315-0.51-0.615-0.673-1.035c-0.123-0.317-0.27-0.794-0.31-1.671C4.631,14.688,4.622,14.403,4.622,12 s0.009-2.688,0.052-3.637c0.04-0.877,0.187-1.354,0.31-1.671c0.163-0.42,0.358-0.72,0.673-1.035 c0.315-0.315,0.615-0.51,1.035-0.673c0.317-0.123,0.794-0.27,1.671-0.31C9.312,4.631,9.597,4.622,12,4.622 M12,3 C9.556,3,9.249,3.01,8.289,3.054C7.331,3.098,6.677,3.25,6.105,3.472C5.513,3.702,5.011,4.01,4.511,4.511 c-0.5,0.5-0.808,1.002-1.038,1.594C3.25,6.677,3.098,7.331,3.054,8.289C3.01,9.249,3,9.556,3,12c0,2.444,0.01,2.751,0.054,3.711 c0.044,0.958,0.196,1.612,0.418,2.185c0.23,0.592,0.538,1.094,1.038,1.594c0.5,0.5,1.002,0.808,1.594,1.038 c0.572,0.222,1.227,0.375,2.185,0.418C9.249,20.99,9.556,21,12,21s2.751-0.01,3.711-0.054c0.958-0.044,1.612-0.196,2.185-0.418 c0.592-0.23,1.094-0.538,1.594-1.038c0.5-0.5,0.808-1.002,1.038-1.594c0.222-0.572,0.375-1.227,0.418-2.185 C20.99,14.751,21,14.444,21,12s-0.01-2.751-0.054-3.711c-0.044-0.958-0.196-1.612-0.418-2.185c-0.23-0.592-0.538-1.094-1.038-1.594 c-0.5-0.5-1.002-0.808-1.594-1.038c-0.572-0.222-1.227-0.375-2.185-0.418C14.751,3.01,14.444,3,12,3L12,3z M12,7.378 c-2.552,0-4.622,2.069-4.622,4.622S9.448,16.622,12,16.622s4.622-2.069,4.622-4.622S14.552,7.378,12,7.378z M12,15 c-1.657,0-3-1.343-3-3s1.343-3,3-3s3,1.343,3,3S13.657,15,12,15z M16.804,6.116c-0.596,0-1.08,0.484-1.08,1.08 s0.484,1.08,1.08,1.08c0.596,0,1.08-0.484,1.08-1.08S17.401,6.116,16.804,6.116z\"><\/path><\/svg><span class=\"wp-block-social-link-label\">Instagram<\/span><\/a><\/li>\n\n<li style=\"color:#23221f;\" class=\"wp-social-link wp-social-link-mail has-cinza-escuro-color wp-block-social-link\"><a href=\"mailto:&#108;e&#115;&#102;&#101;m&#064;&#117;e&#108;.&#098;r\" class=\"wp-block-social-link-anchor\"><svg width=\"24\" height=\"24\" viewBox=\"0 0 24 24\" version=\"1.1\" xmlns=\"http:\/\/www.w3.org\/2000\/svg\" aria-hidden=\"true\" focusable=\"false\"><path d=\"M19,5H5c-1.1,0-2,.9-2,2v10c0,1.1.9,2,2,2h14c1.1,0,2-.9,2-2V7c0-1.1-.9-2-2-2zm.5,12c0,.3-.2.5-.5.5H5c-.3,0-.5-.2-.5-.5V9.8l7.5,5.6,7.5-5.6V17zm0-9.1L12,13.6,4.5,7.9V7c0-.3.2-.5.5-.5h14c.3,0,.5.2.5.5v.9z\"><\/path><\/svg><span class=\"wp-block-social-link-label\">E-mail<\/span><\/a><\/li>\n\n<li style=\"color:#23221f;\" class=\"wp-social-link wp-social-link-chain has-cinza-escuro-color wp-block-social-link\"><a href=\"https:\/\/linktr.ee\/lesfem.br\" class=\"wp-block-social-link-anchor\"><svg width=\"24\" height=\"24\" viewBox=\"0 0 24 24\" version=\"1.1\" xmlns=\"http:\/\/www.w3.org\/2000\/svg\" aria-hidden=\"true\" focusable=\"false\"><path d=\"M15.6,7.2H14v1.5h1.6c2,0,3.7,1.7,3.7,3.7s-1.7,3.7-3.7,3.7H14v1.5h1.6c2.8,0,5.2-2.3,5.2-5.2,0-2.9-2.3-5.2-5.2-5.2zM4.7,12.4c0-2,1.7-3.7,3.7-3.7H10V7.2H8.4c-2.9,0-5.2,2.3-5.2,5.2,0,2.9,2.3,5.2,5.2,5.2H10v-1.5H8.4c-2,0-3.7-1.7-3.7-3.7zm4.6.9h5.3v-1.5H9.3v1.5z\"><\/path><\/svg><span class=\"wp-block-social-link-label\">Linktree<\/span><\/a><\/li><\/ul>\n<\/div>\n\n\n\n<div style=\"height:30px\" aria-hidden=\"true\" class=\"wp-block-spacer\"><\/div>\n\n\n\n<div class=\"wp-block-columns is-layout-flex wp-container-core-columns-is-layout-9d6595d7 wp-block-columns-is-layout-flex\">\n<div class=\"wp-block-column is-vertically-aligned-stretch is-layout-flow wp-block-column-is-layout-flow\">\n<h2 class=\"wp-block-heading has-text-align-center has-verde-escuro-background-color has-text-color has-background has-link-color wp-elements-4d0469a542b5f92981d883d60b1753dd\" id=\"realizacao\" style=\"color:#ffffff\">Realiza\u00e7\u00e3o<\/h2>\n<\/div>\n\n\n\n<div class=\"wp-block-column is-layout-flow wp-block-column-is-layout-flow\">\n<h2 class=\"wp-block-heading has-text-align-center has-verde-escuro-background-color has-text-color has-background has-link-color wp-elements-23cf29613652ee1911862702c0a766c5\" id=\"parcerias\" style=\"color:#ffffff\">Parcerias<\/h2>\n<\/div>\n<\/div>\n\n\n\n<div class=\"wp-block-columns are-vertically-aligned-center is-not-stacked-on-mobile is-layout-flex wp-container-core-columns-is-layout-9d6595d7 wp-block-columns-is-layout-flex\">\n<div class=\"wp-block-column is-vertically-aligned-center is-layout-flow wp-block-column-is-layout-flow\"><div class=\"wp-block-image\">\n<figure class=\"aligncenter size-large is-resized\"><img loading=\"lazy\" decoding=\"async\" width=\"1024\" height=\"1024\" src=\"https:\/\/sites.uel.br\/lesfem\/wp-content\/uploads\/2024\/09\/RealizacaoApoio-Simposio-SITE-5-1024x1024.png\" alt=\"\" class=\"wp-image-4092\" style=\"width:293px;height:auto\" srcset=\"https:\/\/sites.uel.br\/lesfem\/wp-content\/uploads\/2024\/09\/RealizacaoApoio-Simposio-SITE-5-1024x1024.png 1024w, https:\/\/sites.uel.br\/lesfem\/wp-content\/uploads\/2024\/09\/RealizacaoApoio-Simposio-SITE-5-300x300.png 300w, https:\/\/sites.uel.br\/lesfem\/wp-content\/uploads\/2024\/09\/RealizacaoApoio-Simposio-SITE-5-150x150.png 150w, https:\/\/sites.uel.br\/lesfem\/wp-content\/uploads\/2024\/09\/RealizacaoApoio-Simposio-SITE-5-768x768.png 768w, https:\/\/sites.uel.br\/lesfem\/wp-content\/uploads\/2024\/09\/RealizacaoApoio-Simposio-SITE-5.png 1080w\" sizes=\"auto, (max-width: 1024px) 100vw, 1024px\" \/><\/figure>\n<\/div><\/div>\n\n\n\n<div class=\"wp-block-column is-vertically-aligned-center is-layout-flow wp-block-column-is-layout-flow\"><div class=\"wp-block-image\">\n<figure class=\"aligncenter size-large is-resized\"><img loading=\"lazy\" decoding=\"async\" width=\"1024\" height=\"1024\" src=\"https:\/\/sites.uel.br\/lesfem\/wp-content\/uploads\/2024\/09\/RealizacaoApoio-Simposio-SITE-4-1024x1024.png\" alt=\"\" class=\"wp-image-3927\" style=\"width:293px\" srcset=\"https:\/\/sites.uel.br\/lesfem\/wp-content\/uploads\/2024\/09\/RealizacaoApoio-Simposio-SITE-4-1024x1024.png 1024w, https:\/\/sites.uel.br\/lesfem\/wp-content\/uploads\/2024\/09\/RealizacaoApoio-Simposio-SITE-4-300x300.png 300w, https:\/\/sites.uel.br\/lesfem\/wp-content\/uploads\/2024\/09\/RealizacaoApoio-Simposio-SITE-4-150x150.png 150w, https:\/\/sites.uel.br\/lesfem\/wp-content\/uploads\/2024\/09\/RealizacaoApoio-Simposio-SITE-4-768x768.png 768w, https:\/\/sites.uel.br\/lesfem\/wp-content\/uploads\/2024\/09\/RealizacaoApoio-Simposio-SITE-4.png 1080w\" sizes=\"auto, (max-width: 1024px) 100vw, 1024px\" \/><\/figure>\n<\/div><\/div>\n<\/div>\n","protected":false},"excerpt":{"rendered":"<p>BOAS-VINDAS Temos a satisfa\u00e7\u00e3o de convidar toda a comunidade de pessoas pesquisadoras e sociedade civil para o II Simp\u00f3sio sobre Feminic\u00eddios: reflex\u00f5es sobre incid\u00eancias e (in)visibilidades, evento que ocorrer\u00e1 de forma presencial nos dias 23 a 25 de outubro na Universidade Estadual de Londrina (Londrina\/PR, Brasil).&nbsp; O evento \u00e9 realizado pelo Laborat\u00f3rio de Estudos de [&hellip;]<\/p>\n","protected":false},"author":8,"featured_media":3427,"parent":0,"menu_order":0,"comment_status":"open","ping_status":"closed","template":"","meta":{"_acf_changed":false,"_gspb_post_css":"#gspb_row-id-gsbp-3a4ed16{justify-content:space-between;margin-top:0;display:flex;flex-wrap:wrap;align-content:center;margin-bottom:0}#gspb_row-id-gsbp-3a4ed16>.gspb_row__content{display:flex;justify-content:space-between;margin:0 auto;width:100%;flex-wrap:wrap;max-width:2483px;align-items:center}.gspb_row{position:relative}div[id^=gspb_col-id]{box-sizing:border-box;position:relative;padding:15px min(3vw,20px)}@media (max-width:991.98px){#gspb_row-id-gsbp-3a4ed16>.gspb_row__content{max-width:2500px}}.gspb_container-id-gsbp-dac1ec7{flex-direction:column;box-sizing:border-box}#gspb_container-id-gsbp-4716007.gspb_container>p:last-of-type,#gspb_container-id-gsbp-b50ccb5.gspb_container>p:last-of-type,#gspb_container-id-gsbp-dac1ec7.gspb_container>p:last-of-type{margin-bottom:0}#gspb_container-id-gsbp-dac1ec7.gspb_container{margin-bottom:0;background-color:#f6f6e9}#gspb_col-id-gsbp-b60dd1e.gspb_row__col--12{width:100%}@media (max-width:575.98px){#gspb_col-id-gsbp-b60dd1e.gspb_row__col--12{width:100%}}@media (min-width:576px) and (max-width:991.98px){body.gspb-bodyfront #gspb_col-id-gsbp-b60dd1e.gspb_row__col--12{width:calc(100% - 0px - 0px)}}.gspb_container-id-gsbp-b50ccb5{flex-direction:column;box-sizing:border-box}#gspb_container-id-gsbp-b50ccb5.gspb_container{margin-bottom:0}.gs-countdownwrap{display:flex;align-items:center;justify-content:center}.gs-countdownwrap .gs-countdown{display:flex;text-align:center}.gs-countdownwrap .gs-countdown__item{margin:0 .5rem;padding:5px 15px;display:flex;justify-content:center;font-family:Helvetica,sans-serif;align-items:center;background-color:#c3cfe2}.gs-countdownwrap .gs-countdown__colon{display:flex;flex-direction:column;justify-content:space-evenly}.gs-countdownwrap .gs-countdown__colon-item{border-radius:50%}.gspb_countdown-id-gsbp-5ab0ab0.gs-countdownwrap .gs-countdown__item{font-size:80px;line-height:80px;color:#f5f7fa}@media (max-width:575.98px){.gspb_countdown-id-gsbp-5ab0ab0.gs-countdownwrap .gs-countdown__item{font-size:30px;line-height:30px}}.gspb_countdown-id-gsbp-5ab0ab0.gs-countdownwrap .gs-countdown__item_label{font-size:16px;color:#111}@media (max-width:575.98px){.gspb_countdown-id-gsbp-5ab0ab0.gs-countdownwrap .gs-countdown__item_label{font-size:14px}}.gspb_countdown-id-gsbp-5ab0ab0.gs-countdownwrap .gs-countdown__item{border-radius:9px}.gspb_countdown-id-gsbp-5ab0ab0.gs-countdownwrap .gs-countdown__colon{padding-bottom:20px}@media (max-width:575.98px){.gspb_countdown-id-gsbp-5ab0ab0.gs-countdownwrap .gs-countdown__colon{padding-bottom:7.5px}}.gspb_countdown-id-gsbp-5ab0ab0.gs-countdownwrap .gs-countdown__colon-item{width:16px;height:16px;background-color:#f5f7fa}@media (max-width:575.98px){.gspb_countdown-id-gsbp-5ab0ab0.gs-countdownwrap .gs-countdown__colon-item{width:6px;height:6px}}.gspb_countdown-id-gsbp-5ab0ab0.gs-countdownwrap .gs-countdown__item{background-color:#9e583f}.gspb_container-id-gsbp-4716007{flex-direction:column;box-sizing:border-box}.gspb_container{position:relative}#gspb_container-id-gsbp-4716007.gspb_container{font-size:20px;background-color:#f7f7f7}.gspb_id-gsbp-ebbf8bb{display:flex}.gspb_id-gsbp-ebbf8bb .gspb_map-wrapper{width:100%;height:400px;isolation:isolate}","footnotes":""},"class_list":["post-3404","page","type-page","status-publish","has-post-thumbnail","hentry"],"acf":[],"_links":{"self":[{"href":"https:\/\/sites.uel.br\/lesfem\/wp-json\/wp\/v2\/pages\/3404","targetHints":{"allow":["GET"]}}],"collection":[{"href":"https:\/\/sites.uel.br\/lesfem\/wp-json\/wp\/v2\/pages"}],"about":[{"href":"https:\/\/sites.uel.br\/lesfem\/wp-json\/wp\/v2\/types\/page"}],"author":[{"embeddable":true,"href":"https:\/\/sites.uel.br\/lesfem\/wp-json\/wp\/v2\/users\/8"}],"replies":[{"embeddable":true,"href":"https:\/\/sites.uel.br\/lesfem\/wp-json\/wp\/v2\/comments?post=3404"}],"version-history":[{"count":174,"href":"https:\/\/sites.uel.br\/lesfem\/wp-json\/wp\/v2\/pages\/3404\/revisions"}],"predecessor-version":[{"id":4241,"href":"https:\/\/sites.uel.br\/lesfem\/wp-json\/wp\/v2\/pages\/3404\/revisions\/4241"}],"wp:featuredmedia":[{"embeddable":true,"href":"https:\/\/sites.uel.br\/lesfem\/wp-json\/wp\/v2\/media\/3427"}],"wp:attachment":[{"href":"https:\/\/sites.uel.br\/lesfem\/wp-json\/wp\/v2\/media?parent=3404"}],"curies":[{"name":"wp","href":"https:\/\/api.w.org\/{rel}","templated":true}]}}