{"id":28,"date":"2023-04-18T16:04:21","date_gmt":"2023-04-18T19:04:21","guid":{"rendered":"https:\/\/sites.uel.br\/lesfem\/?page_id=28"},"modified":"2024-12-17T01:44:35","modified_gmt":"2024-12-17T04:44:35","slug":"home","status":"publish","type":"page","link":"https:\/\/sites.uel.br\/lesfem\/","title":{"rendered":"Home"},"content":{"rendered":"\n<div class=\"wp-block-uel-card\">\n<h3 class=\"wp-block-heading is-style-highlighted-heading\" id=\"noticias\">NOT\u00cdCIAS<\/h3>\n\n\n\n<hr class=\"wp-block-separator has-text-color has-alpha-channel-opacity has-background is-style-wide\" style=\"background-color:#4d4d4d66;color:#4d4d4d66\" \/>\n\n\n<div class=\"noticias-recentes\"><a class=\"noticia-padrao d-flex flex-column flex-md-row align-items-start\" href=\"https:\/\/sites.uel.br\/lesfem\/memorial-de-vitimas-de-feminicidio-no-parana-2025\/\"><img decoding=\"async\" src=\"https:\/\/sites.uel.br\/lesfem\/wp-content\/uploads\/2026\/02\/feminicidio-parem-de-nos-matar.jpg\"><article class=\"ml-0 ml-md-2 corpo-noticia-padrao\"><p class=\"antetitulo mb-0\">luto, mem\u00f3ria e responsabilidade p\u00fablica<\/p><p class=\"titulo mb-2\">Memorial de V\u00edtimas de Feminic\u00eddio no Paran\u00e1 \u2013 2025<\/p><p class=\"descricao\">O Laborat\u00f3rio de Estudos sobre Feminic\u00eddio (Lesfem), vinculado \u00e0 Universidade Estadual de Londrina, publica a edi\u00e7\u00e3o 2025 do Memorial de V\u00edtimas de Feminic\u00eddio no Paran\u00e1, A Falta que Faz, com o registro de 122 casos consumados no estado. A publica\u00e7\u00e3o se soma ao debate nacional sobre luto e mem\u00f3ria, refor\u00e7ado pela Lei Federal n\u00ba 15.334\/2026, [&hellip;]<\/p><\/article><\/a><hr class=\"mt-2 mb-2 d-none d-md-block\"><a class=\"noticia-padrao d-flex flex-column flex-md-row align-items-start\" href=\"https:\/\/sites.uel.br\/lesfem\/variacao-das-taxas-de-feminicidio-no-brasil-revela-forte-aumento-em-2025\/\"><img decoding=\"async\" src=\"https:\/\/sites.uel.br\/lesfem\/wp-content\/uploads\/2025\/12\/transferir.jpeg\"><article class=\"ml-0 ml-md-2 corpo-noticia-padrao\"><p class=\"antetitulo mb-0\">Lesfem divulga dados preliminares do Monitor de Feminic\u00eddios no Brasil<\/p><p class=\"titulo mb-2\">Varia\u00e7\u00e3o das taxas de feminic\u00eddio no Brasil revela forte aumento em 2025<\/p><p class=\"descricao\">O Laborat\u00f3rio de Estudos de Feminic\u00eddios (Lesfem) divulgou nesta quarta-feira, 10 de dezembro, os dados preliminares do Monitor de Feminic\u00eddios no Brasil (MFB) referentes ao per\u00edodo de janeiro a outubro de 2025. O levantamento identificou 5.582 feminic\u00eddios consumados e tentados no pa\u00eds, resultando em uma taxa anualizada de 5,12 feminic\u00eddios por 100 mil mulheres. Os [&hellip;]<\/p><\/article><\/a><hr class=\"mt-2 mb-2 d-none d-md-block\"><a class=\"noticia-padrao d-flex flex-column flex-md-row align-items-start\" href=\"https:\/\/sites.uel.br\/lesfem\/mfb-publica-informe-semestral-sobre-os-dados-de-feminicidios-do-brasil\/\"><img decoding=\"async\" src=\"https:\/\/sites.uel.br\/lesfem\/wp-content\/themes\/tema-wordpress-uel\/content\/destaque-padrao.jpg\"><article class=\"ml-0 ml-md-2 corpo-noticia-padrao\"><p class=\"antetitulo mb-0\"><\/p><p class=\"titulo mb-2\">MFB publica informe semestral sobre os dados de feminic\u00eddios do Brasil<\/p><p class=\"descricao\">O Monitor de Feminic\u00eddios no Brasil (MFB), desenvolvido pelo Laborat\u00f3rio de Estudos de Feminic\u00eddios (LESFEM), da Universidade Estadual de Londrina (UEL), divulgou nesta ter\u00e7a-feira, 14 de outubro, o Informe Semestral com os dados sobre os feminic\u00eddios ocorridos no pa\u00eds entre janeiro e junho de 2025. &nbsp;&nbsp;&nbsp;&nbsp;&nbsp;&nbsp;&nbsp;&nbsp;&nbsp; Os objetivos do relat\u00f3rio s\u00e3o dar visibilidade, apresentar e [&hellip;]<\/p><\/article><\/a><hr class=\"mt-2 mb-2 d-none d-md-block\"><a class=\"noticia-padrao d-flex flex-column flex-md-row align-items-start\" href=\"https:\/\/sites.uel.br\/lesfem\/iii-simposio-sobre-feminicidios-divulga-programacao-dos-seminarios-tematicos\/\"><img decoding=\"async\" src=\"https:\/\/sites.uel.br\/lesfem\/wp-content\/uploads\/2025\/07\/Design-sem-nome-5.png\"><article class=\"ml-0 ml-md-2 corpo-noticia-padrao\"><p class=\"antetitulo mb-0\"><\/p><p class=\"titulo mb-2\">III Simp\u00f3sio sobre Feminic\u00eddios divulga programa\u00e7\u00e3o dos Semin\u00e1rios Tem\u00e1ticos<\/p><p class=\"descricao\">A Universidade Estadual de Londrina (UEL) sedia, nos dias 27 e 28 de agosto de 2025, o III Simp\u00f3sio sobre Feminic\u00eddios, evento que se consolida como um dos principais espa\u00e7os nacionais para o debate, a reflex\u00e3o e o interc\u00e2mbio de experi\u00eancias em torno do enfrentamento \u00e0 viol\u00eancia letal contra meninas e mulheres no Brasil. O [&hellip;]<\/p><\/article><\/a><div class=\"clearfix\" style=\"width: 100%;\"><\/div><a href=\"https:\/\/sites.uel.br\/lesfem\/posts\" class=\"mt-4 noticias-recentes_todas\">Ver mais<\/a><\/div><\/div>\n\n\n\n<div class=\"wp-block-uel-card\">\n<h2 class=\"wp-block-heading\" id=\"parcerias\">Parcerias<\/h2>\n\n\n\n<div class=\"wp-block-columns is-layout-flex wp-container-core-columns-is-layout-9d6595d7 wp-block-columns-is-layout-flex\">\n<div class=\"wp-block-column is-vertically-aligned-center is-layout-flow wp-block-column-is-layout-flow\"><div class=\"wp-block-image\">\n<figure class=\"aligncenter size-large is-resized\"><a href=\"https:\/\/pos.uel.br\/ppgsoc\/\" target=\"_blank\" rel=\"noreferrer noopener\"><img loading=\"lazy\" decoding=\"async\" width=\"1024\" height=\"349\" src=\"https:\/\/sites.uel.br\/lesfem\/wp-content\/uploads\/2023\/04\/Logo-01-1024x349.png\" alt=\"\" class=\"wp-image-367\" style=\"width:312px;height:106px\" srcset=\"https:\/\/sites.uel.br\/lesfem\/wp-content\/uploads\/2023\/04\/Logo-01-1024x349.png 1024w, https:\/\/sites.uel.br\/lesfem\/wp-content\/uploads\/2023\/04\/Logo-01-300x102.png 300w, https:\/\/sites.uel.br\/lesfem\/wp-content\/uploads\/2023\/04\/Logo-01-768x261.png 768w, https:\/\/sites.uel.br\/lesfem\/wp-content\/uploads\/2023\/04\/Logo-01-1536x523.png 1536w, https:\/\/sites.uel.br\/lesfem\/wp-content\/uploads\/2023\/04\/Logo-01-2048x697.png 2048w\" sizes=\"auto, (max-width: 1024px) 100vw, 1024px\" \/><\/a><\/figure>\n<\/div><\/div>\n\n\n\n<div class=\"wp-block-column is-vertically-aligned-center is-layout-flow wp-block-column-is-layout-flow\"><div class=\"wp-block-image\">\n<figure class=\"aligncenter size-large is-resized\"><a href=\"https:\/\/www.gov.br\/capes\/pt-br\" target=\"_blank\" rel=\"noreferrer noopener\"><img loading=\"lazy\" decoding=\"async\" width=\"1024\" height=\"186\" src=\"https:\/\/sites.uel.br\/lesfem\/wp-content\/uploads\/2023\/04\/logo-aplicacao-horizontal-fundo-claro-png-1024x186.png\" alt=\"\" class=\"wp-image-368\" style=\"width:312px;height:56px\" srcset=\"https:\/\/sites.uel.br\/lesfem\/wp-content\/uploads\/2023\/04\/logo-aplicacao-horizontal-fundo-claro-png-1024x186.png 1024w, https:\/\/sites.uel.br\/lesfem\/wp-content\/uploads\/2023\/04\/logo-aplicacao-horizontal-fundo-claro-png-300x54.png 300w, https:\/\/sites.uel.br\/lesfem\/wp-content\/uploads\/2023\/04\/logo-aplicacao-horizontal-fundo-claro-png-768x139.png 768w, https:\/\/sites.uel.br\/lesfem\/wp-content\/uploads\/2023\/04\/logo-aplicacao-horizontal-fundo-claro-png-1536x279.png 1536w, https:\/\/sites.uel.br\/lesfem\/wp-content\/uploads\/2023\/04\/logo-aplicacao-horizontal-fundo-claro-png-2048x372.png 2048w\" sizes=\"auto, (max-width: 1024px) 100vw, 1024px\" \/><\/a><\/figure>\n<\/div><\/div>\n\n\n\n<div class=\"wp-block-column is-vertically-aligned-center is-layout-flow wp-block-column-is-layout-flow\"><div class=\"wp-block-image\">\n<figure class=\"aligncenter size-full is-resized\"><img loading=\"lazy\" decoding=\"async\" width=\"693\" height=\"703\" src=\"https:\/\/sites.uel.br\/lesfem\/wp-content\/uploads\/2023\/06\/mundo_sur_isologotipo.png\" alt=\"\" class=\"wp-image-791\" style=\"width:160px;height:162px\" srcset=\"https:\/\/sites.uel.br\/lesfem\/wp-content\/uploads\/2023\/06\/mundo_sur_isologotipo.png 693w, https:\/\/sites.uel.br\/lesfem\/wp-content\/uploads\/2023\/06\/mundo_sur_isologotipo-296x300.png 296w\" sizes=\"auto, (max-width: 693px) 100vw, 693px\" \/><\/figure>\n<\/div><\/div>\n<\/div>\n\n\n\n<div class=\"wp-block-columns is-layout-flex wp-container-core-columns-is-layout-9d6595d7 wp-block-columns-is-layout-flex\">\n<div class=\"wp-block-column is-vertically-aligned-center is-layout-flow wp-block-column-is-layout-flow\"><div class=\"wp-block-image\">\n<figure class=\"aligncenter size-full\"><img loading=\"lazy\" decoding=\"async\" width=\"1024\" height=\"575\" src=\"https:\/\/sites.uel.br\/lesfem\/wp-content\/uploads\/2023\/05\/WhatsApp-Image-2023-05-26-at-17.00.37-1.jpeg\" alt=\"\" class=\"wp-image-669\" srcset=\"https:\/\/sites.uel.br\/lesfem\/wp-content\/uploads\/2023\/05\/WhatsApp-Image-2023-05-26-at-17.00.37-1.jpeg 1024w, https:\/\/sites.uel.br\/lesfem\/wp-content\/uploads\/2023\/05\/WhatsApp-Image-2023-05-26-at-17.00.37-1-300x168.jpeg 300w, https:\/\/sites.uel.br\/lesfem\/wp-content\/uploads\/2023\/05\/WhatsApp-Image-2023-05-26-at-17.00.37-1-768x431.jpeg 768w\" sizes=\"auto, (max-width: 1024px) 100vw, 1024px\" \/><\/figure>\n<\/div><\/div>\n\n\n\n<div class=\"wp-block-column is-vertically-aligned-center is-layout-flow wp-block-column-is-layout-flow\"><div class=\"wp-block-image\">\n<figure class=\"aligncenter size-full\"><img loading=\"lazy\" decoding=\"async\" width=\"225\" height=\"225\" src=\"https:\/\/sites.uel.br\/lesfem\/wp-content\/uploads\/2023\/05\/WhatsApp-Image-2023-05-26-at-17.00.37.jpeg\" alt=\"\" class=\"wp-image-670\" srcset=\"https:\/\/sites.uel.br\/lesfem\/wp-content\/uploads\/2023\/05\/WhatsApp-Image-2023-05-26-at-17.00.37.jpeg 225w, https:\/\/sites.uel.br\/lesfem\/wp-content\/uploads\/2023\/05\/WhatsApp-Image-2023-05-26-at-17.00.37-150x150.jpeg 150w\" sizes=\"auto, (max-width: 225px) 100vw, 225px\" \/><\/figure>\n<\/div><\/div>\n\n\n\n<div class=\"wp-block-column is-layout-flow wp-block-column-is-layout-flow\">\n<figure class=\"wp-block-gallery aligncenter has-nested-images columns-default is-cropped wp-block-gallery-1 is-layout-flex wp-block-gallery-is-layout-flex\">\n<figure class=\"wp-block-image size-large\"><img loading=\"lazy\" decoding=\"async\" width=\"492\" height=\"267\" data-id=\"727\" src=\"https:\/\/sites.uel.br\/lesfem\/wp-content\/uploads\/2023\/06\/d_f_logo-4.png\" alt=\"\" class=\"wp-image-727\" \/><\/figure>\n<\/figure>\n<\/div>\n\n\n\n<div class=\"wp-block-column is-vertically-aligned-center is-layout-flow wp-block-column-is-layout-flow\"><div class=\"wp-block-image\">\n<figure class=\"aligncenter size-full\"><img loading=\"lazy\" decoding=\"async\" width=\"302\" height=\"167\" src=\"https:\/\/sites.uel.br\/lesfem\/wp-content\/uploads\/2023\/05\/download.jpg\" alt=\"\" class=\"wp-image-681\" srcset=\"https:\/\/sites.uel.br\/lesfem\/wp-content\/uploads\/2023\/05\/download.jpg 302w, https:\/\/sites.uel.br\/lesfem\/wp-content\/uploads\/2023\/05\/download-300x166.jpg 300w\" sizes=\"auto, (max-width: 302px) 100vw, 302px\" \/><\/figure>\n<\/div><\/div>\n\n\n\n<div class=\"wp-block-column is-vertically-aligned-center is-layout-flow wp-block-column-is-layout-flow\"><div class=\"wp-block-image\">\n<figure class=\"aligncenter size-full\"><img loading=\"lazy\" decoding=\"async\" width=\"152\" height=\"77\" src=\"https:\/\/sites.uel.br\/lesfem\/wp-content\/uploads\/2023\/05\/WhatsApp-Image-2023-05-26-at-17.00.38-1.jpeg\" alt=\"\" class=\"wp-image-672\" srcset=\"https:\/\/sites.uel.br\/lesfem\/wp-content\/uploads\/2023\/05\/WhatsApp-Image-2023-05-26-at-17.00.38-1.jpeg 152w, https:\/\/sites.uel.br\/lesfem\/wp-content\/uploads\/2023\/05\/WhatsApp-Image-2023-05-26-at-17.00.38-1-150x77.jpeg 150w\" sizes=\"auto, (max-width: 152px) 100vw, 152px\" \/><\/figure>\n<\/div><\/div>\n<\/div>\n<\/div>\n","protected":false},"excerpt":{"rendered":"","protected":false},"author":8,"featured_media":0,"parent":0,"menu_order":0,"comment_status":"closed","ping_status":"closed","template":"","meta":{"_acf_changed":false,"_gspb_post_css":".gspb_container-id-gsbp-6a86ec0{flex-direction:column;box-sizing:border-box}#gspb_container-id-gsbp-6a86ec0.gspb_container>p:last-of-type{margin-bottom:0}.gspb_container{position:relative}","footnotes":""},"class_list":["post-28","page","type-page","status-publish","hentry"],"acf":[],"_links":{"self":[{"href":"https:\/\/sites.uel.br\/lesfem\/wp-json\/wp\/v2\/pages\/28","targetHints":{"allow":["GET"]}}],"collection":[{"href":"https:\/\/sites.uel.br\/lesfem\/wp-json\/wp\/v2\/pages"}],"about":[{"href":"https:\/\/sites.uel.br\/lesfem\/wp-json\/wp\/v2\/types\/page"}],"author":[{"embeddable":true,"href":"https:\/\/sites.uel.br\/lesfem\/wp-json\/wp\/v2\/users\/8"}],"replies":[{"embeddable":true,"href":"https:\/\/sites.uel.br\/lesfem\/wp-json\/wp\/v2\/comments?post=28"}],"version-history":[{"count":92,"href":"https:\/\/sites.uel.br\/lesfem\/wp-json\/wp\/v2\/pages\/28\/revisions"}],"predecessor-version":[{"id":4469,"href":"https:\/\/sites.uel.br\/lesfem\/wp-json\/wp\/v2\/pages\/28\/revisions\/4469"}],"wp:attachment":[{"href":"https:\/\/sites.uel.br\/lesfem\/wp-json\/wp\/v2\/media?parent=28"}],"curies":[{"name":"wp","href":"https:\/\/api.w.org\/{rel}","templated":true}]}}