{"id":1213,"date":"2023-10-30T12:27:51","date_gmt":"2023-10-30T15:27:51","guid":{"rendered":"https:\/\/sites.uel.br\/lesfem\/?page_id=1213"},"modified":"2023-10-30T13:12:37","modified_gmt":"2023-10-30T16:12:37","slug":"bibliografia-2","status":"publish","type":"page","link":"https:\/\/sites.uel.br\/lesfem\/bibliografia-2\/","title":{"rendered":"Bibliografia"},"content":{"rendered":"\n<ol class=\"wp-block-list\" start=\"1\">\n<li>BANDEIRA, Lourdes M.; MAGALH\u00c3ES, Maria Jos\u00e9. A transversalidade dos crimes de feminic\u00eddio\/femic\u00eddio no Brasil e em Portugal. Revista da Defensoria P\u00fablica do Distrito Federal, Bras\u00edlia, v. 1, n. 1, 2019, p. 29-56.&nbsp;&nbsp;<\/li>\n<\/ol>\n\n\n\n<ol class=\"wp-block-list\" start=\"2\">\n<li>BARBI\u00c9RI, Luiz Felipe; CLAVERY, Elisa. Agraciado com medalha do M\u00e9rito do Livro, Daniel Silveira \u00e9 ausente da comiss\u00e3o de Cultura da C\u00e2mara. G1.Globo.com [online], Rio de Janeiro, 07 de julho de 2022. Dispon\u00edvel em: <a rel=\"noreferrer noopener\" href=\"https:\/\/g1.globo.com\/politica\/noticia\/2022\/07\/07\/agraciado-com-medalha-do-merito-do-livro-daniel-silveira-foi-a-apenas-um-encontro-da-comissao-de-cultura-na-camara.ghtml\" target=\"_blank\">https:\/\/g1.globo.com\/politica\/noticia\/2022\/07\/07\/agraciado-com-medalha-do-merito-do-livro-daniel-silveira-foi-a-apenas-um-encontro-da-comissao-de-cultura-na-camara.ghtml<\/a> &#8211; Acesso em: 24 de junho de 2022.\u00a0\u00a0<\/li>\n<\/ol>\n\n\n\n<ol class=\"wp-block-list\" start=\"3\">\n<li>BEN\u00cdCIO, Jeff. M\u00e3e e vi\u00favo de Daniella Perez lutaram contra difama\u00e7\u00e3o da atriz ap\u00f3s sua morte. Terra [online], 25 de julho de 2022. Dispon\u00edvel em:  <a rel=\"noreferrer noopener\" href=\"https:\/\/www.terra.com.br\/diversao\/tv\/mae-e-viuvo-de-daniella-perez-lutaram-contra-difamacao-da-atriz-apos-sua-morte,ce87a30ea148f7fbf8b17f3c44c63d7ca8mbo1pi.html\" target=\"_blank\">https:\/\/www.terra.com.br\/diversao\/tv\/mae-e-viuvo-de-daniella-perez-lutaram-contra-difamacao-da-atriz-apos-sua-morte,ce87a30ea148f7fbf8b17f3c44c63d7ca8mbo1pi.html<\/a> &#8211; Acesso em: 26 de julho de 2022.\u00a0\u00a0<\/li>\n<\/ol>\n\n\n\n<ol class=\"wp-block-list\" start=\"4\">\n<li>BENTO, Berenice. Brasil: pa\u00eds do transfeminic\u00eddio. Centro latino-americano em sexualidade e direitos humanos, Rio de Janeiro, 2014.&nbsp;&nbsp;<\/li>\n<\/ol>\n\n\n\n<ol class=\"wp-block-list\" start=\"5\">\n<li>BERTOLIN, Patr\u00edcia Tuma Martins; ANGOTTI, Bruna; VIEIRA, Regina Stela Corr\u00eaa (orgs.). Feminic\u00eddio &#8211; quando a desigualdade de g\u00eanero mata: mapeamento da Tipifica\u00e7\u00e3o na Am\u00e9rica Latina. Joa\u00e7aba: Editora Unoesc, 2020.&nbsp;&nbsp;<\/li>\n<\/ol>\n\n\n\n<ol class=\"wp-block-list\" start=\"6\">\n<li>CAICEDO-ROA, M\u00f4nica; BANDEIRA, Lourdes Maria; CORDEIRO, Ricardo Carlos. Femic\u00eddio e Feminic\u00eddio: discutindo e ampliando os conceitos. Revista Estudos Feministas, v. 30, 2022. Dispon\u00edvel em: <a rel=\"noreferrer noopener\" href=\"https:\/\/www.scielo.br\/j\/ref\/a\/8GzxSjJtLX7P3ryZRbtsvmH\/?format=pdf&amp;lang=pt\" target=\"_blank\">https:\/\/www.scielo.br\/j\/ref\/a\/8GzxSjJtLX7P3ryZRbtsvmH\/?format=pdf&amp;lang=pt<\/a> &#8211; Acesso em: 01 de setembro de 2023.\u00a0<\/li>\n<\/ol>\n\n\n\n<ol class=\"wp-block-list\" start=\"7\">\n<li>CARNEIRO, Sueli. Racismo, sexismo e desigualdade no Brasil. S\u00e3o Paulo: Selo Negro, 2011.&nbsp;&nbsp;<\/li>\n<\/ol>\n\n\n\n<ol class=\"wp-block-list\" start=\"8\">\n<li>CASO Cl\u00e1udia Lessin. O assassinato da jovem Cl\u00e1udia Lessin Rodrigues, em julho de 1977, choca o Brasil. Mem\u00f3ria Globo. Rio de Janeiro, 28 de outubro de 2021. Dispon\u00edvel em: <a rel=\"noreferrer noopener\" href=\"https:\/\/memoriaglobo.globo.com\/jornalismo\/coberturas\/caso-claudia-lessin\/noticia\/caso-claudia-lessin.ghtml\" target=\"_blank\">https:\/\/memoriaglobo.globo.com\/jornalismo\/coberturas\/caso-claudia-lessin\/noticia\/caso-claudia-lessin.ghtml<\/a> &#8211; Acesso em: 20 de junho de 2022.\u00a0\u00a0<\/li>\n<\/ol>\n\n\n\n<ol class=\"wp-block-list\" start=\"9\">\n<li>Connell, R. (2014). Quest\u00f5es de g\u00eanero e justi\u00e7a social. <em>S\u00e9culo XXI \u2013 Revista De Ci\u00eancias Sociais<\/em>, <em>4<\/em>(2), 11\u201334. Dispon\u00edvel em: <a rel=\"noreferrer noopener\" href=\"https:\/\/periodicos.ufsm.br\/seculoxxi\/article\/view\/17033\" target=\"_blank\">https:\/\/periodicos.ufsm.br\/seculoxxi\/article\/view\/17033<\/a> &#8211; Acesso em: 01 de setembro de 2023.\u00a0<\/li>\n<\/ol>\n\n\n\n<ol class=\"wp-block-list\" start=\"10\">\n<li>CONNELL, Raewyn; PEARSE, Rebecca. G\u00eanero: uma perspectiva global. S\u00e3o Paulo: InVerso, 2015. Dispon\u00edvel em: <a rel=\"noreferrer noopener\" href=\"https:\/\/edisciplinas.usp.br\/pluginfile.php\/4216087\/mod_resource\/content\/1\/Aquestaodogenero.pdf\" target=\"_blank\">https:\/\/edisciplinas.usp.br\/pluginfile.php\/4216087\/mod_resource\/content\/1\/Aquestaodogenero.pdf<\/a> &#8211; Acesso em: 01 de setembro de 2023.\u00a0<\/li>\n<\/ol>\n\n\n\n<ol class=\"wp-block-list\" start=\"11\">\n<li>CORTINA, Adela. Aporofobia, a avers\u00e3o ao pobre: um desafio para a democracia. S\u00e3o Paulo: Editora Contracorrente, 2020.&nbsp;&nbsp;<\/li>\n<\/ol>\n\n\n\n<ol class=\"wp-block-list\" start=\"12\">\n<li>DECCA, E. A humilha\u00e7\u00e3o: a\u00e7\u00e3o ou sentimento? In: MARSON, I.; NAXARA, M. (orgs.). Sobre a humilha\u00e7\u00e3o. Uberl\u00e2ndia: EDUFU, 2005, p. 105-117.&nbsp;&nbsp;<\/li>\n<\/ol>\n\n\n\n<ol class=\"wp-block-list\" start=\"13\">\n<li>D\u00cdAZ-BEN\u00cdTEZ, M. E. O g\u00eanero da humilha\u00e7\u00e3o. Afetos, rela\u00e7\u00f5es e complexos emocionais. Horizontes Antropol\u00f3gicos, Porto Alegre, ano 25, n. 54, maio\/ago. 2019, p. 51-78.&nbsp;&nbsp;<\/li>\n<\/ol>\n\n\n\n<ol class=\"wp-block-list\" start=\"14\">\n<li>EFREM FILHO, Roberto. Corpos brutalizados: conflitos e materializa\u00e7\u00f5es nas mortes de LGBT. Pagu, Campinas, n. 46, p. 311-340, 2016.&nbsp;&nbsp;<\/li>\n<\/ol>\n\n\n\n<ol class=\"wp-block-list\" start=\"15\">\n<li>EX-GOLEIRO Bruno obt\u00e9m progress\u00e3o de pena e vai para o regime semiaberto. Veja. S\u00e3o Paulo, 18 de julho de 2019. Dispon\u00edvel em: <a rel=\"noreferrer noopener\" href=\"https:\/\/veja.abril.com.br\/brasil\/ex-goleiro-bruno-obtem-progressao-de-pena-e-vai-para-o-regime-semiaberto\/\" target=\"_blank\">https:\/\/veja.abril.com.br\/brasil\/ex-goleiro-bruno-obtem-progressao-de-pena-e-vai-para-o-regime-semiaberto\/<\/a> &#8211; Acesso em: 24 de junho de 2022.\u00a0\u00a0<\/li>\n<\/ol>\n\n\n\n<ol class=\"wp-block-list\" start=\"16\">\n<li>FARAH, Marta Ferreira Santos. G\u00eanero e pol\u00edticas p\u00fablicas. Estudos Feministas, v. 12, n. 1, p. 47, 2004. Dispon\u00edvel em: <a rel=\"noreferrer noopener\" href=\"https:\/\/www.scielo.br\/j\/ref\/a\/T3X8zdDGn5DZbcjxTLjcyKM\/?format=pdf&amp;lang=pt\" target=\"_blank\">https:\/\/www.scielo.br\/j\/ref\/a\/T3X8zdDGn5DZbcjxTLjcyKM\/?format=pdf&amp;lang=pt<\/a> &#8211; Acesso em: 01 de setembro de 2023.\u00a0<\/li>\n<\/ol>\n\n\n\n<ol class=\"wp-block-list\" start=\"17\">\n<li>FARAH, Paulo Daniel. Combates \u00e0 xenofobia, ao racismo e \u00e0 intoler\u00e2ncia. Revista USP, S\u00e3o Paulo, n. 114, julho\/agosto\/setembro, p. 11-30, 2017.&nbsp;&nbsp;<\/li>\n<\/ol>\n\n\n\n<ol class=\"wp-block-list\" start=\"18\">\n<li>GOMES, I. S. Feminic\u00eddios: um longo debate. Revista Estudos Feministas, v. 26, n. 2, p. e39651, 2018. Dispon\u00edvel em: <a rel=\"noreferrer noopener\" href=\"https:\/\/www.scielo.br\/j\/ref\/a\/BRBjpfrdF9vBbMmqPC9Lzsg\/\" target=\"_blank\">https:\/\/www.scielo.br\/j\/ref\/a\/BRBjpfrdF9vBbMmqPC9Lzsg\/<\/a> &#8211;  Acesso em: 01 de setembro de 2023.\u00a0<\/li>\n<\/ol>\n\n\n\n<ol class=\"wp-block-list\" start=\"19\">\n<li>GONZALEZ, L\u00e9lia: 2020. Por um Feminismo Afro-Latino-Americano: Ensaios, Interven\u00e7\u00f5es e Di\u00e1logos . Rio Janeiro: Zahar. 37pp. Dispon\u00edvel em: <a rel=\"noreferrer noopener\" href=\"https:\/\/www.scielo.br\/j\/mana\/a\/8dCkDDv4wgsRGP9YJv9dnsK\/\" target=\"_blank\">https:\/\/www.scielo.br\/j\/mana\/a\/8dCkDDv4wgsRGP9YJv9dnsK\/<\/a> &#8211; Acesso em: 01 de setembro de 2023\u00a0<\/li>\n<\/ol>\n\n\n\n<ol class=\"wp-block-list\" start=\"20\">\n<li>HARTLING, Linda. Humiliation: a nuclear bomb of emotions? Psicolog\u00eda Pol\u00edtica, N\u00ba 46, 2013, 55-76.&nbsp;&nbsp;<\/li>\n<\/ol>\n\n\n\n<ol class=\"wp-block-list\" start=\"21\">\n<li>JUSTI\u00c7A. Folha de S\u00e3o Paulo [online], S\u00e3o Paulo, 16 de janeiro de 2022. Cotidiano. Dispon\u00edvel em: <a rel=\"noreferrer noopener\" href=\"https:\/\/www1.folha.uol.com.br\/fsp\/cotidian\/ff1601200211.htm\" target=\"_blank\">https:\/\/www1.folha.uol.com.br\/fsp\/cotidian\/ff1601200211.htm<\/a> &#8211; Acesso em: 24 de junho de 2022.\u00a0\u00a0<\/li>\n<\/ol>\n\n\n\n<ol class=\"wp-block-list\" start=\"22\">\n<li>LAGARDE, Marcela. Antropolog\u00eda, feminismo y pol\u00edtica: violencia feminicida y derechos humanos de las mujeres. Retos te\u00f3ricos y nuevas pr\u00e1cticas, p. 209-240, 2008. Dispon\u00edvel em: <a href=\"http:\/\/mujeresdeguatemala.org\/wp-content\/uploads\/2014\/06\/Violencia-feminicida-y-derechos-humanos-de-las-mujeres.pdf\">http:\/\/mujeresdeguatemala.org\/wp-content\/uploads\/2014\/06\/Violencia-feminicida-y-derechos-humanos-de-las-mujeres.pdf<\/a> &#8211; Acesso em: 01 de setembro de 2023.\u00a0<\/li>\n<\/ol>\n\n\n\n<ol class=\"wp-block-list\" start=\"23\">\n<li>LAGARDE, Marcela. Del femicidio al feminicidio. 2006. Desde el Jard\u00edn del\u00a0Freud. Bogot\u00e1: Universidad Nacional de Col\u00f3mbia, n. 6, p. 216-225, 2006. Dispon\u00edvel em: <a rel=\"noreferrer noopener\" href=\"https:\/\/revistas.unal.edu.co\/index.php\/jardin\/article\/view\/8343\" target=\"_blank\">https:\/\/revistas.unal.edu.co\/index.php\/jardin\/article\/view\/8343<\/a> &#8211; Acesso em: 01 de setembro de 2023.\u00a0\u00a0<\/li>\n<\/ol>\n\n\n\n<ol class=\"wp-block-list\" start=\"24\">\n<li>LAGARDE, Marcela. G\u00e9nero y feminismo: desarrollo humano y democracia. Madrid: Horas y Horas, 2018.&nbsp;&nbsp;<\/li>\n<\/ol>\n\n\n\n<ol class=\"wp-block-list\" start=\"25\">\n<li>MACHADO, Viviane. Araceli vive na mem\u00f3ria de irm\u00e3o: &#8216;Todos os dias da vida, lembro dela&#8217;. G1.Globo.com [online], Esp\u00edrito Santo, 18 de maio de 2016. Dispon\u00edvel em: <a rel=\"noreferrer noopener\" href=\"https:\/\/g1.globo.com\/espirito-santo\/noticia\/2016\/05\/araceli-vive-na-memoria-de-irmao-todos-os-dias-da-vida-lembro-dela.html\" target=\"_blank\">https:\/\/g1.globo.com\/espirito-santo\/noticia\/2016\/05\/araceli-vive-na-memoria-de-irmao-todos-os-dias-da-vida-lembro-dela.html<\/a> &#8211; Acesso em: 20 de junho de 2022.\u00a0\u00a0<\/li>\n<\/ol>\n\n\n\n<ol class=\"wp-block-list\" start=\"26\">\n<li>MARTINS, Juliana; LAGRECA, Amanda; BUENO, Samira. Feminic\u00eddios caem, mas outras formas de viol\u00eancia contra meninas e mulheres crescem em 2021. Anu\u00e1rio Brasileiro de Seguran\u00e7a P\u00fablica 2022. F\u00f3rum Brasileiro de Seguran\u00e7a P\u00fablica, 2022.&nbsp;<\/li>\n<\/ol>\n\n\n\n<ol class=\"wp-block-list\" start=\"27\">\n<li>MENEGHEL, Stela Nazareth; PORTELLA, Ana Paula. Feminic\u00eddios: conceitos, tipos e cen\u00e1rios. Ci\u00eancia &amp; sa\u00fade coletiva, v. 22, p. 3077-3086, 2017.&nbsp;&nbsp;<\/li>\n<\/ol>\n\n\n\n<ol class=\"wp-block-list\" start=\"28\">\n<li>MON\u00c1RREZ-FRAGOSO, Julia. \u201cFeminicidio Sexual Serial En Ciudad Ju\u00e1rez: 1993-2001.\u201d Debate Feminista, vol. 25, 2002, pp. 279\u2013305. JSTOR [online] Dispon\u00edvel em: <a rel=\"noreferrer noopener\" href=\"https:\/\/www.jstor.org\/stable\/42624702\" target=\"_blank\">https:\/\/www.jstor.org\/stable\/42624702<\/a> &#8211; Acesso em: 01 de setembro de 2023.\u00a0\u00a0<\/li>\n<\/ol>\n\n\n\n<ol class=\"wp-block-list\" start=\"29\">\n<li>MORTE de Aracelli faz 42 anos e crime continua impune. Ag\u00eancia Patr\u00edcia Galv\u00e3o, 18\/05\/2015. Dispon\u00edvel em: <a rel=\"noreferrer noopener\" href=\"https:\/\/agenciapatriciagalvao.org.br\/violencia\/morte-de-araceli-faz-42-anos-e-crime-continua-impune-no-es\/\" target=\"_blank\">https:\/\/agenciapatriciagalvao.org.br\/violencia\/morte-de-araceli-faz-42-anos-e-crime-continua-impune-no-es\/<\/a> &#8211; Acesso em: 20 de junho de 2022.\u00a0\u00a0<\/li>\n<\/ol>\n\n\n\n<ol class=\"wp-block-list\" start=\"30\">\n<li>N\u00c9IAS Observat\u00f3rio de Feminic\u00eddios Londrina. Dispon\u00edvel em: <a href=\"https:\/\/www.observatorioneia.com\/in%C3%ADcio \">https:\/\/www.observatorioneia.com\/in%C3%ADcio <\/a><\/li>\n<\/ol>\n\n\n\n<ol class=\"wp-block-list\" start=\"31\">\n<li>MARIANO, Silvana; HANNES, J\u00e9ssica Ogliari; HEINZL, Jaqueline A. Amendola. Informe de N\u00e9ias Observat\u00f3rio de Feminic\u00eddios Londrina, ano 1, n.2, maio, 2021a. Dispon\u00edvel em: <a rel=\"noreferrer noopener\" href=\"https:\/\/sway.office.com\/6tVxqGTb8wbFjMFU?ref=Link\" target=\"_blank\">https:\/\/sway.office.com\/6tVxqGTb8wbFjMFU?ref=Link<\/a> &#8211; Acesso em: 01 de setembro de 2023.\u00a0\u00a0\u00a0<\/li>\n<\/ol>\n\n\n\n<ol class=\"wp-block-list\" start=\"32\">\n<li>LOBO, Isabeau; LOPES, Amanda; MARIANO, Silvana. Informe de N\u00e9ias Observat\u00f3rio de Feminic\u00eddios Londrina, ano 1, n.4, agosto, 2021b. Dispon\u00edvel em: <a rel=\"noreferrer noopener\" href=\"https:\/\/sway.office.com\/MBGSppM4X9UiW7lJ?ref=Link\" target=\"_blank\">https:\/\/sway.office.com\/MBGSppM4X9UiW7lJ?ref=Link<\/a> &#8211; Acesso em: 01 de setembro de 2023.\u00a0<\/li>\n<\/ol>\n\n\n\n<ol class=\"wp-block-list\" start=\"33\">\n<li>MARIANO, Silvana. Informe de N\u00e9ias Observat\u00f3rio de Feminic\u00eddios Londrina, ano 2, n.14, junho, 2022. Dispon\u00edvel em: <a rel=\"noreferrer noopener\" href=\"https:\/\/sway.office.com\/nA1tGAB6Uuij1stL?ref=Link\" target=\"_blank\">https:\/\/sway.office.com\/nA1tGAB6Uuij1stL?ref=Link<\/a> &#8211; Acesso em: 01 de setembro de 2023.\u00a0<\/li>\n<\/ol>\n\n\n\n<ol class=\"wp-block-list\" start=\"34\">\n<li>PODEST\u00c0, Lucas Lima de. Ensaio sobre o conceito de transfobia. Peri\u00f3dicus, n. 11, vol. 1, maio-outubro, 2019, p. 363-380.&nbsp;&nbsp;<\/li>\n<\/ol>\n\n\n\n<ol class=\"wp-block-list\" start=\"35\">\n<li>PRAIA DOS OSSOS (Podcast). Dispon\u00edvel em: <a rel=\"noreferrer noopener\" href=\"https:\/\/www.radionovelo.com.br\/praiadosossos\/o-crime-da-praia-dos-ossos\" target=\"_blank\">https:\/\/www.radionovelo.com.br\/praiadosossos\/o-crime-da-praia-dos-ossos<\/a> &#8211; Acesso em: 01 de setembro de 2023\u00a0<\/li>\n<\/ol>\n\n\n\n<ol class=\"wp-block-list\" start=\"36\">\n<li>ROSIN, Ma\u00edra. V\u00edas sujas de sangue [online]. Quatro Cinco Um. 23 de julho de 2021. Dispon\u00edvel em: <a rel=\"noreferrer noopener\" href=\"https:\/\/www.quatrocincoum.com.br\/br\/artigos\/as-cidades-e-as-coisas\/vias-sujas-de-sangue\" target=\"_blank\">https:\/\/www.quatrocincoum.com.br\/br\/artigos\/as-cidades-e-as-coisas\/vias-sujas-de-sangue<\/a> &#8211; Acesso em: 24 de junho de 2022.\u00a0\u00a0<\/li>\n<\/ol>\n\n\n\n<ol class=\"wp-block-list\" start=\"37\">\n<li>SARTORI, Carlos. Quatro anos depois, dupla posa de novo com placa quebrada de Marielle. Veja. S\u00e3o Paulo, 08 de mar\u00e7o de 2022. Dispon\u00edvel em: <a rel=\"noreferrer noopener\" href=\"https:\/\/veja.abril.com.br\/politica\/quatro-anos-depois-dupla-posa-de-novo-com-placa-quebrada-de-marielle\/\" target=\"_blank\">https:\/\/veja.abril.com.br\/politica\/quatro-anos-depois-dupla-posa-de-novo-com-placa-quebrada-de-marielle\/<\/a> &#8211; Acesso em: 24 de junho de 2022.\u00a0\u00a0<\/li>\n<\/ol>\n\n\n\n<ol class=\"wp-block-list\" start=\"38\">\n<li>SEGATO, Rita Laura. \u201c\u00bfQue \u00e9s un feminic\u00eddio? Notas para un debate emergente\u201d. In: Fronteras, violencia, justicia: nuevos discursos. PUEG\/UNIFEM: Cidade do M\u00e9xico, 2008.&nbsp;&nbsp;<\/li>\n<\/ol>\n\n\n\n<ol class=\"wp-block-list\" start=\"40\">\n<li>SEGATO, Rita Laura. Femigenocidio y feminicidio: una propuesta de tipificaci\u00f3n.Revista Herramienta, Buenos Aires, Argentina, n\u00ba 49, ano XVI, Marzo, s\/p, 2012. Dispon\u00edvel em: <a rel=\"noreferrer noopener\" href=\"https:\/\/biblat.unam.mx\/pt\/revista\/herramienta-buenos-aires\/articulo\/femigenocidio-y-feminicidio-una-propuesta-de-tipificacion\" target=\"_blank\">https:\/\/biblat.unam.mx\/pt\/revista\/herramienta-buenos-aires\/articulo\/femigenocidio-y-feminicidio-una-propuesta-de-tipificacion<\/a> &#8211; Acesso em: 01 de setembro de 2023.\u00a0<\/li>\n<\/ol>\n\n\n\n<ol class=\"wp-block-list\" start=\"41\">\n<li>TATUADOR QUE SE \u2018FANTASIOU&#8217; de goleiro Bruno durante festa no Por\u00e3o do Alem\u00e3o \u00e9 alvo de a\u00e7\u00e3o no MPAM. Radar Amaz\u00f4nico. Manaus, 9 de novembro de 2021. Dispon\u00edvel em: <a rel=\"noreferrer noopener\" href=\"https:\/\/radaramazonico.com.br\/tatuador-que-se-fantasiou-de-goleiro-bruno-durante-festa-no-porao-do-alemao-e-alvo-de-acao-no-mpam\/\" target=\"_blank\">https:\/\/radaramazonico.com.br\/tatuador-que-se-fantasiou-de-goleiro-bruno-durante-festa-no-porao-do-alemao-e-alvo-de-acao-no-mpam\/<\/a> &#8211; Acesso em: 24 de junho de 2022.\u00a0\u00a0<\/li>\n<\/ol>\n\n\n\n<ol class=\"wp-block-list\" start=\"42\">\n<li>TEIXEIRA, Selena Mesquita de Oliveira, SOUZA, Luana Elayne Cunha, MAIA, Luciana Maria. (2018). Age\u00edsmo institucionalizado: uma revis\u00e3o te\u00f3rica. Revista Kair\u00f3s-Gerontologia, 21(3), 129-149. ISSNe 2176-901X. S\u00e3o Paulo (SP), Brasil: FACHS\/NEPE\/PEPGG\/PUC-SP&nbsp;<\/li>\n<\/ol>\n","protected":false},"excerpt":{"rendered":"","protected":false},"author":8,"featured_media":0,"parent":0,"menu_order":0,"comment_status":"closed","ping_status":"closed","template":"","meta":{"_acf_changed":false,"_gspb_post_css":"","footnotes":""},"class_list":["post-1213","page","type-page","status-publish","hentry"],"acf":[],"_links":{"self":[{"href":"https:\/\/sites.uel.br\/lesfem\/wp-json\/wp\/v2\/pages\/1213","targetHints":{"allow":["GET"]}}],"collection":[{"href":"https:\/\/sites.uel.br\/lesfem\/wp-json\/wp\/v2\/pages"}],"about":[{"href":"https:\/\/sites.uel.br\/lesfem\/wp-json\/wp\/v2\/types\/page"}],"author":[{"embeddable":true,"href":"https:\/\/sites.uel.br\/lesfem\/wp-json\/wp\/v2\/users\/8"}],"replies":[{"embeddable":true,"href":"https:\/\/sites.uel.br\/lesfem\/wp-json\/wp\/v2\/comments?post=1213"}],"version-history":[{"count":5,"href":"https:\/\/sites.uel.br\/lesfem\/wp-json\/wp\/v2\/pages\/1213\/revisions"}],"predecessor-version":[{"id":1220,"href":"https:\/\/sites.uel.br\/lesfem\/wp-json\/wp\/v2\/pages\/1213\/revisions\/1220"}],"wp:attachment":[{"href":"https:\/\/sites.uel.br\/lesfem\/wp-json\/wp\/v2\/media?parent=1213"}],"curies":[{"name":"wp","href":"https:\/\/api.w.org\/{rel}","templated":true}]}}