{"id":1197,"date":"2023-10-23T15:25:09","date_gmt":"2023-10-23T18:25:09","guid":{"rendered":"https:\/\/sites.uel.br\/lesfem\/?page_id=1197"},"modified":"2024-09-03T16:08:59","modified_gmt":"2024-09-03T19:08:59","slug":"nossas-publicacoes","status":"publish","type":"page","link":"https:\/\/sites.uel.br\/lesfem\/nossas-publicacoes\/","title":{"rendered":"Nossas publica\u00e7\u00f5es"},"content":{"rendered":"\n<h2 class=\"wp-block-heading\" id=\"feminicidios-julgados-na-comarca-de-londrina-nos-anos-de-2021-e-2022\">Relat\u00f3rios<\/h2>\n\n\n\n<p>Relat\u00f3rio <\/p>\n\n\n\n<p>Relat\u00f3rio <strong><em><a rel=\"noreferrer noopener\" href=\"https:\/\/sway.office.com\/HfVKjP73D6B8z65m\" data-type=\"URL\" data-id=\"https:\/\/sway.office.com\/HfVKjP73D6B8z65m\" target=\"_blank\">862 feminic\u00eddios consumados e tentados no Brasil durante o 1\u00ba semestre; pelo menos 599 foram consumados<\/a><\/em><\/strong> <\/p>\n\n\n\n<p>Relat\u00f3rio <em><strong><a href=\"https:\/\/sway.office.com\/Dc7r5Tvr19NheTW9?ref=Link\" data-type=\"link\" data-id=\"https:\/\/sway.office.com\/Dc7r5Tvr19NheTW9?ref=Link\">Brasil registra 1.153 feminic\u00eddios at\u00e9 julho de 2023<\/a><\/strong><\/em><\/p>\n\n\n\n<p>Relat\u00f3rio <a href=\"https:\/\/sway.office.com\/jB2lbSuYgf3RhEOJ?ref=Link\" target=\"_blank\" rel=\"noreferrer noopener\"><em><strong>Feminic\u00eddios Julgados na Comarca de Londrina nos anos de 2021 e 2022<\/strong><\/em><\/a><\/p>\n\n\n\n<p>Relat\u00f3rio <a href=\"https:\/\/mundosur.org\/wp-content\/uploads\/2023\/11\/2-INFORME-MLF-2023.pdf\"><strong><em>Femi(ni)cidios bajo la lupa en Am\u00e9rica Latina y el Caribe: Una mirada al contexto regional desde la legislaci\u00f3n, los datos y las organizaciones &#8211; Segundo Informe.<\/em><\/strong><\/a><\/p>\n\n\n\n<h2 class=\"wp-block-heading\" id=\"artigos-cientificos\">Artigos Cient\u00edficos <\/h2>\n\n\n\n<p><a href=\"https:\/\/periodicos.furg.br\/rbhcs\/article\/view\/14541\">Souza, M\u00e1rcio Ferreira;&nbsp; Mariano, Silvana. Feminic\u00eddio e humilha\u00e7\u00e3o de g\u00eanero. <em>Revista Bras. de Hist\u00f3ria &amp; Ci\u00eancias Sociais<\/em>, v. 14, p. 120-152, 2023.<\/a><\/p>\n\n\n\n<p><a href=\"https:\/\/ojs.uel.br\/revistas\/uel\/index.php\/mediacoes\/article\/view\/46956\">Mariano, Silvana;&nbsp;Souza, M\u00e1rcio Ferreira&nbsp;. A Morte Antecipada na Forma de Feminic\u00eddio. <em>Media\u00e7\u00f5es<\/em>, v. 28, p. 20-40, 2023<\/a>.<\/p>\n\n\n\n<p><a href=\"https:\/\/periodicos.ufba.br\/index.php\/feminismos\/article\/view\/51739\">Brito, Mariana Let\u00edcia Rosa ; Pedi, Mariana Tavares ;&nbsp;Mariano, Silvana&nbsp;. Quando vitimiza\u00e7\u00e3o e criminaliza\u00e7\u00e3o de mulheres formam um mesmo n\u00f3 da viol\u00eancia de g\u00eanero. <em>Revista Feminismos<\/em>, v. 11, p. 1, 2023.<\/a><\/p>\n\n\n\n<p><\/p>\n\n\n\n<h2 class=\"wp-block-heading\" id=\"materiais-didaticos\"><strong>Materiais Did\u00e1ticos<\/strong><\/h2>\n\n\n\n<div class=\"wp-block-columns is-layout-flex wp-container-core-columns-is-layout-9d6595d7 wp-block-columns-is-layout-flex\">\n<div class=\"wp-block-column is-vertically-aligned-center is-layout-flow wp-block-column-is-layout-flow\">\n<figure class=\"wp-block-embed is-type-rich is-provider-issuu wp-block-embed-issuu\"><div class=\"wp-block-embed__wrapper\">\n<iframe title=\"Din\u00e2micas de grupo para empoderamento feminino\" src=\"https:\/\/e.issuu.com\/embed.html?u=mulheresconstruindodemocracia&#038;d=interior\" style=\"border:none; width: 500px; height: 383px;\" allow=\"clipboard-write,allow-top-navigation,allow-top-navigation-by-user-activation,allow-downloads,allow-scripts,allow-same-origin,allow-popups,allow-modals,allow-popups-to-escape-sandbox,allow-forms\"  allowfullscreen=\"true\"><\/iframe>\n<\/div><\/figure>\n<\/div>\n\n\n\n<div class=\"wp-block-column is-layout-flow wp-block-column-is-layout-flow\">\n<p>Lesfem apresenta din\u00e2micas e exerc\u00edcios para uso de educadoras, ativistas e multiplicadoras em a\u00e7\u00f5es educativas voltadas ao empoderamento das mulheres em trabalho com metodologias dial\u00f3gicas dirigido a grupos de mulheres.<\/p>\n<\/div>\n<\/div>\n\n\n\n<div class=\"wp-block-greenshift-blocks-container gspb_container gspb_container-gsbp-73c06ecf-c250\" id=\"gspb_container-id-gsbp-73c06ecf-c250\">\n<div class=\"wp-block-greenshift-blocks-container gspb_container gspb_container-gsbp-449139d0-571c\" id=\"gspb_container-id-gsbp-449139d0-571c\">\n<div class=\"wp-block-greenshift-blocks-container gspb_container gspb_container-gsbp-99740a5c-8e34\" id=\"gspb_container-id-gsbp-99740a5c-8e34\"><\/div>\n<\/div>\n<\/div>\n\n\n\n<h2 class=\"wp-block-heading\" id=\"materiais-didaticos-1\">Materiais Informativos<\/h2>\n\n\n\n<div data-wp-interactive=\"core\/file\" class=\"wp-block-file\"><object data-wp-bind--hidden=\"!state.hasPdfPreview\" hidden class=\"wp-block-file__embed\" data=\"https:\/\/sites.uel.br\/lesfem\/wp-content\/uploads\/2023\/11\/Cartilha-LESFEM-2.pdf\" type=\"application\/pdf\" style=\"width:100%;height:600px\" aria-label=\"Incorporado de Cartilha-LESFEM-2.\"><\/object><a id=\"wp-block-file--media-caaa9271-f366-4fb4-be1d-f4b1d13eb13f\" href=\"https:\/\/sites.uel.br\/lesfem\/wp-content\/uploads\/2023\/11\/Cartilha-LESFEM-2.pdf\">Cartilha-LESFEM-2<\/a><a href=\"https:\/\/sites.uel.br\/lesfem\/wp-content\/uploads\/2023\/11\/Cartilha-LESFEM-2.pdf\" class=\"wp-block-file__button wp-element-button\" download aria-describedby=\"wp-block-file--media-caaa9271-f366-4fb4-be1d-f4b1d13eb13f\">Baixar<\/a><\/div>\n\n\n\n<p><\/p>\n","protected":false},"excerpt":{"rendered":"<p>Relat\u00f3rios Relat\u00f3rio Relat\u00f3rio 862 feminic\u00eddios consumados e tentados no Brasil durante o 1\u00ba semestre; pelo menos 599 foram consumados Relat\u00f3rio Brasil registra 1.153 feminic\u00eddios at\u00e9 julho de 2023 Relat\u00f3rio Feminic\u00eddios Julgados na Comarca de Londrina nos anos de 2021 e 2022 Relat\u00f3rio Femi(ni)cidios bajo la lupa en Am\u00e9rica Latina y el Caribe: Una mirada al [&hellip;]<\/p>\n","protected":false},"author":8,"featured_media":0,"parent":0,"menu_order":0,"comment_status":"closed","ping_status":"closed","template":"","meta":{"_acf_changed":false,"_gspb_post_css":".gspb_container-id-gsbp-73c06ecf-c250{flex-direction:column;box-sizing:border-box}#gspb_container-id-gsbp-449139d0-571c.gspb_container>p:last-of-type,#gspb_container-id-gsbp-73c06ecf-c250.gspb_container>p:last-of-type,#gspb_container-id-gsbp-99740a5c-8e34.gspb_container>p:last-of-type{margin-bottom:0}#gspb_container-id-gsbp-73c06ecf-c250.gspb_container{margin-bottom:0}.gspb_container-id-gsbp-449139d0-571c,.gspb_container-id-gsbp-99740a5c-8e34{flex-direction:column;box-sizing:border-box}.gspb_container{position:relative}","footnotes":""},"class_list":["post-1197","page","type-page","status-publish","hentry"],"acf":[],"_links":{"self":[{"href":"https:\/\/sites.uel.br\/lesfem\/wp-json\/wp\/v2\/pages\/1197","targetHints":{"allow":["GET"]}}],"collection":[{"href":"https:\/\/sites.uel.br\/lesfem\/wp-json\/wp\/v2\/pages"}],"about":[{"href":"https:\/\/sites.uel.br\/lesfem\/wp-json\/wp\/v2\/types\/page"}],"author":[{"embeddable":true,"href":"https:\/\/sites.uel.br\/lesfem\/wp-json\/wp\/v2\/users\/8"}],"replies":[{"embeddable":true,"href":"https:\/\/sites.uel.br\/lesfem\/wp-json\/wp\/v2\/comments?post=1197"}],"version-history":[{"count":25,"href":"https:\/\/sites.uel.br\/lesfem\/wp-json\/wp\/v2\/pages\/1197\/revisions"}],"predecessor-version":[{"id":3796,"href":"https:\/\/sites.uel.br\/lesfem\/wp-json\/wp\/v2\/pages\/1197\/revisions\/3796"}],"wp:attachment":[{"href":"https:\/\/sites.uel.br\/lesfem\/wp-json\/wp\/v2\/media?parent=1197"}],"curies":[{"name":"wp","href":"https:\/\/api.w.org\/{rel}","templated":true}]}}