{"id":80,"date":"2024-10-30T19:33:29","date_gmt":"2024-10-30T22:33:29","guid":{"rendered":"https:\/\/sites.uel.br\/lerr\/?page_id=80"},"modified":"2024-10-31T17:11:01","modified_gmt":"2024-10-31T20:11:01","slug":"corpo-docente","status":"publish","type":"page","link":"https:\/\/sites.uel.br\/lerr\/corpo-docente\/","title":{"rendered":"Corpo docente"},"content":{"rendered":"\n<figure class=\"wp-block-table is-style-stripes\"><table><thead><tr><th class=\"has-text-align-left\" data-align=\"left\">Nome<\/th><th class=\"has-text-align-left\" data-align=\"left\">e-mail<\/th><\/tr><\/thead><tbody><tr><td class=\"has-text-align-left\" data-align=\"left\">ALFREDO DOS SANTOS OLIVA<\/td><td class=\"has-text-align-left\" data-align=\"left\">alfredoliva@uel.br<\/td><\/tr><tr><td class=\"has-text-align-left\" data-align=\"left\">CLAUDIA NEVES DA SILVA<\/td><td class=\"has-text-align-left\" data-align=\"left\">claudianevess@uel.br<\/td><\/tr><tr><td class=\"has-text-align-left\" data-align=\"left\">FABIO LANZA<\/td><td class=\"has-text-align-left\" data-align=\"left\">lanza@uel.br<\/td><\/tr><tr><td class=\"has-text-align-left\" data-align=\"left\">MARCO ANTONIO NEVES SOARES<\/td><td class=\"has-text-align-left\" data-align=\"left\">samusque@uel.br<\/td><\/tr><tr><td class=\"has-text-align-left\" data-align=\"left\">MONICA SELVATICI<\/td><td class=\"has-text-align-left\" data-align=\"left\">mselvatici@uel.br<\/td><\/tr><tr><td class=\"has-text-align-left\" data-align=\"left\">RICHARD GON\u00c7ALVES ANDR\u00c9<\/td><td class=\"has-text-align-left\" data-align=\"left\">richard_andre@uel.br<\/td><\/tr><tr><td class=\"has-text-align-left\" data-align=\"left\">WANDER DE LARA PROEN\u00c7A<\/td><td class=\"has-text-align-left\" data-align=\"left\">wander@uel.br<\/td><\/tr><\/tbody><\/table><\/figure>\n\n\n\n<p><\/p>\n","protected":false},"excerpt":{"rendered":"<p>Nome e-mail ALFREDO DOS SANTOS OLIVA alfredoliva@uel.br CLAUDIA NEVES DA SILVA claudianevess@uel.br FABIO LANZA lanza@uel.br MARCO ANTONIO NEVES SOARES samusque@uel.br MONICA SELVATICI mselvatici@uel.br RICHARD GON\u00c7ALVES ANDR\u00c9 richard_andre@uel.br WANDER DE LARA PROEN\u00c7A wander@uel.br<\/p>\n","protected":false},"author":8,"featured_media":0,"parent":0,"menu_order":0,"comment_status":"closed","ping_status":"closed","template":"","meta":{"_acf_changed":false,"footnotes":""},"class_list":["post-80","page","type-page","status-publish","hentry"],"acf":[],"_links":{"self":[{"href":"https:\/\/sites.uel.br\/lerr\/wp-json\/wp\/v2\/pages\/80","targetHints":{"allow":["GET"]}}],"collection":[{"href":"https:\/\/sites.uel.br\/lerr\/wp-json\/wp\/v2\/pages"}],"about":[{"href":"https:\/\/sites.uel.br\/lerr\/wp-json\/wp\/v2\/types\/page"}],"author":[{"embeddable":true,"href":"https:\/\/sites.uel.br\/lerr\/wp-json\/wp\/v2\/users\/8"}],"replies":[{"embeddable":true,"href":"https:\/\/sites.uel.br\/lerr\/wp-json\/wp\/v2\/comments?post=80"}],"version-history":[{"count":5,"href":"https:\/\/sites.uel.br\/lerr\/wp-json\/wp\/v2\/pages\/80\/revisions"}],"predecessor-version":[{"id":102,"href":"https:\/\/sites.uel.br\/lerr\/wp-json\/wp\/v2\/pages\/80\/revisions\/102"}],"wp:attachment":[{"href":"https:\/\/sites.uel.br\/lerr\/wp-json\/wp\/v2\/media?parent=80"}],"curies":[{"name":"wp","href":"https:\/\/api.w.org\/{rel}","templated":true}]}}