{"id":51,"date":"2024-10-30T16:09:33","date_gmt":"2024-10-30T19:09:33","guid":{"rendered":"https:\/\/sites.uel.br\/lerr\/?page_id=51"},"modified":"2024-10-30T17:09:51","modified_gmt":"2024-10-30T20:09:51","slug":"quem-somos-2","status":"publish","type":"page","link":"https:\/\/sites.uel.br\/lerr\/quem-somos-2\/","title":{"rendered":"Quem somos"},"content":{"rendered":"<div class=\"wp-block-image\">\n<figure class=\"aligncenter size-full is-resized\"><img loading=\"lazy\" decoding=\"async\" width=\"318\" height=\"226\" src=\"https:\/\/sites.uel.br\/lerr\/wp-content\/uploads\/2024\/10\/image-1-e1730318580792.png\" alt=\"\" class=\"wp-image-64\" style=\"width:403px;height:auto\" srcset=\"https:\/\/sites.uel.br\/lerr\/wp-content\/uploads\/2024\/10\/image-1-e1730318580792.png 318w, https:\/\/sites.uel.br\/lerr\/wp-content\/uploads\/2024\/10\/image-1-e1730318580792-300x213.png 300w\" sizes=\"auto, (max-width: 318px) 100vw, 318px\" \/><\/figure>\n<\/div>\n\n\n<div class=\"wp-block-columns is-layout-flex wp-container-core-columns-is-layout-9d6595d7 wp-block-columns-is-layout-flex\">\n<div class=\"wp-block-column is-layout-flow wp-block-column-is-layout-flow\">\n<div class=\"wp-block-group\"><div class=\"wp-block-group__inner-container is-layout-constrained wp-block-group-is-layout-constrained\">\n<p>O Laborat\u00f3rio de Estudos sobre as Religi\u00f5es e Religiosidades &#8211; LERR, cujas atividades se iniciaram em 2009, visa \u00e0 amplia\u00e7\u00e3o do debate acad\u00eamico acerca das m\u00faltiplas express\u00f5es das religi\u00f5es, religiosidades e suas atuais din\u00e2micas \u00e0 partir das diversas \u00e1reas das Ci\u00eancias Humanas e Sociais.&nbsp;O&nbsp;LERR<strong>&nbsp;<\/strong>est\u00e1 aberto \u00e0 participa\u00e7\u00e3o institucional de pesquisadores de diferentes \u00e1reas e temas de pesquisas que tenham por objeto as religi\u00f5es as religiosidades, bem como,&nbsp;n\u00e3o \u00e9 associado a nenhuma denomina\u00e7\u00e3o religiosa e n\u00e3o pratica nenhuma forma de proselitismo.&nbsp;O objetivo fundamental do laborat\u00f3rio \u00e9 desenvolver a\u00e7\u00f5es e atividades de ensino, pesquisa e extens\u00e3o, visando \u00e0 consolida\u00e7\u00e3o do estudo das religi\u00f5es e religiosidades no \u00e2mbito da Universidade Estadual de Londrina. O LERR, ao enfocar as manifesta\u00e7\u00f5es religiosas sob o crivo das Ci\u00eancias Humanas e Sociais, reconhece&nbsp; que essas necessitam de esfor\u00e7os e constru\u00e7\u00f5es multidisciplinares, para a coloca\u00e7\u00e3o, aplica\u00e7\u00e3o e verifica\u00e7\u00e3o de teorias, metodologias e estrat\u00e9gias capazes de investigar as rela\u00e7\u00f5es que os grupos sociais estabelecem com as religi\u00f5es e religiosidades a partir de diferentes fontes. Por \u00faltimo, ser\u00e3o realizadas a\u00e7\u00f5es integradas que promovam atividades de ensino ligadas \u00e0 organiza\u00e7\u00e3o de disciplinas e \u00e0s orienta\u00e7\u00f5es de Trabalhos de Conclus\u00e3o de Curso, monografias, disserta\u00e7\u00f5es e teses a partir das tem\u00e1ticas indicadas, bem como atividades de extens\u00e3o (cursos, eventos) abertas \u00e0 comunidade interna e externa.&nbsp;<\/p>\n\n\n\n<p><strong>Objetivos:<\/strong>&nbsp;<\/p>\n\n\n\n<p>\u00b7&nbsp;<strong>Geral:<\/strong>&nbsp;<\/p>\n\n\n\n<p>Desenvolver a\u00e7\u00f5es e atividades, de ensino, pesquisa e extens\u00e3o, visando a amplia\u00e7\u00e3o do debate acad\u00eamico acerca das m\u00faltiplas express\u00f5es das religi\u00f5es e suas atuais din\u00e2micas a partir das diversas \u00e1reas das Ci\u00eancias Humanas e Sociais.<\/p>\n\n\n\n<p>\u00b7&nbsp;<strong>Espec\u00edficos:<\/strong>&nbsp;<\/p>\n\n\n\n<p>(1) Analisar as din\u00e2micas contempor\u00e2neas das religi\u00f5es e suas transforma\u00e7\u00f5es na sociedade brasileira contempor\u00e2nea.<\/p>\n\n\n\n<p>(2) Analisar as trajet\u00f3rias das religi\u00f5es a partir da perspectiva s\u00f3cio-hist\u00f3rica.<\/p>\n\n\n\n<p>(3) Investigar diferentes formas de discurso religioso exteriores ao eixo cultural judaico-crist\u00e3o.<\/p>\n\n\n\n<p>(4) Promover atividades de ensino ligadas \u00e0 organiza\u00e7\u00e3o de cursos e \u00e0 orienta\u00e7\u00e3o de tccs, monografias, disserta\u00e7\u00f5es e teses nos eixos de pesquisa acima discriminados.&nbsp;<\/p>\n\n\n\n<p>(5) Promover atividades de extens\u00e3o abertas \u00e0 comunidade sobre as tem\u00e1ticas desenvolvidas.<\/p>\n<\/div><\/div>\n\n\n\n<p>O&nbsp;<strong>LERR&nbsp;<\/strong>est\u00e1 aberto \u00e0 participa\u00e7\u00e3o institucional de pesquisadores de diferentes \u00e1reas e temas de pesquisas que tenham por objeto as religi\u00f5es e religiosidades.<\/p>\n\n\n\n<p>O&nbsp;<strong>LERR&nbsp;<\/strong>n\u00e3o \u00e9 associado a nenhuma denomina\u00e7\u00e3o religiosa e n\u00e3o pratica nenhuma forma de proselitismo.<\/p>\n<\/div>\n<\/div>\n\n\n\n<p><\/p>\n","protected":false},"excerpt":{"rendered":"<p>O Laborat\u00f3rio de Estudos sobre as Religi\u00f5es e Religiosidades &#8211; LERR, cujas atividades se iniciaram em 2009, visa \u00e0 amplia\u00e7\u00e3o do debate acad\u00eamico acerca das m\u00faltiplas express\u00f5es das religi\u00f5es, religiosidades e suas atuais din\u00e2micas \u00e0 partir das diversas \u00e1reas das Ci\u00eancias Humanas e Sociais.&nbsp;O&nbsp;LERR&nbsp;est\u00e1 aberto \u00e0 participa\u00e7\u00e3o institucional de pesquisadores de diferentes \u00e1reas e temas [&hellip;]<\/p>\n","protected":false},"author":8,"featured_media":0,"parent":0,"menu_order":0,"comment_status":"closed","ping_status":"closed","template":"","meta":{"_acf_changed":false,"footnotes":""},"class_list":["post-51","page","type-page","status-publish","hentry"],"acf":[],"_links":{"self":[{"href":"https:\/\/sites.uel.br\/lerr\/wp-json\/wp\/v2\/pages\/51","targetHints":{"allow":["GET"]}}],"collection":[{"href":"https:\/\/sites.uel.br\/lerr\/wp-json\/wp\/v2\/pages"}],"about":[{"href":"https:\/\/sites.uel.br\/lerr\/wp-json\/wp\/v2\/types\/page"}],"author":[{"embeddable":true,"href":"https:\/\/sites.uel.br\/lerr\/wp-json\/wp\/v2\/users\/8"}],"replies":[{"embeddable":true,"href":"https:\/\/sites.uel.br\/lerr\/wp-json\/wp\/v2\/comments?post=51"}],"version-history":[{"count":13,"href":"https:\/\/sites.uel.br\/lerr\/wp-json\/wp\/v2\/pages\/51\/revisions"}],"predecessor-version":[{"id":76,"href":"https:\/\/sites.uel.br\/lerr\/wp-json\/wp\/v2\/pages\/51\/revisions\/76"}],"wp:attachment":[{"href":"https:\/\/sites.uel.br\/lerr\/wp-json\/wp\/v2\/media?parent=51"}],"curies":[{"name":"wp","href":"https:\/\/api.w.org\/{rel}","templated":true}]}}