{"id":27,"date":"2024-10-30T16:08:53","date_gmt":"2024-10-30T19:08:53","guid":{"rendered":"https:\/\/sites.uel.br\/lerr\/?page_id=27"},"modified":"2024-11-05T14:25:09","modified_gmt":"2024-11-05T17:25:09","slug":"projeto-atual","status":"publish","type":"page","link":"https:\/\/sites.uel.br\/lerr\/projeto-atual\/","title":{"rendered":"Projeto atual"},"content":{"rendered":"\n<ul class=\"wp-block-list\">\n<li><a href=\"https:\/\/sites.uel.br\/lerr\/wp-content\/uploads\/2024\/11\/Projeto-LERR-2018-2021.6.pdf\">LABORAT\u00d3RIO DE ESTUDOS SOBRE AS RELIGI\u00d5ES E AS RELIGIOSIDADES \u2013 LERR:\u00a0sedimenta\u00e7\u00f5es e transforma\u00e7\u00f5es no campo religioso<\/a><\/li>\n\n\n\n<li><a href=\"https:\/\/sites.uel.br\/lerr\/wp-content\/uploads\/2024\/11\/Relacao-de-pesquisas-cadastradas.pdf\">Espelho do cadastro na PROPPG &#8211; Pr\u00f3-Reitoria de Pesquisa e P\u00f3s-gradua\u00e7\u00e3o<\/a><\/li>\n<\/ul>\n\n\n\n<p><\/p>\n","protected":false},"excerpt":{"rendered":"","protected":false},"author":8,"featured_media":0,"parent":0,"menu_order":0,"comment_status":"closed","ping_status":"closed","template":"","meta":{"_acf_changed":false,"footnotes":""},"class_list":["post-27","page","type-page","status-publish","hentry"],"acf":[],"_links":{"self":[{"href":"https:\/\/sites.uel.br\/lerr\/wp-json\/wp\/v2\/pages\/27","targetHints":{"allow":["GET"]}}],"collection":[{"href":"https:\/\/sites.uel.br\/lerr\/wp-json\/wp\/v2\/pages"}],"about":[{"href":"https:\/\/sites.uel.br\/lerr\/wp-json\/wp\/v2\/types\/page"}],"author":[{"embeddable":true,"href":"https:\/\/sites.uel.br\/lerr\/wp-json\/wp\/v2\/users\/8"}],"replies":[{"embeddable":true,"href":"https:\/\/sites.uel.br\/lerr\/wp-json\/wp\/v2\/comments?post=27"}],"version-history":[{"count":5,"href":"https:\/\/sites.uel.br\/lerr\/wp-json\/wp\/v2\/pages\/27\/revisions"}],"predecessor-version":[{"id":128,"href":"https:\/\/sites.uel.br\/lerr\/wp-json\/wp\/v2\/pages\/27\/revisions\/128"}],"wp:attachment":[{"href":"https:\/\/sites.uel.br\/lerr\/wp-json\/wp\/v2\/media?parent=27"}],"curies":[{"name":"wp","href":"https:\/\/api.w.org\/{rel}","templated":true}]}}