{"id":26,"date":"2024-10-30T16:08:53","date_gmt":"2024-10-30T19:08:53","guid":{"rendered":"https:\/\/sites.uel.br\/lerr\/?page_id=26"},"modified":"2024-11-05T14:26:06","modified_gmt":"2024-11-05T17:26:06","slug":"linhas-de-pesquisas","status":"publish","type":"page","link":"https:\/\/sites.uel.br\/lerr\/linhas-de-pesquisas\/","title":{"rendered":"Linhas de pesquisas"},"content":{"rendered":"\n<ul class=\"wp-block-list\">\n<li>Identidades, Mem\u00f3ria, Rela\u00e7\u00f5es \u00c9tnico-Raciais e Religiosidades<\/li>\n\n\n\n<li>Ensino de Sociologia<\/li>\n\n\n\n<li>Pr\u00e1ticas Culturais, Mem\u00f3ria e Imagem<\/li>\n\n\n\n<li>Hist\u00f3ria e Linguagens<\/li>\n\n\n\n<li>Servi\u00e7o Social e Processos de Trabalho<\/li>\n<\/ul>\n\n\n\n<p><\/p>\n","protected":false},"excerpt":{"rendered":"","protected":false},"author":8,"featured_media":0,"parent":0,"menu_order":0,"comment_status":"closed","ping_status":"closed","template":"","meta":{"_acf_changed":false,"footnotes":""},"class_list":["post-26","page","type-page","status-publish","hentry"],"acf":[],"_links":{"self":[{"href":"https:\/\/sites.uel.br\/lerr\/wp-json\/wp\/v2\/pages\/26","targetHints":{"allow":["GET"]}}],"collection":[{"href":"https:\/\/sites.uel.br\/lerr\/wp-json\/wp\/v2\/pages"}],"about":[{"href":"https:\/\/sites.uel.br\/lerr\/wp-json\/wp\/v2\/types\/page"}],"author":[{"embeddable":true,"href":"https:\/\/sites.uel.br\/lerr\/wp-json\/wp\/v2\/users\/8"}],"replies":[{"embeddable":true,"href":"https:\/\/sites.uel.br\/lerr\/wp-json\/wp\/v2\/comments?post=26"}],"version-history":[{"count":3,"href":"https:\/\/sites.uel.br\/lerr\/wp-json\/wp\/v2\/pages\/26\/revisions"}],"predecessor-version":[{"id":129,"href":"https:\/\/sites.uel.br\/lerr\/wp-json\/wp\/v2\/pages\/26\/revisions\/129"}],"wp:attachment":[{"href":"https:\/\/sites.uel.br\/lerr\/wp-json\/wp\/v2\/media?parent=26"}],"curies":[{"name":"wp","href":"https:\/\/api.w.org\/{rel}","templated":true}]}}