{"id":192,"date":"2024-11-06T16:49:00","date_gmt":"2024-11-06T19:49:00","guid":{"rendered":"https:\/\/sites.uel.br\/lerr\/?page_id=192"},"modified":"2024-11-06T16:50:41","modified_gmt":"2024-11-06T19:50:41","slug":"publicacoes-2","status":"publish","type":"page","link":"https:\/\/sites.uel.br\/lerr\/publicacoes-2\/","title":{"rendered":"Publica\u00e7\u00f5es"},"content":{"rendered":"\n<ul class=\"wp-block-list\">\n<li><a href=\"https:\/\/sites.uel.br\/lerr\/wp-content\/uploads\/2024\/11\/IGREJA-GAY.pdf\">Livro Igreja Gay &#8211; Lima, Lanza, Patrocino<\/a><\/li>\n\n\n\n<li><a href=\"https:\/\/sites.uel.br\/lerr\/wp-content\/uploads\/2024\/11\/LERR-Handbook-instrucoesmetodologicas.pdf\">HANDBOOK &#8211;\u00a0Pesquisas em ci\u00eancias humanas e sociais: Introdu\u00e7\u00f5es metodol\u00f3gicas<\/a><br><\/li>\n<\/ul>\n\n\n\n<p><br><br><br><\/p>\n","protected":false},"excerpt":{"rendered":"","protected":false},"author":8,"featured_media":0,"parent":0,"menu_order":0,"comment_status":"closed","ping_status":"closed","template":"","meta":{"_acf_changed":false,"footnotes":""},"class_list":["post-192","page","type-page","status-publish","hentry"],"acf":[],"_links":{"self":[{"href":"https:\/\/sites.uel.br\/lerr\/wp-json\/wp\/v2\/pages\/192","targetHints":{"allow":["GET"]}}],"collection":[{"href":"https:\/\/sites.uel.br\/lerr\/wp-json\/wp\/v2\/pages"}],"about":[{"href":"https:\/\/sites.uel.br\/lerr\/wp-json\/wp\/v2\/types\/page"}],"author":[{"embeddable":true,"href":"https:\/\/sites.uel.br\/lerr\/wp-json\/wp\/v2\/users\/8"}],"replies":[{"embeddable":true,"href":"https:\/\/sites.uel.br\/lerr\/wp-json\/wp\/v2\/comments?post=192"}],"version-history":[{"count":2,"href":"https:\/\/sites.uel.br\/lerr\/wp-json\/wp\/v2\/pages\/192\/revisions"}],"predecessor-version":[{"id":196,"href":"https:\/\/sites.uel.br\/lerr\/wp-json\/wp\/v2\/pages\/192\/revisions\/196"}],"wp:attachment":[{"href":"https:\/\/sites.uel.br\/lerr\/wp-json\/wp\/v2\/media?parent=192"}],"curies":[{"name":"wp","href":"https:\/\/api.w.org\/{rel}","templated":true}]}}