{"id":155,"date":"2024-11-06T14:22:56","date_gmt":"2024-11-06T17:22:56","guid":{"rendered":"https:\/\/sites.uel.br\/lerr\/?page_id=155"},"modified":"2024-11-06T15:31:23","modified_gmt":"2024-11-06T18:31:23","slug":"ensino-religioso-e-educacao-publica-producoes-academicas","status":"publish","type":"page","link":"https:\/\/sites.uel.br\/lerr\/ensino-religioso-e-educacao-publica-producoes-academicas\/","title":{"rendered":"Ensino Religioso e Educa\u00e7\u00e3o P\u00fablica: produ\u00e7\u00f5es acad\u00eamicas"},"content":{"rendered":"\n<ul class=\"wp-block-list\">\n<li><a href=\"https:\/\/sites.uel.br\/lerr\/livros-e-artigos-da-equipe-do-lerr\/\">Livros e Artigos da equipe do LERR<\/a><\/li>\n\n\n\n<li><a href=\"https:\/\/sites.uel.br\/lerr\/contribuicoes-dos-parceiros\/\">Contribui\u00e7\u00f5es dos parceiros<\/a><\/li>\n\n\n\n<li><a href=\"https:\/\/sites.uel.br\/lerr\/documentos-oficiais\/\">Documentos Oficiais<\/a><\/li>\n\n\n\n<li><a href=\"https:\/\/sites.uel.br\/lerr\/materiais-para-fins-didaticos\/\">Materiais para fins did\u00e1ticos<\/a><\/li>\n<\/ul>\n\n\n\n<p><\/p>\n","protected":false},"excerpt":{"rendered":"","protected":false},"author":8,"featured_media":0,"parent":0,"menu_order":0,"comment_status":"closed","ping_status":"closed","template":"","meta":{"_acf_changed":false,"footnotes":""},"class_list":["post-155","page","type-page","status-publish","hentry"],"acf":[],"_links":{"self":[{"href":"https:\/\/sites.uel.br\/lerr\/wp-json\/wp\/v2\/pages\/155","targetHints":{"allow":["GET"]}}],"collection":[{"href":"https:\/\/sites.uel.br\/lerr\/wp-json\/wp\/v2\/pages"}],"about":[{"href":"https:\/\/sites.uel.br\/lerr\/wp-json\/wp\/v2\/types\/page"}],"author":[{"embeddable":true,"href":"https:\/\/sites.uel.br\/lerr\/wp-json\/wp\/v2\/users\/8"}],"replies":[{"embeddable":true,"href":"https:\/\/sites.uel.br\/lerr\/wp-json\/wp\/v2\/comments?post=155"}],"version-history":[{"count":5,"href":"https:\/\/sites.uel.br\/lerr\/wp-json\/wp\/v2\/pages\/155\/revisions"}],"predecessor-version":[{"id":172,"href":"https:\/\/sites.uel.br\/lerr\/wp-json\/wp\/v2\/pages\/155\/revisions\/172"}],"wp:attachment":[{"href":"https:\/\/sites.uel.br\/lerr\/wp-json\/wp\/v2\/media?parent=155"}],"curies":[{"name":"wp","href":"https:\/\/api.w.org\/{rel}","templated":true}]}}