{"id":149,"date":"2024-11-05T16:16:26","date_gmt":"2024-11-05T19:16:26","guid":{"rendered":"https:\/\/sites.uel.br\/lerr\/?page_id=149"},"modified":"2024-11-06T14:23:44","modified_gmt":"2024-11-06T17:23:44","slug":"pesquisas","status":"publish","type":"page","link":"https:\/\/sites.uel.br\/lerr\/pesquisas\/","title":{"rendered":"Pesquisas"},"content":{"rendered":"\n<ul class=\"wp-block-list\">\n<li><a href=\"https:\/\/sites.uel.br\/lerr\/ensino-religioso-e-educacao-publica-producoes-academicas\/\">Ensino Religioso e Educa\u00e7\u00e3o P\u00fablica: produ\u00e7\u00f5es acad\u00eamicas<\/a><\/li>\n<\/ul>\n\n\n\n<p><\/p>\n","protected":false},"excerpt":{"rendered":"","protected":false},"author":8,"featured_media":0,"parent":0,"menu_order":0,"comment_status":"closed","ping_status":"closed","template":"","meta":{"_acf_changed":false,"footnotes":""},"class_list":["post-149","page","type-page","status-publish","hentry"],"acf":[],"_links":{"self":[{"href":"https:\/\/sites.uel.br\/lerr\/wp-json\/wp\/v2\/pages\/149","targetHints":{"allow":["GET"]}}],"collection":[{"href":"https:\/\/sites.uel.br\/lerr\/wp-json\/wp\/v2\/pages"}],"about":[{"href":"https:\/\/sites.uel.br\/lerr\/wp-json\/wp\/v2\/types\/page"}],"author":[{"embeddable":true,"href":"https:\/\/sites.uel.br\/lerr\/wp-json\/wp\/v2\/users\/8"}],"replies":[{"embeddable":true,"href":"https:\/\/sites.uel.br\/lerr\/wp-json\/wp\/v2\/comments?post=149"}],"version-history":[{"count":3,"href":"https:\/\/sites.uel.br\/lerr\/wp-json\/wp\/v2\/pages\/149\/revisions"}],"predecessor-version":[{"id":157,"href":"https:\/\/sites.uel.br\/lerr\/wp-json\/wp\/v2\/pages\/149\/revisions\/157"}],"wp:attachment":[{"href":"https:\/\/sites.uel.br\/lerr\/wp-json\/wp\/v2\/media?parent=149"}],"curies":[{"name":"wp","href":"https:\/\/api.w.org\/{rel}","templated":true}]}}