{"id":57,"date":"2024-02-06T15:24:48","date_gmt":"2024-02-06T18:24:48","guid":{"rendered":"https:\/\/sites.uel.br\/lephe\/?page_id=57"},"modified":"2025-04-23T16:12:25","modified_gmt":"2025-04-23T19:12:25","slug":"sedu","status":"publish","type":"page","link":"https:\/\/sites.uel.br\/lephe\/sedu\/","title":{"rendered":"SEDU"},"content":{"rendered":"\n<p>A Semana de Educa\u00e7\u00e3o &#8211; SEDU tem como objetivo promover debates e reflex\u00f5es sobre a educa\u00e7\u00e3o, forma\u00e7\u00e3o, atua\u00e7\u00e3o docente e pesquisas educacionais em um contexto contempor\u00e2neo, diversificado e de consider\u00e1vel demanda social e formativa. Historicamente o evento foi organizado tematicamente e temporalmente, da seguinte forma:<\/p>\n\n\n\n<p>I Semana de Educa\u00e7\u00e3o: A forma\u00e7\u00e3o do professor em quest\u00e3o (1996);<\/p>\n\n\n\n<p>II Semana da Educa\u00e7\u00e3o \/ Encontro Estadual da ANFOPE: Forma\u00e7\u00e3o do educador e LDB &#8211; trajet\u00f3rias e perspectivas (1997);<\/p>\n\n\n\n<p>III Semana da Educa\u00e7\u00e3o: Uma forma\u00e7\u00e3o do profissional da educa\u00e7\u00e3o em debate (1999);<\/p>\n\n\n\n<p>IV Semana de Educa\u00e7\u00e3o: Educa\u00e7\u00e3o e Compromisso: Novas perspectivas na forma\u00e7\u00e3o do educador (2000);<\/p>\n\n\n\n<p>V Semana de Educa\u00e7\u00e3o \/ I Mostra de Forma\u00e7\u00e3o de Pedagogia: Perspectivas do Trabalho de Educa\u00e7\u00e3o (2003);<\/p>\n\n\n\n<p>VI Semana de Educa\u00e7\u00e3o \/ II Encontro de Educa\u00e7\u00e3o Infantil e III Mostra de Forma\u00e7\u00e3o de Pedagogia: Forma\u00e7\u00e3o de professores &#8211; pol\u00edticas, pol\u00edticas e pol\u00edticas (2004);<\/p>\n\n\n\n<p>VII Semana de Educa\u00e7\u00e3o \/ IV Mostra de Forma\u00e7\u00e3o de Pedagogia e III Encontro de Educa\u00e7\u00e3o Infantil &#8211; 2005: A forma\u00e7\u00e3o do pedagogo: perspectivas de atua\u00e7\u00e3o e compromisso social (2005);<\/p>\n\n\n\n<p>VIII Semana de Educa\u00e7\u00e3o: Doc\u00eancia &#8211; saberes e pr\u00e1ticas (2006);<\/p>\n\n\n\n<p>IX Semana de Educa\u00e7\u00e3o: Pol\u00edtica e gest\u00e3o da educa\u00e7\u00e3o: dilemas e perspectivas (2007);<\/p>\n\n\n\n<p>X Semana de Educa\u00e7\u00e3o: Uma psicologia da educa\u00e7\u00e3o na forma\u00e7\u00e3o de professores (2008);&nbsp;<\/p>\n\n\n\n<p>XI Semana da Educa\u00e7\u00e3o: Hist\u00f3ria da Educa\u00e7\u00e3o (2009).<\/p>\n\n\n\n<p><\/p>\n\n\n\n<p>Em 2010, com o in\u00edcio das atividades do LEPHE, a Semana da Educa\u00e7\u00e3o (SEDU) passa a ter a presen\u00e7a de colaboradores e professores do projeto com publica\u00e7\u00f5es e apresenta\u00e7\u00f5es de trabalhos.<\/p>\n\n\n\n<p>XII Semana da Educa\u00e7\u00e3o: Filosofia e Educa\u00e7\u00e3o: Contrapontos (2010);<\/p>\n\n\n\n<p>XIII Semana da Educa\u00e7\u00e3o \/ IV Simp\u00f3sio de Pesquisa na P\u00f3s-Gradua\u00e7\u00e3o de Londrina &#8211; Forma\u00e7\u00e3o de Professores: Pesquisa, Cultura e Saberes (2011);<\/p>\n\n\n\n<p>XIV Semana da Educa\u00e7\u00e3o &#8211; Pedagogia 50 anos: faculdade de filosofia, ci\u00eancias e letras &#8211; A universidade estadual de londrina (2012);<\/p>\n\n\n\n<p>XV Semana da Educa\u00e7\u00e3o (2013);<\/p>\n\n\n\n<p>XVI Semana da Educa\u00e7\u00e3o &#8211; Desafios atuais para a Educa\u00e7\u00e3o (2015);<\/p>\n\n\n\n<p>XVII SEMANA DE EDUCA\u00c7\u00c3O \u201cEduca\u00e7\u00e3o e Dilemas Contempor\u00e2neos\u201d (2017);<\/p>\n\n\n\n<p>XVIII Semana da Educa\u00e7\u00e3o &#8211; I Congresso Internacional de Educa\u00e7\u00e3o: Contextos Educacionais: Forma\u00e7\u00e3o, Linguagens e Desafios &#8211; I Encontro de Egressos do Programa de P\u00f3s-Gradua\u00e7\u00e3o em Educa\u00e7\u00e3o da UEL ( 2019);<\/p>\n\n\n\n<p>XIX Semana de Educa\u00e7\u00e3o, II Congresso Internacional de Educa\u00e7\u00e3o, II Encontro de Egressos do Programa de P\u00f3s-gradua\u00e7\u00e3o em Educa\u00e7\u00e3o (2022);<\/p>\n\n\n\n<p>XX Semana de Educa\u00e7\u00e3o, III Congresso Internacional de Educa\u00e7\u00e3o, IV Encontro de Egressos e 30 Anos do Programa de P\u00f3s-gradua\u00e7\u00e3o em Educa\u00e7\u00e3o &#8211; &#8220;Forma\u00e7\u00e3o e Trabalho Docente: a educa\u00e7\u00e3o no pr\u00f3ximo dec\u00eanio&#8221;. (2024).<\/p>\n","protected":false},"excerpt":{"rendered":"<p>A Semana de Educa\u00e7\u00e3o &#8211; SEDU tem como objetivo promover debates e reflex\u00f5es sobre a educa\u00e7\u00e3o, forma\u00e7\u00e3o, atua\u00e7\u00e3o docente e pesquisas educacionais em um contexto contempor\u00e2neo, diversificado e de consider\u00e1vel demanda social e formativa. Historicamente o evento foi organizado tematicamente e temporalmente, da seguinte forma: I Semana de Educa\u00e7\u00e3o: A forma\u00e7\u00e3o do professor em quest\u00e3o [&hellip;]<\/p>\n","protected":false},"author":7,"featured_media":0,"parent":0,"menu_order":0,"comment_status":"closed","ping_status":"closed","template":"","meta":{"footnotes":""},"class_list":["post-57","page","type-page","status-publish","hentry"],"acf":[],"_links":{"self":[{"href":"https:\/\/sites.uel.br\/lephe\/wp-json\/wp\/v2\/pages\/57","targetHints":{"allow":["GET"]}}],"collection":[{"href":"https:\/\/sites.uel.br\/lephe\/wp-json\/wp\/v2\/pages"}],"about":[{"href":"https:\/\/sites.uel.br\/lephe\/wp-json\/wp\/v2\/types\/page"}],"author":[{"embeddable":true,"href":"https:\/\/sites.uel.br\/lephe\/wp-json\/wp\/v2\/users\/7"}],"replies":[{"embeddable":true,"href":"https:\/\/sites.uel.br\/lephe\/wp-json\/wp\/v2\/comments?post=57"}],"version-history":[{"count":2,"href":"https:\/\/sites.uel.br\/lephe\/wp-json\/wp\/v2\/pages\/57\/revisions"}],"predecessor-version":[{"id":335,"href":"https:\/\/sites.uel.br\/lephe\/wp-json\/wp\/v2\/pages\/57\/revisions\/335"}],"wp:attachment":[{"href":"https:\/\/sites.uel.br\/lephe\/wp-json\/wp\/v2\/media?parent=57"}],"curies":[{"name":"wp","href":"https:\/\/api.w.org\/{rel}","templated":true}]}}